{"id":8,"date":"2022-08-16T12:58:11","date_gmt":"2022-08-16T09:58:11","guid":{"rendered":"https:\/\/lsbr.mysites.io\/?page_id=8"},"modified":"2026-04-29T10:23:32","modified_gmt":"2026-04-29T07:23:32","slug":"etusivu","status":"publish","type":"page","link":"https:\/\/vainionliikenne.fi\/sv\/","title":{"rendered":"Hemsidan"},"content":{"rendered":"<figure itemscope itemtype=\"https:\/\/schema.org\/ImageObject\">\n\t\t\t\t<a href=\"https:\/\/liput.matkahuolto.fi\/connectionlist?lang=sv&amp;departurePlaceId=p565&amp;arrivalPlaceId=p611&amp;company=J.VainionLiikenneOy#breadcrumb\" target=\"_blank\" rel=\"noopener\" itemprop=\"url\">\n\t\t\t\t<img decoding=\"async\" src=\"https:\/\/vainionliikenne.fi\/wp-content\/uploads\/2025\/05\/vainio-lentokenttavuorot.jpg\" alt=\"vainio flygplats tj\u00e4nster\" height=\"432\" width=\"768\" title=\"vainio flygplats tj\u00e4nster\" onerror=\"this.style.display='none'\" loading=\"lazy\" \/>\n\t\t\t\t<\/a>\n\t<\/figure>\n<h2>\n\t\t\tFlygplatsturer\t<\/h2>\n\t<p>\u00c5bo \u2013 Hki-Vanda \u2013 \u00c5bo<\/p>\n\t\t\t<a href=\"https:\/\/liput.matkahuolto.fi\/connectionlist?lang=sv&amp;departurePlaceId=p565&amp;arrivalPlaceId=p611&amp;company=J.VainionLiikenneOy#breadcrumb\" target=\"_blank\" rel=\"noopener\">\n\t\t\t\t\t\t\tK\u00f6p biljetter\n\t\t\t\t\t<\/a>\n<figure itemscope itemtype=\"https:\/\/schema.org\/ImageObject\">\n\t\t\t\t<a href=\"https:\/\/liput.matkahuolto.fi\/connectionlist?lang=sv&amp;departurePlaceId=p1054&amp;arrivalPlaceId=p1001&amp;company=J.VainionLiikenneOy#breadcrumb\" target=\"_blank\" rel=\"noopener\" itemprop=\"url\">\n\t\t\t\t<img decoding=\"async\" src=\"https:\/\/vainionliikenne.fi\/wp-content\/uploads\/2025\/05\/vainio-reittiliikenne.jpg\" alt=\"vainio-trafik\" height=\"432\" width=\"768\" title=\"vainio-trafik\" onerror=\"this.style.display='none'\" loading=\"lazy\" \/>\n\t\t\t\t<\/a>\n\t<\/figure>\n<h2>\n\t\t\tLinjetrafik\t<\/h2>\n\t<p>Biljetter och tidtabeller<\/p>\n\t\t\t<a href=\"https:\/\/vainionliikenne.fi\/sv\/linjetrafik\/\" target=\"_blank\" rel=\"noopener\">\n\t\t\t\t\t\t\tSe tidtabeller\n\t\t\t\t\t<\/a>\n<figure itemscope itemtype=\"https:\/\/schema.org\/ImageObject\">\n\t\t\t\t<a href=\"https:\/\/vainionliikenne.fi\/sv\/charterresor\/formular-for-offertforfragan\/\" target=\"_self\" itemprop=\"url\">\n\t\t\t\t<img decoding=\"async\" src=\"https:\/\/vainionliikenne.fi\/wp-content\/uploads\/2024\/12\/Vainion-liikenne-TILAUSAJOT-HERO-768x432.jpg\" alt=\"Vainion-Transport-STATION-HERO\" height=\"432\" width=\"768\" title=\"Vainion-Transport-STATION-HERO\" onerror=\"this.style.display='none'\" loading=\"lazy\" \/>\n\t\t\t\t<\/a>\n\t<\/figure>\n<h2>\n\t\t\tChartertrafik\t<\/h2>\n\t<p>Beg\u00e4r en offert f\u00f6r en charter<\/p>\n\t\t\t<a href=\"https:\/\/vainionliikenne.fi\/sv\/charterresor\/formular-for-offertforfragan\/\" target=\"_self\">\n\t\t\t\t\t\t\tBeg\u00e4r en offert\n\t\t\t\t\t<\/a>\n<figure itemscope itemtype=\"https:\/\/schema.org\/ImageObject\">\n\t\t\t\t<a href=\"https:\/\/vainionliikenne.fi\/sv\/transport-av-evenemang\/\" target=\"_self\" itemprop=\"url\">\n\t\t\t\t<img decoding=\"async\" src=\"https:\/\/vainionliikenne.fi\/wp-content\/uploads\/2025\/09\/vainion-liikenne-tapahtumakuljetukset-nosto.jpg\" alt=\"vainion-transport-evenemang-transport-ink\u00f6p\" height=\"432\" width=\"768\" title=\"vainion-transport-evenemang-transport-ink\u00f6p\" onerror=\"this.style.display='none'\" loading=\"lazy\" \/>\n\t\t\t\t<\/a>\n\t<\/figure>\n<h2>\n\t\t\tEvenemangstransport\t<\/h2>\n\t<p>Dagsutflykter till olika destinationer<\/p>\n\t\t\t<a href=\"https:\/\/vainionliikenne.fi\/sv\/transport-av-evenemang\/\" target=\"_self\">\n\t\t\t\t\t\t\tL\u00e4s mer\n\t\t\t\t\t<\/a>\n<h2>\n\t\t\tAktuellt just nu\t<\/h2>\n\tKampanjer och aktuella \u00e4mnen<br \/>\nL\u00e4s vad som \u00e4r aktuellt just nu h\u00e4r\n\t\t\t<a href=\"https:\/\/vainionliikenne.fi\/sv\/pressmeddelanden\/\" target=\"_self\">\n\t\t\t\t\t\t\tAktuellt\n\t\t\t\t\t<\/a>\n<h3>\n\t\t\tSommaravg\u00e5ngar till sk\u00e4rg\u00e5rden\t<\/h3>\n\t<p>Sommarens helgtrafik till sk\u00e4rg\u00e5rden b\u00f6rjar 5 juni 2026. Under den kommande sommars\u00e4songen k\u00f6r vi fr\u00e5n 15 juni upp till fyra dagliga turer mellan Helsingfors och Kasn\u00e4s. Till Nagu och Korpo kan man ta sig fr\u00e5n Helsingfors varje fredag och tillbaka till Helsingfors p\u00e5 s\u00f6ndagar hela sommaren fram till 30 augusti 2026.<\/p>\n\t\t\t<a href=\"https:\/\/vainionliikenne.fi\/wp-content\/uploads\/2026\/01\/Kasnas-messutarjous2026.pdf\" target=\"_blank\" rel=\"noopener\">\n\t\t\t\t\t\t\tTidtabell Kasn\u00e4s\n\t\t\t\t\t<\/a>\n\t\t\t<a href=\"https:\/\/vainionliikenne.fi\/wp-content\/uploads\/2026\/01\/Korppoo-messuaikataulu2026.pdf\" target=\"_blank\" rel=\"noopener\">\n\t\t\t\t\t\t\tTidtabell Korpo\n\t\t\t\t\t<\/a>\n<figure itemscope itemtype=\"https:\/\/schema.org\/ImageObject\">\n\t\t\t\t<img decoding=\"async\" src=\"https:\/\/vainionliikenne.fi\/wp-content\/uploads\/2025\/05\/Vainio-hero-saaristo-m.jpg\" alt=\"Vainio-hj\u00e4lte-sk\u00e4rg\u00e5rd-m\" height=\"432\" width=\"768\" title=\"Vainio-hj\u00e4lte-sk\u00e4rg\u00e5rd-m\" onerror=\"this.style.display='none'\" loading=\"lazy\" \/>\n\t<\/figure>\n<figure itemscope itemtype=\"https:\/\/schema.org\/ImageObject\">\n\t\t\t\t<img decoding=\"async\" src=\"https:\/\/vainionliikenne.fi\/wp-content\/uploads\/2024\/11\/vainio-reittiliikenne-nosto-1.jpg\" alt=\"vainio-route-transport-ink\u00f6p\" height=\"533\" width=\"768\" title=\"vainio-route-transport-ink\u00f6p\" onerror=\"this.style.display='none'\" loading=\"lazy\" \/>\n\t<\/figure>\n<h3>\n\t\t\tVainiolle lis\u00e4\u00e4 OnniBus vuoroja Salo-Turku-v\u00e4lille 2.2.2026 alkaen.\t<\/h3>\n\t\t\t<a href=\"https:\/\/vainionliikenne.fi\/wp-content\/uploads\/2026\/01\/Salo-Turku-20260202.pdf\" target=\"_blank\" rel=\"noopener\">\n\t\t\t\t\t\t\tTidtabell fr\u00e5n 2.2.2026\n\t\t\t\t\t<\/a>\n\t<p>Referensber\u00e4ttelse:<\/p>\n<h3>\n\t\t\tLP Viesti litar p\u00e5 Vainio\t<\/h3>\n\t\t\t<a href=\"https:\/\/vainionliikenne.fi\/sv\/lp-meddelande-fortroende-i-nurioon\/\" target=\"_self\">\n\t\t\t\t\t\t\tL\u00e4s mer\n\t\t\t\t\t<\/a>\n<figure itemscope itemtype=\"https:\/\/schema.org\/ImageObject\">\n\t\t\t\t<img decoding=\"async\" src=\"https:\/\/vainionliikenne.fi\/wp-content\/uploads\/2025\/11\/vainio-lp-viesti-nosto.jpg\" alt=\"vainio-lp-meddelande-k\u00f6p\" height=\"543\" width=\"768\" title=\"vainio-lp-meddelande-k\u00f6p\" onerror=\"this.style.display='none'\" loading=\"lazy\" \/>\n\t<\/figure>\n<figure itemscope itemtype=\"https:\/\/schema.org\/ImageObject\">\n\t\t\t\t<img decoding=\"async\" src=\"https:\/\/vainionliikenne.fi\/wp-content\/uploads\/2024\/11\/Vainion-lentokenttavuorot-nosto-2.jpg\" alt=\"Vainion-flygplats-resor-k\u00f6p-2\" height=\"541\" width=\"768\" title=\"Vainion-flygplats-resor-k\u00f6p-2\" onerror=\"this.style.display='none'\" loading=\"lazy\" \/>\n\t<\/figure>\n\t<p>Vainion Liikenne informerar<\/p>\n<h3>\n\t\t\tTidtabeller under l\u00e4s\u00e5ret fr\u00e5n och med 7.8.2025\t<\/h3>\n\t\t\t<a href=\"https:\/\/vainionliikenne.fi\/sv\/kampanjer\/transport-under-skolaret\/\" target=\"_self\">\n\t\t\t\t\t\t\tL\u00e4s meddelandet\n\t\t\t\t\t<\/a>\n\t<p>\u00c5bo-Helsingfors-Vanda flygplats-Express<\/p>\n<h3>\n\t\t\tFlygplatstrafik\t<\/h3>\n\t<p>Ska du resa utomlands? Vainion Liikenne tar dig direkt fr\u00e5n \u00c5bo till Helsingfors-Vanda flygplats utan bussbyten!<\/p>\n\t\t\t<a href=\"https:\/\/vainionliikenne.fi\/sv\/flygplatslinjer\/\" target=\"_self\">\n\t\t\t\t\t\t\tSe tidtabeller\n\t\t\t\t\t<\/a>\n<figure itemscope itemtype=\"https:\/\/schema.org\/ImageObject\">\n\t\t\t\t<img decoding=\"async\" src=\"https:\/\/vainionliikenne.fi\/wp-content\/uploads\/2025\/05\/vainio-lentokenttavuorot-nosto.jpg\" alt=\"vainio-flygplats-scheman-k\u00f6p\" height=\"541\" width=\"768\" title=\"vainio-flygplats-scheman-k\u00f6p\" onerror=\"this.style.display='none'\" loading=\"lazy\" \/>\n\t<\/figure>\n<figure itemscope itemtype=\"https:\/\/schema.org\/ImageObject\">\n\t\t\t\t<img decoding=\"async\" src=\"https:\/\/vainionliikenne.fi\/wp-content\/uploads\/2025\/05\/vainio-reittiliikenne-nosto.jpg\" alt=\"vainio-route-transport-ink\u00f6p\" height=\"541\" width=\"768\" title=\"vainio-route-transport-ink\u00f6p\" onerror=\"this.style.display='none'\" loading=\"lazy\" \/>\n\t<\/figure>\n\t<p>Lojo \u2013 Helsingfors \u2013 Lojo<\/p>\n<h3>\n\t\t\tLinjetrafik\t<\/h3>\n\t<p>Visste du att Vainio k\u00f6r upp till 30 turer dagligen fr\u00e5n Lojo till Helsingfors och tillbaka? Oavsett om du pendlar till jobbet eller skolan i Helsingfors eller Lojo, hoppa p\u00e5 Vainios bussar.<\/p>\n\t\t\t<a href=\"https:\/\/vainionliikenne.fi\/sv\/linjetrafik\/\" target=\"_self\">\n\t\t\t\t\t\t\tSe tidtabeller\n\t\t\t\t\t<\/a>\n\t<p>Vart du \u00e4n vill \u00e5ka<\/p>\n<h3>\n\t\t\tChartertrafik\t<\/h3>\n\t<p>Beh\u00f6ver ert lag transport till matchen? Ska du p\u00e5 en sommarfestival? Beh\u00f6ver ni transport till en k\u00f6rresa? D\u00e5 l\u00f6nar det sig att be Vainio om en offert.<\/p>\n\t\t\t<a href=\"https:\/\/vainionliikenne.fi\/sv\/charterresor\/\" target=\"_self\">\n\t\t\t\t\t\t\tL\u00e4s mer\n\t\t\t\t\t<\/a>\n<figure itemscope itemtype=\"https:\/\/schema.org\/ImageObject\">\n\t\t\t\t<img decoding=\"async\" src=\"https:\/\/vainionliikenne.fi\/wp-content\/uploads\/2024\/12\/Vainion-liikenne-isobussi-nosto1.jpg\" alt=\"Vainion-transport-isobus-nosto1\" height=\"543\" width=\"768\" title=\"Vainion-transport-isobus-nosto1\" onerror=\"this.style.display='none'\" loading=\"lazy\" \/>\n\t<\/figure>\n<figure itemscope itemtype=\"https:\/\/schema.org\/ImageObject\">\n\t\t\t\t<img decoding=\"async\" src=\"https:\/\/vainionliikenne.fi\/wp-content\/uploads\/2025\/11\/vainio-tapahtumakuljetukset-nosto.jpg\" alt=\"vainio-event-transport-ink\u00f6p\" height=\"543\" width=\"768\" title=\"vainio-event-transport-ink\u00f6p\" onerror=\"this.style.display='none'\" loading=\"lazy\" \/>\n\t<\/figure>\n\t<p>Dagsutflykter till olika destinationer<\/p>\n<h3>\n\t\t\tEvenemangstransport\t<\/h3>\n\t<p>Vi ordnar busstransport till olika intressanta evenemang och destinationer. Vi transporterar dig tryggt och bekv\u00e4mt utan parkeringsbekymmer till din destination och tillbaka hem.<\/p>\n\t\t\t<a href=\"https:\/\/vainionliikenne.fi\/sv\/transport-av-evenemang\/\" target=\"_self\">\n\t\t\t\t\t\t\tL\u00e4s mer\n\t\t\t\t\t<\/a>","protected":false},"excerpt":{"rendered":"<p>Lentokentt\u00e4vuorot Turku &#8211; Hki-Vantaa &#8211; Turku Osta liput Reittiliikenne Liput ja aikataulut Katso aikataulut Tilausajot Pyyd\u00e4 tarjous tilausajosta Pyyd\u00e4 tarjous Tapahtumakuljetukset P\u00e4iv\u00e4matkoja eri kohteisiin Lue lis\u00e4\u00e4 Ajankohtaista juuri nyt Kampanjoita ja ajankohtaisuuksia. Tiedotteisiin p\u00e4\u00e4set t\u00e4st\u00e4 Tiedotteet Kes\u00e4pikavuorot saaristoon Kes\u00e4n viikonloppuliikenne saaristoon alkaa 5.6.2026. Tulevalla kes\u00e4kaudella ajamme 15.6. alkaen jopa nelj\u00e4 p\u00e4ivitt\u00e4ist\u00e4 vuoroa Helsingin ja Kasn\u00e4sin [&hellip;]<\/p>\n","protected":false},"author":1,"featured_media":12684,"parent":0,"menu_order":15,"comment_status":"closed","ping_status":"closed","template":"","meta":{"_acf_changed":false,"inline_featured_image":false,"site-sidebar-layout":"no-sidebar","site-content-layout":"page-builder","ast-site-content-layout":"full-width-container","site-content-style":"unboxed","site-sidebar-style":"unboxed","ast-global-header-display":"","ast-banner-title-visibility":"","ast-main-header-display":"","ast-hfb-above-header-display":"","ast-hfb-below-header-display":"","ast-hfb-mobile-header-display":"","site-post-title":"disabled","ast-breadcrumbs-content":"","ast-featured-img":"disabled","footer-sml-layout":"","ast-disable-related-posts":"","theme-transparent-header-meta":"default","adv-header-id-meta":"","stick-header-meta":"default","header-above-stick-meta":"","header-main-stick-meta":"","header-below-stick-meta":"","astra-migrate-meta-layouts":"set","ast-page-background-enabled":"default","ast-page-background-meta":{"desktop":{"background-color":"var(--ast-global-color-4)","background-image":"","background-repeat":"repeat","background-position":"center center","background-size":"auto","background-attachment":"scroll","background-type":"","background-media":"","overlay-type":"","overlay-color":"","overlay-opacity":"","overlay-gradient":""},"tablet":{"background-color":"","background-image":"","background-repeat":"repeat","background-position":"center center","background-size":"auto","background-attachment":"scroll","background-type":"","background-media":"","overlay-type":"","overlay-color":"","overlay-opacity":"","overlay-gradient":""},"mobile":{"background-color":"","background-image":"","background-repeat":"repeat","background-position":"center center","background-size":"auto","background-attachment":"scroll","background-type":"","background-media":"","overlay-type":"","overlay-color":"","overlay-opacity":"","overlay-gradient":""}},"ast-content-background-meta":{"desktop":{"background-color":"var(--ast-global-color-5)","background-image":"","background-repeat":"repeat","background-position":"center center","background-size":"auto","background-attachment":"scroll","background-type":"","background-media":"","overlay-type":"","overlay-color":"","overlay-opacity":"","overlay-gradient":""},"tablet":{"background-color":"var(--ast-global-color-5)","background-image":"","background-repeat":"repeat","background-position":"center center","background-size":"auto","background-attachment":"scroll","background-type":"","background-media":"","overlay-type":"","overlay-color":"","overlay-opacity":"","overlay-gradient":""},"mobile":{"background-color":"var(--ast-global-color-5)","background-image":"","background-repeat":"repeat","background-position":"center center","background-size":"auto","background-attachment":"scroll","background-type":"","background-media":"","overlay-type":"","overlay-color":"","overlay-opacity":"","overlay-gradient":""}},"footnotes":""},"class_list":["post-8","page","type-page","status-publish","has-post-thumbnail","hentry"],"acf":[],"_links":{"self":[{"href":"https:\/\/vainionliikenne.fi\/sv\/wp-json\/wp\/v2\/pages\/8","targetHints":{"allow":["GET"]}}],"collection":[{"href":"https:\/\/vainionliikenne.fi\/sv\/wp-json\/wp\/v2\/pages"}],"about":[{"href":"https:\/\/vainionliikenne.fi\/sv\/wp-json\/wp\/v2\/types\/page"}],"author":[{"embeddable":true,"href":"https:\/\/vainionliikenne.fi\/sv\/wp-json\/wp\/v2\/users\/1"}],"replies":[{"embeddable":true,"href":"https:\/\/vainionliikenne.fi\/sv\/wp-json\/wp\/v2\/comments?post=8"}],"version-history":[{"count":11,"href":"https:\/\/vainionliikenne.fi\/sv\/wp-json\/wp\/v2\/pages\/8\/revisions"}],"predecessor-version":[{"id":13547,"href":"https:\/\/vainionliikenne.fi\/sv\/wp-json\/wp\/v2\/pages\/8\/revisions\/13547"}],"wp:featuredmedia":[{"embeddable":true,"href":"https:\/\/vainionliikenne.fi\/sv\/wp-json\/wp\/v2\/media\/12684"}],"wp:attachment":[{"href":"https:\/\/vainionliikenne.fi\/sv\/wp-json\/wp\/v2\/media?parent=8"}],"curies":[{"name":"wp","href":"https:\/\/api.w.org\/{rel}","templated":true}]}}