{"id":13492,"date":"2026-04-10T14:50:13","date_gmt":"2026-04-10T11:50:13","guid":{"rendered":"https:\/\/vainionliikenne.fi\/?page_id=13492"},"modified":"2026-04-13T12:53:43","modified_gmt":"2026-04-13T09:53:43","slug":"playadelraisio-26-27-6-2026","status":"publish","type":"page","link":"https:\/\/vainionliikenne.fi\/sv\/tapahtumakuljetukset\/playadelraisio-26-27-6-2026\/","title":{"rendered":"Playa del Raisio Beach Party 26-27.6.2026"},"content":{"rendered":"<p>Maritima Reso visar \u00e5terigen upp sitt b\u00e4sta jag kommande sommar n\u00e4r Playa del Raisio Beach Party arrangeras f\u00f6r fj\u00e4rde g\u00e5ngen vid Hahdenniemi strand. Platsen \u00e4r unik med sina sandstr\u00e4nder och sin havsutsikt. P\u00e5 motsatta stranden glimmar v\u00e4rldens st\u00f6rsta kryssningsfartyg, och p\u00e5 badstranden \u00e4r st\u00e4mningen het mitt i Finlands b\u00e4sta sommars\u00e4song.<\/p>\n<p>P\u00e5 evenemanget kommer man att se fina inhemska artister. Framf\u00f6r publikhavet p\u00e5 fredagen den 26.6 kliver Portion Boys, Ege Zulu, Dog Hustlers, Aste och Kake Randelin upp framf\u00f6r publikhavet. P\u00e5 l\u00f6rdagen den 27.6 upptr\u00e4der Bess, Elastinen, Neon 2, Tommi L\u00e4ntinen och S.I.G. Som paus-DJ under evenemangets speluppeh\u00e5ll ser vi b\u00e5de p\u00e5 fredagen och l\u00f6rdagen Henna Peltonen &amp; Sofia Fiia.<\/p>\n<p>Entr\u00e9biljetterna till Playa del Raisio Beach Party 2026 s\u00e4ljs av\u00a0<a href=\"http:\/\/www.ticketmaster.fi\/playadelraisiobeachparty\" target=\"_blank\" rel=\"noreferrer noopener\">Ticketmaster<\/a>.<\/p>\n<p>\u00c5ldergr\u00e4nsen f\u00f6r evenemanget \u00e4r 18 \u00e5r.<\/p>\n<p>Vainion Liikenne ordnar transport fr\u00e5n \u00c5bo till festivalen.<\/p>\n<p><img loading=\"lazy\" decoding=\"async\" src=\"https:\/\/vainionliikenne.fi\/wp-content\/uploads\/2026\/04\/playadelraisiobeachparty_logo1-300x86.jpg\" alt=\"\" width=\"300\" height=\"86\" \/><\/p>\n\t\t\t<a href=\"https:\/\/playadelraisiobeachparty.fi\/\" target=\"_blank\" rel=\"noopener\">\n\t\t\t\t\t\t\tL\u00e4s mer!\n\t\t\t\t\t<\/a>\n\t\t\t<a href=\"http:\/\/www.ticketmaster.fi\/playadelraisiobeachparty\" target=\"_blank\" rel=\"noopener\">\n\t\t\t\t\t\t\tK\u00f6p en biljett till evenemanget\n\t\t\t\t\t<\/a>\n<h2>\n\t\t\tK\u00f6p bussbiljetter\t<\/h2>\n\t<p>K\u00f6p en biljett f\u00f6r busstransport fr\u00e5n l\u00e4nken nedan.<\/p>\n<p>&nbsp;<\/p>\n<p>Observera! Utresan inkluderar returresan, s\u00e5 det finns inget behov av att k\u00f6pa en returbiljett separat.<\/p>\n\t\t\t<a href=\"https:\/\/liput.matkahuolto.fi\/connectionlist?lang=fi&#038;departurePlaceId=p565&#038;arrivalPlaceId=p1818&#038;departureDate=2026-06-26&#038;company=J.%20Vainion%20Liikenne%20Oy#breadcrumb\" target=\"_blank\" rel=\"noopener\">\n\t\t\t\t\t\t\tTurku &#8211; Raisio perjantaina 26.6. \n\t\t\t\t\t<\/a>\n\t<p><img loading=\"lazy\" decoding=\"async\" src=\"https:\/\/vainionliikenne.fi\/wp-content\/uploads\/2026\/04\/Raisio-pe-aikataulu-300x79.jpg\" alt=\"\" width=\"300\" height=\"79\" \/><\/p>\n\t\t\t<a href=\"https:\/\/liput.matkahuolto.fi\/connectionlist?lang=fi&#038;departurePlaceId=p565&#038;arrivalPlaceId=p1818&#038;departureDate=2026-06-27&#038;company=J.%20Vainion%20Liikenne%20Oy#breadcrumb\" target=\"_blank\" rel=\"noopener\">\n\t\t\t\t\t\t\tTurku &#8211; Raisio lauantaina 27.6. \n\t\t\t\t\t<\/a>\n\t<p><img loading=\"lazy\" decoding=\"async\" src=\"https:\/\/vainionliikenne.fi\/wp-content\/uploads\/2026\/04\/Raisio-la-aikataulu-300x79.jpg\" alt=\"\" width=\"300\" height=\"79\" \/><\/p>","protected":false},"excerpt":{"rendered":"<p>Merellinen Raisio n\u00e4ytt\u00e4\u00e4 j\u00e4lleen tulevana kes\u00e4n\u00e4 parhaat puolensa, kun Playa del Raisio Beach Partyt j\u00e4rjestet\u00e4\u00e4n jo nelj\u00e4tt\u00e4 kertaa Hahdenniemen uimarannalla. Paikka on ainutlaatuinen hiekkarantoineen ja merellisine n\u00e4kymineen. Vastarannalla kimmelt\u00e4v\u00e4t maailman suurimmat risteilyalukset ja uimarannalla tunnelma on helteinen keskell\u00e4 Suomen parasta kes\u00e4kautta. Tapahtumassa tullaan n\u00e4kem\u00e4\u00e4n hienoja kotimaisia artisteja. Yleis\u00f6meren eteen perjantaina 26.6. nousevat\u00a0Portion Boys,\u00a0Ege Zulu,\u00a0Dog Hustlers,\u00a0Aste\u00a0ja\u00a0Kake [&hellip;]<\/p>\n","protected":false},"author":8,"featured_media":12899,"parent":12840,"menu_order":14,"comment_status":"closed","ping_status":"closed","template":"","meta":{"_acf_changed":false,"inline_featured_image":false,"site-sidebar-layout":"default","site-content-layout":"page-builder","ast-site-content-layout":"default","site-content-style":"default","site-sidebar-style":"default","ast-global-header-display":"","ast-banner-title-visibility":"","ast-main-header-display":"","ast-hfb-above-header-display":"","ast-hfb-below-header-display":"","ast-hfb-mobile-header-display":"","site-post-title":"disabled","ast-breadcrumbs-content":"","ast-featured-img":"disabled","footer-sml-layout":"","ast-disable-related-posts":"","theme-transparent-header-meta":"default","adv-header-id-meta":"","stick-header-meta":"default","header-above-stick-meta":"","header-main-stick-meta":"","header-below-stick-meta":"","astra-migrate-meta-layouts":"set","ast-page-background-enabled":"default","ast-page-background-meta":{"desktop":{"background-color":"var(--ast-global-color-4)","background-image":"","background-repeat":"repeat","background-position":"center center","background-size":"auto","background-attachment":"scroll","background-type":"","background-media":"","overlay-type":"","overlay-color":"","overlay-opacity":"","overlay-gradient":""},"tablet":{"background-color":"","background-image":"","background-repeat":"repeat","background-position":"center center","background-size":"auto","background-attachment":"scroll","background-type":"","background-media":"","overlay-type":"","overlay-color":"","overlay-opacity":"","overlay-gradient":""},"mobile":{"background-color":"","background-image":"","background-repeat":"repeat","background-position":"center center","background-size":"auto","background-attachment":"scroll","background-type":"","background-media":"","overlay-type":"","overlay-color":"","overlay-opacity":"","overlay-gradient":""}},"ast-content-background-meta":{"desktop":{"background-color":"var(--ast-global-color-5)","background-image":"","background-repeat":"repeat","background-position":"center center","background-size":"auto","background-attachment":"scroll","background-type":"","background-media":"","overlay-type":"","overlay-color":"","overlay-opacity":"","overlay-gradient":""},"tablet":{"background-color":"var(--ast-global-color-5)","background-image":"","background-repeat":"repeat","background-position":"center center","background-size":"auto","background-attachment":"scroll","background-type":"","background-media":"","overlay-type":"","overlay-color":"","overlay-opacity":"","overlay-gradient":""},"mobile":{"background-color":"var(--ast-global-color-5)","background-image":"","background-repeat":"repeat","background-position":"center center","background-size":"auto","background-attachment":"scroll","background-type":"","background-media":"","overlay-type":"","overlay-color":"","overlay-opacity":"","overlay-gradient":""}},"footnotes":""},"class_list":["post-13492","page","type-page","status-publish","has-post-thumbnail","hentry"],"acf":[],"_links":{"self":[{"href":"https:\/\/vainionliikenne.fi\/sv\/wp-json\/wp\/v2\/pages\/13492","targetHints":{"allow":["GET"]}}],"collection":[{"href":"https:\/\/vainionliikenne.fi\/sv\/wp-json\/wp\/v2\/pages"}],"about":[{"href":"https:\/\/vainionliikenne.fi\/sv\/wp-json\/wp\/v2\/types\/page"}],"author":[{"embeddable":true,"href":"https:\/\/vainionliikenne.fi\/sv\/wp-json\/wp\/v2\/users\/8"}],"replies":[{"embeddable":true,"href":"https:\/\/vainionliikenne.fi\/sv\/wp-json\/wp\/v2\/comments?post=13492"}],"version-history":[{"count":6,"href":"https:\/\/vainionliikenne.fi\/sv\/wp-json\/wp\/v2\/pages\/13492\/revisions"}],"predecessor-version":[{"id":13513,"href":"https:\/\/vainionliikenne.fi\/sv\/wp-json\/wp\/v2\/pages\/13492\/revisions\/13513"}],"up":[{"embeddable":true,"href":"https:\/\/vainionliikenne.fi\/sv\/wp-json\/wp\/v2\/pages\/12840"}],"wp:featuredmedia":[{"embeddable":true,"href":"https:\/\/vainionliikenne.fi\/sv\/wp-json\/wp\/v2\/media\/12899"}],"wp:attachment":[{"href":"https:\/\/vainionliikenne.fi\/sv\/wp-json\/wp\/v2\/media?parent=13492"}],"curies":[{"name":"wp","href":"https:\/\/api.w.org\/{rel}","templated":true}]}}