{"id":13473,"date":"2026-04-10T14:58:50","date_gmt":"2026-04-10T11:58:50","guid":{"rendered":"https:\/\/vainionliikenne.fi\/?page_id=13473"},"modified":"2026-04-13T12:46:44","modified_gmt":"2026-04-13T09:46:44","slug":"salofriendsmusik-15-8-2026","status":"publish","type":"page","link":"https:\/\/vainionliikenne.fi\/sv\/tapahtumakuljetukset\/salofriendsmusic-15-8-2026\/","title":{"rendered":"Salo Friends &amp; Music Festival 15.8.2026"},"content":{"rendered":"<h2>Salo Friends &amp; Music Festival firas p\u00e5 Farmos tomt fredag till l\u00f6rdag 14-15.8.2026!<\/h2>\n<p>Salo Friends &amp; Music Festival arrangeras i Salo p\u00e5 Farmos tomt fredagen till l\u00f6rdagen den 14-15.8.2026. P\u00e5 Salo Friends &amp; Music Festival fokuserar man s\u00e4rskilt p\u00e5 bra service, trivsel, matprodukter och dessutom kommer evenemangsomr\u00e5det \u00e5terigen att dekoreras med imponerande ljuseffekter, som kommer till sin r\u00e4tt i de m\u00f6rknande sommarkv\u00e4llarna i augusti.<\/p>\n<p>P\u00e5 Salo Friends &amp; Music Festival kommer vi att f\u00e5 se flera inhemska toppartister. Fredagen den 14 augusti kommer Haloo Helsinki!, Ressu Redford, Pihlaja, Kake Randelin och Ani att upptr\u00e4da. L\u00f6rdagen den 15 augusti kommer Portion Boys, Vesala, Bess, Jonna Tervomaa och Aste att f\u00e5 sin tur.<\/p>\n<p>Biljetter till sommarens 2026 Salo Friends &amp; Music Festival s\u00e4ljer <a href=\"http:\/\/www.ticketmaster.fi\/salofriendsandmusicfestival\" target=\"_blank\" rel=\"noopener\">Ticketmaster<\/a>.<\/p>\n<p>Vainion Liikenne arrangerar <strong>l\u00f6rdag 15.8.<\/strong> transport fr\u00e5n \u00c5bo till festivalen.<\/p>\n<p><img loading=\"lazy\" decoding=\"async\" src=\"https:\/\/vainionliikenne.fi\/wp-content\/uploads\/2026\/04\/salofriendsandmusicfestival_logo-300x88.jpg\" alt=\"\" width=\"300\" height=\"88\" \/><\/p>\n\t\t\t<a href=\"https:\/\/salofriendsandmusicfestival.fi\/\" target=\"_blank\" rel=\"noopener\">\n\t\t\t\t\t\t\tL\u00e4s mer!\n\t\t\t\t\t<\/a>\n\t\t\t<a href=\"http:\/\/www.ticketmaster.fi\/salofriendsandmusicfestival\" target=\"_blank\" rel=\"noopener\">\n\t\t\t\t\t\t\tK\u00f6p en biljett till evenemanget\n\t\t\t\t\t<\/a>\n<h2>\n\t\t\tK\u00f6p bussbiljetter\t<\/h2>\n\t<p>K\u00f6p en biljett f\u00f6r l\u00f6rdagens bussresa fr\u00e5n l\u00e4nken nedan.<\/p>\n<p>&nbsp;<\/p>\n<p>Observera! Utresan inkluderar returresan, s\u00e5 det finns inget behov av att k\u00f6pa en returbiljett separat.<\/p>\n\t\t\t<a href=\"https:\/\/liput.matkahuolto.fi\/connectionlist?lang=fi&#038;departurePlaceId=p565&#038;arrivalPlaceId=p1258&#038;departureDate=2026-08-15&#038;company=J.%20Vainion%20Liikenne%20Oy#breadcrumb\" target=\"_blank\" rel=\"noopener\">\n\t\t\t\t\t\t\tTurku &#8211; Salo lauantaina 15.8. \n\t\t\t\t\t<\/a>\n\t<p><img loading=\"lazy\" decoding=\"async\" src=\"https:\/\/vainionliikenne.fi\/wp-content\/uploads\/2026\/04\/SaloFriends-aikataulu-300x163.jpg\" alt=\"\" width=\"300\" height=\"163\" \/><\/p>","protected":false},"excerpt":{"rendered":"<p>Salo Friends &amp; Music Festivalit juhlitaan Farmoksen tontilla perjantaista lauantaihin 14.-15.8.2026! Salo Friends &amp; Music Festival j\u00e4rjestet\u00e4\u00e4n Salossa Farmoksen tontilla perjantaista lauantaihin 14.-15.8.2026. Salo Friends &amp; Music Festivaleilla panostetaan erityisesti hyviin palveluihin, viihtyvyyteen, ruokatuotteisiin ja lis\u00e4ksi tapahtuma-alue tullaan j\u00e4lleen koristelemaan upeilla valotehosteilla, jotka p\u00e4\u00e4sev\u00e4t hienosti oikeuksiinsa elokuun h\u00e4m\u00e4rtyviss\u00e4 kes\u00e4illoissa. Salo Friends &amp; Music Festivaleilla tullaan [&hellip;]<\/p>\n","protected":false},"author":8,"featured_media":12899,"parent":12840,"menu_order":14,"comment_status":"closed","ping_status":"closed","template":"","meta":{"_acf_changed":false,"inline_featured_image":false,"site-sidebar-layout":"default","site-content-layout":"page-builder","ast-site-content-layout":"default","site-content-style":"default","site-sidebar-style":"default","ast-global-header-display":"","ast-banner-title-visibility":"","ast-main-header-display":"","ast-hfb-above-header-display":"","ast-hfb-below-header-display":"","ast-hfb-mobile-header-display":"","site-post-title":"disabled","ast-breadcrumbs-content":"","ast-featured-img":"disabled","footer-sml-layout":"","ast-disable-related-posts":"","theme-transparent-header-meta":"default","adv-header-id-meta":"","stick-header-meta":"default","header-above-stick-meta":"","header-main-stick-meta":"","header-below-stick-meta":"","astra-migrate-meta-layouts":"set","ast-page-background-enabled":"default","ast-page-background-meta":{"desktop":{"background-color":"var(--ast-global-color-4)","background-image":"","background-repeat":"repeat","background-position":"center center","background-size":"auto","background-attachment":"scroll","background-type":"","background-media":"","overlay-type":"","overlay-color":"","overlay-opacity":"","overlay-gradient":""},"tablet":{"background-color":"","background-image":"","background-repeat":"repeat","background-position":"center center","background-size":"auto","background-attachment":"scroll","background-type":"","background-media":"","overlay-type":"","overlay-color":"","overlay-opacity":"","overlay-gradient":""},"mobile":{"background-color":"","background-image":"","background-repeat":"repeat","background-position":"center center","background-size":"auto","background-attachment":"scroll","background-type":"","background-media":"","overlay-type":"","overlay-color":"","overlay-opacity":"","overlay-gradient":""}},"ast-content-background-meta":{"desktop":{"background-color":"var(--ast-global-color-5)","background-image":"","background-repeat":"repeat","background-position":"center center","background-size":"auto","background-attachment":"scroll","background-type":"","background-media":"","overlay-type":"","overlay-color":"","overlay-opacity":"","overlay-gradient":""},"tablet":{"background-color":"var(--ast-global-color-5)","background-image":"","background-repeat":"repeat","background-position":"center center","background-size":"auto","background-attachment":"scroll","background-type":"","background-media":"","overlay-type":"","overlay-color":"","overlay-opacity":"","overlay-gradient":""},"mobile":{"background-color":"var(--ast-global-color-5)","background-image":"","background-repeat":"repeat","background-position":"center center","background-size":"auto","background-attachment":"scroll","background-type":"","background-media":"","overlay-type":"","overlay-color":"","overlay-opacity":"","overlay-gradient":""}},"footnotes":""},"class_list":["post-13473","page","type-page","status-publish","has-post-thumbnail","hentry"],"acf":[],"_links":{"self":[{"href":"https:\/\/vainionliikenne.fi\/sv\/wp-json\/wp\/v2\/pages\/13473","targetHints":{"allow":["GET"]}}],"collection":[{"href":"https:\/\/vainionliikenne.fi\/sv\/wp-json\/wp\/v2\/pages"}],"about":[{"href":"https:\/\/vainionliikenne.fi\/sv\/wp-json\/wp\/v2\/types\/page"}],"author":[{"embeddable":true,"href":"https:\/\/vainionliikenne.fi\/sv\/wp-json\/wp\/v2\/users\/8"}],"replies":[{"embeddable":true,"href":"https:\/\/vainionliikenne.fi\/sv\/wp-json\/wp\/v2\/comments?post=13473"}],"version-history":[{"count":11,"href":"https:\/\/vainionliikenne.fi\/sv\/wp-json\/wp\/v2\/pages\/13473\/revisions"}],"predecessor-version":[{"id":13511,"href":"https:\/\/vainionliikenne.fi\/sv\/wp-json\/wp\/v2\/pages\/13473\/revisions\/13511"}],"up":[{"embeddable":true,"href":"https:\/\/vainionliikenne.fi\/sv\/wp-json\/wp\/v2\/pages\/12840"}],"wp:featuredmedia":[{"embeddable":true,"href":"https:\/\/vainionliikenne.fi\/sv\/wp-json\/wp\/v2\/media\/12899"}],"wp:attachment":[{"href":"https:\/\/vainionliikenne.fi\/sv\/wp-json\/wp\/v2\/media?parent=13473"}],"curies":[{"name":"wp","href":"https:\/\/api.w.org\/{rel}","templated":true}]}}