{"id":13456,"date":"2026-03-25T10:18:47","date_gmt":"2026-03-25T08:18:47","guid":{"rendered":"https:\/\/vainionliikenne.fi\/?page_id=13456"},"modified":"2026-03-25T10:56:05","modified_gmt":"2026-03-25T08:56:05","slug":"tillganglighetsbeskrivning","status":"publish","type":"page","link":"https:\/\/vainionliikenne.fi\/sv\/saavutettavuusseloste\/","title":{"rendered":"Tillg\u00e4nglighetsbeskrivning"},"content":{"rendered":"<h2>Webbtj\u00e4nstens tillg\u00e4nglighetsbeskrivning<\/h2>\n<p><strong>vainionliikenne.fi<\/strong><\/p>\n<p><strong>Skapare<\/strong> Odvar<\/p>\n<h2>Inneh\u00e5ll<\/h2>\n<ul>\n<li><a href=\"#seloste\">Vainion Liikenteen tillg\u00e4nglighetsbeskrivning<\/a><\/li>\n<li><a href=\"#tila\">Digitj\u00e4nstens tillg\u00e4nglighetsstatus<\/a><\/li>\n<li><a href=\"#ei-saavutettava\">Otillg\u00e4ngligt inneh\u00e5ll<\/a>\n<ul>\n<li><a href=\"#havaittava\">M\u00e4rkbar<\/a><\/li>\n<li><a href=\"#hallittava\">Hanterbar<\/a><\/li>\n<li><a href=\"#toimintavarma\">Tillf\u00f6rlitlig<\/a><\/li>\n<\/ul>\n<\/li>\n<li><a href=\"#lisavaatimukset\">Uppfyllande av tj\u00e4nstespecifika ytterligare krav och annan serviceinformation<\/a><\/li>\n<li><a href=\"#yleis-kuvaus\">Allm\u00e4n beskrivning av digital tj\u00e4nst<\/a><\/li>\n<li><a href=\"#puutteen-ilmoitus\">M\u00e4rkte du en brist p\u00e5 tillg\u00e4nglighet i v\u00e5r digitala tj\u00e4nst?<\/a><\/li>\n<li><a href=\"#valvonta\">Tillsynsmyndigheten<\/a><\/li>\n<\/ul>\n<h2 id=\"seloste\">Vainion Liikenteen tillg\u00e4nglighetsbeskrivning<\/h2>\n<p>Denna tillg\u00e4nglighetsbeskrivning g\u00e4ller tj\u00e4nsten <strong>https:\/\/www.vainionliikenne.fi\/<\/strong> och har utarbetats \/ uppdaterats 2026-03-25.<\/p>\n<p>Tj\u00e4nsten omfattas av lagen om tillhandah\u00e5llande av digitala tj\u00e4nster, som syftar till att fr\u00e4mja digitala tj\u00e4nsters tillg\u00e4nglighet, kvalitet, informationss\u00e4kerhet samt inneh\u00e5llets tillg\u00e4nglighet och d\u00e4rmed f\u00f6rb\u00e4ttra allas m\u00f6jligheter att j\u00e4mntidigt anv\u00e4nda digitala tj\u00e4nster. Vi str\u00e4var efter att s\u00e4kerst\u00e4lla efterlevnaden av ovann\u00e4mnda lagstiftning, inklusive lagarna 306\/2019 och 104\/2023.<\/p>\n<p>Tj\u00e4nstens tillg\u00e4nglighet har utv\u00e4rderats av en extern expertorganisation <strong>Odvar<\/strong> (odvar.fi). Utv\u00e4rderingen har gjorts med det automatiserade testverktyget Axe (version 4.11.1) p\u00e5 f\u00f6ljande sidor: Startsida, Flygplatsturer, Linslinjetrafik, Minibuss, Offertbeg\u00e4ran, Ge feedback, Kontaktuppgifter och Tillg\u00e4nglighetsbeskrivning.<\/p>\n<h2 id=\"tila\">Digitj\u00e4nstens tillg\u00e4nglighetsstatus<\/h2>\n<p><strong>Tj\u00e4nsten uppfyller f\u00f6r n\u00e4rvarande endast delvis de kritiska tillg\u00e4nglighetskraven enligt WCAG 2.1 niv\u00e5 A och AA.<\/strong> Alla listade tillg\u00e4nglighetsproblem str\u00e4vas efter att \u00e5tg\u00e4rdas i f\u00f6rsta hand.<\/p>\n<p>F\u00f6r att s\u00e4kerst\u00e4lla att tillg\u00e4nglighetskraven uppfylls inspekterar en extern expertorganisation regelbundet tj\u00e4nsten och utv\u00e4rderar tillg\u00e4nglighetstillst\u00e5ndet f\u00f6r tj\u00e4nsten vainionliikenne.fi.<\/p>\n<h2 id=\"ei-saavutettava\">Otillg\u00e4ngligt inneh\u00e5ll<\/h2>\n<p>Webbplatsen \u00e4r inte helt kompatibel med kraven \u00e4nnu.<\/p>\n<h3 id=\"havaittava\">M\u00e4rkbar<\/h3>\n<h4>Navigerings-ARIA-strukturen \u00e4r otillr\u00e4cklig (WCAG 1.3.1)<\/h4>\n<p><strong>Okr\u00e4nbar inneh\u00e5ll och dess brister:<\/strong><\/p>\n<ul>\n<li>Huvudnavigeringens undermenyer (<code>ul roll=\"meny\"<\/code>inneh\u00e5ller <code>li<\/code>element som har <code>tabindex<\/code>-attribut \u2014 detta \u00e4r inte till\u00e5tet i denna ARIA-rollstruktur.<\/li>\n<li>Navigeringsl\u00e4nkar har <code>roll=menyalternativ\"<\/code>, men de \u00e4r inte f\u00f6r det korrekta toppniv\u00e5elementet (<code>meny<\/code>, <code>menyrad<\/code> s\u00e5dan <code>grupp<\/code>) inuti.<\/li>\n<li>Understr\u00f6mningar <code>li<\/code>-elementen \u00e4r <code>ul roll=\"meny\"<\/code> i element**, trots att de borde vara i en struktur som f\u00f6ljer typisk listsemantik.<\/li>\n<li>Felet uppst\u00e5r p\u00e5 alla testade sidor p\u00e5 grund av webbplatsens hela navigeringsstruktur.<\/li>\n<\/ul>\n<p><strong>Tillg\u00e4nglighetskriterier som inte uppfylls<\/strong><br \/>\n1.3.1 Information och relationer<\/p>\n<h4>Otillr\u00e4cklig f\u00e4rgkontrast \u2014 Niv\u00e5 AA (WCAG 1.4.3)<\/h4>\n<p><strong>Okr\u00e4nbar inneh\u00e5ll och dess brister:<\/strong><\/p>\n<ul>\n<li>Flera text-bakgrund-kombinationer p\u00e5 webbplatsen uppfyller inte det kr\u00e4vda kontrastf\u00f6rh\u00e5llandet p\u00e5 4,5:1 f\u00f6r normalstor text.<\/li>\n<li>Felet uppst\u00e5r p\u00e5 alla testade sidor i flera olika element.<\/li>\n<\/ul>\n<p><strong>Tillg\u00e4nglighetskriterier som inte uppfylls<\/strong><br \/>\n1.4.3 Kontraster (minimi)<\/p>\n<h4>Otillr\u00e4cklig f\u00e4rgkontrast \u2014 AAA-niv\u00e5 (WCAG 1.4.6)<\/h4>\n<p><strong>Okr\u00e4nbar inneh\u00e5ll och dess brister:<\/strong><\/p>\n<ul>\n<li>M\u00e5nga text-bakgrundskombinationer uppfyller inte WCAG 2.1 AAA-niv\u00e5ns f\u00f6rb\u00e4ttrade kontrastkrav p\u00e5 7:1 f\u00f6r normalstor text.<\/li>\n<li>Observera: AAA-niv\u00e5ns kontrastkrav \u00f6verskrider den lagstadgda AA-minimumniv\u00e5n, men detta har dokumenterats som ett resultat av en omfattande utv\u00e4rdering.<\/li>\n<li>Felet uppst\u00e5r p\u00e5 alla testade sidor.<\/li>\n<\/ul>\n<p><strong>Tillg\u00e4nglighetskriterier som inte uppfylls<\/strong><br \/>\n1.4.6 Kontraster (f\u00f6rb\u00e4ttrad)<\/p>\n<h3 id=\"hallittava\">Hanterbar<\/h3>\n<h4>Otsikkolagringens ologiska ordning (Bra praxis)<\/h4>\n<p><strong>Okr\u00e4nbar inneh\u00e5ll och dess brister:<\/strong><\/p>\n<ul>\n<li>Rubrikniv\u00e5erna f\u00f6ljer inte logiskt p\u00e5 varje sida \u2014 till exempel <code>h3<\/code>-rubrik f\u00f6rekommer f\u00f6re f\u00f6reg\u00e5ende <code>h2<\/code>Titel.<\/li>\n<li>Fel uppt\u00e4cktes p\u00e5 sidorna: <em>Feedback<\/em> och <em>Formul\u00e4r f\u00f6r offertf\u00f6rfr\u00e5gan<\/em>.<\/li>\n<li>Ologisk rubrikstruktur g\u00f6r det sv\u00e5rt att navigera med en sk\u00e4rml\u00e4sare.<\/li>\n<\/ul>\n<p><strong>Tillg\u00e4nglighetskriterier som inte uppfylls<\/strong><br \/>\n1.3.1 Information och relationer (god praxis)<\/p>\n<h4>Webbplatsens inneh\u00e5ll \u00e4r inte inneslutet i landm\u00e4rkeselement (bra praxis)<\/h4>\n<p><strong>Okr\u00e4nbar inneh\u00e5ll och dess brister:<\/strong><\/p>\n<ul>\n<li>En del av sidans inneh\u00e5ll (som hoppl\u00e4nkar) \u00e4r inte placerat inom n\u00e5gon landm\u00e4rkeskomponent.<code>huvud<\/code>, <code>nav<\/code>, <code>sidhuvud<\/code>, <code>sidfot<\/code> inuti.<\/li>\n<li>P\u00e5 tv\u00e5 sidor (<em>Tillg\u00e4nglighetsbeskrivning<\/em> och <em>Liten buss<\/em>) saknas helt <code>huvud<\/code>landm\u00e4rkes-elementet.<\/li>\n<li>Felet uppst\u00e5r p\u00e5 alla testade sidor, landmark-huvudbrist p\u00e5 tv\u00e5 sidor.<\/li>\n<\/ul>\n<p><strong>Tillg\u00e4nglighetskriterier som inte uppfylls<\/strong><br \/>\n1.3.1 Information och relationer (god praxis)<\/p>\n<h3 id=\"toimintavarma\">Tillf\u00f6rlitlig<\/h3>\n<h4>Fel ARIA-roll p\u00e5 elementen f\u00f6r bildgalleriet (Bra praxis)<\/h4>\n<p><strong>Okr\u00e4nbar inneh\u00e5ll och dess brister:<\/strong><\/p>\n<ul>\n<li>I utrustningspresentationssidans bildgalleri<em>Liten buss<\/em>med karusell-dia-element <code>roll-fanel\"<\/code>, vilket inte \u00e4r till\u00e5tet <code>li<\/code>-elementet i det aktuella sammanhanget.<\/li>\n<li>Dessutom har elementen <code>aria-roledescription=\"bildspel\"<\/code>, vilket i kombination med fel roll kan f\u00f6rvirra sk\u00e4rml\u00e4saranv\u00e4ndaren.<\/li>\n<li>Felet uppst\u00e5r p\u00e5 sidan: <em>Minibuss (max 16 personer)<\/em>.<\/li>\n<\/ul>\n<p><strong>Tillg\u00e4nglighetskriterier som inte uppfylls<\/strong><br \/>\n4.1.2 Namn, roll, v\u00e4rde (god praxis)<\/p>\n<h2 id=\"lisavaatimukset\">Uppfyllande av tj\u00e4nstespecifika ytterligare krav och annan serviceinformation<\/h2>\n<h3>Tj\u00e4nstespecifika ytterligare krav<\/h3>\n<p>Webbtj\u00e4nsten uppfyller tillg\u00e4nglighetskraven delvis.<\/p>\n<p><strong>Icke-tillg\u00e4ngligt inneh\u00e5ll<\/strong> Webbplatsen \u00e4r inte helt kompatibel med kraven \u00e4nnu.<\/p>\n<h2 id=\"yleis-kuvaus\">Allm\u00e4n beskrivning av digital tj\u00e4nst<\/h2>\n<p>Vainion Liikenne erbjuder buss- och best\u00e4llningsresor samt andra transporttj\u00e4nster. Webbplatsen m\u00f6jligg\u00f6r:<\/p>\n<ul>\n<li>Navigering av rutt- och flygplatsturer samt h\u00e4ndelsetransporter<\/li>\n<li>Att fylla i en best\u00e4llningf\u00f6rfr\u00e5gan och en offertf\u00f6rfr\u00e5gan<\/li>\n<li>Bekanta dig med fordonen (minibuss, rullstolsbuss, stor buss, VIP-buss)<\/li>\n<li>Att hitta kontaktinformation och anv\u00e4nda feedbackformul\u00e4ret<\/li>\n<li>Att l\u00e4sa information riktad till resen\u00e4rer, s\u00e5som biljettinformation och borttappade f\u00f6rem\u00e5l<\/li>\n<\/ul>\n<p>Alla funktioner \u00e4r tillg\u00e4ngliga b\u00e5de p\u00e5 datorer och mobila enheter.<\/p>\n<h2 id=\"puutteen-ilmoitus\">M\u00e4rkte du en brist p\u00e5 tillg\u00e4nglighet i v\u00e5r digitala tj\u00e4nst?<\/h2>\n<p>Ber\u00e4tta det f\u00f6r oss och vi ska g\u00f6ra v\u00e5rt b\u00e4sta f\u00f6r att \u00e5tg\u00e4rda bristen.<\/p>\n<p><strong>P\u00e5 formul\u00e4ret:<\/strong><br \/>\n<a href=\"https:\/\/vainionliikenne.fi\/sv\/feedback\/\">Feedback<\/a><\/p>\n<h2 id=\"valvonta\">Tillsynsmyndigheten<\/h2>\n<p>Om du m\u00e4rker tillg\u00e4nglighetsproblem p\u00e5 webbplatsen, v\u00e4nligen ge f\u00f6rst feedback till oss, det vill s\u00e4ga webbplatsens administrat\u00f6rer. Svaret kan ta 14 dagar. Om du inte \u00e4r n\u00f6jd med det svar du f\u00e5r eller inte f\u00e5r n\u00e5got svar alls inom tv\u00e5 veckor kan du g\u00f6ra en anm\u00e4lan till Traficom. P\u00e5 Traficoms webbplats beskrivs noggrant hur anm\u00e4lan kan g\u00f6ras och hur \u00e4rendet hanteras.<\/p>\n<h3>Tillsynsmyndighetens kontaktuppgifter<\/h3>\n<p><strong>Trafik- och kommunikationsverket Traficom<\/strong><br \/>\nDigital tillg\u00e4nglighet och \u00f6vervakningsenhet f\u00f6r tillg\u00e4nglighet<br \/>\nPB 320<br \/>\n00059 TRAFICOM<\/p>\n<p><strong>Webbplats<\/strong> <a href=\"https:\/\/www.saavutettavuusvaatimukset.fi\" target=\"_blank\" rel=\"noopener\">www.saavutettavuusvaatimukset.fi<\/a><br \/>\n<strong>E-post:<\/strong> <a href=\"mailto:saavutettavuus@traficom.fi\">mailto:saavutettavuus@traficom.fi<\/a><br \/>\n<strong>Telefonnummer v\u00e4xel:<\/strong> 029 534 5000<\/p>","protected":false},"excerpt":{"rendered":"<p>Verkkopalvelun saavutettavuusseloste vainionliikenne.fi Laatija: Odvar Sis\u00e4lt\u00f6 Vainion Liikenteen saavutettavuusseloste Digipalvelun saavutettavuuden tila Ei-saavutettava sis\u00e4lt\u00f6 Havaittava Hallittava Toimintavarma Palvelukohtaisten lis\u00e4vaatimusten t\u00e4yttyminen ja muut palvelua koskevat tiedot Yleinen kuvaus digitaalisesta palvelusta Huomasitko saavutettavuuspuutteen digipalvelussamme? Valvontaviranomainen Vainion Liikenteen saavutettavuusseloste T\u00e4m\u00e4 saavutettavuusseloste koskee palvelua https:\/\/www.vainionliikenne.fi\/ ja on laadittu \/ p\u00e4ivitetty 25.03.2026. Palvelu kuuluu digitaalisten palvelujen tarjoamista koskevan lain piiriin, [&hellip;]<\/p>\n","protected":false},"author":1,"featured_media":0,"parent":0,"menu_order":0,"comment_status":"closed","ping_status":"closed","template":"","meta":{"_acf_changed":false,"inline_featured_image":false,"site-sidebar-layout":"default","site-content-layout":"","ast-site-content-layout":"default","site-content-style":"default","site-sidebar-style":"default","ast-global-header-display":"","ast-banner-title-visibility":"","ast-main-header-display":"","ast-hfb-above-header-display":"","ast-hfb-below-header-display":"","ast-hfb-mobile-header-display":"","site-post-title":"","ast-breadcrumbs-content":"","ast-featured-img":"","footer-sml-layout":"","ast-disable-related-posts":"","theme-transparent-header-meta":"default","adv-header-id-meta":"","stick-header-meta":"default","header-above-stick-meta":"","header-main-stick-meta":"","header-below-stick-meta":"","astra-migrate-meta-layouts":"set","ast-page-background-enabled":"default","ast-page-background-meta":{"desktop":{"background-color":"var(--ast-global-color-4)","background-image":"","background-repeat":"repeat","background-position":"center center","background-size":"auto","background-attachment":"scroll","background-type":"","background-media":"","overlay-type":"","overlay-color":"","overlay-opacity":"","overlay-gradient":""},"tablet":{"background-color":"","background-image":"","background-repeat":"repeat","background-position":"center center","background-size":"auto","background-attachment":"scroll","background-type":"","background-media":"","overlay-type":"","overlay-color":"","overlay-opacity":"","overlay-gradient":""},"mobile":{"background-color":"","background-image":"","background-repeat":"repeat","background-position":"center center","background-size":"auto","background-attachment":"scroll","background-type":"","background-media":"","overlay-type":"","overlay-color":"","overlay-opacity":"","overlay-gradient":""}},"ast-content-background-meta":{"desktop":{"background-color":"var(--ast-global-color-5)","background-image":"","background-repeat":"repeat","background-position":"center center","background-size":"auto","background-attachment":"scroll","background-type":"","background-media":"","overlay-type":"","overlay-color":"","overlay-opacity":"","overlay-gradient":""},"tablet":{"background-color":"var(--ast-global-color-5)","background-image":"","background-repeat":"repeat","background-position":"center center","background-size":"auto","background-attachment":"scroll","background-type":"","background-media":"","overlay-type":"","overlay-color":"","overlay-opacity":"","overlay-gradient":""},"mobile":{"background-color":"var(--ast-global-color-5)","background-image":"","background-repeat":"repeat","background-position":"center center","background-size":"auto","background-attachment":"scroll","background-type":"","background-media":"","overlay-type":"","overlay-color":"","overlay-opacity":"","overlay-gradient":""}},"footnotes":""},"class_list":["post-13456","page","type-page","status-publish","hentry"],"acf":[],"_links":{"self":[{"href":"https:\/\/vainionliikenne.fi\/sv\/wp-json\/wp\/v2\/pages\/13456","targetHints":{"allow":["GET"]}}],"collection":[{"href":"https:\/\/vainionliikenne.fi\/sv\/wp-json\/wp\/v2\/pages"}],"about":[{"href":"https:\/\/vainionliikenne.fi\/sv\/wp-json\/wp\/v2\/types\/page"}],"author":[{"embeddable":true,"href":"https:\/\/vainionliikenne.fi\/sv\/wp-json\/wp\/v2\/users\/1"}],"replies":[{"embeddable":true,"href":"https:\/\/vainionliikenne.fi\/sv\/wp-json\/wp\/v2\/comments?post=13456"}],"version-history":[{"count":7,"href":"https:\/\/vainionliikenne.fi\/sv\/wp-json\/wp\/v2\/pages\/13456\/revisions"}],"predecessor-version":[{"id":13463,"href":"https:\/\/vainionliikenne.fi\/sv\/wp-json\/wp\/v2\/pages\/13456\/revisions\/13463"}],"wp:attachment":[{"href":"https:\/\/vainionliikenne.fi\/sv\/wp-json\/wp\/v2\/media?parent=13456"}],"curies":[{"name":"wp","href":"https:\/\/api.w.org\/{rel}","templated":true}]}}