{"id":13420,"date":"2026-03-20T14:05:21","date_gmt":"2026-03-20T12:05:21","guid":{"rendered":"https:\/\/vainionliikenne.fi\/?page_id=13420"},"modified":"2026-04-10T11:25:03","modified_gmt":"2026-04-10T08:25:03","slug":"karjurock_fredag","status":"publish","type":"page","link":"https:\/\/vainionliikenne.fi\/sv\/tapahtumakuljetukset\/karjurock-17-18-7-2026\/karjurock_perjantai\/","title":{"rendered":"Karjurock 17.7.2026"},"content":{"rendered":"<p>Som vanligt kommer Vainion Liikenne att transportera Karjurock-publiken s\u00e4kert och bekv\u00e4mt. Biljetter kan k\u00f6pas i Matkahuolto Matkat-appen eller i n\u00e4tbutiken.<\/p>\r\n<p>I utresebiljetten ing\u00e5r alltid en returresa samma dag.<\/p>\r\n<p>Om du vill h\u00e4mta upp l\u00e4ngs v\u00e4gen v\u00e4ljer du \u00c4ndra s\u00f6kning och anv\u00e4nder den h\u00e5llplats du vill h\u00e4mta upp fr\u00e5n. Slutligen, innan du k\u00f6per din biljett, kontrollera att resedatumet fortfarande \u00e4r korrekt!<\/p>\r\n<h2>Bussbiljetter enkelt med mobilappen<\/h2>\r\n<p>Du kan k\u00f6pa bussbiljetter fr\u00e5n Vainion Transport fr\u00e5n Matkahuolto Matkat<br \/>-fr\u00e5n mobilappen. Du kommer d\u00e5 att f\u00e5 din biljett direkt i din mobiltelefon.<\/p>\r\n<p>Ladda ner Resor och Biljetter fr\u00e5n din appbutik<\/p>\r\n<figure><a href=\"https:\/\/apps.apple.com\/gb\/app\/reseskning-och-biljetter\/id1496304929?l=sv\" target=\"_blank\" rel=\"noopener\"> <img loading=\"lazy\" decoding=\"async\" title=\"hamta-i-app-store\" src=\"https:\/\/vainionliikenne.fi\/wp-content\/uploads\/2025\/02\/hamta-i-app-store.png\" alt=\"hamta-i-app-store\" width=\"286\" height=\"80\" \/> <\/a><\/figure>\r\n<figure><a href=\"https:\/\/play.google.com\/store\/apps\/details?id=com.kyyti.ride.matkahuolto\" target=\"_blank\" rel=\"noopener\"> <img loading=\"lazy\" decoding=\"async\" title=\"ladda-ned-pa-google-play\" src=\"https:\/\/vainionliikenne.fi\/wp-content\/uploads\/2025\/02\/ladda-ned-pa-google-play.png\" alt=\"ladda-ned-pa-google-play\" width=\"286\" height=\"80\" \/> <\/a><\/figure>\r\n<figure><img loading=\"lazy\" decoding=\"async\" title=\"resv\u00e4gar-och-biljetter app\" src=\"https:\/\/vainionliikenne.fi\/wp-content\/uploads\/2025\/02\/matkahuolto-reitit-ja-liput-sovellus.png\" alt=\"resv\u00e4gar-och-biljetter app\" width=\"550\" height=\"876\" \/><\/figure>\r\n<h2>Bussbiljetter fr\u00e5n onlinebutiken<\/h2>\r\n<p>Anv\u00e4nd l\u00e4nkarna nedan f\u00f6r att k\u00f6pa dina bussbiljetter direkt fr\u00e5n Matkahuoltos webbutik.<\/p>\r\n<p><a href=\"https:\/\/liput.matkahuolto.fi\/connectionlist?lang=fi&amp;departurePlaceId=p3335&amp;arrivalPlaceId=s56530&amp;departureDate=2026-07-17&amp;company=J.%20Vainion%20Liikenne%20Oy#breadcrumb\" target=\"_blank\" rel=\"noopener\"> Fr\u00e5n Laitila Fri 17.7. <\/a><\/p>\r\n<figure><img loading=\"lazy\" decoding=\"async\" title=\"Vid_Karjurock_Laitilasta_pe\" src=\"https:\/\/vainionliikenne.fi\/wp-content\/uploads\/2026\/03\/At_Karjurock_Laitilasta_pe.jpg\" alt=\"Vid_Karjurock_Laitilasta_pe\" width=\"963\" height=\"328\" \/><\/figure>\r\n<p><a href=\"https:\/\/liput.matkahuolto.fi\/connectionlist?lang=fi&amp;departurePlaceId=p1011&amp;arrivalPlaceId=s56530&amp;departureDate=2026-07-17&amp;company=J.%20Vainion%20Liikenne%20Oy#breadcrumb\" target=\"_blank\" rel=\"noopener\"> Fr\u00e5n New Town 17.7. <\/a><\/p>\r\n<figure><img loading=\"lazy\" decoding=\"async\" title=\"Vid_Karjurock_Ukista_pe\" src=\"https:\/\/vainionliikenne.fi\/wp-content\/uploads\/2026\/03\/At_Karjurock_Ukista_pe.jpg\" alt=\"Vid_Karjurock_Ukista_pe\" width=\"966\" height=\"241\" \/><\/figure>\r\n<p><a href=\"https:\/\/liput.matkahuolto.fi\/connectionlist?lang=fi&amp;departurePlaceId=p565&amp;arrivalPlaceId=s56530&amp;departureDate=2026-07-17&amp;company=J.%20Vainion%20Liikenne%20Oy#breadcrumb\" target=\"_blank\" rel=\"noopener\"> Fr\u00e5n \u00c5bo p\u00e5 fre 17.7. <\/a><\/p>\r\n<figure><img loading=\"lazy\" decoding=\"async\" title=\"At_Karjurock_Turusta_pe\" src=\"https:\/\/vainionliikenne.fi\/wp-content\/uploads\/2026\/03\/At_Karjurock_Turusta_pe.jpg\" alt=\"At_Karjurock_Turusta_pe\" width=\"718\" height=\"374\" \/><\/figure>\r\n<p><a href=\"https:\/\/liput.matkahuolto.fi\/connectionlist?lang=fi&amp;departurePlaceId=p1425&amp;arrivalPlaceId=s56530&amp;departureDate=2026-07-17&amp;company=J.%20Vainion%20Liikenne%20Oy#breadcrumb\" target=\"_blank\" rel=\"noopener\"> Fr\u00e5n Rauma Fri 17.7. <\/a><\/p>\r\n<figure><img loading=\"lazy\" decoding=\"async\" title=\"Vid_Karjurock_Raumalta_pe\" src=\"https:\/\/vainionliikenne.fi\/wp-content\/uploads\/2026\/03\/At_Karjurock_Raumalta_pe.jpg\" alt=\"Vid_Karjurock_Raumalta_pe\" width=\"593\" height=\"421\" \/><\/figure>\r\n<p><a href=\"https:\/\/liput.matkahuolto.fi\/connectionlist?lang=fi&amp;departurePlaceId=s5081&amp;arrivalPlaceId=s56530&amp;departureDate=2026-07-17&amp;company=J.%20Vainion%20Liikenne%20Oy#breadcrumb\" target=\"_blank\" rel=\"noopener\"> Fr\u00e5n Kustav p\u00e5 fre 17.7. <\/a><\/p>\r\n<figure><img loading=\"lazy\" decoding=\"async\" title=\"Vid_Karjurock_Kustavista_pe\" src=\"https:\/\/vainionliikenne.fi\/wp-content\/uploads\/2026\/03\/At_Karjurock_Kustavista_pe.jpg\" alt=\"Vid_Karjurock_Kustavista_pe\" width=\"498\" height=\"286\" \/><\/figure>\r\n<p><a href=\"https:\/\/liput.matkahuolto.fi\/connectionlist?lang=fi&amp;departurePlaceId=p1258&amp;arrivalPlaceId=s56530&amp;departureDate=2026-07-17&amp;company=J.%20Vainion%20Liikenne%20Oy#breadcrumb\" target=\"_blank\" rel=\"noopener\"> Fr\u00e5n Salo Fri 17.7. <\/a><\/p>\r\n<figure><img loading=\"lazy\" decoding=\"async\" title=\"Vid_Karjurock_Salosta_pe\" src=\"https:\/\/vainionliikenne.fi\/wp-content\/uploads\/2026\/03\/At_Karjurock_Salosta_pe.jpg\" alt=\"Vid_Karjurock_Salosta_pe\" width=\"690\" height=\"462\" \/><\/figure>\r\n<p>Om du vill h\u00e4mta upp l\u00e4ngs v\u00e4gen v\u00e4ljer du \u00c4ndra s\u00f6kning och anv\u00e4nder den h\u00e5llplats du vill h\u00e4mta upp fr\u00e5n. Slutligen, innan du k\u00f6per din biljett, kontrollera att resedatumet fortfarande \u00e4r korrekt!<\/p>","protected":false},"excerpt":{"rendered":"<p>Vainion Liikenne kuljettaa tuttuun tapaan Karjurock-yleis\u00f6n turvallisesti ja mukavasti. Voit ostaa liput Matkahuollon Matkat -sovelluksesta tai verkkokaupasta. Menomatkan lippu sis\u00e4lt\u00e4\u00e4 aina my\u00f6s paluumatkan samana p\u00e4iv\u00e4n\u00e4. Jos haluat nousta kyytiin matkan varrelta, valitse Muuta hakua ja k\u00e4yt\u00e4 haluamaasi pys\u00e4kki\u00e4 l\u00e4ht\u00f6paikkana. Tarkasta lopuksi ennen lipun ostoa, ett\u00e4 matkap\u00e4iv\u00e4 pysyi oikeana! Bussiliput helposti mobiilisovelluksella Vainion Liikenteen bussiliput voit [&hellip;]<\/p>\n","protected":false},"author":8,"featured_media":0,"parent":13373,"menu_order":14,"comment_status":"closed","ping_status":"closed","template":"","meta":{"_acf_changed":false,"inline_featured_image":false,"site-sidebar-layout":"default","site-content-layout":"page-builder","ast-site-content-layout":"default","site-content-style":"default","site-sidebar-style":"default","ast-global-header-display":"","ast-banner-title-visibility":"","ast-main-header-display":"","ast-hfb-above-header-display":"","ast-hfb-below-header-display":"","ast-hfb-mobile-header-display":"","site-post-title":"disabled","ast-breadcrumbs-content":"","ast-featured-img":"disabled","footer-sml-layout":"","ast-disable-related-posts":"","theme-transparent-header-meta":"default","adv-header-id-meta":"","stick-header-meta":"default","header-above-stick-meta":"","header-main-stick-meta":"","header-below-stick-meta":"","astra-migrate-meta-layouts":"set","ast-page-background-enabled":"default","ast-page-background-meta":{"desktop":{"background-color":"var(--ast-global-color-4)","background-image":"","background-repeat":"repeat","background-position":"center center","background-size":"auto","background-attachment":"scroll","background-type":"","background-media":"","overlay-type":"","overlay-color":"","overlay-opacity":"","overlay-gradient":""},"tablet":{"background-color":"","background-image":"","background-repeat":"repeat","background-position":"center center","background-size":"auto","background-attachment":"scroll","background-type":"","background-media":"","overlay-type":"","overlay-color":"","overlay-opacity":"","overlay-gradient":""},"mobile":{"background-color":"","background-image":"","background-repeat":"repeat","background-position":"center center","background-size":"auto","background-attachment":"scroll","background-type":"","background-media":"","overlay-type":"","overlay-color":"","overlay-opacity":"","overlay-gradient":""}},"ast-content-background-meta":{"desktop":{"background-color":"var(--ast-global-color-5)","background-image":"","background-repeat":"repeat","background-position":"center center","background-size":"auto","background-attachment":"scroll","background-type":"","background-media":"","overlay-type":"","overlay-color":"","overlay-opacity":"","overlay-gradient":""},"tablet":{"background-color":"var(--ast-global-color-5)","background-image":"","background-repeat":"repeat","background-position":"center center","background-size":"auto","background-attachment":"scroll","background-type":"","background-media":"","overlay-type":"","overlay-color":"","overlay-opacity":"","overlay-gradient":""},"mobile":{"background-color":"var(--ast-global-color-5)","background-image":"","background-repeat":"repeat","background-position":"center center","background-size":"auto","background-attachment":"scroll","background-type":"","background-media":"","overlay-type":"","overlay-color":"","overlay-opacity":"","overlay-gradient":""}},"footnotes":""},"class_list":["post-13420","page","type-page","status-publish","hentry"],"acf":[],"_links":{"self":[{"href":"https:\/\/vainionliikenne.fi\/sv\/wp-json\/wp\/v2\/pages\/13420","targetHints":{"allow":["GET"]}}],"collection":[{"href":"https:\/\/vainionliikenne.fi\/sv\/wp-json\/wp\/v2\/pages"}],"about":[{"href":"https:\/\/vainionliikenne.fi\/sv\/wp-json\/wp\/v2\/types\/page"}],"author":[{"embeddable":true,"href":"https:\/\/vainionliikenne.fi\/sv\/wp-json\/wp\/v2\/users\/8"}],"replies":[{"embeddable":true,"href":"https:\/\/vainionliikenne.fi\/sv\/wp-json\/wp\/v2\/comments?post=13420"}],"version-history":[{"count":5,"href":"https:\/\/vainionliikenne.fi\/sv\/wp-json\/wp\/v2\/pages\/13420\/revisions"}],"predecessor-version":[{"id":13434,"href":"https:\/\/vainionliikenne.fi\/sv\/wp-json\/wp\/v2\/pages\/13420\/revisions\/13434"}],"up":[{"embeddable":true,"href":"https:\/\/vainionliikenne.fi\/sv\/wp-json\/wp\/v2\/pages\/13373"}],"wp:attachment":[{"href":"https:\/\/vainionliikenne.fi\/sv\/wp-json\/wp\/v2\/media?parent=13420"}],"curies":[{"name":"wp","href":"https:\/\/api.w.org\/{rel}","templated":true}]}}