{"id":13373,"date":"2026-02-27T12:14:31","date_gmt":"2026-02-27T10:14:31","guid":{"rendered":"https:\/\/vainionliikenne.fi\/?page_id=13373"},"modified":"2026-04-10T14:44:29","modified_gmt":"2026-04-10T11:44:29","slug":"notkreatur-stenar-17-18-7-2026","status":"publish","type":"page","link":"https:\/\/vainionliikenne.fi\/sv\/tapahtumakuljetukset\/karjurock-17-18-7-2026\/","title":{"rendered":"Karjurock 17.7. och 18.7.2026"},"content":{"rendered":"<p>Karjurock, k\u00e4nd som v\u00e4rldens tuffaste countryfestival, kommer att firas p\u00e5 Lokalahti i Uusikaupunki fr\u00e5n fredag till l\u00f6rdag 17-18 juli 2026!<\/p>\n<p>Karjurock kommer att f\u00e5 se ett varierat artistuppb\u00e5d i sommar. Fredagen den 17 juli g\u00e5r Apulanta, Kaija Koo, Eclipse(SWE), Eini, Black Devils, Tauski, Wolfram, Aste och Ullanlinna Elvis upp p\u00e5 scenen. L\u00f6rdagen den 18 juli upptr\u00e4der Popeda, Klamydia, Teflon Brothers, Petri Nyg\u00e5rd, Neon 2, Atomirotta, Kilpi, Frederik, Poju och Dog Hustlers.<\/p>\n<p>Biljetter till sommarevenemanget Karjurock 2026 till f\u00f6rs\u00e4ljning\u00a0<a href=\"https:\/\/www.ticketmaster.fi\/artist\/karjurock-lippuja\/893155?camefrom=lyhurl_karjurock&amp;utm_source=unitedfestivals_referral&amp;utm_medium=client&amp;utm_campaign=karjurock\" target=\"_blank\" rel=\"noopener\">Ticketmaster<\/a>.<\/p>\n<p>Som vanligt kommer Vainion Liikenne att ordna transport till festivalerna. Bussbiljetter kommer att finnas till f\u00f6rs\u00e4ljning senare under v\u00e5ren.<\/p>\n<p><a href=\"https:\/\/karjurock.fi\/\" target=\"_blank\" rel=\"noopener\"><img loading=\"lazy\" decoding=\"async\" src=\"https:\/\/vainionliikenne.fi\/wp-content\/uploads\/2026\/02\/Karjurock-logo.jpg\" alt=\"\" width=\"198\" height=\"96\" \/><\/a><\/p>\n\t\t\t<a href=\"https:\/\/karjurock.fi\/\" target=\"_blank\" rel=\"noopener\">\n\t\t\t\t\t\t\tL\u00e4s mer!\n\t\t\t\t\t<\/a>\n\t\t\t<a href=\"https:\/\/www.ticketmaster.fi\/artist\/karjurock-lippuja\/893155?camefrom=lyhurl_karjurock&#038;utm_source=unitedfestivals_referral&#038;utm_medium=client&#038;utm_campaign=karjurock\" target=\"_blank\" rel=\"noopener\">\n\t\t\t\t\t\t\tK\u00f6p en biljett till ett evenemang\n\t\t\t\t\t<\/a>\n<h2>\n\t\t\tK\u00f6pa bussbiljetter\t<\/h2>\n\t<p>K\u00f6p din biljett via l\u00e4nken nedan.<\/p>\n<p>&nbsp;<\/p>\n<p>Observera! Utresan inkluderar returresan, s\u00e5 det finns inget behov av att k\u00f6pa en returbiljett separat.<\/p>\n<p>&nbsp;<\/p>\n\t\t\t<a href=\"https:\/\/vainionliikenne.fi\/sv\/transport-av-evenemang\/notkreatur-stenar-17-18-7-2026\/karjurock_fredag\/?fl_builder&#038;fl_builder_ui\" target=\"_blank\" rel=\"noopener\">\n\t\t\t\t\t\t\tBussbiljett f\u00f6r fredag\n\t\t\t\t\t<\/a>\n\t\t\t<a href=\"https:\/\/vainionliikenne.fi\/sv\/transport-av-evenemang\/notkreatur-stenar-17-18-7-2026\/karjurock_lauday\/?fl_builder&#038;fl_builder_ui\" target=\"_blank\" rel=\"noopener\">\n\t\t\t\t\t\t\tBussbiljett f\u00f6r l\u00f6rdag\n\t\t\t\t\t<\/a>","protected":false},"excerpt":{"rendered":"<p>Maailman kovimpana maalaisfestarina tunnettu Karjurock juhlitaan Uudenkaupungin Lokalahdella perjantaista lauantaihin 17.-18.7.2026! Karjurockissa n\u00e4hd\u00e4\u00e4n tulevana kes\u00e4n\u00e4 monipuolinen artistikattaus. Perjantaina 17. hein\u00e4kuuta estradille nousevat\u00a0Apulanta,\u00a0Kaija Koo,\u00a0Eclipse(SWE),\u00a0Eini,\u00a0Black Devils,\u00a0Tauski,\u00a0Wolfram,\u00a0Aste\u00a0ja\u00a0Ullanlinnan Elvis. Lauantaina 18.7. vuoronsa saavat\u00a0Popeda,\u00a0Klamydia,\u00a0Teflon Brothers,\u00a0Petri Nyg\u00e5rd,\u00a0Neon 2,\u00a0Atomirotta,\u00a0Kilpi,\u00a0Frederik,\u00a0Poju\u00a0ja\u00a0Dog Hustlers. P\u00e4\u00e4syliput kes\u00e4n 2026 Karjurockiin myy\u00a0Ticketmaster. Vainion Liikenne j\u00e4rjest\u00e4\u00e4 tuttuun tapaan kuljetukset festareille. Bussiliput tulevat myyntiin my\u00f6hemmin kev\u00e4\u00e4ll\u00e4. Lue lis\u00e4\u00e4! Osta tapahtumalippu Osta [&hellip;]<\/p>\n","protected":false},"author":7,"featured_media":12899,"parent":12840,"menu_order":14,"comment_status":"closed","ping_status":"closed","template":"","meta":{"_acf_changed":false,"inline_featured_image":false,"site-sidebar-layout":"default","site-content-layout":"page-builder","ast-site-content-layout":"default","site-content-style":"default","site-sidebar-style":"default","ast-global-header-display":"","ast-banner-title-visibility":"","ast-main-header-display":"","ast-hfb-above-header-display":"","ast-hfb-below-header-display":"","ast-hfb-mobile-header-display":"","site-post-title":"disabled","ast-breadcrumbs-content":"","ast-featured-img":"disabled","footer-sml-layout":"","ast-disable-related-posts":"","theme-transparent-header-meta":"default","adv-header-id-meta":"","stick-header-meta":"default","header-above-stick-meta":"","header-main-stick-meta":"","header-below-stick-meta":"","astra-migrate-meta-layouts":"set","ast-page-background-enabled":"default","ast-page-background-meta":{"desktop":{"background-color":"var(--ast-global-color-4)","background-image":"","background-repeat":"repeat","background-position":"center center","background-size":"auto","background-attachment":"scroll","background-type":"","background-media":"","overlay-type":"","overlay-color":"","overlay-opacity":"","overlay-gradient":""},"tablet":{"background-color":"","background-image":"","background-repeat":"repeat","background-position":"center center","background-size":"auto","background-attachment":"scroll","background-type":"","background-media":"","overlay-type":"","overlay-color":"","overlay-opacity":"","overlay-gradient":""},"mobile":{"background-color":"","background-image":"","background-repeat":"repeat","background-position":"center center","background-size":"auto","background-attachment":"scroll","background-type":"","background-media":"","overlay-type":"","overlay-color":"","overlay-opacity":"","overlay-gradient":""}},"ast-content-background-meta":{"desktop":{"background-color":"var(--ast-global-color-5)","background-image":"","background-repeat":"repeat","background-position":"center center","background-size":"auto","background-attachment":"scroll","background-type":"","background-media":"","overlay-type":"","overlay-color":"","overlay-opacity":"","overlay-gradient":""},"tablet":{"background-color":"var(--ast-global-color-5)","background-image":"","background-repeat":"repeat","background-position":"center center","background-size":"auto","background-attachment":"scroll","background-type":"","background-media":"","overlay-type":"","overlay-color":"","overlay-opacity":"","overlay-gradient":""},"mobile":{"background-color":"var(--ast-global-color-5)","background-image":"","background-repeat":"repeat","background-position":"center center","background-size":"auto","background-attachment":"scroll","background-type":"","background-media":"","overlay-type":"","overlay-color":"","overlay-opacity":"","overlay-gradient":""}},"footnotes":""},"class_list":["post-13373","page","type-page","status-publish","has-post-thumbnail","hentry"],"acf":[],"_links":{"self":[{"href":"https:\/\/vainionliikenne.fi\/sv\/wp-json\/wp\/v2\/pages\/13373","targetHints":{"allow":["GET"]}}],"collection":[{"href":"https:\/\/vainionliikenne.fi\/sv\/wp-json\/wp\/v2\/pages"}],"about":[{"href":"https:\/\/vainionliikenne.fi\/sv\/wp-json\/wp\/v2\/types\/page"}],"author":[{"embeddable":true,"href":"https:\/\/vainionliikenne.fi\/sv\/wp-json\/wp\/v2\/users\/7"}],"replies":[{"embeddable":true,"href":"https:\/\/vainionliikenne.fi\/sv\/wp-json\/wp\/v2\/comments?post=13373"}],"version-history":[{"count":11,"href":"https:\/\/vainionliikenne.fi\/sv\/wp-json\/wp\/v2\/pages\/13373\/revisions"}],"predecessor-version":[{"id":13496,"href":"https:\/\/vainionliikenne.fi\/sv\/wp-json\/wp\/v2\/pages\/13373\/revisions\/13496"}],"up":[{"embeddable":true,"href":"https:\/\/vainionliikenne.fi\/sv\/wp-json\/wp\/v2\/pages\/12840"}],"wp:featuredmedia":[{"embeddable":true,"href":"https:\/\/vainionliikenne.fi\/sv\/wp-json\/wp\/v2\/media\/12899"}],"wp:attachment":[{"href":"https:\/\/vainionliikenne.fi\/sv\/wp-json\/wp\/v2\/media?parent=13373"}],"curies":[{"name":"wp","href":"https:\/\/api.w.org\/{rel}","templated":true}]}}