{"id":13345,"date":"2026-02-16T09:37:35","date_gmt":"2026-02-16T07:37:35","guid":{"rendered":"https:\/\/vainionliikenne.fi\/?page_id=13345"},"modified":"2026-02-17T08:38:59","modified_gmt":"2026-02-17T06:38:59","slug":"amerikansk-bilutstallning-4-4-2026","status":"publish","type":"page","link":"https:\/\/vainionliikenne.fi\/sv\/tapahtumakuljetukset\/american-car-show-4-4-2026\/","title":{"rendered":"Amerikansk bilutst\u00e4llning 4.4.2026"},"content":{"rendered":"Roliga p\u00e5skaktiviteter p\u00e5 Helsingfors M\u00e4sscentrum.<br \/>\nOriginal American Car Show bjuder p\u00e5 hundratals sp\u00e4nnande fordon och underh\u00e5llande sidoevenemang.\n<p>Huvudutst\u00e4llningen visar upp m\u00e5ngfalden av amerikanska bilar i all sin prakt.<\/p>\n<p>ACS26 \u00e4r ett evenemang och en utst\u00e4llning f\u00f6r hela familjen.<\/p>\n<p>Biljetter kan k\u00f6pas i f\u00f6rk\u00f6p i Tiketti och Messukeskus webbutiker. F\u00f6rhandsbiljetter \u00e4r billigare \u00e4n biljetter som k\u00f6ps vid d\u00f6rren. Det enklaste s\u00e4ttet att skaffa dem \u00e4r att bes\u00f6ka webbplatsen <a href=\"https:\/\/americancarshow.fi\/lipunmyynti\" target=\"_blank\" rel=\"noopener\">H\u00e4r<\/a>.<\/p>\n<p>Vainion Liikenne kommer att ordna busstransport till evenemanget.<\/p>\n<p>Reitti: klo 9.00 Turku &#8211; Salo &#8211; Suomusj\u00e4rvi &#8211; Helsinki. Paluul\u00e4ht\u00f6 klo 16.00.<\/p>\n<p>Bussbiljett fr\u00e5n \u00c5bo 34,90 \u20ac och fr\u00e5n Salo 26,90 \u20ac (tur och retur).  Barnbiljetter till reducerat pris.<\/p>\n<p><a href=\"https:\/\/americancarshow.fi\/\" target=\"_blank\" rel=\"noopener\"><img loading=\"lazy\" decoding=\"async\" src=\"https:\/\/vainionliikenne.fi\/wp-content\/uploads\/2026\/02\/American-Car-show-logo.jpg\" alt=\"\" width=\"336\" height=\"143\" \/><\/a><\/p>\n<h2>\n\t\t\tMer information om evenemanget\t<\/h2>\n\t\t\t<a href=\"https:\/\/americancarshow.fi\/\" target=\"_blank\" rel=\"noopener\">\n\t\t\t\t\t\t\tL\u00e4s mer!\n\t\t\t\t\t<\/a>\n\t\t\t<a href=\"https:\/\/americancarshow.fi\/lipunmyynti\" target=\"_blank\" rel=\"noopener\">\n\t\t\t\t\t\t\tK\u00f6p en biljett till evenemanget\n\t\t\t\t\t<\/a>\n<h2>\n\t\t\tK\u00f6p bussbiljetter\t<\/h2>\n\t<p>K\u00f6p din biljett via l\u00e4nken nedan. Du kan ocks\u00e5 v\u00e4lja en h\u00e5llplats l\u00e4ngs rutten som passar dig. I s\u00e5 fall v\u00e4ljer du den h\u00e5llplats d\u00e4r du g\u00e5r ombord p\u00e5 bussen.<\/p>\n<p>&nbsp;<\/p>\n<p>Observera! Utresan inkluderar returresan, s\u00e5 det finns inget behov av att k\u00f6pa en returbiljett separat.<\/p>\n<p>&nbsp;<\/p>\n<p>&nbsp;<\/p>\n<p>K\u00f6p din biljett h\u00e4r:<\/p>\n\t\t\t<a href=\"https:\/\/liput.matkahuolto.fi\/connectionlist?lang=fi&#038;departurePlaceId=p565&#038;arrivalPlaceId=s55747&#038;departureDate=2026-04-04#breadcrumb\" target=\"_blank\" rel=\"noopener\">\n\t\t\t\t\t\t\tBiljett fr\u00e5n \u00c5bo\n\t\t\t\t\t<\/a>\n\t\t\t<a href=\"https:\/\/liput.matkahuolto.fi\/connectionlist?lang=fi&#038;departurePlaceId=p1258&#038;arrivalPlaceId=s55747&#038;departureDate=2026-04-04#breadcrumb\" target=\"_blank\" rel=\"noopener\">\n\t\t\t\t\t\t\tBiljett fr\u00e5n Salosta\n\t\t\t\t\t<\/a>\n\t\t\t<a href=\"https:\/\/liput.matkahuolto.fi\/connectionlist?lang=fi&#038;departurePlaceId=p1685&#038;arrivalPlaceId=s55747&#038;departureDate=2026-04-04#breadcrumb\" target=\"_blank\" rel=\"noopener\">\n\t\t\t\t\t\t\tBiljett fr\u00e5n Suomusj\u00e4rvi\n\t\t\t\t\t<\/a>","protected":false},"excerpt":{"rendered":"<p>Hauskaa p\u00e4\u00e4si\u00e4istekemist\u00e4 Helsingin Messukeskuksessa. Original American Car Show:sta l\u00f6ytyy sadoittain el\u00e4myksellisi\u00e4 ajoneuvoja ja viihdytt\u00e4v\u00e4\u00e4 oheisohjelmaa. P\u00e4\u00e4n\u00e4yttelyss\u00e4 on esill\u00e4 amerikkalaisten autojen moninaisuus koko loistossaan. ACS26 on koko perheen tapahtuma ja n\u00e4yttely t\u00e4ynn\u00e4 koettavaa. Tapahtumaliput ovat saatavilla ennakkoon Tiketin ja Messukeskuksen verkkokaupoista. Ennakkoliput ovat edullisempia verrattuna ovelta ostettuihin lippuihin. Helpoiten saat ne verkkosivuilta t\u00e4st\u00e4. Vainion Liikenne j\u00e4rjest\u00e4\u00e4 [&hellip;]<\/p>\n","protected":false},"author":7,"featured_media":12899,"parent":12840,"menu_order":14,"comment_status":"closed","ping_status":"closed","template":"","meta":{"_acf_changed":false,"inline_featured_image":false,"site-sidebar-layout":"default","site-content-layout":"page-builder","ast-site-content-layout":"default","site-content-style":"default","site-sidebar-style":"default","ast-global-header-display":"","ast-banner-title-visibility":"","ast-main-header-display":"","ast-hfb-above-header-display":"","ast-hfb-below-header-display":"","ast-hfb-mobile-header-display":"","site-post-title":"disabled","ast-breadcrumbs-content":"","ast-featured-img":"disabled","footer-sml-layout":"","ast-disable-related-posts":"","theme-transparent-header-meta":"default","adv-header-id-meta":"","stick-header-meta":"default","header-above-stick-meta":"","header-main-stick-meta":"","header-below-stick-meta":"","astra-migrate-meta-layouts":"set","ast-page-background-enabled":"default","ast-page-background-meta":{"desktop":{"background-color":"var(--ast-global-color-4)","background-image":"","background-repeat":"repeat","background-position":"center center","background-size":"auto","background-attachment":"scroll","background-type":"","background-media":"","overlay-type":"","overlay-color":"","overlay-opacity":"","overlay-gradient":""},"tablet":{"background-color":"","background-image":"","background-repeat":"repeat","background-position":"center center","background-size":"auto","background-attachment":"scroll","background-type":"","background-media":"","overlay-type":"","overlay-color":"","overlay-opacity":"","overlay-gradient":""},"mobile":{"background-color":"","background-image":"","background-repeat":"repeat","background-position":"center center","background-size":"auto","background-attachment":"scroll","background-type":"","background-media":"","overlay-type":"","overlay-color":"","overlay-opacity":"","overlay-gradient":""}},"ast-content-background-meta":{"desktop":{"background-color":"var(--ast-global-color-5)","background-image":"","background-repeat":"repeat","background-position":"center center","background-size":"auto","background-attachment":"scroll","background-type":"","background-media":"","overlay-type":"","overlay-color":"","overlay-opacity":"","overlay-gradient":""},"tablet":{"background-color":"var(--ast-global-color-5)","background-image":"","background-repeat":"repeat","background-position":"center center","background-size":"auto","background-attachment":"scroll","background-type":"","background-media":"","overlay-type":"","overlay-color":"","overlay-opacity":"","overlay-gradient":""},"mobile":{"background-color":"var(--ast-global-color-5)","background-image":"","background-repeat":"repeat","background-position":"center center","background-size":"auto","background-attachment":"scroll","background-type":"","background-media":"","overlay-type":"","overlay-color":"","overlay-opacity":"","overlay-gradient":""}},"footnotes":""},"class_list":["post-13345","page","type-page","status-publish","has-post-thumbnail","hentry"],"acf":[],"_links":{"self":[{"href":"https:\/\/vainionliikenne.fi\/sv\/wp-json\/wp\/v2\/pages\/13345","targetHints":{"allow":["GET"]}}],"collection":[{"href":"https:\/\/vainionliikenne.fi\/sv\/wp-json\/wp\/v2\/pages"}],"about":[{"href":"https:\/\/vainionliikenne.fi\/sv\/wp-json\/wp\/v2\/types\/page"}],"author":[{"embeddable":true,"href":"https:\/\/vainionliikenne.fi\/sv\/wp-json\/wp\/v2\/users\/7"}],"replies":[{"embeddable":true,"href":"https:\/\/vainionliikenne.fi\/sv\/wp-json\/wp\/v2\/comments?post=13345"}],"version-history":[{"count":7,"href":"https:\/\/vainionliikenne.fi\/sv\/wp-json\/wp\/v2\/pages\/13345\/revisions"}],"predecessor-version":[{"id":13362,"href":"https:\/\/vainionliikenne.fi\/sv\/wp-json\/wp\/v2\/pages\/13345\/revisions\/13362"}],"up":[{"embeddable":true,"href":"https:\/\/vainionliikenne.fi\/sv\/wp-json\/wp\/v2\/pages\/12840"}],"wp:featuredmedia":[{"embeddable":true,"href":"https:\/\/vainionliikenne.fi\/sv\/wp-json\/wp\/v2\/media\/12899"}],"wp:attachment":[{"href":"https:\/\/vainionliikenne.fi\/sv\/wp-json\/wp\/v2\/media?parent=13345"}],"curies":[{"name":"wp","href":"https:\/\/api.w.org\/{rel}","templated":true}]}}