{"id":13319,"date":"2026-02-16T09:42:45","date_gmt":"2026-02-16T07:42:45","guid":{"rendered":"https:\/\/vainionliikenne.fi\/?page_id=13319"},"modified":"2026-02-16T09:44:06","modified_gmt":"2026-02-16T07:44:06","slug":"tampere-vintergard-fargmarknad-21-3-2026","status":"publish","type":"page","link":"https:\/\/vainionliikenne.fi\/sv\/tapahtumakuljetukset\/tampereen-tallipihan-maalismarkkinat-21-3-2026\/","title":{"rendered":"Tammerfors Tallipihan Painting Market och Ideapark 21.3.2026"},"content":{"rendered":"<p>En v\u00e5rmarknad p\u00e5 den st\u00e4mningsfulla innerg\u00e5rden till Tampere Tallipihti, fylld med bes\u00f6kande hantverkare. P\u00e5 innerg\u00e5rden finns bodar, stall och bodar som s\u00e4ljer h\u00e4rliga v\u00e5rprodukter och delikatesser. Naturligtvis kommer dagens aktiviteter ocks\u00e5 att omfatta ponnyn och de s\u00f6ta alpackorna p\u00e5 stallg\u00e5rden.<\/p>\n<p>Caf\u00e9et och dess delikatesser serveras ocks\u00e5 p\u00e5 uteserveringen.<\/p>\n<p>Intr\u00e4det till evenemanget \u00e4r gratis.<\/p>\n<p>Vainion Liikenne kommer att ordna busstransport till evenemanget.<\/p>\n<p>Returf\u00e4rjan avg\u00e5r fr\u00e5n Tammerfors kl. 14.00 och p\u00e5 v\u00e4gen tillbaka stannar vi ett par timmar vid Ideapark i Lemp\u00e4\u00e4l\u00e4, d\u00e4r det finns m\u00f6jlighet att \u00e4ta och handla. \u00c5terkomst till Salo ca kl. 18.30.<\/p>\n<p>Bussin reitti: klo 9.00 Salo &#8211; Somero &#8211; Forssa &#8211; Humppila &#8211; Urjala &#8211; Tampere. Bussikuljetuksen hinta Salosta on 34,90 \u20ac (meno-paluu). Lastenlippu 24,70 \u20ac.<\/p>\n<p><a href=\"https:\/\/tallipiha.fi\/maalismarkkinat\" target=\"_blank\" rel=\"noopener\"><strong>V\u00e4lkommen att ansluta dig till oss!<\/strong><\/a><\/p>\n<p><img loading=\"lazy\" decoding=\"async\" src=\"https:\/\/vainionliikenne.fi\/wp-content\/uploads\/2026\/01\/tallipiha_logo.jpg\" alt=\"\" width=\"107\" height=\"97\" \/>\u00a0 \u00a0 \u00a0<a href=\"https:\/\/tallipiha.fi\/\" target=\"_blank\" rel=\"noopener\">www.tallipiha.fi<\/a><\/p>\n<h2>\n\t\t\tMer information om evenemanget\t<\/h2>\n\t\t\t<a href=\"https:\/\/tallipiha.fi\/maalismarkkinat\" target=\"_blank\" rel=\"noopener\">\n\t\t\t\t\t\t\tL\u00e4s mer!\n\t\t\t\t\t<\/a>\n<h2>\n\t\t\tK\u00f6p biljetter\t<\/h2>\n\t<p>K\u00f6p din biljett via l\u00e4nken nedan. Du kan ocks\u00e5 v\u00e4lja en h\u00e5llplats l\u00e4ngs rutten som passar dig. I s\u00e5 fall v\u00e4ljer du den h\u00e5llplats d\u00e4r du g\u00e5r ombord p\u00e5 bussen.<\/p>\n<p>&nbsp;<\/p>\n<p>Observera! Utresan inkluderar returresan, s\u00e5 det finns inget behov av att k\u00f6pa en returbiljett separat.<\/p>\n<p>&nbsp;<\/p>\n<p>&nbsp;<\/p>\n<p>K\u00f6p din biljett h\u00e4r:<\/p>\n\t\t\t<a href=\"https:\/\/liput.matkahuolto.fi\/connectionlist?lang=fi&#038;departurePlaceId=p1258&#038;arrivalPlaceId=s56524&#038;departureDate=2026-03-21#breadcrumb\" target=\"_blank\" rel=\"noopener\">\n\t\t\t\t\t\t\tBussbiljett fr\u00e5n Salo\n\t\t\t\t\t<\/a>\n\t\t\t<a href=\"https:\/\/liput.matkahuolto.fi\/connectionlist?lang=fi&#038;departurePlaceId=s10705&#038;arrivalPlaceId=s56524&#038;departureDate=2026-03-21#breadcrumb\" target=\"_blank\" rel=\"noopener\">\n\t\t\t\t\t\t\tBussbiljett fr\u00e5n Somero\n\t\t\t\t\t<\/a>\n\t\t\t<a href=\"https:\/\/liput.matkahuolto.fi\/connectionlist?lang=fi&#038;departurePlaceId=p1317&#038;arrivalPlaceId=s56524&#038;departureDate=2026-03-21#breadcrumb\" target=\"_blank\" rel=\"noopener\">\n\t\t\t\t\t\t\tBussbiljett fr\u00e5n Forssa\n\t\t\t\t\t<\/a>","protected":false},"excerpt":{"rendered":"<p>Kev\u00e4iset markkinat Tampereen Tallipihan tunnelmallisella pihalla, joka t\u00e4yttyy vierailevista k\u00e4dentaitajista. Puodeissa, tallissa ja pihan myyntipisteiss\u00e4 myynniss\u00e4 ihania kev\u00e4isi\u00e4 tuotteita ja herkkuja. Mukana p\u00e4iv\u00e4n tohinoissa luonnollisesti my\u00f6s Tallipihan ponit ja suloiset alpakat. Kahvila palvelee herkkuineen my\u00f6s ulkoterassilla. Tapahtumaan on vapaa p\u00e4\u00e4sy. Vainion Liikenne j\u00e4rjest\u00e4\u00e4 bussikuljetuksen tapahtumaan. Paluukuljetus l\u00e4htee klo 14 Tampereelta ja paluumatkalla pys\u00e4hdyt\u00e4\u00e4n parin tunnin [&hellip;]<\/p>\n","protected":false},"author":7,"featured_media":12899,"parent":12840,"menu_order":14,"comment_status":"closed","ping_status":"closed","template":"","meta":{"_acf_changed":false,"inline_featured_image":false,"site-sidebar-layout":"default","site-content-layout":"page-builder","ast-site-content-layout":"default","site-content-style":"default","site-sidebar-style":"default","ast-global-header-display":"","ast-banner-title-visibility":"","ast-main-header-display":"","ast-hfb-above-header-display":"","ast-hfb-below-header-display":"","ast-hfb-mobile-header-display":"","site-post-title":"disabled","ast-breadcrumbs-content":"","ast-featured-img":"disabled","footer-sml-layout":"","ast-disable-related-posts":"","theme-transparent-header-meta":"default","adv-header-id-meta":"","stick-header-meta":"default","header-above-stick-meta":"","header-main-stick-meta":"","header-below-stick-meta":"","astra-migrate-meta-layouts":"set","ast-page-background-enabled":"default","ast-page-background-meta":{"desktop":{"background-color":"var(--ast-global-color-4)","background-image":"","background-repeat":"repeat","background-position":"center center","background-size":"auto","background-attachment":"scroll","background-type":"","background-media":"","overlay-type":"","overlay-color":"","overlay-opacity":"","overlay-gradient":""},"tablet":{"background-color":"","background-image":"","background-repeat":"repeat","background-position":"center center","background-size":"auto","background-attachment":"scroll","background-type":"","background-media":"","overlay-type":"","overlay-color":"","overlay-opacity":"","overlay-gradient":""},"mobile":{"background-color":"","background-image":"","background-repeat":"repeat","background-position":"center center","background-size":"auto","background-attachment":"scroll","background-type":"","background-media":"","overlay-type":"","overlay-color":"","overlay-opacity":"","overlay-gradient":""}},"ast-content-background-meta":{"desktop":{"background-color":"var(--ast-global-color-5)","background-image":"","background-repeat":"repeat","background-position":"center center","background-size":"auto","background-attachment":"scroll","background-type":"","background-media":"","overlay-type":"","overlay-color":"","overlay-opacity":"","overlay-gradient":""},"tablet":{"background-color":"var(--ast-global-color-5)","background-image":"","background-repeat":"repeat","background-position":"center center","background-size":"auto","background-attachment":"scroll","background-type":"","background-media":"","overlay-type":"","overlay-color":"","overlay-opacity":"","overlay-gradient":""},"mobile":{"background-color":"var(--ast-global-color-5)","background-image":"","background-repeat":"repeat","background-position":"center center","background-size":"auto","background-attachment":"scroll","background-type":"","background-media":"","overlay-type":"","overlay-color":"","overlay-opacity":"","overlay-gradient":""}},"footnotes":""},"class_list":["post-13319","page","type-page","status-publish","has-post-thumbnail","hentry"],"acf":[],"_links":{"self":[{"href":"https:\/\/vainionliikenne.fi\/sv\/wp-json\/wp\/v2\/pages\/13319","targetHints":{"allow":["GET"]}}],"collection":[{"href":"https:\/\/vainionliikenne.fi\/sv\/wp-json\/wp\/v2\/pages"}],"about":[{"href":"https:\/\/vainionliikenne.fi\/sv\/wp-json\/wp\/v2\/types\/page"}],"author":[{"embeddable":true,"href":"https:\/\/vainionliikenne.fi\/sv\/wp-json\/wp\/v2\/users\/7"}],"replies":[{"embeddable":true,"href":"https:\/\/vainionliikenne.fi\/sv\/wp-json\/wp\/v2\/comments?post=13319"}],"version-history":[{"count":13,"href":"https:\/\/vainionliikenne.fi\/sv\/wp-json\/wp\/v2\/pages\/13319\/revisions"}],"predecessor-version":[{"id":13357,"href":"https:\/\/vainionliikenne.fi\/sv\/wp-json\/wp\/v2\/pages\/13319\/revisions\/13357"}],"up":[{"embeddable":true,"href":"https:\/\/vainionliikenne.fi\/sv\/wp-json\/wp\/v2\/pages\/12840"}],"wp:featuredmedia":[{"embeddable":true,"href":"https:\/\/vainionliikenne.fi\/sv\/wp-json\/wp\/v2\/media\/12899"}],"wp:attachment":[{"href":"https:\/\/vainionliikenne.fi\/sv\/wp-json\/wp\/v2\/media?parent=13319"}],"curies":[{"name":"wp","href":"https:\/\/api.w.org\/{rel}","templated":true}]}}