{"id":13208,"date":"2025-11-14T13:15:50","date_gmt":"2025-11-14T11:15:50","guid":{"rendered":"https:\/\/vainionliikenne.fi\/?page_id=13208"},"modified":"2026-01-29T09:46:36","modified_gmt":"2026-01-29T07:46:36","slug":"hockeyresa-till-tammerfors-tappara-tps","status":"publish","type":"page","link":"https:\/\/vainionliikenne.fi\/sv\/tapahtumakuljetukset\/jaakiekkomatka-tampereelle-tappara-tps\/","title":{"rendered":"Ishockeyresa till Tammerfors l\u00f6r 24.1.2026, Tappara - TPS"},"content":{"rendered":"<p>Vi kommer att ordna busstransport till Tammerfors f\u00f6r matchen mellan Tappara och TPS.<\/p>\r\n<p>Resor med Vainios buss till Nokia Arena och tillbaka en halvtimme efter matchens slut. Busstransporten kan k\u00f6pas i Matkahuoltos biljettbutik och matchbiljetten kan k\u00f6pas separat i Tapparas biljettbutik.<\/p>\r\n<p>Bussin reitti: 13.15 Salo &#8211; Somero &#8211; Forssa &#8211; Humppila &#8211; Urjala &#8211; Tampere<\/p>\r\n<p>Matchen b\u00f6rjar i Tammerfors p\u00e5 Nokia Arena kl. 17.00.<\/p>\r\n<p>Bussbiljetten fr\u00e5n Salo kostar 32,90 \u20ac (tur och retur).<img loading=\"lazy\" decoding=\"async\" src=\"https:\/\/vainionliikenne.fi\/wp-content\/uploads\/2025\/11\/Tappara-TPS.jpg\" alt=\"\" width=\"1205\" height=\"647\" \/><\/p>\r\n<h2>Matchbiljetter<\/h2>\r\n<h2>K\u00f6p biljetter till valfri l\u00e4ktare i Tapparas biljettbutik:<\/h2>\r\n<p><a href=\"https:\/\/tappara.lippu.fi\/webshop\/webticket\/seatmap?eventId=784&amp;el=true\" target=\"_blank\" rel=\"noopener\"> La 24.1.2026 Tappara &#8211; TPS <\/a><\/p>\r\n<h2>Biljetter<\/h2>\r\n<h2>K\u00f6p din biljett fr\u00e5n l\u00e4nken nedan. V\u00e4lj ett stopp l\u00e4ngs rutten som passar dig.<br \/>Observera! Utresan inkluderar returresan, s\u00e5 det finns inget behov av att k\u00f6pa en returbiljett separat.<\/h2>\r\n<p><a href=\"https:\/\/liput.matkahuolto.fi\/connectionlist?lang=fi&amp;departurePlaceId=p1258&amp;arrivalPlaceId=p1004&amp;departureDate=2026-01-24&amp;company=J.%20Vainion%20Liikenne%20Oy#breadcrumb\" target=\"_blank\" rel=\"noopener\"> Bussilippu Tappara &#8211; TPS <\/a><\/p>","protected":false},"excerpt":{"rendered":"<p>J\u00e4rjest\u00e4mme bussikuljetuksen Tampereelle Tappara-TPS -otteluun. Matkat Vainion bussilla Nokia Arenalle ja puoli tuntia ottelun p\u00e4\u00e4ttymisen j\u00e4lkeen takaisin. Bussikuljetus on ostettavissa Matkahuollon lippukaupasta ja ottelulippu erikseen Tapparan lippukaupasta. Bussin reitti: 13.15 Salo &#8211; Somero &#8211; Forssa &#8211; Humppila &#8211; Urjala &#8211; Tampere Ottelu alkaa Tampereella Nokia Areenalla klo 17.00. Bussikuljetuksen hinta on Salosta 32,90 euroa (meno-paluu). [&hellip;]<\/p>\n","protected":false},"author":7,"featured_media":13008,"parent":12840,"menu_order":14,"comment_status":"closed","ping_status":"closed","template":"","meta":{"_acf_changed":false,"inline_featured_image":false,"site-sidebar-layout":"default","site-content-layout":"page-builder","ast-site-content-layout":"default","site-content-style":"default","site-sidebar-style":"default","ast-global-header-display":"","ast-banner-title-visibility":"","ast-main-header-display":"","ast-hfb-above-header-display":"","ast-hfb-below-header-display":"","ast-hfb-mobile-header-display":"","site-post-title":"disabled","ast-breadcrumbs-content":"","ast-featured-img":"disabled","footer-sml-layout":"","ast-disable-related-posts":"","theme-transparent-header-meta":"default","adv-header-id-meta":"","stick-header-meta":"default","header-above-stick-meta":"","header-main-stick-meta":"","header-below-stick-meta":"","astra-migrate-meta-layouts":"set","ast-page-background-enabled":"default","ast-page-background-meta":{"desktop":{"background-color":"var(--ast-global-color-4)","background-image":"","background-repeat":"repeat","background-position":"center center","background-size":"auto","background-attachment":"scroll","background-type":"","background-media":"","overlay-type":"","overlay-color":"","overlay-opacity":"","overlay-gradient":""},"tablet":{"background-color":"","background-image":"","background-repeat":"repeat","background-position":"center center","background-size":"auto","background-attachment":"scroll","background-type":"","background-media":"","overlay-type":"","overlay-color":"","overlay-opacity":"","overlay-gradient":""},"mobile":{"background-color":"","background-image":"","background-repeat":"repeat","background-position":"center center","background-size":"auto","background-attachment":"scroll","background-type":"","background-media":"","overlay-type":"","overlay-color":"","overlay-opacity":"","overlay-gradient":""}},"ast-content-background-meta":{"desktop":{"background-color":"var(--ast-global-color-5)","background-image":"","background-repeat":"repeat","background-position":"center center","background-size":"auto","background-attachment":"scroll","background-type":"","background-media":"","overlay-type":"","overlay-color":"","overlay-opacity":"","overlay-gradient":""},"tablet":{"background-color":"var(--ast-global-color-5)","background-image":"","background-repeat":"repeat","background-position":"center center","background-size":"auto","background-attachment":"scroll","background-type":"","background-media":"","overlay-type":"","overlay-color":"","overlay-opacity":"","overlay-gradient":""},"mobile":{"background-color":"var(--ast-global-color-5)","background-image":"","background-repeat":"repeat","background-position":"center center","background-size":"auto","background-attachment":"scroll","background-type":"","background-media":"","overlay-type":"","overlay-color":"","overlay-opacity":"","overlay-gradient":""}},"footnotes":""},"class_list":["post-13208","page","type-page","status-publish","has-post-thumbnail","hentry"],"acf":[],"_links":{"self":[{"href":"https:\/\/vainionliikenne.fi\/sv\/wp-json\/wp\/v2\/pages\/13208","targetHints":{"allow":["GET"]}}],"collection":[{"href":"https:\/\/vainionliikenne.fi\/sv\/wp-json\/wp\/v2\/pages"}],"about":[{"href":"https:\/\/vainionliikenne.fi\/sv\/wp-json\/wp\/v2\/types\/page"}],"author":[{"embeddable":true,"href":"https:\/\/vainionliikenne.fi\/sv\/wp-json\/wp\/v2\/users\/7"}],"replies":[{"embeddable":true,"href":"https:\/\/vainionliikenne.fi\/sv\/wp-json\/wp\/v2\/comments?post=13208"}],"version-history":[{"count":11,"href":"https:\/\/vainionliikenne.fi\/sv\/wp-json\/wp\/v2\/pages\/13208\/revisions"}],"predecessor-version":[{"id":13322,"href":"https:\/\/vainionliikenne.fi\/sv\/wp-json\/wp\/v2\/pages\/13208\/revisions\/13322"}],"up":[{"embeddable":true,"href":"https:\/\/vainionliikenne.fi\/sv\/wp-json\/wp\/v2\/pages\/12840"}],"wp:featuredmedia":[{"embeddable":true,"href":"https:\/\/vainionliikenne.fi\/sv\/wp-json\/wp\/v2\/media\/13008"}],"wp:attachment":[{"href":"https:\/\/vainionliikenne.fi\/sv\/wp-json\/wp\/v2\/media?parent=13208"}],"curies":[{"name":"wp","href":"https:\/\/api.w.org\/{rel}","templated":true}]}}