{"id":13166,"date":"2025-11-05T13:17:32","date_gmt":"2025-11-05T11:17:32","guid":{"rendered":"https:\/\/vainionliikenne.fi\/?page_id=13166"},"modified":"2025-11-19T14:42:02","modified_gmt":"2025-11-19T12:42:02","slug":"lp-meddelande-fortroende-i-nurioon","status":"publish","type":"page","link":"https:\/\/vainionliikenne.fi\/sv\/lp-viesti-luottaa-vainioon\/","title":{"rendered":"LP Viesti litar p\u00e5 Vainio"},"content":{"rendered":"<h1>LP Viesti luottaa Vainion kyyteihin<\/h1>\r\n<p><em>Menestyv\u00e4n joukkueen taustalla on aina joukko luotettavia yhteisty\u00f6kumppaneita. LP Viesti, yksi Suomen menestyneimmist\u00e4 naisten lentopalloseuroista, on luottanut Vainion Liikenteen tilausajoihin jo usean vuoden ajan. Pelimatkat eri puolille Suomea ovat iso osa joukkueen arkea &#8211; ja jokainen matka on alku onnistuneelle ottelulle.<\/em><\/p>\r\n<p><img loading=\"lazy\" decoding=\"async\" title=\"vainio-refe-lp-1-1\" src=\"https:\/\/vainionliikenne.fi\/wp-content\/uploads\/2025\/11\/vainio-refe-lp-1-1.jpg\" alt=\"vainio-refe-lp-1-1\" width=\"768\" height=\"960\" \/><\/p>\r\n<h3>Spelet b\u00f6rjar p\u00e5 bussen<\/h3>\r\n<p>Resan till planen \u00e4r en del av f\u00f6rberedelserna inf\u00f6r matchdagen. N\u00e4r transporten fungerar smidigt och tidtabellerna st\u00e4mmer kan laget fokusera p\u00e5 matchen. F\u00f6r LP Viesti \u00e4r det viktigt att resorna \u00e4r problemfria, s\u00e4kra och smidiga. Det st\u00f6der spelarnas f\u00f6rberedelser och bidrar till lagets \u00f6vergripande atmosf\u00e4r.<\/p>\r\n<p>Samarbetet med Vainio har varit okomplicerat fr\u00e5n b\u00f6rjan och uppfyllt just dessa behov. Under \u00e5rens lopp har samarbetet utvecklats till ett f\u00f6rtroendefullt f\u00f6rh\u00e5llande, vilket m\u00e4rks p\u00e5 varje resa. N\u00e4r spelresor g\u00f6rs p\u00e5 veckobasis \u00e4r \u00e4ven de sm\u00e5 detaljerna viktiga. Bekv\u00e4mligheten i bussen, en bekant f\u00f6rare och flexibiliteten att g\u00f6ra stopp g\u00f6r resan till en trevlig upplevelse.<\/p>\r\n<h3>Vainios moderna utrustning f\u00e5r ber\u00f6m<\/h3>\r\n<p>Vainios moderna utrustning uppfyller behoven \u00e4ven hos de mest kr\u00e4vande idrottslagen. Rymliga och rena bussar ger en lugn milj\u00f6 d\u00e4r spelarna kan vila, koncentrera sig p\u00e5 matchen eller umg\u00e5s. LP Viesti v\u00e4rdes\u00e4tter s\u00e4rskilt det faktum att bussarna \u00e4r s\u00e4kra, bekv\u00e4ma och rena. Vainios flotta \u00e4r alltid i gott skick, vilket ocks\u00e5 avspeglas i den positiva feedbacken fr\u00e5n spelarna.<\/p>\r\n<p>Chauff\u00f6rerna spelar ocks\u00e5 en viktig roll f\u00f6r att resan ska bli lyckad. Vainios chauff\u00f6rer \u00e4r k\u00e4nda f\u00f6r sin v\u00e4nliga attityd, punktlighet och gedigna kunskap om rutter och tidtabeller.<\/p>\r\n<p><img loading=\"lazy\" decoding=\"async\" title=\"vainio-refe-lp-3\" src=\"https:\/\/vainionliikenne.fi\/wp-content\/uploads\/2025\/11\/vainio-refe-lp-3.jpg\" alt=\"vainio-refe-lp-3\" width=\"768\" height=\"960\" \/><\/p>\r\n<h3>Joustava tilausajopalvelu urheilujoukkueille ja ryhmille &#8211; Vainio vie perille<\/h3>\r\n<p>Vainios chartertj\u00e4nster erbjuder en flexibel service: tidtabeller och rutter planeras alltid enligt kundens \u00f6nskem\u00e5l. Detta \u00e4r s\u00e4rskilt v\u00e4rdefullt f\u00f6r ett idrottslag, vars program kan \u00e4ndras snabbt. Laget beskriver samarbetet som mycket okomplicerat och kommunikationen som enkel. Vainio f\u00f6rst\u00e5r vikten av flexibilitet och reagerar snabbt om n\u00e5got f\u00f6r\u00e4ndras.<\/p>\r\n<p>Vuosien varrella LP Viesti on matkustanut Vainion kyydiss\u00e4 lukemattomia kilometrej\u00e4 &#8211; ja yhteinen matka jatkuu t\u00e4ll\u00e4kin kaudella. Voisitteko tekin hyp\u00e4t\u00e4 kyytiin? Vainion tilausajot palvelevat luotettavasti niin urheilujoukkueita, ty\u00f6porukoita, yhdistyksi\u00e4 kuin yst\u00e4v\u00e4porukoitakin.<\/p>\r\n<p><strong>L\u00e5t oss komma ig\u00e5ng! Kontakta oss och l\u00e5t oss planera tillsammans.<\/strong><\/p>\r\n<p><a href=\"https:\/\/vainionliikenne.fi\/sv\/charterresor\/formular-for-offertforfragan\/\" target=\"_self\"> Be om en offert f\u00f6r en charter! <\/a> <img loading=\"lazy\" decoding=\"async\" title=\"vainio-refe-lp-6\" src=\"https:\/\/vainionliikenne.fi\/wp-content\/uploads\/2025\/11\/vainio-refe-lp-6.jpg\" alt=\"vainio-refe-lp-6\" width=\"1066\" height=\"599\" \/><\/p>","protected":false},"excerpt":{"rendered":"<p>LP Viesti luottaa Vainion kyyteihin Menestyv\u00e4n joukkueen taustalla on aina joukko luotettavia yhteisty\u00f6kumppaneita. LP Viesti, yksi Suomen menestyneimmist\u00e4 naisten lentopalloseuroista, on luottanut Vainion Liikenteen tilausajoihin jo usean vuoden ajan. Pelimatkat eri puolille Suomea ovat iso osa joukkueen arkea &#8211; ja jokainen matka on alku onnistuneelle ottelulle. Peli alkaa jo bussissa Matka kent\u00e4lle on osa pelip\u00e4iv\u00e4n [&hellip;]<\/p>\n","protected":false},"author":5,"featured_media":13228,"parent":0,"menu_order":14,"comment_status":"closed","ping_status":"closed","template":"","meta":{"_acf_changed":false,"inline_featured_image":false,"site-sidebar-layout":"default","site-content-layout":"page-builder","ast-site-content-layout":"default","site-content-style":"default","site-sidebar-style":"default","ast-global-header-display":"","ast-banner-title-visibility":"","ast-main-header-display":"","ast-hfb-above-header-display":"","ast-hfb-below-header-display":"","ast-hfb-mobile-header-display":"","site-post-title":"disabled","ast-breadcrumbs-content":"","ast-featured-img":"disabled","footer-sml-layout":"","ast-disable-related-posts":"","theme-transparent-header-meta":"default","adv-header-id-meta":"","stick-header-meta":"default","header-above-stick-meta":"","header-main-stick-meta":"","header-below-stick-meta":"","astra-migrate-meta-layouts":"set","ast-page-background-enabled":"default","ast-page-background-meta":{"desktop":{"background-color":"var(--ast-global-color-4)","background-image":"","background-repeat":"repeat","background-position":"center center","background-size":"auto","background-attachment":"scroll","background-type":"","background-media":"","overlay-type":"","overlay-color":"","overlay-opacity":"","overlay-gradient":""},"tablet":{"background-color":"","background-image":"","background-repeat":"repeat","background-position":"center center","background-size":"auto","background-attachment":"scroll","background-type":"","background-media":"","overlay-type":"","overlay-color":"","overlay-opacity":"","overlay-gradient":""},"mobile":{"background-color":"","background-image":"","background-repeat":"repeat","background-position":"center center","background-size":"auto","background-attachment":"scroll","background-type":"","background-media":"","overlay-type":"","overlay-color":"","overlay-opacity":"","overlay-gradient":""}},"ast-content-background-meta":{"desktop":{"background-color":"var(--ast-global-color-5)","background-image":"","background-repeat":"repeat","background-position":"center center","background-size":"auto","background-attachment":"scroll","background-type":"","background-media":"","overlay-type":"","overlay-color":"","overlay-opacity":"","overlay-gradient":""},"tablet":{"background-color":"var(--ast-global-color-5)","background-image":"","background-repeat":"repeat","background-position":"center center","background-size":"auto","background-attachment":"scroll","background-type":"","background-media":"","overlay-type":"","overlay-color":"","overlay-opacity":"","overlay-gradient":""},"mobile":{"background-color":"var(--ast-global-color-5)","background-image":"","background-repeat":"repeat","background-position":"center center","background-size":"auto","background-attachment":"scroll","background-type":"","background-media":"","overlay-type":"","overlay-color":"","overlay-opacity":"","overlay-gradient":""}},"footnotes":""},"class_list":["post-13166","page","type-page","status-publish","has-post-thumbnail","hentry"],"acf":[],"_links":{"self":[{"href":"https:\/\/vainionliikenne.fi\/sv\/wp-json\/wp\/v2\/pages\/13166","targetHints":{"allow":["GET"]}}],"collection":[{"href":"https:\/\/vainionliikenne.fi\/sv\/wp-json\/wp\/v2\/pages"}],"about":[{"href":"https:\/\/vainionliikenne.fi\/sv\/wp-json\/wp\/v2\/types\/page"}],"author":[{"embeddable":true,"href":"https:\/\/vainionliikenne.fi\/sv\/wp-json\/wp\/v2\/users\/5"}],"replies":[{"embeddable":true,"href":"https:\/\/vainionliikenne.fi\/sv\/wp-json\/wp\/v2\/comments?post=13166"}],"version-history":[{"count":11,"href":"https:\/\/vainionliikenne.fi\/sv\/wp-json\/wp\/v2\/pages\/13166\/revisions"}],"predecessor-version":[{"id":13227,"href":"https:\/\/vainionliikenne.fi\/sv\/wp-json\/wp\/v2\/pages\/13166\/revisions\/13227"}],"wp:featuredmedia":[{"embeddable":true,"href":"https:\/\/vainionliikenne.fi\/sv\/wp-json\/wp\/v2\/media\/13228"}],"wp:attachment":[{"href":"https:\/\/vainionliikenne.fi\/sv\/wp-json\/wp\/v2\/media?parent=13166"}],"curies":[{"name":"wp","href":"https:\/\/api.w.org\/{rel}","templated":true}]}}