{"id":13146,"date":"2025-11-05T11:05:29","date_gmt":"2025-11-05T09:05:29","guid":{"rendered":"https:\/\/vainionliikenne.fi\/?page_id=13146"},"modified":"2026-04-14T12:41:35","modified_gmt":"2026-04-14T09:41:35","slug":"eppu-normaalis-konserter","status":"publish","type":"page","link":"https:\/\/vainionliikenne.fi\/sv\/tapahtumakuljetukset\/eppu-normaalin-konsertit\/","title":{"rendered":"Eppu Normaalis avskedskonserter sommaren 2026"},"content":{"rendered":"<p>Resor med Vainio-buss till Bolt Arena i Helsingfors och Ratina Stadium i Tammerfors och tillbaka en halvtimme efter konserten. Busstransport kan k\u00f6pas i Matkahuoltos biljettbutik. Returbiljetten inkluderar ocks\u00e5 returtransporten.<\/p>\n<p>Kuljetus j\u00e4rjestetet\u00e4\u00e4n Turusta ja Salosta kaikkiin &#8221;Kaikki h\u00e4ipyy, on vain nyt&#8221; -kiertueen konsertteihin.<\/p>\n<p>Pris f\u00f6r exempel fr\u00e5n \u00c5bo 34,90 \u20ac.<\/p>\n<p><img loading=\"lazy\" decoding=\"async\" src=\"https:\/\/vainionliikenne.fi\/wp-content\/uploads\/2025\/11\/Eppu-logo.png\" width=\"143\" height=\"93\" \/><\/p>\n<h2>\n\t\t\tResebiljetter fr\u00e5n Matkahuolto\t<\/h2>\n\t<p>Se MH:s webbshop f\u00f6r mer detaljerad information om h\u00e5llplatser och priser och v\u00e4lj l\u00e4mplig avg\u00e5ngsh\u00e5llplats.<\/p>\n\t\t\t<a href=\"https:\/\/liput.matkahuolto.fi\/connectionlist?lang=fi&#038;departurePlaceId=p565&#038;arrivalPlaceId=p1001&#038;departureDate=2026-06-05&#038;to=Bolt%20Arena%20(Eppu%20Normaali)#breadcrumb\" target=\"_blank\" rel=\"noopener\">\n\t\t\t\t\t\t\tFr 5.6.2026 Helsingfors, Bolt Arena (M\u00e4ntym\u00e4enkentt\u00e4)\n\t\t\t\t\t<\/a>\n\t\t\t<a href=\"https:\/\/liput.matkahuolto.fi\/connectionlist?lang=fi&#038;departurePlaceId=p565&#038;arrivalPlaceId=p1001&#038;departureDate=2026-06-06&#038;to=Bolt%20Arena%20(Eppu%20Normaali)#breadcrumb\" target=\"_blank\" rel=\"noopener\">\n\t\t\t\t\t\t\tl\u00f6r 6.6.2026 Helsingfors, Bolt Arena (M\u00e4ntym\u00e4enkentt\u00e4)\n\t\t\t\t\t<\/a>\n\t\t\t<a href=\"https:\/\/liput.matkahuolto.fi\/connectionlist?lang=fi&#038;departurePlaceId=p1258&#038;arrivalPlaceId=s56531&#038;departureDate=2026-08-06&#038;connectionId=eyJxdWVyeVZPIjp7InBsYWNlTmFtZUlkcyI6WzEyNTgsbnVsbCxudWxsLG51bGxdLCJzdG9wQXJlYUlkcyI6W251bGwsNTY1MzEsbnVsbCxudWxsXSwic3RvcElkcyI6W251bGwsbnVsbCxudWxsLG51bGxdLCJzdG9wQXJlYU5hbWVzIjpbIlNhbG8iLCJUYW1wZXJlIFJhdGluYSIsbnVsbCxudWxsXSwicGxhY2VOYW1lcyI6W251bGwsbnVsbCxudWxsLG51bGxdLCJkZXBhcnR1cmVEYXRlIjoiMjAyNi0wOC0wNiIsImNoYW5nZXMiOjIsInVwZGF0ZVN0YXRpc3RpY3MiOnRydWUsInJldHVyblJlc2VydmF0aW9uQWxsb3dlZCI6dHJ1ZSwicmV0dXJuRGVwYXJ0dXJlUmVzZXJ2YXRpb25NYXBJZCI6dHJ1ZSwicmV0dXJuUHJpY2VzQWxsb3dlZCI6dHJ1ZSwicmV0dXJuU2FsZXNBbGxvd2VkIjp0cnVlLCJyZXR1cm5SZXNlcnZhdGlvbk1hcFNlbnQiOnRydWUsInJldHVybkJhcmdhaW5QcmljZSI6dHJ1ZSwib25seUJhcmdhaW5UaWNrZXRzIjpmYWxzZSwiZGVwYXJ0dXJlSWRzIjpbbnVsbCxudWxsLG51bGwsbnVsbF0sInJldHVyblNhbGVzT25UaGVNb3ZlQWxsb3dlZCI6dHJ1ZSwicXVlcnlTdHJpbmciOiJhcnJpdmFsU3RvcEFyZWFJZD1zNTY1MzEmYXJyaXZhbFN0b3BBcmVhTmFtZT1UYW1wZXJlIFJhdGluYSZkZXBhcnR1cmVEYXRlPTIwMjYtMDgtMDYmZGVwYXJ0dXJlU3RvcEFyZWFJZD1wMTI1OCZkZXBhcnR1cmVTdG9wQXJlYU5hbWU9U2FsbyZpbmxpbmVTaW1pbGFyQ29ubmVjdGlvbnM9dHJ1ZSIsInJldHVyblRyaXAiOmZhbHNlLCJyZXR1cm5TYWxlc0F0VGhlU3RhdGlvbkFsbG93ZWQiOmZhbHNlLCJyZXR1cm5QcmljZURldGFpbHMiOmZhbHNlLCJkaWdpU3RvcElkcyI6W251bGwsbnVsbCxudWxsLG51bGxdLCJxdW90YVJlc2VydmF0aW9uIjpmYWxzZSwiY29tcGFueUNvZGUiOiIiLCJyZXR1cm5SZXNlcnZhYmxlU2VydmljZXMiOnRydWUsImlubGluZVNpbWlsYXJDb25uZWN0aW9ucyI6dHJ1ZSwibWFwRGlzY291bnRUeXBlVG9QYXNzZW5nZXJDb3VudCI6e30sImNvbm5lY3Rpb25EZXRhaWxzUXVlcnkiOmZhbHNlLCJjb25uZWN0aW9uQXZhaWxhYmlsaXR5UXVlcnkiOmZhbHNlLCJ0cmFuc2ZlckNvbm5lY3Rpb25RdWVyeSI6ZmFsc2UsInBhZ2VJbmRleCI6MCwicGFnZVNpemUiOjAsInNvcnRPcmRlciI6dHJ1ZSwicXVpY2siOmZhbHNlfSwiZGVwYXJ0dXJlSWRzIjpbMjQyMTM5LG51bGwsbnVsbCxudWxsXSwiZGVwYXJ0dXJlU3RvcEFyZWFJZCI6MTAyMjQsImFycml2YWxTdG9wQXJlYUlkIjo1NjUzMX0&#038;company=J.%20Vainion%20Liikenne%20Oy#breadcrumb\" target=\"_blank\" rel=\"noopener\">\n\t\t\t\t\t\t\ttors 6.8.2026 Tammerfors, Ratina Stadium (busstation)\n\t\t\t\t\t<\/a>\n\t\t\t<a href=\"https:\/\/liput.matkahuolto.fi\/connectionlist?lang=fi&#038;departurePlaceId=p1258&#038;arrivalPlaceId=s56531&#038;departureDate=2026-08-07&#038;company=J.%20Vainion%20Liikenne%20Oy#breadcrumb\" target=\"_blank\" rel=\"noopener\">\n\t\t\t\t\t\t\tFr 7.8.2026 Tammerfors, Ratina Stadium (busstation)\n\t\t\t\t\t<\/a>\n\t\t\t<a href=\"https:\/\/liput.matkahuolto.fi\/connectionlist?lang=fi&#038;departurePlaceId=p1258&#038;arrivalPlaceId=s56531&#038;departureDate=2026-08-08&#038;company=J.%20Vainion%20Liikenne%20Oy#breadcrumb\" target=\"_blank\" rel=\"noopener\">\n\t\t\t\t\t\t\tl\u00f6r 8.8.2026 Tammerfors, Ratina Stadium (busstation)\n\t\t\t\t\t<\/a>","protected":false},"excerpt":{"rendered":"<p>Matkat Vainion bussilla Helsinkiin Bolt Arenalle sek\u00e4 Tampereelle Ratinan stadionille ja puoli tuntia konsertin p\u00e4\u00e4ttymisen j\u00e4lkeen takaisin. Bussikuljetus on ostettavissa Matkahuollon lippukaupasta. Menolippu sis\u00e4lt\u00e4\u00e4 my\u00f6s paluukuljetuksen. Kuljetus j\u00e4rjestetet\u00e4\u00e4n Turusta ja Salosta kaikkiin &#8221;Kaikki h\u00e4ipyy, on vain nyt&#8221; -kiertueen konsertteihin. Hinta esim. Turusta 34,90 \u20ac Matkaliput Matkahuollosta Katso tarkemmat pys\u00e4kki- ja hintatiedot MH:n verkkokaupasta ja valitse [&hellip;]<\/p>\n","protected":false},"author":7,"featured_media":13008,"parent":12840,"menu_order":14,"comment_status":"closed","ping_status":"closed","template":"","meta":{"_acf_changed":false,"inline_featured_image":false,"site-sidebar-layout":"default","site-content-layout":"page-builder","ast-site-content-layout":"default","site-content-style":"default","site-sidebar-style":"default","ast-global-header-display":"","ast-banner-title-visibility":"","ast-main-header-display":"","ast-hfb-above-header-display":"","ast-hfb-below-header-display":"","ast-hfb-mobile-header-display":"","site-post-title":"disabled","ast-breadcrumbs-content":"","ast-featured-img":"disabled","footer-sml-layout":"","ast-disable-related-posts":"","theme-transparent-header-meta":"default","adv-header-id-meta":"","stick-header-meta":"default","header-above-stick-meta":"","header-main-stick-meta":"","header-below-stick-meta":"","astra-migrate-meta-layouts":"set","ast-page-background-enabled":"default","ast-page-background-meta":{"desktop":{"background-color":"var(--ast-global-color-4)","background-image":"","background-repeat":"repeat","background-position":"center center","background-size":"auto","background-attachment":"scroll","background-type":"","background-media":"","overlay-type":"","overlay-color":"","overlay-opacity":"","overlay-gradient":""},"tablet":{"background-color":"","background-image":"","background-repeat":"repeat","background-position":"center center","background-size":"auto","background-attachment":"scroll","background-type":"","background-media":"","overlay-type":"","overlay-color":"","overlay-opacity":"","overlay-gradient":""},"mobile":{"background-color":"","background-image":"","background-repeat":"repeat","background-position":"center center","background-size":"auto","background-attachment":"scroll","background-type":"","background-media":"","overlay-type":"","overlay-color":"","overlay-opacity":"","overlay-gradient":""}},"ast-content-background-meta":{"desktop":{"background-color":"var(--ast-global-color-5)","background-image":"","background-repeat":"repeat","background-position":"center center","background-size":"auto","background-attachment":"scroll","background-type":"","background-media":"","overlay-type":"","overlay-color":"","overlay-opacity":"","overlay-gradient":""},"tablet":{"background-color":"var(--ast-global-color-5)","background-image":"","background-repeat":"repeat","background-position":"center center","background-size":"auto","background-attachment":"scroll","background-type":"","background-media":"","overlay-type":"","overlay-color":"","overlay-opacity":"","overlay-gradient":""},"mobile":{"background-color":"var(--ast-global-color-5)","background-image":"","background-repeat":"repeat","background-position":"center center","background-size":"auto","background-attachment":"scroll","background-type":"","background-media":"","overlay-type":"","overlay-color":"","overlay-opacity":"","overlay-gradient":""}},"footnotes":""},"class_list":["post-13146","page","type-page","status-publish","has-post-thumbnail","hentry"],"acf":[],"_links":{"self":[{"href":"https:\/\/vainionliikenne.fi\/sv\/wp-json\/wp\/v2\/pages\/13146","targetHints":{"allow":["GET"]}}],"collection":[{"href":"https:\/\/vainionliikenne.fi\/sv\/wp-json\/wp\/v2\/pages"}],"about":[{"href":"https:\/\/vainionliikenne.fi\/sv\/wp-json\/wp\/v2\/types\/page"}],"author":[{"embeddable":true,"href":"https:\/\/vainionliikenne.fi\/sv\/wp-json\/wp\/v2\/users\/7"}],"replies":[{"embeddable":true,"href":"https:\/\/vainionliikenne.fi\/sv\/wp-json\/wp\/v2\/comments?post=13146"}],"version-history":[{"count":11,"href":"https:\/\/vainionliikenne.fi\/sv\/wp-json\/wp\/v2\/pages\/13146\/revisions"}],"predecessor-version":[{"id":13515,"href":"https:\/\/vainionliikenne.fi\/sv\/wp-json\/wp\/v2\/pages\/13146\/revisions\/13515"}],"up":[{"embeddable":true,"href":"https:\/\/vainionliikenne.fi\/sv\/wp-json\/wp\/v2\/pages\/12840"}],"wp:featuredmedia":[{"embeddable":true,"href":"https:\/\/vainionliikenne.fi\/sv\/wp-json\/wp\/v2\/media\/13008"}],"wp:attachment":[{"href":"https:\/\/vainionliikenne.fi\/sv\/wp-json\/wp\/v2\/media?parent=13146"}],"curies":[{"name":"wp","href":"https:\/\/api.w.org\/{rel}","templated":true}]}}