{"id":13092,"date":"2025-09-29T13:50:43","date_gmt":"2025-09-29T10:50:43","guid":{"rendered":"https:\/\/vainionliikenne.fi\/?page_id=13092"},"modified":"2025-09-30T08:20:17","modified_gmt":"2025-09-30T05:20:17","slug":"batmassa-7-2-2026","status":"publish","type":"page","link":"https:\/\/vainionliikenne.fi\/sv\/tapahtumakuljetukset\/venemessut-7-2-2026\/","title":{"rendered":"B\u00e5tm\u00e4ssa 7.2.2026"},"content":{"rendered":"<h2>B\u00e5tar, b\u00e5tliv och vattenliv p\u00e5 b\u00e5tm\u00e4ssan!<\/h2>\n<p><strong><mark>Norra Europas st\u00f6rsta b\u00e5tevenemang erbjuder det b\u00e4sta.<\/mark><\/strong><\/p>\n<p>Helsinki International Boat Show \u00e4r en traditionell m\u00f6tesplats f\u00f6r b\u00e5tentusiaster d\u00e4r de kan utbyta erfarenheter, ha roligt, j\u00e4mf\u00f6ra och handla. Oavsett om du \u00e4r b\u00e5t\u00e4gare, seglare, fiskare, grodman, stug\u00e4gare eller nyb\u00f6rjare inom b\u00e5tliv och fiske \u00e4r du v\u00e4lkommen att forts\u00e4tta traditionen med oss.<\/p>\n<p>Kom och upplev sommartecknen och inled den nya s\u00e4songen i en fantastisk atmosf\u00e4r. Utst\u00e4llarna p\u00e5 Boat Show har en rad favoriter, nya produkter och specialiteter som passar alla behov. Varje \u00e5r visas hundratals b\u00e5tar i alla storlekar och prisklasser, utrustning, tillbeh\u00f6r och allt du n\u00e5gonsin har velat veta om b\u00e5tliv, fiske, dykning och andra vattensporter. Evenemangsprogrammet kommer att inneh\u00e5lla ber\u00e4ttelser, demonstrationer och tips samt topptalare inom olika programomr\u00e5den.<\/p>\n<p>Vainion Liikenne kommer att ordna busstransport till evenemanget.<\/p>\n<p>Reitti: klo 10.00 Salo &#8211; Suomusj\u00e4rvi &#8211; Helsinki. Paluul\u00e4ht\u00f6 klo 16.00. Bussikuljetuksen hinta Salosta on 28,90 \u20ac (meno-paluu).<\/p>\n<p><strong><a href=\"https:\/\/vene.messukeskus.com\/\" target=\"_blank\" rel=\"noopener\">V\u00e4lkommen till b\u00e5tm\u00e4ssan!<\/a><\/strong><\/p>\n<p><img loading=\"lazy\" decoding=\"async\" src=\"https:\/\/vainionliikenne.fi\/wp-content\/uploads\/2025\/09\/Venemessut-logo.jpg\" alt=\"\" width=\"176\" height=\"48\" \/><\/p>\n<h2>\n\t\t\tMer information om evenemanget\t<\/h2>\n\t\t\t<a href=\"https:\/\/vene.messukeskus.com\/\" target=\"_blank\" rel=\"noopener\">\n\t\t\t\t\t\t\tL\u00e4s mer!\n\t\t\t\t\t<\/a>\n<h2>\n\t\t\tK\u00f6p biljetter\t<\/h2>\n\t<p>K\u00f6p din biljett fr\u00e5n l\u00e4nken nedan. V\u00e4lj ett stopp l\u00e4ngs rutten som passar dig.<\/p>\n<p>&nbsp;<\/p>\n<p>Observera! Utresan inkluderar returresan, s\u00e5 det finns inget behov av att k\u00f6pa en returbiljett separat.<\/p>\n<p>&nbsp;<\/p>\n<p>&nbsp;<\/p>\n<p>K\u00f6p din biljett h\u00e4r:<\/p>\n\t\t\t<a href=\"https:\/\/liput.matkahuolto.fi\/connectionlist?lang=fi&#038;departurePlaceId=p1258&#038;arrivalPlaceId=s55747&#038;departureDate=2026-02-07#breadcrumb\" target=\"_blank\" rel=\"noopener\">\n\t\t\t\t\t\t\tSalo &#8211; Suomusj\u00e4rvi &#8211; Messukeskus, Helsinki\n\t\t\t\t\t<\/a>","protected":false},"excerpt":{"rendered":"<p>Veneit\u00e4, veneily\u00e4 ja vesiel\u00e4m\u00e4\u00e4 venemessuilla! Pohjois-Euroopan suurin veneilytapahtuma tarjoaa parastaan. Helsingin kansainv\u00e4liset venemessut on venekansan oma perinteik\u00e4s kohtaamispaikka, jossa vaihtaa kokemuksia, viihty\u00e4, vertailla ja tehd\u00e4 ostoksia.\u00a0Tervetuloa jatkamaan perinnett\u00e4 kanssamme, olit sitten veneilij\u00e4, purjehtija, kalastaja, suppailija, m\u00f6kkeilij\u00e4 tai vasta veneily\u00e4 ja kalastusta aloitteleva. Tule mukaan kokemaan kes\u00e4n merkit ja avaamaan uusi kausi upean tunnelman saattelemana. Venemessujen [&hellip;]<\/p>\n","protected":false},"author":7,"featured_media":12899,"parent":12840,"menu_order":14,"comment_status":"closed","ping_status":"closed","template":"","meta":{"_acf_changed":false,"inline_featured_image":false,"site-sidebar-layout":"default","site-content-layout":"page-builder","ast-site-content-layout":"default","site-content-style":"default","site-sidebar-style":"default","ast-global-header-display":"","ast-banner-title-visibility":"","ast-main-header-display":"","ast-hfb-above-header-display":"","ast-hfb-below-header-display":"","ast-hfb-mobile-header-display":"","site-post-title":"disabled","ast-breadcrumbs-content":"","ast-featured-img":"disabled","footer-sml-layout":"","ast-disable-related-posts":"","theme-transparent-header-meta":"default","adv-header-id-meta":"","stick-header-meta":"default","header-above-stick-meta":"","header-main-stick-meta":"","header-below-stick-meta":"","astra-migrate-meta-layouts":"set","ast-page-background-enabled":"default","ast-page-background-meta":{"desktop":{"background-color":"var(--ast-global-color-4)","background-image":"","background-repeat":"repeat","background-position":"center center","background-size":"auto","background-attachment":"scroll","background-type":"","background-media":"","overlay-type":"","overlay-color":"","overlay-opacity":"","overlay-gradient":""},"tablet":{"background-color":"","background-image":"","background-repeat":"repeat","background-position":"center center","background-size":"auto","background-attachment":"scroll","background-type":"","background-media":"","overlay-type":"","overlay-color":"","overlay-opacity":"","overlay-gradient":""},"mobile":{"background-color":"","background-image":"","background-repeat":"repeat","background-position":"center center","background-size":"auto","background-attachment":"scroll","background-type":"","background-media":"","overlay-type":"","overlay-color":"","overlay-opacity":"","overlay-gradient":""}},"ast-content-background-meta":{"desktop":{"background-color":"var(--ast-global-color-5)","background-image":"","background-repeat":"repeat","background-position":"center center","background-size":"auto","background-attachment":"scroll","background-type":"","background-media":"","overlay-type":"","overlay-color":"","overlay-opacity":"","overlay-gradient":""},"tablet":{"background-color":"var(--ast-global-color-5)","background-image":"","background-repeat":"repeat","background-position":"center center","background-size":"auto","background-attachment":"scroll","background-type":"","background-media":"","overlay-type":"","overlay-color":"","overlay-opacity":"","overlay-gradient":""},"mobile":{"background-color":"var(--ast-global-color-5)","background-image":"","background-repeat":"repeat","background-position":"center center","background-size":"auto","background-attachment":"scroll","background-type":"","background-media":"","overlay-type":"","overlay-color":"","overlay-opacity":"","overlay-gradient":""}},"footnotes":""},"class_list":["post-13092","page","type-page","status-publish","has-post-thumbnail","hentry"],"acf":[],"_links":{"self":[{"href":"https:\/\/vainionliikenne.fi\/sv\/wp-json\/wp\/v2\/pages\/13092","targetHints":{"allow":["GET"]}}],"collection":[{"href":"https:\/\/vainionliikenne.fi\/sv\/wp-json\/wp\/v2\/pages"}],"about":[{"href":"https:\/\/vainionliikenne.fi\/sv\/wp-json\/wp\/v2\/types\/page"}],"author":[{"embeddable":true,"href":"https:\/\/vainionliikenne.fi\/sv\/wp-json\/wp\/v2\/users\/7"}],"replies":[{"embeddable":true,"href":"https:\/\/vainionliikenne.fi\/sv\/wp-json\/wp\/v2\/comments?post=13092"}],"version-history":[{"count":7,"href":"https:\/\/vainionliikenne.fi\/sv\/wp-json\/wp\/v2\/pages\/13092\/revisions"}],"predecessor-version":[{"id":13117,"href":"https:\/\/vainionliikenne.fi\/sv\/wp-json\/wp\/v2\/pages\/13092\/revisions\/13117"}],"up":[{"embeddable":true,"href":"https:\/\/vainionliikenne.fi\/sv\/wp-json\/wp\/v2\/pages\/12840"}],"wp:featuredmedia":[{"embeddable":true,"href":"https:\/\/vainionliikenne.fi\/sv\/wp-json\/wp\/v2\/media\/12899"}],"wp:attachment":[{"href":"https:\/\/vainionliikenne.fi\/sv\/wp-json\/wp\/v2\/media?parent=13092"}],"curies":[{"name":"wp","href":"https:\/\/api.w.org\/{rel}","templated":true}]}}