{"id":13086,"date":"2025-09-29T13:48:45","date_gmt":"2025-09-29T10:48:45","guid":{"rendered":"https:\/\/vainionliikenne.fi\/?page_id=13086"},"modified":"2025-09-30T08:19:30","modified_gmt":"2025-09-30T05:19:30","slug":"mp-rattvis-31-1-2026","status":"publish","type":"page","link":"https:\/\/vainionliikenne.fi\/sv\/tapahtumakuljetukset\/mp-messut-31-1-2026\/","title":{"rendered":"MP Fair 31.1.2026"},"content":{"rendered":"<h2>Den st\u00f6rsta motorcykelm\u00e4ssan i Norden.<\/h2>\n<p>P\u00e5 MP hittar du motorcyklar, mopeder, skotrar, utrustning och tillbeh\u00f6r samt bikerservice.<\/p>\n<p>Vainion Liikenne kommer att ordna busstransport till evenemanget.<\/p>\n<p>Reitti: klo 10.00 Salo &#8211; Suomusj\u00e4rvi &#8211; Helsinki. Paluul\u00e4ht\u00f6 klo 16.00. Bussikuljetuksen hinta Salosta on 28,90 \u20ac (meno-paluu).<\/p>\n<p><strong><a href=\"https:\/\/mp.messukeskus.com\/\" target=\"_blank\" rel=\"noopener\">V\u00e4lkommen till MP-m\u00e4ssan!<\/a><\/strong><\/p>\n<p><img loading=\"lazy\" decoding=\"async\" src=\"https:\/\/vainionliikenne.fi\/wp-content\/uploads\/2025\/09\/MP-logo.jpg\" alt=\"\" width=\"154\" height=\"137\" \/><\/p>\n<p>&nbsp;<\/p>\n<h2>\n\t\t\tMer information om evenemanget\t<\/h2>\n\t\t\t<a href=\"https:\/\/mp.messukeskus.com\/\" target=\"_blank\" rel=\"noopener\">\n\t\t\t\t\t\t\tL\u00e4s mer!\n\t\t\t\t\t<\/a>\n<h2>\n\t\t\tK\u00f6p biljetter\t<\/h2>\n\t<p>K\u00f6p din biljett fr\u00e5n l\u00e4nken nedan. V\u00e4lj ett stopp l\u00e4ngs rutten som passar dig.<\/p>\n<p>&nbsp;<\/p>\n<p>Observera! Utresan inkluderar returresan, s\u00e5 det finns inget behov av att k\u00f6pa en returbiljett separat.<\/p>\n<p>&nbsp;<\/p>\n<p>&nbsp;<\/p>\n<p>K\u00f6p din biljett h\u00e4r:<\/p>\n\t\t\t<a href=\"https:\/\/liput.matkahuolto.fi\/connectionlist?lang=fi&#038;departurePlaceId=p1258&#038;arrivalPlaceId=s55747&#038;departureDate=2026-01-31#breadcrumb\" target=\"_blank\" rel=\"noopener\">\n\t\t\t\t\t\t\tSalo &#8211; Suomusj\u00e4rvi &#8211; Messukeskus, Helsinki\n\t\t\t\t\t<\/a>","protected":false},"excerpt":{"rendered":"<p>Pohjoismaiden suurimmat moottoripy\u00f6r\u00e4messut. MP-messuilta l\u00f6yd\u00e4t moottoripy\u00f6r\u00e4t, mopot, skootterit, ajovarusteet ja -tarvikkeet sek\u00e4 motoristin palvelut. Vainion Liikenne j\u00e4rjest\u00e4\u00e4 bussikuljetuksen tapahtumaan. Reitti: klo 10.00 Salo &#8211; Suomusj\u00e4rvi &#8211; Helsinki. Paluul\u00e4ht\u00f6 klo 16.00. Bussikuljetuksen hinta Salosta on 28,90 \u20ac (meno-paluu). Tervetuloa MP-messuille! &nbsp; Lis\u00e4tietoa tapahtumasta Lue lis\u00e4\u00e4! Osta liput Osta lippusi alla olevasta linkist\u00e4. Valitse l\u00e4ht\u00f6paikaksi sinulle sopiva [&hellip;]<\/p>\n","protected":false},"author":7,"featured_media":12899,"parent":12840,"menu_order":14,"comment_status":"closed","ping_status":"closed","template":"","meta":{"_acf_changed":false,"inline_featured_image":false,"site-sidebar-layout":"default","site-content-layout":"page-builder","ast-site-content-layout":"default","site-content-style":"default","site-sidebar-style":"default","ast-global-header-display":"","ast-banner-title-visibility":"","ast-main-header-display":"","ast-hfb-above-header-display":"","ast-hfb-below-header-display":"","ast-hfb-mobile-header-display":"","site-post-title":"disabled","ast-breadcrumbs-content":"","ast-featured-img":"disabled","footer-sml-layout":"","ast-disable-related-posts":"","theme-transparent-header-meta":"default","adv-header-id-meta":"","stick-header-meta":"default","header-above-stick-meta":"","header-main-stick-meta":"","header-below-stick-meta":"","astra-migrate-meta-layouts":"set","ast-page-background-enabled":"default","ast-page-background-meta":{"desktop":{"background-color":"var(--ast-global-color-4)","background-image":"","background-repeat":"repeat","background-position":"center center","background-size":"auto","background-attachment":"scroll","background-type":"","background-media":"","overlay-type":"","overlay-color":"","overlay-opacity":"","overlay-gradient":""},"tablet":{"background-color":"","background-image":"","background-repeat":"repeat","background-position":"center center","background-size":"auto","background-attachment":"scroll","background-type":"","background-media":"","overlay-type":"","overlay-color":"","overlay-opacity":"","overlay-gradient":""},"mobile":{"background-color":"","background-image":"","background-repeat":"repeat","background-position":"center center","background-size":"auto","background-attachment":"scroll","background-type":"","background-media":"","overlay-type":"","overlay-color":"","overlay-opacity":"","overlay-gradient":""}},"ast-content-background-meta":{"desktop":{"background-color":"var(--ast-global-color-5)","background-image":"","background-repeat":"repeat","background-position":"center center","background-size":"auto","background-attachment":"scroll","background-type":"","background-media":"","overlay-type":"","overlay-color":"","overlay-opacity":"","overlay-gradient":""},"tablet":{"background-color":"var(--ast-global-color-5)","background-image":"","background-repeat":"repeat","background-position":"center center","background-size":"auto","background-attachment":"scroll","background-type":"","background-media":"","overlay-type":"","overlay-color":"","overlay-opacity":"","overlay-gradient":""},"mobile":{"background-color":"var(--ast-global-color-5)","background-image":"","background-repeat":"repeat","background-position":"center center","background-size":"auto","background-attachment":"scroll","background-type":"","background-media":"","overlay-type":"","overlay-color":"","overlay-opacity":"","overlay-gradient":""}},"footnotes":""},"class_list":["post-13086","page","type-page","status-publish","has-post-thumbnail","hentry"],"acf":[],"_links":{"self":[{"href":"https:\/\/vainionliikenne.fi\/sv\/wp-json\/wp\/v2\/pages\/13086","targetHints":{"allow":["GET"]}}],"collection":[{"href":"https:\/\/vainionliikenne.fi\/sv\/wp-json\/wp\/v2\/pages"}],"about":[{"href":"https:\/\/vainionliikenne.fi\/sv\/wp-json\/wp\/v2\/types\/page"}],"author":[{"embeddable":true,"href":"https:\/\/vainionliikenne.fi\/sv\/wp-json\/wp\/v2\/users\/7"}],"replies":[{"embeddable":true,"href":"https:\/\/vainionliikenne.fi\/sv\/wp-json\/wp\/v2\/comments?post=13086"}],"version-history":[{"count":8,"href":"https:\/\/vainionliikenne.fi\/sv\/wp-json\/wp\/v2\/pages\/13086\/revisions"}],"predecessor-version":[{"id":13116,"href":"https:\/\/vainionliikenne.fi\/sv\/wp-json\/wp\/v2\/pages\/13086\/revisions\/13116"}],"up":[{"embeddable":true,"href":"https:\/\/vainionliikenne.fi\/sv\/wp-json\/wp\/v2\/pages\/12840"}],"wp:featuredmedia":[{"embeddable":true,"href":"https:\/\/vainionliikenne.fi\/sv\/wp-json\/wp\/v2\/media\/12899"}],"wp:attachment":[{"href":"https:\/\/vainionliikenne.fi\/sv\/wp-json\/wp\/v2\/media?parent=13086"}],"curies":[{"name":"wp","href":"https:\/\/api.w.org\/{rel}","templated":true}]}}