{"id":13072,"date":"2025-09-29T13:47:15","date_gmt":"2025-09-29T10:47:15","guid":{"rendered":"https:\/\/vainionliikenne.fi\/?page_id=13072"},"modified":"2025-09-30T08:18:43","modified_gmt":"2025-09-30T05:18:43","slug":"resemassa-17-1-2026","status":"publish","type":"page","link":"https:\/\/vainionliikenne.fi\/sv\/tapahtumakuljetukset\/matkamessut-17-1-2026\/","title":{"rendered":"Resem\u00e4ssa 17.1.2026"},"content":{"rendered":"<p>Matkamessut \u00e4r det st\u00f6rsta turismevenemanget i norra Europa och samlar turism\u00e4lskare och yrkesverksamma fr\u00e5n n\u00e4stan 70 l\u00e4nder. F\u00e5 tips, samla information som hj\u00e4lper dig att fatta beslut och spara tid med all information du beh\u00f6ver under ett och samma tak!<\/p>\n<p>Oavsett om du \u00e4r en strandbes\u00f6kare, en kulturell \u00e4ventyrare, en familj eller ensamresen\u00e4r eller en vanlife-resen\u00e4r, g\u00f6r dina resplaner till en upplevelse f\u00f6r livet och njut av autentiska \u00f6gonblick direkt fr\u00e5n destinationerna!<\/p>\nMed samma biljett f\u00e5r du ocks\u00e5 tilltr\u00e4de till Helsingfors husvagnsm\u00e4ssa.<br \/>\nCaravan Fair erbjuder en omfattande \u00f6versikt \u00f6ver husvagnar och relaterade produkter och tj\u00e4nster.\n<p>Vainion Liikenne kommer att ordna busstransport till evenemanget.<\/p>\n<p>Reitti: klo 10.00 Salo &#8211; Suomusj\u00e4rvi &#8211; Helsinki. Paluul\u00e4ht\u00f6 klo 16.00. Bussikuljetuksen hinta Salosta on 28,90 \u20ac (meno-paluu).<\/p>\n<p><strong><a href=\"https:\/\/matka.messukeskus.com\/\" target=\"_blank\" rel=\"noopener\">V\u00e4lkommen till Resem\u00e4ssan!<\/a><\/strong><\/p>\n<p><img loading=\"lazy\" decoding=\"async\" src=\"https:\/\/vainionliikenne.fi\/wp-content\/uploads\/2025\/09\/Matkamessut-logo-1.jpg\" alt=\"\" width=\"526\" height=\"220\" \/><\/p>\n<p>&nbsp;<\/p>\n<h2>\n\t\t\tMer information om evenemanget\t<\/h2>\n\t\t\t<a href=\"https:\/\/matka.messukeskus.com\/\" target=\"_blank\" rel=\"noopener\">\n\t\t\t\t\t\t\tL\u00e4s mer!\n\t\t\t\t\t<\/a>\n<h2>\n\t\t\tK\u00f6p biljetter\t<\/h2>\n\t<p>K\u00f6p din biljett fr\u00e5n l\u00e4nken nedan. V\u00e4lj ett stopp l\u00e4ngs rutten som passar dig.<\/p>\n<p>&nbsp;<\/p>\n<p>Observera! Utresan inkluderar returresan, s\u00e5 det finns inget behov av att k\u00f6pa en returbiljett separat.<\/p>\n<p>&nbsp;<\/p>\n<p>&nbsp;<\/p>\n<p>K\u00f6p din biljett h\u00e4r:<\/p>\n\t\t\t<a href=\"https:\/\/liput.matkahuolto.fi\/connectionlist?lang=fi&#038;departurePlaceId=p1258&#038;arrivalPlaceId=s55747&#038;departureDate=2026-01-17#breadcrumb\" target=\"_blank\" rel=\"noopener\">\n\t\t\t\t\t\t\tSalo &#8211; Suomusj\u00e4rvi &#8211; Messukeskus, Helsinki\n\t\t\t\t\t<\/a>","protected":false},"excerpt":{"rendered":"<p>Matkamessut on Pohjois-Euroopan suurin matkailualan tapahtuma, jossa matkailun yst\u00e4v\u00e4t ja ammattilaiset kohtaavat l\u00e4hes 70 eri maasta. Kuule t\u00e4sm\u00e4vinkit, ker\u00e4\u00e4 tietoa p\u00e4\u00e4t\u00f6ksen teon tueksi ja s\u00e4\u00e4st\u00e4 aikaa, kun kaikki tieto l\u00f6ytyy saman katon alta! Olitpa sitten rantalomailija, kulttuuriseikkailija, perhe-tai sooloreissaaja tai vanlife-matkailija, tee matkasuunnitelmistasi el\u00e4mys ja heitt\u00e4ydy kokemaan aitoja hetki\u00e4 suoraan matkakohteista! Samalla lipulla sis\u00e4\u00e4np\u00e4\u00e4sy my\u00f6s [&hellip;]<\/p>\n","protected":false},"author":7,"featured_media":12899,"parent":12840,"menu_order":14,"comment_status":"closed","ping_status":"closed","template":"","meta":{"_acf_changed":false,"inline_featured_image":false,"site-sidebar-layout":"default","site-content-layout":"page-builder","ast-site-content-layout":"default","site-content-style":"default","site-sidebar-style":"default","ast-global-header-display":"","ast-banner-title-visibility":"","ast-main-header-display":"","ast-hfb-above-header-display":"","ast-hfb-below-header-display":"","ast-hfb-mobile-header-display":"","site-post-title":"disabled","ast-breadcrumbs-content":"","ast-featured-img":"disabled","footer-sml-layout":"","ast-disable-related-posts":"","theme-transparent-header-meta":"default","adv-header-id-meta":"","stick-header-meta":"default","header-above-stick-meta":"","header-main-stick-meta":"","header-below-stick-meta":"","astra-migrate-meta-layouts":"set","ast-page-background-enabled":"default","ast-page-background-meta":{"desktop":{"background-color":"var(--ast-global-color-4)","background-image":"","background-repeat":"repeat","background-position":"center center","background-size":"auto","background-attachment":"scroll","background-type":"","background-media":"","overlay-type":"","overlay-color":"","overlay-opacity":"","overlay-gradient":""},"tablet":{"background-color":"","background-image":"","background-repeat":"repeat","background-position":"center center","background-size":"auto","background-attachment":"scroll","background-type":"","background-media":"","overlay-type":"","overlay-color":"","overlay-opacity":"","overlay-gradient":""},"mobile":{"background-color":"","background-image":"","background-repeat":"repeat","background-position":"center center","background-size":"auto","background-attachment":"scroll","background-type":"","background-media":"","overlay-type":"","overlay-color":"","overlay-opacity":"","overlay-gradient":""}},"ast-content-background-meta":{"desktop":{"background-color":"var(--ast-global-color-5)","background-image":"","background-repeat":"repeat","background-position":"center center","background-size":"auto","background-attachment":"scroll","background-type":"","background-media":"","overlay-type":"","overlay-color":"","overlay-opacity":"","overlay-gradient":""},"tablet":{"background-color":"var(--ast-global-color-5)","background-image":"","background-repeat":"repeat","background-position":"center center","background-size":"auto","background-attachment":"scroll","background-type":"","background-media":"","overlay-type":"","overlay-color":"","overlay-opacity":"","overlay-gradient":""},"mobile":{"background-color":"var(--ast-global-color-5)","background-image":"","background-repeat":"repeat","background-position":"center center","background-size":"auto","background-attachment":"scroll","background-type":"","background-media":"","overlay-type":"","overlay-color":"","overlay-opacity":"","overlay-gradient":""}},"footnotes":""},"class_list":["post-13072","page","type-page","status-publish","has-post-thumbnail","hentry"],"acf":[],"_links":{"self":[{"href":"https:\/\/vainionliikenne.fi\/sv\/wp-json\/wp\/v2\/pages\/13072","targetHints":{"allow":["GET"]}}],"collection":[{"href":"https:\/\/vainionliikenne.fi\/sv\/wp-json\/wp\/v2\/pages"}],"about":[{"href":"https:\/\/vainionliikenne.fi\/sv\/wp-json\/wp\/v2\/types\/page"}],"author":[{"embeddable":true,"href":"https:\/\/vainionliikenne.fi\/sv\/wp-json\/wp\/v2\/users\/7"}],"replies":[{"embeddable":true,"href":"https:\/\/vainionliikenne.fi\/sv\/wp-json\/wp\/v2\/comments?post=13072"}],"version-history":[{"count":8,"href":"https:\/\/vainionliikenne.fi\/sv\/wp-json\/wp\/v2\/pages\/13072\/revisions"}],"predecessor-version":[{"id":13115,"href":"https:\/\/vainionliikenne.fi\/sv\/wp-json\/wp\/v2\/pages\/13072\/revisions\/13115"}],"up":[{"embeddable":true,"href":"https:\/\/vainionliikenne.fi\/sv\/wp-json\/wp\/v2\/pages\/12840"}],"wp:featuredmedia":[{"embeddable":true,"href":"https:\/\/vainionliikenne.fi\/sv\/wp-json\/wp\/v2\/media\/12899"}],"wp:attachment":[{"href":"https:\/\/vainionliikenne.fi\/sv\/wp-json\/wp\/v2\/media?parent=13072"}],"curies":[{"name":"wp","href":"https:\/\/api.w.org\/{rel}","templated":true}]}}