{"id":12894,"date":"2025-09-03T16:42:25","date_gmt":"2025-09-03T13:42:25","guid":{"rendered":"https:\/\/vainionliikenne.fi\/?page_id=12894"},"modified":"2025-09-10T14:34:51","modified_gmt":"2025-09-10T11:34:51","slug":"julmarknader-fran-forr-13-12-2025","status":"publish","type":"page","link":"https:\/\/vainionliikenne.fi\/sv\/tapahtumakuljetukset\/menneen-ajan-joulumarkkinat-13-12-2025\/","title":{"rendered":"Julmarknad fr\u00e5n en svunnen tid 13.12.2025"},"content":{"rendered":"<p>Menneen ajan joulumarkkinoilta l\u00f6yd\u00e4t k\u00e4sintehdyt joululahjat sek\u00e4 herkut joulup\u00f6yt\u00e4\u00e4n ja p\u00e4\u00e4set nauttimaan aidosta joulun tunnelmasta Lohjan keskiaikaisen Pyh\u00e4n Laurin kirkon ymp\u00e4rist\u00f6ss\u00e4. Joulumarkkinoilla on kattavasti ohjelmatarjontaa, kuten musiikkia, tanssia ja teatteria. Sen lis\u00e4ksi my\u00f6s herkullista ruoka- ja juomatarjontaa on markkina-alueella runsaasti.<\/p>\n<p>Vainion Liikenne kommer att ordna busstransport till evenemanget.<\/p>\n<p>Reitti: klo 11.00 &#8211; Salo &#8211; Suomusj\u00e4rvi &#8211; Lohja. Paluul\u00e4ht\u00f6 klo 15.00. Bussikuljetuksen hinta Salosta on 22,90 \u20ac (meno-paluu).<\/p>\n<p><strong><a href=\"https:\/\/www.menneenajanjoulumarkkinat.fi\/\" target=\"_blank\" rel=\"noopener\">V\u00e4lkommen till en julmarknad fr\u00e5n en svunnen tid!<\/a><\/strong><\/p>\n\t\t\t\t<img decoding=\"async\" src=\"https:\/\/vainionliikenne.fi\/wp-content\/uploads\/2025\/09\/menneen-ajan-joulmark.png\" alt=\"g\u00e5rdagens-joulmark\" itemprop=\"image\" height=\"281\" width=\"280\" title=\"g\u00e5rdagens-joulmark\" onerror=\"this.style.display='none'\" loading=\"lazy\" \/>\n<h2>\n\t\t\tMer information om julmarknaden\t<\/h2>\n\t<p>Musik, mat och andra aktiviteter<\/p>\n\t\t\t<a href=\"https:\/\/www.menneenajanjoulumarkkinat.fi\/saapuminen\" target=\"_blank\" rel=\"noopener\">\n\t\t\t\t\t\t\tL\u00e4s mer!\n\t\t\t\t\t<\/a>\n<h2>\n\t\t\tK\u00f6p biljetter\t<\/h2>\n\t<p>K\u00f6p din biljett fr\u00e5n l\u00e4nken nedan. V\u00e4lj ett stopp l\u00e4ngs rutten som passar dig.<\/p>\n<p>&nbsp;<\/p>\n<p>Observera! Utresan inkluderar returresan, s\u00e5 det finns inget behov av att k\u00f6pa en returbiljett separat.<\/p>\n<p>&nbsp;<\/p>\n<p>&nbsp;<\/p>\n<p>K\u00f6p din biljett h\u00e4r:<\/p>\n\t\t\t<a href=\"https:\/\/liput.matkahuolto.fi\/connectionlist?lang=fi&#038;departurePlaceId=p1258&#038;arrivalPlaceId=p3664&#038;departureDate=2025-12-13#breadcrumb\" target=\"_blank\" rel=\"noopener\">\n\t\t\t\t\t\t\tSalo &#8211; Suomusj\u00e4rvi &#8211; Lohjan joulutori\/Monkola\n\t\t\t\t\t<\/a>","protected":false},"excerpt":{"rendered":"<p>Menneen ajan joulumarkkinoilta l\u00f6yd\u00e4t k\u00e4sintehdyt joululahjat sek\u00e4 herkut joulup\u00f6yt\u00e4\u00e4n ja p\u00e4\u00e4set nauttimaan aidosta joulun tunnelmasta Lohjan keskiaikaisen Pyh\u00e4n Laurin kirkon ymp\u00e4rist\u00f6ss\u00e4. Joulumarkkinoilla on kattavasti ohjelmatarjontaa, kuten musiikkia, tanssia ja teatteria. Sen lis\u00e4ksi my\u00f6s herkullista ruoka- ja juomatarjontaa on markkina-alueella runsaasti. Vainion Liikenne j\u00e4rjest\u00e4\u00e4 bussikuljetuksen tapahtumaan. Reitti: klo 11.00 &#8211; Salo &#8211; Suomusj\u00e4rvi &#8211; Lohja. Paluul\u00e4ht\u00f6 [&hellip;]<\/p>\n","protected":false},"author":5,"featured_media":12899,"parent":12840,"menu_order":14,"comment_status":"closed","ping_status":"closed","template":"","meta":{"_acf_changed":false,"inline_featured_image":false,"site-sidebar-layout":"default","site-content-layout":"page-builder","ast-site-content-layout":"default","site-content-style":"default","site-sidebar-style":"default","ast-global-header-display":"","ast-banner-title-visibility":"","ast-main-header-display":"","ast-hfb-above-header-display":"","ast-hfb-below-header-display":"","ast-hfb-mobile-header-display":"","site-post-title":"disabled","ast-breadcrumbs-content":"","ast-featured-img":"disabled","footer-sml-layout":"","ast-disable-related-posts":"","theme-transparent-header-meta":"default","adv-header-id-meta":"","stick-header-meta":"default","header-above-stick-meta":"","header-main-stick-meta":"","header-below-stick-meta":"","astra-migrate-meta-layouts":"set","ast-page-background-enabled":"default","ast-page-background-meta":{"desktop":{"background-color":"var(--ast-global-color-4)","background-image":"","background-repeat":"repeat","background-position":"center center","background-size":"auto","background-attachment":"scroll","background-type":"","background-media":"","overlay-type":"","overlay-color":"","overlay-opacity":"","overlay-gradient":""},"tablet":{"background-color":"","background-image":"","background-repeat":"repeat","background-position":"center center","background-size":"auto","background-attachment":"scroll","background-type":"","background-media":"","overlay-type":"","overlay-color":"","overlay-opacity":"","overlay-gradient":""},"mobile":{"background-color":"","background-image":"","background-repeat":"repeat","background-position":"center center","background-size":"auto","background-attachment":"scroll","background-type":"","background-media":"","overlay-type":"","overlay-color":"","overlay-opacity":"","overlay-gradient":""}},"ast-content-background-meta":{"desktop":{"background-color":"var(--ast-global-color-5)","background-image":"","background-repeat":"repeat","background-position":"center center","background-size":"auto","background-attachment":"scroll","background-type":"","background-media":"","overlay-type":"","overlay-color":"","overlay-opacity":"","overlay-gradient":""},"tablet":{"background-color":"var(--ast-global-color-5)","background-image":"","background-repeat":"repeat","background-position":"center center","background-size":"auto","background-attachment":"scroll","background-type":"","background-media":"","overlay-type":"","overlay-color":"","overlay-opacity":"","overlay-gradient":""},"mobile":{"background-color":"var(--ast-global-color-5)","background-image":"","background-repeat":"repeat","background-position":"center center","background-size":"auto","background-attachment":"scroll","background-type":"","background-media":"","overlay-type":"","overlay-color":"","overlay-opacity":"","overlay-gradient":""}},"footnotes":""},"class_list":["post-12894","page","type-page","status-publish","has-post-thumbnail","hentry"],"acf":[],"_links":{"self":[{"href":"https:\/\/vainionliikenne.fi\/sv\/wp-json\/wp\/v2\/pages\/12894","targetHints":{"allow":["GET"]}}],"collection":[{"href":"https:\/\/vainionliikenne.fi\/sv\/wp-json\/wp\/v2\/pages"}],"about":[{"href":"https:\/\/vainionliikenne.fi\/sv\/wp-json\/wp\/v2\/types\/page"}],"author":[{"embeddable":true,"href":"https:\/\/vainionliikenne.fi\/sv\/wp-json\/wp\/v2\/users\/5"}],"replies":[{"embeddable":true,"href":"https:\/\/vainionliikenne.fi\/sv\/wp-json\/wp\/v2\/comments?post=12894"}],"version-history":[{"count":10,"href":"https:\/\/vainionliikenne.fi\/sv\/wp-json\/wp\/v2\/pages\/12894\/revisions"}],"predecessor-version":[{"id":13002,"href":"https:\/\/vainionliikenne.fi\/sv\/wp-json\/wp\/v2\/pages\/12894\/revisions\/13002"}],"up":[{"embeddable":true,"href":"https:\/\/vainionliikenne.fi\/sv\/wp-json\/wp\/v2\/pages\/12840"}],"wp:featuredmedia":[{"embeddable":true,"href":"https:\/\/vainionliikenne.fi\/sv\/wp-json\/wp\/v2\/media\/12899"}],"wp:attachment":[{"href":"https:\/\/vainionliikenne.fi\/sv\/wp-json\/wp\/v2\/media?parent=12894"}],"curies":[{"name":"wp","href":"https:\/\/api.w.org\/{rel}","templated":true}]}}