{"id":12883,"date":"2025-09-03T16:00:00","date_gmt":"2025-09-03T13:00:00","guid":{"rendered":"https:\/\/vainionliikenne.fi\/?page_id=12883"},"modified":"2025-09-10T16:10:39","modified_gmt":"2025-09-10T13:10:39","slug":"hockeyresa-sat-18-10-2025-tps-ilves","status":"publish","type":"page","link":"https:\/\/vainionliikenne.fi\/sv\/tapahtumakuljetukset\/bussikuljetukset-tpsn-kotipeliin\/jaakiekkomatka-la-18-10-2025-tps-ilves\/","title":{"rendered":"Hockeyresa L\u00f6r 18.10 2025 TPS - Ilves"},"content":{"rendered":"<p><strong>Vi kommer att ordna busstransport till TPS hemmamatch<\/strong><\/p>\r\n<p>Resor med Vainio-bussen till Gatorade Center och tillbaka en halvtimme efter matchens slut. Busstransport kan k\u00f6pas i Matkahuoltos biljettkontor och matchbiljetten separat i TPS biljettkontor.<\/p>\r\n<p>Bussin reitti: 17.00 Salo &#8211; Paimio &#8211; Turku, Gatorade Center. Paluul\u00e4ht\u00f6 30 min ottelun p\u00e4\u00e4ttymisen j\u00e4lkeen.<\/p>\r\n<p>Bussbiljetten fr\u00e5n Salo kostar 22,90 \u20ac (tur och retur).<\/p>\r\n<p><img loading=\"lazy\" decoding=\"async\" title=\"tps-logotyp\" src=\"https:\/\/vainionliikenne.fi\/wp-content\/uploads\/2025\/09\/tps-logo.png\" alt=\"tps-logotyp\" width=\"280\" height=\"281\" \/><\/p>\r\n<h2>Matchbiljetter<\/h2>\r\n<p>K\u00f6p biljetter till valfri l\u00e4ktare i TPS biljettbutik:<\/p>\r\n<p><a href=\"https:\/\/tps.lippu.fi\/webshop\/webticket\/seatmap?eventId=730&amp;el=true\" target=\"_blank\" rel=\"noopener\"> La 18.10 2025 TPS &#8211; Ilves <\/a><\/p>\r\n<h2>K\u00f6p en bussbiljett<\/h2>\r\n<p>K\u00f6p din biljett fr\u00e5n l\u00e4nken nedan. V\u00e4lj ett stopp l\u00e4ngs rutten som passar dig.<\/p>\r\n<p>&nbsp;<\/p>\r\n<p>Observera! Utresan inkluderar returresan, s\u00e5 det finns inget behov av att k\u00f6pa en returbiljett separat.<\/p>\r\n<p>&nbsp;<\/p>\r\n<p>&nbsp;<\/p>\r\n<p>K\u00f6p din biljett h\u00e4r:<\/p>\r\n<p><a href=\"https:\/\/liput.matkahuolto.fi\/connectionlist?lang=fi&amp;departurePlaceId=p1258&amp;arrivalPlaceId=p3663&amp;departureDate=2025-10-18#breadcrumb\" target=\"_blank\" rel=\"noopener\"> Salo &#8211; Paimio &#8211; Turku, Gatorade Center <\/a><\/p>","protected":false},"excerpt":{"rendered":"<p>J\u00e4rjest\u00e4mme bussikuljetukset TPS:n kotipeliin Matkat Vainion bussilla Gatorade Centerille ja puoli tuntia ottelun p\u00e4\u00e4ttymisen j\u00e4lkeen takaisin. Bussikuljetus on ostettavissa Matkahuollon lippukaupasta ja ottelulippu erikseen TPS:n lippukaupasta. Bussin reitti: 17.00 Salo &#8211; Paimio &#8211; Turku, Gatorade Center. Paluul\u00e4ht\u00f6 30 min ottelun p\u00e4\u00e4ttymisen j\u00e4lkeen. Bussikuljetuksen hinta on Salosta 22,90 euroa (meno-paluu). Otteluliput Osta otteluliput haluamaasi katsomoon TPS:n [&hellip;]<\/p>\n","protected":false},"author":5,"featured_media":13008,"parent":12866,"menu_order":14,"comment_status":"closed","ping_status":"closed","template":"","meta":{"_acf_changed":false,"inline_featured_image":false,"site-sidebar-layout":"default","site-content-layout":"page-builder","ast-site-content-layout":"default","site-content-style":"default","site-sidebar-style":"default","ast-global-header-display":"","ast-banner-title-visibility":"","ast-main-header-display":"","ast-hfb-above-header-display":"","ast-hfb-below-header-display":"","ast-hfb-mobile-header-display":"","site-post-title":"disabled","ast-breadcrumbs-content":"","ast-featured-img":"disabled","footer-sml-layout":"","ast-disable-related-posts":"","theme-transparent-header-meta":"default","adv-header-id-meta":"","stick-header-meta":"default","header-above-stick-meta":"","header-main-stick-meta":"","header-below-stick-meta":"","astra-migrate-meta-layouts":"set","ast-page-background-enabled":"default","ast-page-background-meta":{"desktop":{"background-color":"var(--ast-global-color-4)","background-image":"","background-repeat":"repeat","background-position":"center center","background-size":"auto","background-attachment":"scroll","background-type":"","background-media":"","overlay-type":"","overlay-color":"","overlay-opacity":"","overlay-gradient":""},"tablet":{"background-color":"","background-image":"","background-repeat":"repeat","background-position":"center center","background-size":"auto","background-attachment":"scroll","background-type":"","background-media":"","overlay-type":"","overlay-color":"","overlay-opacity":"","overlay-gradient":""},"mobile":{"background-color":"","background-image":"","background-repeat":"repeat","background-position":"center center","background-size":"auto","background-attachment":"scroll","background-type":"","background-media":"","overlay-type":"","overlay-color":"","overlay-opacity":"","overlay-gradient":""}},"ast-content-background-meta":{"desktop":{"background-color":"var(--ast-global-color-5)","background-image":"","background-repeat":"repeat","background-position":"center center","background-size":"auto","background-attachment":"scroll","background-type":"","background-media":"","overlay-type":"","overlay-color":"","overlay-opacity":"","overlay-gradient":""},"tablet":{"background-color":"var(--ast-global-color-5)","background-image":"","background-repeat":"repeat","background-position":"center center","background-size":"auto","background-attachment":"scroll","background-type":"","background-media":"","overlay-type":"","overlay-color":"","overlay-opacity":"","overlay-gradient":""},"mobile":{"background-color":"var(--ast-global-color-5)","background-image":"","background-repeat":"repeat","background-position":"center center","background-size":"auto","background-attachment":"scroll","background-type":"","background-media":"","overlay-type":"","overlay-color":"","overlay-opacity":"","overlay-gradient":""}},"footnotes":""},"class_list":["post-12883","page","type-page","status-publish","has-post-thumbnail","hentry"],"acf":[],"_links":{"self":[{"href":"https:\/\/vainionliikenne.fi\/sv\/wp-json\/wp\/v2\/pages\/12883","targetHints":{"allow":["GET"]}}],"collection":[{"href":"https:\/\/vainionliikenne.fi\/sv\/wp-json\/wp\/v2\/pages"}],"about":[{"href":"https:\/\/vainionliikenne.fi\/sv\/wp-json\/wp\/v2\/types\/page"}],"author":[{"embeddable":true,"href":"https:\/\/vainionliikenne.fi\/sv\/wp-json\/wp\/v2\/users\/5"}],"replies":[{"embeddable":true,"href":"https:\/\/vainionliikenne.fi\/sv\/wp-json\/wp\/v2\/comments?post=12883"}],"version-history":[{"count":11,"href":"https:\/\/vainionliikenne.fi\/sv\/wp-json\/wp\/v2\/pages\/12883\/revisions"}],"predecessor-version":[{"id":13011,"href":"https:\/\/vainionliikenne.fi\/sv\/wp-json\/wp\/v2\/pages\/12883\/revisions\/13011"}],"up":[{"embeddable":true,"href":"https:\/\/vainionliikenne.fi\/sv\/wp-json\/wp\/v2\/pages\/12866"}],"wp:featuredmedia":[{"embeddable":true,"href":"https:\/\/vainionliikenne.fi\/sv\/wp-json\/wp\/v2\/media\/13008"}],"wp:attachment":[{"href":"https:\/\/vainionliikenne.fi\/sv\/wp-json\/wp\/v2\/media?parent=12883"}],"curies":[{"name":"wp","href":"https:\/\/api.w.org\/{rel}","templated":true}]}}