{"id":12866,"date":"2025-09-03T15:33:11","date_gmt":"2025-09-03T12:33:11","guid":{"rendered":"https:\/\/vainionliikenne.fi\/?page_id=12866"},"modified":"2025-12-04T15:42:12","modified_gmt":"2025-12-04T13:42:12","slug":"busstransport-till-tps-hemmamatch","status":"publish","type":"page","link":"https:\/\/vainionliikenne.fi\/sv\/tapahtumakuljetukset\/bussikuljetukset-tpsn-kotipeliin\/","title":{"rendered":"Busstransport till TPS hemmamatch"},"content":{"rendered":"<p>Resor med Vainio-bussen till Gatorade Center och tillbaka en halvtimme efter matchens slut. Busstransport kan k\u00f6pas i Matkahuoltos biljettkontor och matchbiljetten separat i TPS biljettkontor.<\/p>\n<p>Bussin reitti: Salo &#8211; Paimio &#8211; Turku, Gatorade Center<\/p>\n\t\t\t\t<img decoding=\"async\" src=\"https:\/\/vainionliikenne.fi\/wp-content\/uploads\/2025\/09\/tps-logo.png\" alt=\"tps-logotyp\" itemprop=\"image\" height=\"281\" width=\"280\" title=\"tps-logotyp\" onerror=\"this.style.display='none'\" loading=\"lazy\" \/>\n<h2>\n\t\t\tResor och matchbiljetter\t<\/h2>\n\t<p>Se mer detaljerad information om match f\u00f6r match nedan:<\/p>\n\t\t\t<a href=\"https:\/\/vainionliikenne.fi\/sv\/transport-av-evenemang\/busstransport-till-tps-hemmamatch\/hockeyresa-sat-10-1-2026-tps-karp\/\" target=\"_blank\" rel=\"noopener\">\n\t\t\t\t\t\t\tLa 10.1.2026 TPS &#8211; K\u00e4rp\u00e4t\n\t\t\t\t\t<\/a>","protected":false},"excerpt":{"rendered":"<p>Matkat Vainion bussilla Gatorade Centerille ja puoli tuntia ottelun p\u00e4\u00e4ttymisen j\u00e4lkeen takaisin. Bussikuljetus on ostettavissa Matkahuollon lippukaupasta ja ottelulippu erikseen TPS:n lippukaupasta. Bussin reitti: Salo &#8211; Paimio &#8211; Turku, Gatorade Center Matka- ja otteluliput Katso tarkemmat ottelukohtaiset tiedot alta: La 10.1.2026 TPS &#8211; K\u00e4rp\u00e4t<\/p>","protected":false},"author":5,"featured_media":13008,"parent":12840,"menu_order":14,"comment_status":"closed","ping_status":"closed","template":"","meta":{"_acf_changed":false,"inline_featured_image":false,"site-sidebar-layout":"default","site-content-layout":"page-builder","ast-site-content-layout":"default","site-content-style":"default","site-sidebar-style":"default","ast-global-header-display":"","ast-banner-title-visibility":"","ast-main-header-display":"","ast-hfb-above-header-display":"","ast-hfb-below-header-display":"","ast-hfb-mobile-header-display":"","site-post-title":"disabled","ast-breadcrumbs-content":"","ast-featured-img":"disabled","footer-sml-layout":"","ast-disable-related-posts":"","theme-transparent-header-meta":"default","adv-header-id-meta":"","stick-header-meta":"default","header-above-stick-meta":"","header-main-stick-meta":"","header-below-stick-meta":"","astra-migrate-meta-layouts":"set","ast-page-background-enabled":"default","ast-page-background-meta":{"desktop":{"background-color":"var(--ast-global-color-4)","background-image":"","background-repeat":"repeat","background-position":"center center","background-size":"auto","background-attachment":"scroll","background-type":"","background-media":"","overlay-type":"","overlay-color":"","overlay-opacity":"","overlay-gradient":""},"tablet":{"background-color":"","background-image":"","background-repeat":"repeat","background-position":"center center","background-size":"auto","background-attachment":"scroll","background-type":"","background-media":"","overlay-type":"","overlay-color":"","overlay-opacity":"","overlay-gradient":""},"mobile":{"background-color":"","background-image":"","background-repeat":"repeat","background-position":"center center","background-size":"auto","background-attachment":"scroll","background-type":"","background-media":"","overlay-type":"","overlay-color":"","overlay-opacity":"","overlay-gradient":""}},"ast-content-background-meta":{"desktop":{"background-color":"var(--ast-global-color-5)","background-image":"","background-repeat":"repeat","background-position":"center center","background-size":"auto","background-attachment":"scroll","background-type":"","background-media":"","overlay-type":"","overlay-color":"","overlay-opacity":"","overlay-gradient":""},"tablet":{"background-color":"var(--ast-global-color-5)","background-image":"","background-repeat":"repeat","background-position":"center center","background-size":"auto","background-attachment":"scroll","background-type":"","background-media":"","overlay-type":"","overlay-color":"","overlay-opacity":"","overlay-gradient":""},"mobile":{"background-color":"var(--ast-global-color-5)","background-image":"","background-repeat":"repeat","background-position":"center center","background-size":"auto","background-attachment":"scroll","background-type":"","background-media":"","overlay-type":"","overlay-color":"","overlay-opacity":"","overlay-gradient":""}},"footnotes":""},"class_list":["post-12866","page","type-page","status-publish","has-post-thumbnail","hentry"],"acf":[],"_links":{"self":[{"href":"https:\/\/vainionliikenne.fi\/sv\/wp-json\/wp\/v2\/pages\/12866","targetHints":{"allow":["GET"]}}],"collection":[{"href":"https:\/\/vainionliikenne.fi\/sv\/wp-json\/wp\/v2\/pages"}],"about":[{"href":"https:\/\/vainionliikenne.fi\/sv\/wp-json\/wp\/v2\/types\/page"}],"author":[{"embeddable":true,"href":"https:\/\/vainionliikenne.fi\/sv\/wp-json\/wp\/v2\/users\/5"}],"replies":[{"embeddable":true,"href":"https:\/\/vainionliikenne.fi\/sv\/wp-json\/wp\/v2\/comments?post=12866"}],"version-history":[{"count":11,"href":"https:\/\/vainionliikenne.fi\/sv\/wp-json\/wp\/v2\/pages\/12866\/revisions"}],"predecessor-version":[{"id":13250,"href":"https:\/\/vainionliikenne.fi\/sv\/wp-json\/wp\/v2\/pages\/12866\/revisions\/13250"}],"up":[{"embeddable":true,"href":"https:\/\/vainionliikenne.fi\/sv\/wp-json\/wp\/v2\/pages\/12840"}],"wp:featuredmedia":[{"embeddable":true,"href":"https:\/\/vainionliikenne.fi\/sv\/wp-json\/wp\/v2\/media\/13008"}],"wp:attachment":[{"href":"https:\/\/vainionliikenne.fi\/sv\/wp-json\/wp\/v2\/media?parent=12866"}],"curies":[{"name":"wp","href":"https:\/\/api.w.org\/{rel}","templated":true}]}}