{"id":12851,"date":"2025-09-03T14:47:23","date_gmt":"2025-09-03T11:47:23","guid":{"rendered":"https:\/\/vainionliikenne.fi\/?page_id=12851"},"modified":"2025-09-12T10:50:18","modified_gmt":"2025-09-12T07:50:18","slug":"soderlangvik-appelfestival-27-9-2025","status":"publish","type":"page","link":"https:\/\/vainionliikenne.fi\/sv\/tapahtumakuljetukset\/soderlangvikin-omenapaiva-27-9-2025\/","title":{"rendered":"S\u00f6derl\u00e5ngvik \u00c4pplets dag 27.9.2025"},"content":{"rendered":"<p>I S\u00f6derl\u00e5ngvik firar vi \u00c4pplets dag f\u00f6r att hylla v\u00e5ra fina lokala \u00e4pplen! \u00c4pplets dag h\u00e5lls varje \u00e5r den sista l\u00f6rdagen i september, i \u00e5r f\u00f6r 20:e g\u00e5ngen. Evenemanget har etablerat sig som ett av Kemi\u00f6ns mest popul\u00e4ra evenemang, med \u00f6ver 4000 bes\u00f6kare 2024. Apple Day \u00e4r en sk\u00f6rdefest med \u00e4pplet i centrum, men med massor av andra goda och roliga aktiviteter f\u00f6r hela familjen. Andra producenter \u00e4r ocks\u00e5 involverade i marknaden med en m\u00e4ngd olika sk\u00f6rde-, mat- och hantverksprodukter.<\/p>\n<p>Vainion Liikenne kommer att ordna busstransport till evenemanget.<\/p>\n<p>Reitti: klo 12.30 &#8211; Salo &#8211; Perni\u00f6 &#8211; Kemi\u00f6 &#8211; S\u00f6derl\u00e5ngvik. Paluul\u00e4ht\u00f6 klo 17.00. Bussikuljetuksen hinta Salosta on 24,90 \u20ac (meno-paluu).<\/p>\n<p><strong><a href=\"https:\/\/soderlangvik.fi\/fi\/tapahtumat\/omenapaiva-2\/\" target=\"_blank\" rel=\"noopener\">V\u00e4lkommen att ansluta dig till oss!<\/a><\/strong><\/p>\n\t\t\t\t<img decoding=\"async\" src=\"https:\/\/vainionliikenne.fi\/wp-content\/uploads\/2025\/09\/appeldagen.png\" alt=\"appeldagen\" itemprop=\"image\" height=\"281\" width=\"280\" title=\"appeldagen\" onerror=\"this.style.display='none'\" loading=\"lazy\" \/>\n<h2>\n\t\t\tMiddag p\u00e5 Amos Krog\t<\/h2>\n\t<p>\u00c4ppelprovning och andra aktiviteter<\/p>\n\t\t\t<a href=\"https:\/\/soderlangvik.fi\/fi\/ravintola\/\" target=\"_blank\" rel=\"noopener\">\n\t\t\t\t\t\t\tL\u00e4s mer!\n\t\t\t\t\t<\/a>\n<h2>\n\t\t\tK\u00f6p biljetter\t<\/h2>\n\t<p>K\u00f6p din biljett fr\u00e5n l\u00e4nken nedan. V\u00e4lj ett stopp l\u00e4ngs rutten som passar dig.<\/p>\n<p>&nbsp;<\/p>\n<p>Observera! Utresan inkluderar returresan, s\u00e5 det finns inget behov av att k\u00f6pa en returbiljett separat.<\/p>\n<p>&nbsp;<\/p>\n<p>K\u00f6p din biljett h\u00e4r:<\/p>\n\t\t\t<a href=\"https:\/\/liput.matkahuolto.fi\/connectionlist?lang=fi&#038;departurePlaceId=p1258&#038;arrivalPlaceId=s328&#038;departureDate=2025-09-27%20\" target=\"_blank\" rel=\"noopener\">\n\t\t\t\t\t\t\tSalo &#8211; Perni\u00f6 &#8211; Kemi\u00f6 &#8211; S\u00f6derl\u00e5ngvik\n\t\t\t\t\t<\/a>","protected":false},"excerpt":{"rendered":"<p>S\u00f6derl\u00e5ngvikiss\u00e4 viet\u00e4mme Omenap\u00e4iv\u00e4\u00e4 juhlistaaksemme hienoja kotimaisia omenoitamme! Omenap\u00e4iv\u00e4 j\u00e4rjestet\u00e4\u00e4n joka vuosi syyskuun viimeisen\u00e4 lauantaina, t\u00e4n\u00e4 vuonna jo 20. kerran. Tapahtuma on vakiinnuttanut asemansa yhten\u00e4 Kemi\u00f6nsaaren suosituimmista tapahtumista, jonka vierailijam\u00e4\u00e4r\u00e4 oli 2024 yli 4000 henkil\u00f6\u00e4. Omenap\u00e4iv\u00e4 on sadonkorjuujuhla, jonka keski\u00f6ss\u00e4 on omena ja joka tarjoaa lis\u00e4ksi paljon muuta hyv\u00e4\u00e4 ja hauskaa koko perheelle. Markkinahumuun osallistuvat my\u00f6s [&hellip;]<\/p>\n","protected":false},"author":5,"featured_media":13017,"parent":12840,"menu_order":14,"comment_status":"closed","ping_status":"closed","template":"","meta":{"_acf_changed":false,"inline_featured_image":false,"site-sidebar-layout":"default","site-content-layout":"page-builder","ast-site-content-layout":"default","site-content-style":"default","site-sidebar-style":"default","ast-global-header-display":"","ast-banner-title-visibility":"","ast-main-header-display":"","ast-hfb-above-header-display":"","ast-hfb-below-header-display":"","ast-hfb-mobile-header-display":"","site-post-title":"disabled","ast-breadcrumbs-content":"","ast-featured-img":"disabled","footer-sml-layout":"","ast-disable-related-posts":"","theme-transparent-header-meta":"default","adv-header-id-meta":"","stick-header-meta":"default","header-above-stick-meta":"","header-main-stick-meta":"","header-below-stick-meta":"","astra-migrate-meta-layouts":"set","ast-page-background-enabled":"default","ast-page-background-meta":{"desktop":{"background-color":"var(--ast-global-color-4)","background-image":"","background-repeat":"repeat","background-position":"center center","background-size":"auto","background-attachment":"scroll","background-type":"","background-media":"","overlay-type":"","overlay-color":"","overlay-opacity":"","overlay-gradient":""},"tablet":{"background-color":"","background-image":"","background-repeat":"repeat","background-position":"center center","background-size":"auto","background-attachment":"scroll","background-type":"","background-media":"","overlay-type":"","overlay-color":"","overlay-opacity":"","overlay-gradient":""},"mobile":{"background-color":"","background-image":"","background-repeat":"repeat","background-position":"center center","background-size":"auto","background-attachment":"scroll","background-type":"","background-media":"","overlay-type":"","overlay-color":"","overlay-opacity":"","overlay-gradient":""}},"ast-content-background-meta":{"desktop":{"background-color":"var(--ast-global-color-5)","background-image":"","background-repeat":"repeat","background-position":"center center","background-size":"auto","background-attachment":"scroll","background-type":"","background-media":"","overlay-type":"","overlay-color":"","overlay-opacity":"","overlay-gradient":""},"tablet":{"background-color":"var(--ast-global-color-5)","background-image":"","background-repeat":"repeat","background-position":"center center","background-size":"auto","background-attachment":"scroll","background-type":"","background-media":"","overlay-type":"","overlay-color":"","overlay-opacity":"","overlay-gradient":""},"mobile":{"background-color":"var(--ast-global-color-5)","background-image":"","background-repeat":"repeat","background-position":"center center","background-size":"auto","background-attachment":"scroll","background-type":"","background-media":"","overlay-type":"","overlay-color":"","overlay-opacity":"","overlay-gradient":""}},"footnotes":""},"class_list":["post-12851","page","type-page","status-publish","has-post-thumbnail","hentry"],"acf":[],"_links":{"self":[{"href":"https:\/\/vainionliikenne.fi\/sv\/wp-json\/wp\/v2\/pages\/12851","targetHints":{"allow":["GET"]}}],"collection":[{"href":"https:\/\/vainionliikenne.fi\/sv\/wp-json\/wp\/v2\/pages"}],"about":[{"href":"https:\/\/vainionliikenne.fi\/sv\/wp-json\/wp\/v2\/types\/page"}],"author":[{"embeddable":true,"href":"https:\/\/vainionliikenne.fi\/sv\/wp-json\/wp\/v2\/users\/5"}],"replies":[{"embeddable":true,"href":"https:\/\/vainionliikenne.fi\/sv\/wp-json\/wp\/v2\/comments?post=12851"}],"version-history":[{"count":11,"href":"https:\/\/vainionliikenne.fi\/sv\/wp-json\/wp\/v2\/pages\/12851\/revisions"}],"predecessor-version":[{"id":13055,"href":"https:\/\/vainionliikenne.fi\/sv\/wp-json\/wp\/v2\/pages\/12851\/revisions\/13055"}],"up":[{"embeddable":true,"href":"https:\/\/vainionliikenne.fi\/sv\/wp-json\/wp\/v2\/pages\/12840"}],"wp:featuredmedia":[{"embeddable":true,"href":"https:\/\/vainionliikenne.fi\/sv\/wp-json\/wp\/v2\/media\/13017"}],"wp:attachment":[{"href":"https:\/\/vainionliikenne.fi\/sv\/wp-json\/wp\/v2\/media?parent=12851"}],"curies":[{"name":"wp","href":"https:\/\/api.w.org\/{rel}","templated":true}]}}