{"id":12840,"date":"2025-09-03T13:12:32","date_gmt":"2025-09-03T10:12:32","guid":{"rendered":"https:\/\/vainionliikenne.fi\/?page_id=12840"},"modified":"2026-04-24T09:12:04","modified_gmt":"2026-04-24T06:12:04","slug":"transport-av-evenemang","status":"publish","type":"page","link":"https:\/\/vainionliikenne.fi\/sv\/tapahtumakuljetukset\/","title":{"rendered":"Evenemangstransport"},"content":{"rendered":"<p>Vi ordnar bussresor till olika sp\u00e4nnande evenemang och destinationer. Vi tar dig tryggt och bekv\u00e4mt utan parkeringsbekymmer hela v\u00e4gen fram och tillbaka hem. Du v\u00e4ljer sj\u00e4lv vilka aktiviteter du vill delta i och vad du vill \u00e4ta eller k\u00f6pa under dagen. P\u00e5 plats betalar du separat alla entr\u00e9avgifter och m\u00e5ltider, om inget annat anges. Vi erbjuder en intressant destination samt f\u00f6rslag p\u00e5 aktiviteter, shopping och matst\u00e4llen.<\/p>\n<p>Bussimatka ostetaan Matkahuollon verkkokaupasta tai tapahtumasta riippuen suoraan kuljettajalta.<\/p>\n\t<p>Observera! Utresan inkluderar returresan, s\u00e5 det finns inget behov av att k\u00f6pa en returbiljett separat.<\/p>\n<h2>\n\t\t\tKommande destinationer\t<\/h2>\n<h3>\n\t\t\t2026-06-05 och 2026-06-06\t<\/h3>\n\t<a href=\"https:\/\/vainionliikenne.fi\/sv\/transport-av-evenemang\/eppu-normaalis-konserter\/\"><strong>5.6. och 6.6.2026 Eppu Normaalis avskedskonserter p\u00e5 Bolt Arena i Helsingfors <\/strong><\/a><a href=\"https:\/\/vainionliikenne.fi\/sv\/transport-av-evenemang\/notkreatur-stenar-17-18-7-2026\/\"><strong>&gt;&gt;<\/strong><\/a><br \/>\nTransport: Fr\u00e5n \u00c5bo och fr\u00e5n Salo\n<h3>\n\t\t\t26.-27.6.2026\t<\/h3>\n\t<a href=\"https:\/\/vainionliikenne.fi\/sv\/transport-av-evenemang\/playadelraisio-26-27-6-2026\/\"><strong>26.-27.6.2026 Playa del Raisio strandfest <\/strong><\/a><a href=\"https:\/\/vainionliikenne.fi\/sv\/transport-av-evenemang\/notkreatur-stenar-17-18-7-2026\/\"><strong>&gt;&gt;<\/strong><\/a><br \/>\nTransport: Fr\u00e5n \u00c5bo\n<h3>\n\t\t\t11.7.2026\t<\/h3>\n\t<a href=\"https:\/\/vainionliikenne.fi\/sv\/transport-av-evenemang\/jattegryta-11-7-2026\/\"><strong>11.7.2026 Hiidenkirnu festival Vihti &gt;&gt;<\/strong><\/a><br \/>\nTransport: Fr\u00e5n Lojo och dessutom retur p\u00e5 natten till Helsingfors.\n<h3>\n\t\t\t16.7.2026\t<\/h3>\n\t<a href=\"https:\/\/vainionliikenne.fi\/sv\/transport-av-evenemang\/notkreatur-stenar-17-18-7-2026\/torsdag-med-sma-huvuden\/\"><strong>16.7.2026 Sm\u00e5barn &gt;&gt;<\/strong><\/a><br \/>\nTransport: Fr\u00e5n \u00c5bo, Reso, Lundo och Nystad\n<h3>\n\t\t\t17.7.2026 och 18.7.2026\t<\/h3>\n\t<a href=\"https:\/\/vainionliikenne.fi\/sv\/transport-av-evenemang\/notkreatur-stenar-17-18-7-2026\/\"><strong>17.7. och 18.7.2026 Karjurock &gt;&gt;<\/strong><\/a><br \/>\nTransport: fr\u00e5n \u00c5bo, Raumo och Gustavs\n<h3>\n\t\t\t6.8.2026, 7.8.2026 och 8.8.2026\t<\/h3>\n\t<strong><a href=\"https:\/\/vainionliikenne.fi\/sv\/transport-av-evenemang\/eppu-normaalis-konserter\/\">6.8., 7.8. och 8.8.2026 Eppu Normaalis avskedskonserter p\u00e5 Ratinastadion i Tammerfors <\/a><a href=\"https:\/\/vainionliikenne.fi\/sv\/transport-av-evenemang\/notkreatur-stenar-17-18-7-2026\/\">&gt;&gt;<\/a><br \/>\n<\/strong>Transport: Fr\u00e5n \u00c5bo och fr\u00e5n Salo\n<h3>\n\t\t\t15.8.2026\t<\/h3>\n\t<a href=\"https:\/\/vainionliikenne.fi\/sv\/transport-av-evenemang\/salofriendsmusik-15-8-2026\/\"><strong>15.8.2026 Salo V\u00e4nner &amp; Musikfestival &gt;&gt;<\/strong><\/a><br \/>\nTransport: Fr\u00e5n \u00c5bo","protected":false},"excerpt":{"rendered":"<p>J\u00e4rjest\u00e4mme bussikuljetuksia erilaisiin kiinnostaviin tapahtumiin ja kohteisiin. Me kuljetamme turvallisesti ja mukavasti, ilman pys\u00e4k\u00f6intihuolia perille ja takaisin kotiin. Sin\u00e4 valitset itse mihin perill\u00e4 osallistut ja mit\u00e4 p\u00e4iv\u00e4n aikana haluat sy\u00f6d\u00e4 tai ostaa. Kohteessa maksat erikseen kaikki p\u00e4\u00e4symaksut ja ruokailut, ellei toisin mainita. Tarjoamme mielenkiintoisen kohteen, sek\u00e4 ehdotuksia aktiviteeteist\u00e4, ostospaikoista ja ruokailumahdollisuuksista. Bussimatka ostetaan Matkahuollon verkkokaupasta [&hellip;]<\/p>\n","protected":false},"author":5,"featured_media":12681,"parent":0,"menu_order":14,"comment_status":"closed","ping_status":"closed","template":"","meta":{"_acf_changed":false,"inline_featured_image":false,"site-sidebar-layout":"default","site-content-layout":"page-builder","ast-site-content-layout":"default","site-content-style":"default","site-sidebar-style":"default","ast-global-header-display":"","ast-banner-title-visibility":"","ast-main-header-display":"","ast-hfb-above-header-display":"","ast-hfb-below-header-display":"","ast-hfb-mobile-header-display":"","site-post-title":"disabled","ast-breadcrumbs-content":"","ast-featured-img":"disabled","footer-sml-layout":"","ast-disable-related-posts":"","theme-transparent-header-meta":"default","adv-header-id-meta":"","stick-header-meta":"default","header-above-stick-meta":"","header-main-stick-meta":"","header-below-stick-meta":"","astra-migrate-meta-layouts":"set","ast-page-background-enabled":"default","ast-page-background-meta":{"desktop":{"background-color":"var(--ast-global-color-4)","background-image":"","background-repeat":"repeat","background-position":"center center","background-size":"auto","background-attachment":"scroll","background-type":"","background-media":"","overlay-type":"","overlay-color":"","overlay-opacity":"","overlay-gradient":""},"tablet":{"background-color":"","background-image":"","background-repeat":"repeat","background-position":"center center","background-size":"auto","background-attachment":"scroll","background-type":"","background-media":"","overlay-type":"","overlay-color":"","overlay-opacity":"","overlay-gradient":""},"mobile":{"background-color":"","background-image":"","background-repeat":"repeat","background-position":"center center","background-size":"auto","background-attachment":"scroll","background-type":"","background-media":"","overlay-type":"","overlay-color":"","overlay-opacity":"","overlay-gradient":""}},"ast-content-background-meta":{"desktop":{"background-color":"var(--ast-global-color-5)","background-image":"","background-repeat":"repeat","background-position":"center center","background-size":"auto","background-attachment":"scroll","background-type":"","background-media":"","overlay-type":"","overlay-color":"","overlay-opacity":"","overlay-gradient":""},"tablet":{"background-color":"var(--ast-global-color-5)","background-image":"","background-repeat":"repeat","background-position":"center center","background-size":"auto","background-attachment":"scroll","background-type":"","background-media":"","overlay-type":"","overlay-color":"","overlay-opacity":"","overlay-gradient":""},"mobile":{"background-color":"var(--ast-global-color-5)","background-image":"","background-repeat":"repeat","background-position":"center center","background-size":"auto","background-attachment":"scroll","background-type":"","background-media":"","overlay-type":"","overlay-color":"","overlay-opacity":"","overlay-gradient":""}},"footnotes":""},"class_list":["post-12840","page","type-page","status-publish","has-post-thumbnail","hentry"],"acf":[],"_links":{"self":[{"href":"https:\/\/vainionliikenne.fi\/sv\/wp-json\/wp\/v2\/pages\/12840","targetHints":{"allow":["GET"]}}],"collection":[{"href":"https:\/\/vainionliikenne.fi\/sv\/wp-json\/wp\/v2\/pages"}],"about":[{"href":"https:\/\/vainionliikenne.fi\/sv\/wp-json\/wp\/v2\/types\/page"}],"author":[{"embeddable":true,"href":"https:\/\/vainionliikenne.fi\/sv\/wp-json\/wp\/v2\/users\/5"}],"replies":[{"embeddable":true,"href":"https:\/\/vainionliikenne.fi\/sv\/wp-json\/wp\/v2\/comments?post=12840"}],"version-history":[{"count":11,"href":"https:\/\/vainionliikenne.fi\/sv\/wp-json\/wp\/v2\/pages\/12840\/revisions"}],"predecessor-version":[{"id":13530,"href":"https:\/\/vainionliikenne.fi\/sv\/wp-json\/wp\/v2\/pages\/12840\/revisions\/13530"}],"wp:featuredmedia":[{"embeddable":true,"href":"https:\/\/vainionliikenne.fi\/sv\/wp-json\/wp\/v2\/media\/12681"}],"wp:attachment":[{"href":"https:\/\/vainionliikenne.fi\/sv\/wp-json\/wp\/v2\/media?parent=12840"}],"curies":[{"name":"wp","href":"https:\/\/api.w.org\/{rel}","templated":true}]}}