{"id":12621,"date":"2025-04-30T13:13:15","date_gmt":"2025-04-30T10:13:15","guid":{"rendered":"https:\/\/vainionliikenne.fi\/?page_id=12621"},"modified":"2025-08-11T14:35:32","modified_gmt":"2025-08-11T11:35:32","slug":"festivaltransport-for-sommaren-2025","status":"publish","type":"page","link":"https:\/\/vainionliikenne.fi\/sv\/kesan-2025-festarikuljetukset\/","title":{"rendered":"Festivaltransport f\u00f6r sommaren 2025"},"content":{"rendered":"<h2>\n\t\t\tVainion Transports festivalbussbiljetter finns nu till f\u00f6rs\u00e4ljning hos Ticketmasters!\t<\/h2>\n\t<h3>Biljetter kan ocks\u00e5 k\u00f6pas fr\u00e5n f\u00f6raren i bilen.<\/h3>\n\t<p><strong><a href=\"https:\/\/www.ticketmaster.fi\/event\/salo-friends-music-festival-2025-perjantai-festivaalibussit-lippuja\/1591301303\" target=\"_blank\" rel=\"noopener\">Salo Friends &amp; Music Festival 2025 (15. &#8211; 16.8.)<\/a><\/strong><\/p>\n<p>&nbsp;<\/p>\n<p><img loading=\"lazy\" decoding=\"async\" src=\"https:\/\/vainionliikenne.fi\/wp-content\/uploads\/2025\/08\/Nayttokuva-2025-08-11-142023.png\" alt=\"\" width=\"554\" height=\"886\" \/><\/p>\n<p>&nbsp;<\/p>\n<p>Hiidenkirnu 2025 (11. &#8211; 12.7.)<\/p>\n<p>Karjurock 2025 (18. &#8211; 19.7.)<\/p>\n<p>DBTL 2025 (24. &#8211; 26.7.)<\/p>\n<p>SmugglerRok 2025 (1. &#8211; 2.8.)<\/p>\n<p>Holjat 2025 (8. &#8211; 9.8.)<\/p>\n<p>&nbsp;<\/p>\n<p><strong>K\u00f6p dina biljetter nu!<\/strong><\/p>\n\t<p>I samarbete med<\/p>\n<p><img loading=\"lazy\" decoding=\"async\" src=\"https:\/\/vainionliikenne.fi\/wp-content\/uploads\/2025\/04\/United-Festivals.jpg\" alt=\"\" width=\"213\" height=\"95\" \/><\/p>\n<h1><img loading=\"lazy\" decoding=\"async\" src=\"https:\/\/vainionliikenne.fi\/wp-content\/uploads\/2025\/04\/Ticketmaster.jpg\" alt=\"\" width=\"211\" height=\"83\" \/><\/h1>","protected":false},"excerpt":{"rendered":"<p>Vainion Liikenteen festarikuljetusten bussiliput ovat nyt myynniss\u00e4 Ticketmastersilla! Lippuja ostettavissa my\u00f6s autosta kuljettajalta. Salo Friends &amp; Music Festival 2025 (15. &#8211; 16.8.) &nbsp; &nbsp; Hiidenkirnu 2025 (11. &#8211; 12.7.) Karjurock 2025 (18. &#8211; 19.7.) DBTL 2025 (24. &#8211; 26.7.) SmugglerRok 2025 (1. &#8211; 2.8.) Holjat 2025 (8. &#8211; 9.8.) &nbsp; Osta lippusi nyt! Yhteisty\u00f6ss\u00e4<\/p>","protected":false},"author":7,"featured_media":12254,"parent":0,"menu_order":0,"comment_status":"closed","ping_status":"closed","template":"","meta":{"_acf_changed":false,"inline_featured_image":false,"site-sidebar-layout":"default","site-content-layout":"","ast-site-content-layout":"default","site-content-style":"default","site-sidebar-style":"default","ast-global-header-display":"","ast-banner-title-visibility":"","ast-main-header-display":"","ast-hfb-above-header-display":"","ast-hfb-below-header-display":"","ast-hfb-mobile-header-display":"","site-post-title":"","ast-breadcrumbs-content":"","ast-featured-img":"","footer-sml-layout":"","ast-disable-related-posts":"","theme-transparent-header-meta":"default","adv-header-id-meta":"","stick-header-meta":"default","header-above-stick-meta":"","header-main-stick-meta":"","header-below-stick-meta":"","astra-migrate-meta-layouts":"set","ast-page-background-enabled":"default","ast-page-background-meta":{"desktop":{"background-color":"var(--ast-global-color-4)","background-image":"","background-repeat":"repeat","background-position":"center center","background-size":"auto","background-attachment":"scroll","background-type":"","background-media":"","overlay-type":"","overlay-color":"","overlay-opacity":"","overlay-gradient":""},"tablet":{"background-color":"","background-image":"","background-repeat":"repeat","background-position":"center center","background-size":"auto","background-attachment":"scroll","background-type":"","background-media":"","overlay-type":"","overlay-color":"","overlay-opacity":"","overlay-gradient":""},"mobile":{"background-color":"","background-image":"","background-repeat":"repeat","background-position":"center center","background-size":"auto","background-attachment":"scroll","background-type":"","background-media":"","overlay-type":"","overlay-color":"","overlay-opacity":"","overlay-gradient":""}},"ast-content-background-meta":{"desktop":{"background-color":"var(--ast-global-color-5)","background-image":"","background-repeat":"repeat","background-position":"center center","background-size":"auto","background-attachment":"scroll","background-type":"","background-media":"","overlay-type":"","overlay-color":"","overlay-opacity":"","overlay-gradient":""},"tablet":{"background-color":"var(--ast-global-color-5)","background-image":"","background-repeat":"repeat","background-position":"center center","background-size":"auto","background-attachment":"scroll","background-type":"","background-media":"","overlay-type":"","overlay-color":"","overlay-opacity":"","overlay-gradient":""},"mobile":{"background-color":"var(--ast-global-color-5)","background-image":"","background-repeat":"repeat","background-position":"center center","background-size":"auto","background-attachment":"scroll","background-type":"","background-media":"","overlay-type":"","overlay-color":"","overlay-opacity":"","overlay-gradient":""}},"footnotes":""},"class_list":["post-12621","page","type-page","status-publish","has-post-thumbnail","hentry"],"acf":[],"_links":{"self":[{"href":"https:\/\/vainionliikenne.fi\/sv\/wp-json\/wp\/v2\/pages\/12621","targetHints":{"allow":["GET"]}}],"collection":[{"href":"https:\/\/vainionliikenne.fi\/sv\/wp-json\/wp\/v2\/pages"}],"about":[{"href":"https:\/\/vainionliikenne.fi\/sv\/wp-json\/wp\/v2\/types\/page"}],"author":[{"embeddable":true,"href":"https:\/\/vainionliikenne.fi\/sv\/wp-json\/wp\/v2\/users\/7"}],"replies":[{"embeddable":true,"href":"https:\/\/vainionliikenne.fi\/sv\/wp-json\/wp\/v2\/comments?post=12621"}],"version-history":[{"count":11,"href":"https:\/\/vainionliikenne.fi\/sv\/wp-json\/wp\/v2\/pages\/12621\/revisions"}],"predecessor-version":[{"id":12815,"href":"https:\/\/vainionliikenne.fi\/sv\/wp-json\/wp\/v2\/pages\/12621\/revisions\/12815"}],"wp:featuredmedia":[{"embeddable":true,"href":"https:\/\/vainionliikenne.fi\/sv\/wp-json\/wp\/v2\/media\/12254"}],"wp:attachment":[{"href":"https:\/\/vainionliikenne.fi\/sv\/wp-json\/wp\/v2\/media?parent=12621"}],"curies":[{"name":"wp","href":"https:\/\/api.w.org\/{rel}","templated":true}]}}