{"id":12107,"date":"2024-11-15T15:51:12","date_gmt":"2024-11-15T13:51:12","guid":{"rendered":"https:\/\/priceless-kowalevski.31-187-85-39.plesk.page\/?page_id=12107"},"modified":"2026-03-24T16:28:11","modified_gmt":"2026-03-24T14:28:11","slug":"tillganglighet","status":"publish","type":"page","link":"https:\/\/vainionliikenne.fi\/sv\/esteettomyys\/","title":{"rendered":"Tillg\u00e4nglighet"},"content":{"rendered":"<h3>Rullstolsanpassad buss<\/h3>\r\n<p>I charterbussar erbjuder Vainion Liikenne en rullstolsanpassad hiss, som g\u00f6r det m\u00f6jligt f\u00f6r rullstolsanv\u00e4ndare att resa obehindrat.<\/p>\r\n<p><img loading=\"lazy\" decoding=\"async\" title=\"1-IMG_6291\" src=\"https:\/\/vainionliikenne.fi\/wp-content\/uploads\/2024\/11\/1-IMG_6291.jpg\" alt=\"Det \u00e4r enkelt f\u00f6r chauff\u00f6ren att skuffa rullstolen p\u00e5 hissen.\" width=\"1920\" height=\"1080\" \/> Det \u00e4r enkelt f\u00f6r chauff\u00f6ren att skuffa rullstolen p\u00e5 hissen. <img loading=\"lazy\" decoding=\"async\" title=\"3-IMG_6299\" src=\"https:\/\/vainionliikenne.fi\/wp-content\/uploads\/2024\/11\/3-IMG_6299.jpg\" alt=\"Hissen stiger sakta upp till d\u00f6rrens niv\u00e5.\" width=\"1920\" height=\"1080\" \/> Hissen stiger sakta upp till d\u00f6rrens niv\u00e5. <img loading=\"lazy\" decoding=\"async\" title=\"4-IMG_6304\" src=\"https:\/\/vainionliikenne.fi\/wp-content\/uploads\/2024\/11\/4-IMG_6304.jpg\" alt=\"D\u00e5 det inte finns n\u00e5gon tr\u00f6skel kommer rullstolen smidigt in i bussen.\" width=\"1920\" height=\"1080\" \/> D\u00e5 det inte finns n\u00e5gon tr\u00f6skel kommer rullstolen smidigt in i bussen. <img loading=\"lazy\" decoding=\"async\" title=\"5-IMG_6371\" src=\"https:\/\/vainionliikenne.fi\/wp-content\/uploads\/2024\/11\/5-IMG_6371.jpg\" alt=\"Rullstolen f\u00e4ster man stabilt i r\u00e4lerna p\u00e5 golvet. Trevlig resa!\" width=\"1920\" height=\"1080\" \/> Rullstolen f\u00e4ster man stabilt i r\u00e4lerna p\u00e5 golvet. Trevlig resa!<\/p>","protected":false},"excerpt":{"rendered":"<p>Py\u00f6r\u00e4tuolilla esteett\u00f6m\u00e4sti linja-autoon Vainion Liikenne tarjoaa tilausajolinja-autoissaan invanostimen, jolloin py\u00f6r\u00e4tuolilla liikkuvat p\u00e4\u00e4sev\u00e4t matkaan esteett\u00f6m\u00e4sti. Kuljettajan on helppo ty\u00f6nt\u00e4\u00e4 py\u00f6r\u00e4tuoli invanostimelle. Hissi nousee oven tasolle rauhallisesti. Kynnykset\u00f6n alusta helpottaa py\u00f6r\u00e4tuolin siirtoa linja-autoon. Py\u00f6r\u00e4tuoli kiinnitet\u00e4\u00e4n tukevasti lattiassa oleviin kiskoihin. Hyv\u00e4\u00e4 matkaa!<\/p>","protected":false},"author":5,"featured_media":0,"parent":0,"menu_order":0,"comment_status":"closed","ping_status":"closed","template":"","meta":{"_acf_changed":false,"inline_featured_image":false,"site-sidebar-layout":"no-sidebar","site-content-layout":"page-builder","ast-site-content-layout":"full-width-container","site-content-style":"default","site-sidebar-style":"default","ast-global-header-display":"","ast-banner-title-visibility":"","ast-main-header-display":"","ast-hfb-above-header-display":"","ast-hfb-below-header-display":"","ast-hfb-mobile-header-display":"","site-post-title":"disabled","ast-breadcrumbs-content":"","ast-featured-img":"disabled","footer-sml-layout":"","ast-disable-related-posts":"","theme-transparent-header-meta":"default","adv-header-id-meta":"","stick-header-meta":"default","header-above-stick-meta":"","header-main-stick-meta":"","header-below-stick-meta":"","astra-migrate-meta-layouts":"set","ast-page-background-enabled":"default","ast-page-background-meta":{"desktop":{"background-color":"var(--ast-global-color-4)","background-image":"","background-repeat":"repeat","background-position":"center center","background-size":"auto","background-attachment":"scroll","background-type":"","background-media":"","overlay-type":"","overlay-color":"","overlay-opacity":"","overlay-gradient":""},"tablet":{"background-color":"","background-image":"","background-repeat":"repeat","background-position":"center center","background-size":"auto","background-attachment":"scroll","background-type":"","background-media":"","overlay-type":"","overlay-color":"","overlay-opacity":"","overlay-gradient":""},"mobile":{"background-color":"","background-image":"","background-repeat":"repeat","background-position":"center center","background-size":"auto","background-attachment":"scroll","background-type":"","background-media":"","overlay-type":"","overlay-color":"","overlay-opacity":"","overlay-gradient":""}},"ast-content-background-meta":{"desktop":{"background-color":"var(--ast-global-color-5)","background-image":"","background-repeat":"repeat","background-position":"center center","background-size":"auto","background-attachment":"scroll","background-type":"","background-media":"","overlay-type":"","overlay-color":"","overlay-opacity":"","overlay-gradient":""},"tablet":{"background-color":"var(--ast-global-color-5)","background-image":"","background-repeat":"repeat","background-position":"center center","background-size":"auto","background-attachment":"scroll","background-type":"","background-media":"","overlay-type":"","overlay-color":"","overlay-opacity":"","overlay-gradient":""},"mobile":{"background-color":"var(--ast-global-color-5)","background-image":"","background-repeat":"repeat","background-position":"center center","background-size":"auto","background-attachment":"scroll","background-type":"","background-media":"","overlay-type":"","overlay-color":"","overlay-opacity":"","overlay-gradient":""}},"footnotes":""},"class_list":["post-12107","page","type-page","status-publish","hentry"],"acf":[],"_links":{"self":[{"href":"https:\/\/vainionliikenne.fi\/sv\/wp-json\/wp\/v2\/pages\/12107","targetHints":{"allow":["GET"]}}],"collection":[{"href":"https:\/\/vainionliikenne.fi\/sv\/wp-json\/wp\/v2\/pages"}],"about":[{"href":"https:\/\/vainionliikenne.fi\/sv\/wp-json\/wp\/v2\/types\/page"}],"author":[{"embeddable":true,"href":"https:\/\/vainionliikenne.fi\/sv\/wp-json\/wp\/v2\/users\/5"}],"replies":[{"embeddable":true,"href":"https:\/\/vainionliikenne.fi\/sv\/wp-json\/wp\/v2\/comments?post=12107"}],"version-history":[{"count":12,"href":"https:\/\/vainionliikenne.fi\/sv\/wp-json\/wp\/v2\/pages\/12107\/revisions"}],"predecessor-version":[{"id":13455,"href":"https:\/\/vainionliikenne.fi\/sv\/wp-json\/wp\/v2\/pages\/12107\/revisions\/13455"}],"wp:attachment":[{"href":"https:\/\/vainionliikenne.fi\/sv\/wp-json\/wp\/v2\/media?parent=12107"}],"curies":[{"name":"wp","href":"https:\/\/api.w.org\/{rel}","templated":true}]}}