{"id":12021,"date":"2024-11-13T16:46:55","date_gmt":"2024-11-13T14:46:55","guid":{"rendered":"https:\/\/priceless-kowalevski.31-187-85-39.plesk.page\/?page_id=12021"},"modified":"2026-04-28T14:59:43","modified_gmt":"2026-04-28T11:59:43","slug":"vainion-liikenne-biljettinformation","status":"publish","type":"page","link":"https:\/\/vainionliikenne.fi\/sv\/vainion-liikenteen-lipputietoa\/","title":{"rendered":"Vainion Liikenne biljettinformation"},"content":{"rendered":"<h3>Eng\u00e5ngsavgift<\/h3>\n<p>Eng\u00e5ngsavgiften \u00e4r det taxienliga priset f\u00f6r en enkel resa som betalas ombord p\u00e5 bussen. F\u00f6rutom kontanter accepteras reserutter som s\u00e4ljs av Matkahuolto som betalningsmedel p\u00e5 v\u00e5ra bussar. Du kan betala f\u00f6r din resa p\u00e5 bussen med ett bank- eller kreditkort eller en kontaktl\u00f6s betalning med din mobil enhet.<\/p>\n<h3>Barnbiljett<\/h3>\n<p>Barn under 12 \u00e5r f\u00e5r rabatt p\u00e5 biljettpriset. Varje passagerare som betalar fullt pris f\u00e5r ta med sig tv\u00e5 barn under 4 \u00e5r gratis.<\/p>\n<h3>Ungdomsbiljett<\/h3>\n<p>Passagerare i \u00e5ldern 12\u201316 \u00e5r f\u00e5r rabatt p\u00e5 resor \u00f6ver 60 km p\u00e5 alla v\u00e5ra linjer.<\/p>\n<h3>Studentbiljett<\/h3>\n<p>Studerande f\u00e5r rabatt p\u00e5 resor \u00f6ver 60 km genom att visa upp ett studiekort med MH-logotyp.<\/p>\n<h3>65+ biljett<\/h3>\n<p>Passagerare som \u00e4r 65 \u00e5r och \u00e4ldre f\u00e5r rabatt p\u00e5 resor \u00f6ver 30 km. Pension\u00e4rer under 65 \u00e5r har r\u00e4tt till samma rabatt genom att visa upp ett FPA-kort med beteckningen \"pension\u00e4r\" eller ett pensionskort med MH-logotyp.<\/p>\n<h3>V\u00e4rnpliktiga<\/h3>\n<p>V\u00e4rnpliktiga och civiltj\u00e4nstg\u00f6rare f\u00e5r rabatt p\u00e5 resor \u00f6ver 60 km vid betalning med kontanter och uppvisande av v\u00e4rnpliktskort eller civiltj\u00e4nstintyg.<\/p>\n<h3>Internetbiljett<\/h3>\n<p>Bussbiljetter kan ocks\u00e5 k\u00f6pas i Matkahuoltos webbutik p\u00e5\u00a0<a href=\"https:\/\/www.matkahuolto.fi\/sv\" target=\"_blank\" rel=\"noopener noreferrer\">www.matkahuolto.fi\/sv<\/a>. Ett stort antal biljetter till specialpris finns ocks\u00e5 tillg\u00e4ngliga online. En internetbiljett kan k\u00f6pas upp till 30 dagar f\u00f6re avg\u00e5ngen. Den m\u00e5ste k\u00f6pas minst 10 minuter innan avg\u00e5ng fr\u00e5n avg\u00e5ngsstationen. Biljetten \u00e4r endast giltig f\u00f6r det angivna datumet och turen. Internetbiljetter \u00e5terbetalas eller byts inte.<\/p>\n<h3>Gruppbiljett<\/h3>\n<p>En grupp p\u00e5 minst tre personer f\u00e5r 25 % rabatt p\u00e5 resor \u00f6ver 60 km. Gruppbiljetter m\u00e5ste k\u00f6pas i f\u00f6rv\u00e4g fr\u00e5n Matkahuolto.<\/p>\n<h3>Serie- och periodbiljetter<\/h3>\n<p>Regelbundna bussresen\u00e4rer kan spara avsev\u00e4rt p\u00e5 resekostnader genom att k\u00f6pa en serie- eller periodbiljett. Biljetten k\u00f6ps i Matkahuoltos Matkat-appen, som du kan ladda ner till din mobila enhet fr\u00e5n appbutiken. Mer information f\u00e5r du fr\u00e5n Matkahuolto., <a href=\"https:\/\/www.matkahuolto.fi\/sv\" target=\"_blank\" rel=\"noopener noreferrer\">www.matkahuolto.fi\/sv.<\/a><\/p>\n<h3>Husdjur<\/h3>\n<p>Vanliga husdjur kan transporteras p\u00e5 bussen med en f\u00f6ljeslagare och p\u00e5 f\u00f6ljeslagarens ansvar, om det finns utrymme p\u00e5 bussen. Husdjuren placeras s\u00e5 att de orsakar minsta m\u00f6jliga ol\u00e4genhet f\u00f6r medpassagerare. Husdjur f\u00e5r inte placeras p\u00e5 s\u00e4tena eller h\u00e5llas l\u00f6sa. Husdjur reser gratis. Allergiska passagerare som redan sitter i bussen har r\u00e4tt att v\u00e4lja sin plats f\u00f6rst. Medpassagerare kan dock inte hindra att en servicehund tas i bilen.<\/p>\n<h3>Bagage<\/h3>\n<p>Normalt bagage (h\u00f6gst tv\u00e5 resv\u00e4skor), skidor och barnvagn som en passagerare har med sig transporteras avgiftsfritt. F\u00f6r \u00f6vriga varor g\u00e4ller en fraktavgift enligt frakttariffen.<\/p>\n<h3>Cyklar<\/h3>\n<p>Cyklar transporteras p\u00e5 kundens eget ansvar om utrymme till\u00e5ter. P\u00e5 vissa turer kan du k\u00f6pa en plats f\u00f6r din cykel i f\u00f6rv\u00e4g via Matkahuolto i samband med biljettk\u00f6pet. Beroende p\u00e5 resans l\u00e4ngd \u00e4r transportavgiften f\u00f6r cyklar 5 \u2013 15 euro.<\/p>\n<h3>Snabbtur<\/h3>\n<p>Snabbturer stannar endast vid de h\u00e5llplatser som anges i tidtabellen.<\/p>\n<h3>Radio<\/h3>\n<p>Radio f\u00e5r anv\u00e4ndas p\u00e5 v\u00e5ra bussar s\u00e5 l\u00e4nge det inte st\u00f6r andra passagerare. Om ens en passagerare beg\u00e4r det, st\u00e4ngs radion av.<\/p>\n<h3>Ordningspolicy<\/h3>\n<p>Alla busspassagerare har r\u00e4tt till en st\u00f6rningsfri bussresa. Busspersonalen ska ges arbetsro. Busspersonalen har r\u00e4tt att avl\u00e4gsna en st\u00f6kig passagerare fr\u00e5n bussen om han eller hon trots busspersonalens f\u00f6rbud forts\u00e4tter att orsaka st\u00f6rning. Om passageraren inte genast kan avl\u00e4gsnas har busspersonalen r\u00e4tt att vid behov ta fast honom eller henne, tills det \u00e4r m\u00f6jligt att avl\u00e4gsna honom eller henne.<\/p>\n<h3>F\u00f6rsenade eller inst\u00e4llda turer<\/h3>\n<p>Passagerare b\u00f6r vara beredda p\u00e5 m\u00f6jliga f\u00f6rseningar p\u00e5 grund av sv\u00e5ra v\u00e4derf\u00f6rh\u00e5llanden eller trafikstockningar. Observera att tidtabellerna kan variera p\u00e5 helgdagar.<\/p>\n<p>Eventuella ers\u00e4ttningar f\u00f6r f\u00f6rseningar eller inst\u00e4llda turer behandlas fr\u00e5n fall till fall. Om en f\u00f6rsening eller inst\u00e4lld tur riskerar att orsaka extra resekostnader b\u00f6r passageraren omedelbart kontakta bussbolaget.<\/p>\n<p>Bussbolaget ansvarar inte f\u00f6r extra skador som passageraren rimligen hade kunnat undvika genom egna \u00e5tg\u00e4rder.<\/p>\n<p>F\u00f6retaget \u00e4r inte ers\u00e4ttningsskyldigt f\u00f6r kostnader som uppst\u00e5r f\u00f6r kunden om f\u00f6rseningen eller inst\u00e4llelsen beror p\u00e5 force majeure utanf\u00f6r f\u00f6retagets kontroll.<\/p>\n<h3>L\u00e4nkar<\/h3>\n<p><a href=\"https:\/\/vainionliikenne.fi\/wp-content\/uploads\/2026\/04\/Taksat-Vainio-20260501-nettiin.pdf\">Vainion Liikenteen priser 2026-05-01 (PDF)<\/a><\/p>\n<p><a href=\"https:\/\/www.matkahuolto.fi\/sv\" target=\"_blank\" rel=\"noopener noreferrer\">www.matkahuolto.fi\/sv<\/a><\/p>\n<h3>Hittegods<\/h3>\n<p>Du kan fr\u00e5ga om f\u00f6rem\u00e5l som gl\u00f6mts kvar i fordon p\u00e5 f\u00f6ljande s\u00e4tt:<\/p>\n<ul>\n<li class=\"translation-block\">Hittegods fr\u00e5n <strong>\u00c5bo \u2013 Helsingfors-Vanda flygplats<\/strong> linjer och <strong>lokaltrafiken i Salo<\/strong> levereras till v\u00e5rt dep\u00e5 i Salo. Du kan fr\u00e5ga om dem per telefon eller via v\u00e5r feedbacksida.<br>\nJ. Vainion Liikenne Oy<br>\nHossiankatu 3, 24240 Salo<br>\nTel: +358 2 777 330, \u00f6ppet p\u00e5 vardagar kl. 8\u201316<br>\n<a href=\"https:\/\/vainionliikenne.fi\/sv\/\" target=\"_self\">www.vainionliikenne.fi<\/a><\/li>\n<\/ul>\n<ul>\n<li class=\"translation-block\">Hittegods fr\u00e5n <strong>Helsingfors \u2013 Lojo \u2013 Virkby \u2013 Ing\u00e5<\/strong> linjer levereras till Hittegodskontoret i Kampens centrum, Helsingfors.<br>\nH.T.P palvelut Oy \/ L\u00f6yt\u00f6tavaratoimisto Suomen L\u00f6yt\u00f6tavarapiste<br>\nNarinkka 3,<br>\nKampin Centrum<br>\n00100 Helsingfors<br>\n<a href=\"http:\/\/www.htp-palvelut.com\/loytotavarapiste\" target=\"_blank\" rel=\"noopener\">http:\/\/www.htp-palvelut.com\/loytotavarapiste<\/a><\/li>\n<\/ul>\n<ul>\n<li>\n<ul>\n<li>Fr\u00e5gor om hittegods: vardagar kl. 9\u201317, tel: 0600 04401 (1,99\u20ac\/min + lokal n\u00e4tverksavgift)<br \/>\nElektronisk hittegodsfr\u00e5ga (5\u20ac): <a href=\"https:\/\/katoamisilmoitus.htp-palvelut.com\/\" target=\"_blank\" rel=\"noopener\">https:\/\/katoamisilmoitus.htp-palvelut.com\/<\/a><\/li>\n<li>Bes\u00f6k p\u00e5 kontoret: Narinkka 3, Kampens k\u00f6pcentrum, vid Metrosuutarit Kamppi<\/li>\n<li>Hittegodskontorets \u00f6ppettider: m\u00e5ndag: 9\u201311, onsdag: 9\u201311, fredag: 16\u201318.<\/li>\n<li>Kontoret \u00e4r st\u00e4ngt p\u00e5 helgdagsaftnar och helgdagar<\/li>\n<li>F\u00f6r fr\u00e5gor om nyligen f\u00f6rlorade f\u00f6rem\u00e5l och h\u00e4mtning, kontakta Kampens bagagef\u00f6rvaring:<br \/>\nM\u00e5\u2013fr: 10\u201320, l\u00f6: 10\u201319, s\u00f6: 12\u201318<\/li>\n<\/ul>\n<\/li>\n<\/ul>","protected":false},"excerpt":{"rendered":"<p>Kertamaksu Kertamaksu on bussissa maksettava taksanmukainen hinta yhdensuuntaisesta matkasta. Maksuv\u00e4lineen\u00e4 busseissamme k\u00e4yv\u00e4t k\u00e4teisen rahan lis\u00e4ksi Matkahuollon myym\u00e4t matkaliput. Matkan voi maksaa my\u00f6s pankki- ja luottokortilla. Lastenlippu Alle 12-vuotiaat lapset saavat alennuksen lipun hinnasta. Jokaista t\u00e4yden hinnan maksanutta matkustajaa saa seurata maksutta kaksi alle 4-vuotiasta lasta. Nuorisolippu 12-16-vuotiaat saavat kaikissa vuoroissamme yli 60 km:n matkalla alennuksen. [&hellip;]<\/p>\n","protected":false},"author":5,"featured_media":0,"parent":0,"menu_order":0,"comment_status":"closed","ping_status":"closed","template":"","meta":{"_acf_changed":false,"inline_featured_image":false,"site-sidebar-layout":"no-sidebar","site-content-layout":"page-builder","ast-site-content-layout":"full-width-container","site-content-style":"default","site-sidebar-style":"default","ast-global-header-display":"","ast-banner-title-visibility":"","ast-main-header-display":"","ast-hfb-above-header-display":"","ast-hfb-below-header-display":"","ast-hfb-mobile-header-display":"","site-post-title":"disabled","ast-breadcrumbs-content":"","ast-featured-img":"disabled","footer-sml-layout":"","ast-disable-related-posts":"","theme-transparent-header-meta":"default","adv-header-id-meta":"","stick-header-meta":"default","header-above-stick-meta":"","header-main-stick-meta":"","header-below-stick-meta":"","astra-migrate-meta-layouts":"set","ast-page-background-enabled":"default","ast-page-background-meta":{"desktop":{"background-color":"var(--ast-global-color-4)","background-image":"","background-repeat":"repeat","background-position":"center center","background-size":"auto","background-attachment":"scroll","background-type":"","background-media":"","overlay-type":"","overlay-color":"","overlay-opacity":"","overlay-gradient":""},"tablet":{"background-color":"","background-image":"","background-repeat":"repeat","background-position":"center center","background-size":"auto","background-attachment":"scroll","background-type":"","background-media":"","overlay-type":"","overlay-color":"","overlay-opacity":"","overlay-gradient":""},"mobile":{"background-color":"","background-image":"","background-repeat":"repeat","background-position":"center center","background-size":"auto","background-attachment":"scroll","background-type":"","background-media":"","overlay-type":"","overlay-color":"","overlay-opacity":"","overlay-gradient":""}},"ast-content-background-meta":{"desktop":{"background-color":"var(--ast-global-color-5)","background-image":"","background-repeat":"repeat","background-position":"center center","background-size":"auto","background-attachment":"scroll","background-type":"","background-media":"","overlay-type":"","overlay-color":"","overlay-opacity":"","overlay-gradient":""},"tablet":{"background-color":"var(--ast-global-color-5)","background-image":"","background-repeat":"repeat","background-position":"center center","background-size":"auto","background-attachment":"scroll","background-type":"","background-media":"","overlay-type":"","overlay-color":"","overlay-opacity":"","overlay-gradient":""},"mobile":{"background-color":"var(--ast-global-color-5)","background-image":"","background-repeat":"repeat","background-position":"center center","background-size":"auto","background-attachment":"scroll","background-type":"","background-media":"","overlay-type":"","overlay-color":"","overlay-opacity":"","overlay-gradient":""}},"footnotes":""},"class_list":["post-12021","page","type-page","status-publish","hentry"],"acf":[],"_links":{"self":[{"href":"https:\/\/vainionliikenne.fi\/sv\/wp-json\/wp\/v2\/pages\/12021","targetHints":{"allow":["GET"]}}],"collection":[{"href":"https:\/\/vainionliikenne.fi\/sv\/wp-json\/wp\/v2\/pages"}],"about":[{"href":"https:\/\/vainionliikenne.fi\/sv\/wp-json\/wp\/v2\/types\/page"}],"author":[{"embeddable":true,"href":"https:\/\/vainionliikenne.fi\/sv\/wp-json\/wp\/v2\/users\/5"}],"replies":[{"embeddable":true,"href":"https:\/\/vainionliikenne.fi\/sv\/wp-json\/wp\/v2\/comments?post=12021"}],"version-history":[{"count":12,"href":"https:\/\/vainionliikenne.fi\/sv\/wp-json\/wp\/v2\/pages\/12021\/revisions"}],"predecessor-version":[{"id":13545,"href":"https:\/\/vainionliikenne.fi\/sv\/wp-json\/wp\/v2\/pages\/12021\/revisions\/13545"}],"wp:attachment":[{"href":"https:\/\/vainionliikenne.fi\/sv\/wp-json\/wp\/v2\/media?parent=12021"}],"curies":[{"name":"wp","href":"https:\/\/api.w.org\/{rel}","templated":true}]}}