{"id":11990,"date":"2024-11-13T14:55:19","date_gmt":"2024-11-13T12:55:19","guid":{"rendered":"https:\/\/priceless-kowalevski.31-187-85-39.plesk.page\/?page_id=11990"},"modified":"2026-04-08T08:26:33","modified_gmt":"2026-04-08T05:26:33","slug":"information-for-passagerare","status":"publish","type":"page","link":"https:\/\/vainionliikenne.fi\/sv\/tietoa-matkustajille\/","title":{"rendered":"Information f\u00f6r passagerare"},"content":{"rendered":"F\u00f6r att stanna bussen ska passageraren visa ett tydligt stopptecken. Vid m\u00f6rker rekommenderas att anv\u00e4nda reflex eller till exempel mobiltelefonens sk\u00e4rmljus f\u00f6r att signalera stopp. N\u00e4r passageraren vill stiga av bussen b\u00f6r stopptecknet visas i god tid.<br \/>\nKlocktiderna i v\u00e5ra tidtabeller \u00e4r riktgivande, och bussarna f\u00e5r aldrig k\u00f6ra f\u00f6rbi h\u00e5llplatser f\u00f6re angivna tider. Vi str\u00e4var efter att v\u00e5ra turer f\u00f6ljer tidtabellerna. Ibland kan f\u00f6rseningar eller rutt\u00e4ndringar uppst\u00e5 p\u00e5 grund av v\u00e4der- eller trafikf\u00f6rh\u00e5llanden. Chauff\u00f6rens fr\u00e4msta uppgift \u00e4r att s\u00e4kerst\u00e4lla resans s\u00e4kerhet, medan tidtabellen \u00e4r sekund\u00e4r.\n<strong>SNABBTUR<\/strong><br \/>\nSnabbturerna stannar endast vid de orter och h\u00e5llplatser som anges i tidtabellerna. Alla v\u00e5ra fordon som anv\u00e4nds i snabbturstrafiken \u00e4r utrustade med toalett och luftkonditionering. I flera fordon finns WiFi och USB- eller 230V-laddningsm\u00f6jlighet f\u00f6r t.ex. mobiltelefon eller dator.\n<strong>ENG\u00c5NGSAVGIFT<\/strong><br \/>\nEng\u00e5ngsavgiften \u00e4r en tariffavgift f\u00f6r en enkel resa som betalas p\u00e5 bussen. Som betalningsmedel p\u00e5 v\u00e5ra bussar godk\u00e4nner vi f\u00f6rutom kontanter \u00e4ven bank- och kreditkort samt resebiljetter som s\u00e4ljs via Matkahuolto. Chauff\u00f6ren printar ut en resebiljett fr\u00e5n betalningsautomaten f\u00f6r resan som betalats i fordonet. F\u00f6rvara biljetten under resan f\u00f6r en eventuell biljettkontroll eller reklamation.\n<strong>BARNBILJETT<\/strong><br \/>\nBarnbiljetter s\u00e4ljs f\u00f6r barn under 12 \u00e5r. F\u00f6r varje passagerare som har betalat fullt pris kan tv\u00e5 barn under 4 \u00e5r resa kostnadsfritt.\n<strong>UNGDOMSBILJETT<\/strong><br \/>\nUngdomsbiljetter s\u00e4ljs f\u00f6r 12\u201316 \u00e5r gamla.\n<strong>MATKAHUOLTOS N\u00c4TBILJETT<\/strong><br \/>\nDu kan k\u00f6pa biljetter till v\u00e5ra rutter i v\u00e5r webbutik. I webbutiken s\u00e4ljs \u00e4ven f\u00f6rm\u00e5nliga resor till rabattpris till v\u00e5ra snabbturer. Bussbiljetter kan \u00e4ven k\u00f6pas i Matkahuoltos webbutik <a href=\"https:\/\/www.matkahuolto.fi\/sv\" target=\"_blank\" rel=\"noopener\">www.matkahuolto.fi\/sv<\/a>. N\u00e4tbiljetterna duger endast i de turer som de \u00e4r k\u00f6pta till. N\u00e4tbiljetter kan inte \u00e4ndras eller bytas. \u00c5terinl\u00f6sning \u00e4r m\u00f6jligt enligt Matkahuoltos \u00e5terinl\u00f6sningsvillkor. <a href=\"https:\/\/www.matkahuolto.fi\/sv\" target=\"_blank\" rel=\"noopener\">www.matkahuolto.fi\/sv<\/a> N\u00e4tbiljetten kan k\u00f6pas tidigast 30 dagar f\u00f6re turen. N\u00e4tbiljetten ska k\u00f6pas senast 20 minuter f\u00f6re turen.\n<strong>Webbutikens reklamationer<\/strong><br \/>\nRespons och reklamationer till Matkahuoltos webbutik, <a href=\"tel:+35820331222\">Tfn. 020 331 222<\/a> ma-pe 8-16, puhelun hinta 0,09 \u20ac\/min\n<strong>MATKAHUOLTOS ANDRA BILJETTER<\/strong><br \/>\nMatkahuolto s\u00e4ljer bussbiljetter i mobilappen Matkat, som kan laddas ner gratis fr\u00e5n appbutiken. Sortimentet inneh\u00e5ller flera biljettprodukter som passar olika resebehov. F\u00f6r den som reser regelbundet eller oregelbundet regelbundet l\u00f6nar det sig att v\u00e4lja ett prisv\u00e4rt s\u00e4songs- eller serienummer som kan laddas ner till mobiltelefonen. Mer information finns p\u00e5 Matkahuoltos webbplats. <a href=\"https:\/\/www.matkahuolto.fi\/sv\" target=\"_blank\" rel=\"noopener\">www.matkahuolto.fi\/sv<\/a>.\n<strong>Tj\u00e4nster f\u00f6r personer med r\u00f6relsehinder<\/strong><br \/>\nBusspersonalen hj\u00e4lper g\u00e4rna personer med r\u00f6relsehinder att stiga p\u00e5 och av bussen i linjetrafiken. Av s\u00e4kerhetssk\u00e4l kan chauff\u00f6ren inte lyfta den r\u00f6relsehindrade fr\u00e5n eller i en rullstol. Vi kan tyv\u00e4rr inte ta emot passagerare som reser i rullstol i v\u00e5ra fj\u00e4rrbussar, eftersom dessa inte har rullstolslyft.\n<p>Hj\u00e4lpmedel f\u00f6r personer med r\u00f6relsehinder eller funktionsneds\u00e4ttning kan transporteras s\u00e4kert i bagageutrymmet. Elrullstolar kan inte transporteras i bussarnas bagageutrymmen p\u00e5 grund av rullstolarnas storlek och vikt. Toaletterna i v\u00e5ra bussar l\u00e4mpar sig inte f\u00f6r sv\u00e5rt handikappade personer.<\/p>\n<p>Om en person med r\u00f6relsehinder eller funktionsneds\u00e4ttning inte kan resa ensam p\u00e5 grund av sitt r\u00f6relsehinder eller sin funktionsneds\u00e4ttning ska han eller hon ha en f\u00f6ljeslagare med sig. F\u00f6ljeslagaren reser med personen utan avgift n\u00e4r turens totala l\u00e4ngd fr\u00e5n startpunkten till destinationen \u00e4r minst 250 km, fast\u00e4n personen och f\u00f6ljeslagaren skulle resa en kortare rutt p\u00e5 denna tur. Alla turer som Vainion Liikenne f\u00f6r n\u00e4rvarande k\u00f6r \u00e4r under 250 km l\u00e5nga, s\u00e5 f\u00f6ljeslagarna betalar sina resor normalt.<\/p>\n<p>Servicehundar reser gratis.<\/p>\n<p>Hj\u00e4lpmedel som passagerare med r\u00f6relsehinder beh\u00f6ver transporteras avgiftsfritt som bagage.<\/p>\nTransport\u00f6rer kan v\u00e4gra att tillhandah\u00e5lla en biljett eller till\u00e5ta ombordsstigning med h\u00e4nvisning till passagerarens funktionsneds\u00e4ttning eller r\u00f6relsehinder, om v\u00e4gran grundar sig p\u00e5 s\u00e4kerhetskrav i internationell, nationell eller EU-lagstiftning. Transport kan \u00e4ven nekas om det fysiskt \u00e4r om\u00f6jligt f\u00f6r passageraren att stiga p\u00e5 eller av fordonet, eller att resa p\u00e5 ett s\u00e4kert och \u00e4ndam\u00e5lsenligt s\u00e4tt, p\u00e5 grund av fordonets utformning eller infrastrukturen, till exempel h\u00e5llplatsen eller terminalen.<br \/>\nPassageraren har r\u00e4tt att f\u00e5 en motivering till beslutet och information om eventuell alternativ service. Om passageraren i en situation som denna har betalat resan p\u00e5 f\u00f6rhand, har passageraren r\u00e4tt till \u00e5terbetalning \u00e4ven om han eller hon inte p\u00e5 f\u00f6rhand har uppgett sig beh\u00f6va assistans.\n<p class=\"translation-block\"><a href=\"https:\/\/eur-lex.europa.eu\/legal-content\/SV\/TXT\/PDF\/?uri=CELEX:32011R0181&amp;qid=1606322380950&amp;from=FI\" target=\"_blank\" rel=\"noopener noreferrer\">EUROPAPARLAMENTETS OCH EUROPAR\u00c5DETS F\u00d6RORDNING (EU) Nr 181\/2011<\/a>\nTilldelats den 16 februari 2011, ang\u00e5ende passagerares r\u00e4ttigheter i busstrafiken samt \u00e4ndring av f\u00f6rordningen (EG) Nr 2006\/2004.<\/p>\n<strong>BAGAGE<\/strong><br \/>\nNormalt bagage (h\u00f6gst tv\u00e5 resv\u00e4skor), skidor och barnvagn som en passagerare har med sig transporteras avgiftsfritt. F\u00f6r \u00f6vriga varor g\u00e4ller en fraktavgift enligt frakttariffen.\n<strong>CYKLAR<\/strong><br \/>\nPolkupy\u00f6ri\u00e4 kuljetetaan asiakkaan omalla vastuulla tilan salliessa. Matkan pituudesta riippuen polkupy\u00f6r\u00e4n kuljetusmaksu on 5-15 euroa. Polkupy\u00f6r\u00e4paikan voi varata lipun oston yhteydess\u00e4 nettikaupasta. Muuten emme varaa paikkoja polkupy\u00f6rille, vaan niit\u00e4 kuljetetaan, mik\u00e4li tilaa on.\n<strong>BARNVAGN<\/strong><br \/>\nBarnvagnar kan transporteras inne i bussar med l\u00e5gt golv. I \u00f6vriga bussar kan barnvagnar transporteras i bagageutrymmet.\n<strong>HUSDJUR<\/strong><br \/>\nVanliga husdjur kan transporteras p\u00e5 bussen med en f\u00f6ljeslagare och p\u00e5 f\u00f6ljeslagarens ansvar, om det finns utrymme p\u00e5 bussen. Husdjuren placeras s\u00e5 att de orsakar minsta m\u00f6jliga ol\u00e4genhet f\u00f6r medpassagerare. Husdjur f\u00e5r inte placeras p\u00e5 s\u00e4tena eller h\u00e5llas l\u00f6sa. Husdjur reser gratis. Allergiska passagerare som redan sitter i bussen har r\u00e4tt att v\u00e4lja sin plats f\u00f6rst. Medpassagerare kan dock inte hindra att en servicehund tas i bilen.\n<strong>Flygplats- och hamnf\u00f6rbindelser<\/strong><br \/>\nSt\u00f6rsta delen av turerna som k\u00f6rs fr\u00e5n Helsingfors-Vanda flygplats och hamnarna k\u00f6rs som anslutningstrafik p\u00e5 snabbturerna \u00c5bo\u2013Helsingfors. P\u00e5 grund av trafikens natur kan bussarna inte v\u00e4nta p\u00e5 eventuellt f\u00f6rsenade flyg- eller hamnpassagerare. F\u00f6rs\u00e4kra flyttandet av dina resv\u00e4skor i samband med bussbytet. Chauff\u00f6rerna hj\u00e4lper att flytta bagaget fr\u00e5n en bil till en annan.\n<strong>RADIOANV\u00c4NDNING<\/strong><br \/>\nRadion f\u00e5r anv\u00e4ndas i v\u00e5ra bussar s\u00e5 l\u00e4nge den inte st\u00f6r andra passagerare. Vi st\u00e4nger av radion om en passagerare ber om det. Passagerare kan anv\u00e4nda egna musikapparater och mobiltelefoner s\u00e5 l\u00e4nge de inte st\u00f6r andra passagerare.\n<strong>\u00c4TA OCH DRICKA P\u00c5 BUSSEN<\/strong><br \/>\nMan f\u00e5r \u00e4ta och dricka p\u00e5 bussarna om man f\u00f6ljer s\u00e4rskild renlighet.<br \/>\nAtt f\u00f6rt\u00e4ra alkohol eller r\u00f6ka, \u00e4ven e-cigaretter, \u00e4r alltid f\u00f6rbjudet p\u00e5 v\u00e5ra bussar.\n<strong>ORDNINGGSREGLER<\/strong><br \/>\nAlla busspassagerare har r\u00e4tt till en st\u00f6rningsfri bussresa. Busspersonalen ska ges arbetsro. Busspersonalen har r\u00e4tt att avl\u00e4gsna en st\u00f6kig passagerare fr\u00e5n bussen om han eller hon trots busspersonalens f\u00f6rbud forts\u00e4tter att orsaka st\u00f6rning. Om passageraren inte genast kan avl\u00e4gsnas har busspersonalen r\u00e4tt att vid behov ta fast honom eller henne, tills det \u00e4r m\u00f6jligt att avl\u00e4gsna honom eller henne.\n<strong>HITTEGODS<\/strong><br \/>\nHittegods som l\u00e4mnats i v\u00e5ra fordon \u00f6verf\u00f6rs till Suomen l\u00f6yt\u00f6tavarapalvelu Oy:s kontor i \u00c5bo. Ytterligare information <a href=\"https:\/\/loytotavara.net\/sv\/\" target=\"_blank\" rel=\"noopener\">www.loytotavara.net\/sv<\/a> eller telefontj\u00e4nsten 0600 03391 (1.98\u20ac\/min+lna)\n<strong>F\u00d6RSENADE ELLER INST\u00c4LLDA TURER<\/strong><br \/>\nPassagerare ombeds ocks\u00e5 att beakta att under helgdagar kan turerna g\u00e5 enligt avvikande tidtabeller. Vid eventuella problem med fordonen ordnar vi ers\u00e4ttande transport s\u00e5 snabbt som m\u00f6jligt. Kostnader som uppst\u00e5r p\u00e5 grund av f\u00f6rseningar ers\u00e4tts inte.\n<strong>HANDL\u00c4GGNING AV KLAGOM\u00c5L OCH SKADEERS\u00c4TTNINGAR<\/strong><br \/>\nOm chauff\u00f6ren har gjort ett misstag i samband med betalningen av resan returneras den \u00f6verstigande summan till kunden. \u00c5terl\u00f6sen av biljetter k\u00f6pta via Matkahuoltos webbutik sker enligt Matkahuolto Oy:s villkor p\u00e5 <a href=\"http:\/\/www.matkahuolto.fi\" target=\"_blank\" rel=\"noopener noreferrer\">www.matkahuolto.fi\/sv<\/a>\n<p>Vid oanv\u00e4nda tj\u00e4nster \u00e5terbetalas beloppet fr\u00e5n fall till fall, och kontors- samt \u00f6vriga avgifter kan tillkomma. F\u00f6r att f\u00e5 \u00e5terbetalning ber vi att ni skickar en kort beskrivning av situationen tillsammans med den ursprungliga biljetten och kontaktuppgifter till: <strong>J. Vainion Liikenne Oy<\/strong>, Hossiankatu 3, 24240 SALO eller fyller i formul\u00e4ret f\u00f6r \u00e5terbetalning <a href=\"https:\/\/vainionliikenne.fi\/fi\/matkustustietoa\/palaute\/\" target=\"_blank\" rel=\"noopener noreferrer\">h\u00e4r<\/a>.<\/p>\n<p>Eventuella ers\u00e4ttningar f\u00f6r f\u00f6rseningar eller inst\u00e4llda turer behandlas alltid fr\u00e5n fall till fall. Kunden b\u00f6r omedelbart kontakta bussbolaget om en f\u00f6rsening eller inst\u00e4lld tur riskerar att medf\u00f6ra extra resekostnader. Bussbolaget ansvarar inte f\u00f6r ytterligare skada som kunden rimligen kunde ha undvikit genom eget agerande.<\/p>\n<p>Bussbolaget ansvarar inte f\u00f6r kostnader som uppst\u00e5r om f\u00f6rsening eller inst\u00e4llning beror p\u00e5 en omst\u00e4ndighet utanf\u00f6r bolagets kontroll, exempelvis force majeure. Skador p\u00e5 person eller egendom under resan b\u00f6r rapporteras till chauff\u00f6ren f\u00f6r att underl\u00e4tta vidare hantering. Resv\u00e4skan \u00e4r ett skydd f\u00f6r ditt bagage. Mindre yttre skador eller smuts som uppst\u00e5r vid normal hantering h\u00f6r inte till skador som ers\u00e4tts.<\/p>\n<p>Skadat eller f\u00f6rlorat bagage ers\u00e4tts i f\u00f6rsta hand via passagerarens egen bagagef\u00f6rs\u00e4kring. I annat fall ers\u00e4tts varans aktuella v\u00e4rde, f\u00f6rutsatt att det kan styrkas att varan var oskadad vid lastning och att skadan eller f\u00f6rlusten beror p\u00e5 chauff\u00f6rens ansvar. Om kunden sj\u00e4lv lastar in bagaget i bussen \u00e4r bagaget p\u00e5 egen risk.<\/p>\n<strong>KLAGOM\u00c5LSADRESS OCH PASSAGERARENS R\u00c4TTIGHETER<\/strong><br \/>\nT\u00e4m\u00e4 tiedonanto perustuu EU:n linja-autoliikenteen matkustajien oikeuksia koskevaan asetukseen. T\u00e4t\u00e4 asetusta sovelletaan s\u00e4\u00e4nn\u00f6llist\u00e4 liikennett\u00e4 k\u00e4ytt\u00e4viin matkustajiin, jos liikenn\u00f6it\u00e4v\u00e4 aikataulun mukainen matka on 250 km tai enemm\u00e4n. Asetusta sovelletaan tilausliikenteeseen vain rajoitetusti.\nMatkustajalle on annettava lippu tai muu matkustamiseen oikeuttava asiakirja. Lippu voidaan antaa s\u00e4hk\u00f6isess\u00e4 muodossa.<br \/>\nAvtalsvillkoren och prisen som till\u00e4mpas p\u00e5 resandet ska erbjudas utan n\u00e5gon direkt eller indirekt diskriminering som grundar sig p\u00e5 kundens nationalitet.\n<p>Passagerare ska, i enlighet med till\u00e4mplig nationell lag, ha r\u00e4tt till ers\u00e4ttning vid d\u00f6dsfall och personskada samt f\u00f6r bagage som f\u00f6rlorats eller skadats p\u00e5 grund av olyckor som intr\u00e4ffar till f\u00f6ljd av anv\u00e4ndning av bussen. Dessutom ska passagerare ha r\u00e4tt till assistans i fr\u00e5ga om omedelbara praktiska behov efter en olycka. S\u00e5dan assistans b\u00f6r vid behov innefatta f\u00f6rsta hj\u00e4lpen, inkvartering, mat, kl\u00e4der och transport.<\/p>\n<p>Om passageraren anser att kompensations- eller ers\u00e4ttnings\u00e4rendet inte framskrider p\u00e5 r\u00e4tt s\u00e4tt kan passageraren delge Konsumenttvisten\u00e4mnden om sitt krav.<\/p>\n<strong>Konsumenttvisten\u00e4mnden<\/strong><br \/>\nPB 306<br \/>\n00531 Helsingfors<br \/>\nTfn 010 366 5200<br \/>\nE-post: <a href=\"mailto:kril@oikeus.fi\">kril@oikeus.fi<\/a>\n<p>Myndigheterna som \u00f6vervakar hur denna f\u00f6rordning f\u00f6ljs i busstrafiken i Finland \u00e4r Konkurrens- och konsumentverket och Trafiks\u00e4kerhetsverket.<\/p>\n<strong>Konkurrens- och konsumentverket<\/strong><br \/>\nPB 5<br \/>\n00531 Helsingfors<br \/>\nTfn 029 505 3000<br \/>\nE-post: <a href=\"mailto:kirjaamo@kkv.fi\">kirjaamo@kkv.fi<\/a>\n<strong>Trafik- och kommunikationsverket Traficom<\/strong><br \/>\nPB 320<br \/>\n00059 Traficom<br \/>\nTfn 029 534 5000<br \/>\nE-post: <a href=\"mailto:kirjaamo@traficom.fi\">kirjaamo@traficom.fi<\/a>","protected":false},"excerpt":{"rendered":"<p>Bussiin pyrkiess\u00e4\u00e4n matkustajan on annettava selke\u00e4 pys\u00e4htymismerkki. Pime\u00e4ll\u00e4 on hyv\u00e4 k\u00e4ytt\u00e4\u00e4 heijastinta tai vaikka k\u00e4nnyk\u00e4n n\u00e4yt\u00f6n taustavaloa pys\u00e4ytysmerkin antamiseen. Halutessaan poistua bussista matkustajan on annettava riitt\u00e4v\u00e4n ajoissa pys\u00e4htymismerkki. Aikataulussamme mainitut kellonajat ovat ohjeellisia, linja-auto ei miss\u00e4\u00e4n olosuhteissa saa ohittaa pys\u00e4kki\u00e4 ennen ilmoitettua aikaa. Pyrimme aina siihen, ett\u00e4 vuorot ajetaan aikataulun mukaisesti. Kuitenkin s\u00e4\u00e4-, keli- tai [&hellip;]<\/p>\n","protected":false},"author":5,"featured_media":0,"parent":0,"menu_order":0,"comment_status":"closed","ping_status":"closed","template":"","meta":{"_acf_changed":false,"inline_featured_image":false,"site-sidebar-layout":"no-sidebar","site-content-layout":"page-builder","ast-site-content-layout":"full-width-container","site-content-style":"default","site-sidebar-style":"default","ast-global-header-display":"","ast-banner-title-visibility":"","ast-main-header-display":"","ast-hfb-above-header-display":"","ast-hfb-below-header-display":"","ast-hfb-mobile-header-display":"","site-post-title":"disabled","ast-breadcrumbs-content":"","ast-featured-img":"disabled","footer-sml-layout":"","ast-disable-related-posts":"","theme-transparent-header-meta":"default","adv-header-id-meta":"","stick-header-meta":"default","header-above-stick-meta":"","header-main-stick-meta":"","header-below-stick-meta":"","astra-migrate-meta-layouts":"set","ast-page-background-enabled":"default","ast-page-background-meta":{"desktop":{"background-color":"var(--ast-global-color-4)","background-image":"","background-repeat":"repeat","background-position":"center center","background-size":"auto","background-attachment":"scroll","background-type":"","background-media":"","overlay-type":"","overlay-color":"","overlay-opacity":"","overlay-gradient":""},"tablet":{"background-color":"","background-image":"","background-repeat":"repeat","background-position":"center center","background-size":"auto","background-attachment":"scroll","background-type":"","background-media":"","overlay-type":"","overlay-color":"","overlay-opacity":"","overlay-gradient":""},"mobile":{"background-color":"","background-image":"","background-repeat":"repeat","background-position":"center center","background-size":"auto","background-attachment":"scroll","background-type":"","background-media":"","overlay-type":"","overlay-color":"","overlay-opacity":"","overlay-gradient":""}},"ast-content-background-meta":{"desktop":{"background-color":"var(--ast-global-color-5)","background-image":"","background-repeat":"repeat","background-position":"center center","background-size":"auto","background-attachment":"scroll","background-type":"","background-media":"","overlay-type":"","overlay-color":"","overlay-opacity":"","overlay-gradient":""},"tablet":{"background-color":"var(--ast-global-color-5)","background-image":"","background-repeat":"repeat","background-position":"center center","background-size":"auto","background-attachment":"scroll","background-type":"","background-media":"","overlay-type":"","overlay-color":"","overlay-opacity":"","overlay-gradient":""},"mobile":{"background-color":"var(--ast-global-color-5)","background-image":"","background-repeat":"repeat","background-position":"center center","background-size":"auto","background-attachment":"scroll","background-type":"","background-media":"","overlay-type":"","overlay-color":"","overlay-opacity":"","overlay-gradient":""}},"footnotes":""},"class_list":["post-11990","page","type-page","status-publish","hentry"],"acf":[],"_links":{"self":[{"href":"https:\/\/vainionliikenne.fi\/sv\/wp-json\/wp\/v2\/pages\/11990","targetHints":{"allow":["GET"]}}],"collection":[{"href":"https:\/\/vainionliikenne.fi\/sv\/wp-json\/wp\/v2\/pages"}],"about":[{"href":"https:\/\/vainionliikenne.fi\/sv\/wp-json\/wp\/v2\/types\/page"}],"author":[{"embeddable":true,"href":"https:\/\/vainionliikenne.fi\/sv\/wp-json\/wp\/v2\/users\/5"}],"replies":[{"embeddable":true,"href":"https:\/\/vainionliikenne.fi\/sv\/wp-json\/wp\/v2\/comments?post=11990"}],"version-history":[{"count":11,"href":"https:\/\/vainionliikenne.fi\/sv\/wp-json\/wp\/v2\/pages\/11990\/revisions"}],"predecessor-version":[{"id":13469,"href":"https:\/\/vainionliikenne.fi\/sv\/wp-json\/wp\/v2\/pages\/11990\/revisions\/13469"}],"wp:attachment":[{"href":"https:\/\/vainionliikenne.fi\/sv\/wp-json\/wp\/v2\/media?parent=11990"}],"curies":[{"name":"wp","href":"https:\/\/api.w.org\/{rel}","templated":true}]}}