{"id":10834,"date":"2024-10-30T12:37:02","date_gmt":"2024-10-30T10:37:02","guid":{"rendered":"https:\/\/vainionliikenne.test\/?page_id=10834"},"modified":"2024-12-13T14:36:25","modified_gmt":"2024-12-13T12:36:25","slug":"flotta","status":"publish","type":"page","link":"https:\/\/vainionliikenne.fi\/sv\/tilausajot\/kalusto\/","title":{"rendered":"Flotta"},"content":{"rendered":"Mer \u00e4n 90 \u00e5r av s\u00e4kra resor runt om i de nordiska l\u00e4nderna.<br \/>\nOch resan forts\u00e4tter.\n\t<p>V\u00e5ra bussar \u00e4r utrustade med moderna bekv\u00e4mligheter. I st\u00f6rsta delen av v\u00e5ra bussar finns justerbara s\u00e4ten, automatisk luftkonditionering, kylsk\u00e5p, USB-laddningsuttag f\u00f6r mobilenheter, WiFi samt WC. I alla v\u00e5ra bussar finns naturligtvis \u00e4ven s\u00e4kerhetsb\u00e4lten. En del av v\u00e5ra bussar \u00e4r \u00e4ven utrustade med kaffekokare. Det \u00e4r bra att veta att utrustningen i bussarna varierar. Vi ser alltid till att utrustningen i bussarna \u00e4r s\u00e4ker och i presentabelt skick. Vainion Liikenne har en egen verkstad.<\/p>\n<p>F\u00f6r att g\u00f6ra en best\u00e4llning, v\u00e4nligen kontakta oss direkt eller beg\u00e4r en offert via formul\u00e4ret p\u00e5 v\u00e5r webbplats.<\/p>\n\t\t\t<a href=\"https:\/\/vainionliikenne.fi\/sv\/charterresor\/formular-for-offertforfragan\/\" target=\"_self\">\n\t\t\t\t\t\t\tBeg\u00e4r en offert via formul\u00e4ret\n\t\t\t\t\t<\/a>\n\tLeena-Kaisa Vainio<br \/>\n<a href=\"tel:027773321\">t. 02 777 3321<\/a><br \/>\n<a href=\"mailto:leenakaisa.vainio@vainionliikenne.fi\">leenakaisa.vainio@vainionliikenne.fi<\/a><br \/>\n<a href=\"mailto:tilausajot@vainionliikenne.fi\">tilausajot@vainionliikenne.fi<\/a>\n\tJanne Sirola<br \/>\n<a href=\"tel:0444337135\">t. 044 4337 135<\/a><br \/>\n<a href=\"mailto:janne.sirola@vainionliikenne.fi\">janne.sirola@vainionliikenne.fi<\/a>","protected":false},"excerpt":{"rendered":"<p>Yli 90 vuotta turvallisia kyytej\u00e4 ymp\u00e4ri Pohjolaa. Ja matka jatkuu yh\u00e4. Linja-automme on varustettu nykyaikaisin mukavuuksin. Useimmissa linja-autoissamme on s\u00e4\u00e4dett\u00e4v\u00e4t istuimet, automaattinen ilmastointi, j\u00e4\u00e4kaappi, USB latauspistokkeet mobiililaitteiden lataukseen, Wifi, WC. Kaikissa autoissamme on luonnollisesti my\u00f6s turvavy\u00f6t. Osa autoistamme on varusteltu my\u00f6s kahvinkeittimell\u00e4. On hyv\u00e4 tiet\u00e4\u00e4, ett\u00e4 linja-autojemme varustetaso saattaa vaihdella autoittain. Kalustomme pidet\u00e4\u00e4n aina liikenneturvallisessa [&hellip;]<\/p>\n","protected":false},"author":1,"featured_media":11878,"parent":11937,"menu_order":2,"comment_status":"closed","ping_status":"closed","template":"","meta":{"_acf_changed":false,"inline_featured_image":false,"site-sidebar-layout":"no-sidebar","site-content-layout":"page-builder","ast-site-content-layout":"default","site-content-style":"default","site-sidebar-style":"default","ast-global-header-display":"","ast-banner-title-visibility":"","ast-main-header-display":"","ast-hfb-above-header-display":"","ast-hfb-below-header-display":"","ast-hfb-mobile-header-display":"","site-post-title":"disabled","ast-breadcrumbs-content":"","ast-featured-img":"disabled","footer-sml-layout":"","ast-disable-related-posts":"","theme-transparent-header-meta":"default","adv-header-id-meta":"","stick-header-meta":"default","header-above-stick-meta":"","header-main-stick-meta":"","header-below-stick-meta":"","astra-migrate-meta-layouts":"set","ast-page-background-enabled":"default","ast-page-background-meta":{"desktop":{"background-color":"var(--ast-global-color-4)","background-image":"","background-repeat":"repeat","background-position":"center center","background-size":"auto","background-attachment":"scroll","background-type":"","background-media":"","overlay-type":"","overlay-color":"","overlay-opacity":"","overlay-gradient":""},"tablet":{"background-color":"","background-image":"","background-repeat":"repeat","background-position":"center center","background-size":"auto","background-attachment":"scroll","background-type":"","background-media":"","overlay-type":"","overlay-color":"","overlay-opacity":"","overlay-gradient":""},"mobile":{"background-color":"","background-image":"","background-repeat":"repeat","background-position":"center center","background-size":"auto","background-attachment":"scroll","background-type":"","background-media":"","overlay-type":"","overlay-color":"","overlay-opacity":"","overlay-gradient":""}},"ast-content-background-meta":{"desktop":{"background-color":"var(--ast-global-color-5)","background-image":"","background-repeat":"repeat","background-position":"center center","background-size":"auto","background-attachment":"scroll","background-type":"","background-media":"","overlay-type":"","overlay-color":"","overlay-opacity":"","overlay-gradient":""},"tablet":{"background-color":"var(--ast-global-color-5)","background-image":"","background-repeat":"repeat","background-position":"center center","background-size":"auto","background-attachment":"scroll","background-type":"","background-media":"","overlay-type":"","overlay-color":"","overlay-opacity":"","overlay-gradient":""},"mobile":{"background-color":"var(--ast-global-color-5)","background-image":"","background-repeat":"repeat","background-position":"center center","background-size":"auto","background-attachment":"scroll","background-type":"","background-media":"","overlay-type":"","overlay-color":"","overlay-opacity":"","overlay-gradient":""}},"footnotes":""},"class_list":["post-10834","page","type-page","status-publish","has-post-thumbnail","hentry"],"acf":[],"_links":{"self":[{"href":"https:\/\/vainionliikenne.fi\/sv\/wp-json\/wp\/v2\/pages\/10834","targetHints":{"allow":["GET"]}}],"collection":[{"href":"https:\/\/vainionliikenne.fi\/sv\/wp-json\/wp\/v2\/pages"}],"about":[{"href":"https:\/\/vainionliikenne.fi\/sv\/wp-json\/wp\/v2\/types\/page"}],"author":[{"embeddable":true,"href":"https:\/\/vainionliikenne.fi\/sv\/wp-json\/wp\/v2\/users\/1"}],"replies":[{"embeddable":true,"href":"https:\/\/vainionliikenne.fi\/sv\/wp-json\/wp\/v2\/comments?post=10834"}],"version-history":[{"count":11,"href":"https:\/\/vainionliikenne.fi\/sv\/wp-json\/wp\/v2\/pages\/10834\/revisions"}],"predecessor-version":[{"id":12397,"href":"https:\/\/vainionliikenne.fi\/sv\/wp-json\/wp\/v2\/pages\/10834\/revisions\/12397"}],"up":[{"embeddable":true,"href":"https:\/\/vainionliikenne.fi\/sv\/wp-json\/wp\/v2\/pages\/11937"}],"wp:featuredmedia":[{"embeddable":true,"href":"https:\/\/vainionliikenne.fi\/sv\/wp-json\/wp\/v2\/media\/11878"}],"wp:attachment":[{"href":"https:\/\/vainionliikenne.fi\/sv\/wp-json\/wp\/v2\/media?parent=10834"}],"curies":[{"name":"wp","href":"https:\/\/api.w.org\/{rel}","templated":true}]}}