{"id":10795,"date":"2024-10-30T12:34:31","date_gmt":"2024-10-30T10:34:31","guid":{"rendered":"https:\/\/vainionliikenne.test\/?page_id=10795"},"modified":"2026-01-09T10:27:42","modified_gmt":"2026-01-09T08:27:42","slug":"kontakt","status":"publish","type":"page","link":"https:\/\/vainionliikenne.fi\/sv\/yhteystiedot\/","title":{"rendered":"Kontaktuppgifter"},"content":{"rendered":"<h2>\n\t\t\tKontoret\t<\/h2>\n\tJ. Vainion Liikenne Oy<br \/>\nHossiankatu 3<br \/>\n24240 Salo, FINLAND<br \/>\n<a href=\"tel:02777330\">Tfn: 02 777 330 02 777 330<\/a><br \/>\nf\u00f6rnamn.efternamn(at)vainionliikenne.fi<br \/>\n<a href=\"https:\/\/vainionliikenne.fi\/sv\/\">www.vainionliikenne.fi<\/a>\n<p>Kontoret \u00e4r \u00f6ppet m\u00e5n-fre 8.00-16.00<\/p>\n<h3>\n\t\t\tJour\t<\/h3>\n\tM\u00e5n-fre 16.00-21.00<br \/>\nL\u00f6r-s\u00f6n 9.00-21.00<br \/>\n<a href=\"tel:0408449858\">Tfn. 040 844 9858<\/a>\n<h2>\n\t\t\tChartertrafik\t<\/h2>\n\t<a href=\"tel:027773320\">t. 02 777 3321<\/a><br \/>\n<a href=\"mailto:tilausajot@vainionliikenne.fi\">tilausajot@vainionliikenne.fi<\/a>\n<h2>\n\t\t\tAdministration\t<\/h2>\n\t<strong>Taito Vainio<\/strong><br \/>\nVerkst\u00e4llande direkt\u00f6r<br \/>\nt. 0400 535 336\n<strong>Leila Ahonen<\/strong><br \/>\nEkonomichef<br \/>\nt. 040 767 4990\n<strong>P\u00e4ivi Tiikko<\/strong><br \/>\nHR-specialist<br \/>\nt. 045 7689 4313\n<strong>Juha Tiikko<\/strong><br \/>\nTrafikplaneringschef<br \/>\nt. 040 748 0865\n<h2>\n\t\t\tTrafik\t<\/h2>\n\t<strong>Rami Kallio<\/strong><br \/>\nTrafik\u00f6vervakare<br \/>\nt. 040 726 0866\n<strong>Liisa Vainio<\/strong><br \/>\nK\u00f6rarrang\u00f6r<br \/>\nt. 040 546 4010\n<strong>Vesa Heino<\/strong><br \/>\nK\u00f6rarrang\u00f6r<br \/>\nt. 040 842 0252\n<strong>Leena-Kaisa Vainio<\/strong><br \/>\nCharterf\u00f6rs\u00e4ljning<br \/>\nt. 02 777 3321<br \/>\nleenakaisa.vainio(at)<br \/>\nvainionliikenne.fi\n<strong>Janne Sirola<\/strong><br \/>\nCharterf\u00f6rs\u00e4ljning<br \/>\nt. 044 433 7135\n<h2>\n\t\t\tVerkstad\t<\/h2>\n\t<strong>Ville Lankinen<\/strong><br \/>\nVerkstadschef<br \/>\nt. 040 723 3485\n\t<p>V\u00e5ra e-postadresser \u00e4r i formatet f\u00f6rnamn.efternamn@vainionliikenne.fi<\/p>\n<h2>\n\t\t\tFaktureringsadress\t<\/h2>\n\t<p><strong>Vi hoppas att ni i f\u00f6rsta hand skickar era fakturor som e-fakturor. Hanteringen av e-fakturor \u00e4r snabbare, s\u00e4krare och billigare \u00e4n hanteringen av pappersfakturor f\u00f6r b\u00e5de avs\u00e4ndare och mottagare.<\/strong><\/p>\nEDI-adress: 003701395067<br \/>\nOperat\u00f6r: apix Messaging Oy (003723327487)<br \/>\nOrganisationsnummer: 0139506-7\n<p>Observera att om du anv\u00e4nder n\u00e5gon av f\u00f6ljande operat\u00f6rer f\u00f6r att skicka en e-faktura: Danske Bank Oyj, Handelsbanken, OP bank eller S\u00e4\u00e4st\u00f6pankki, m\u00e5ste du anv\u00e4nda f\u00f6ljande adress som v\u00e5r Apix e-fakturaadress: e-fakturaadress: 003723327487 och operat\u00f6rsID: DABAFIHH.<\/p>\n<p><strong>Om ni inte har m\u00f6jlighet att skicka en n\u00e4tfaktura ber vi er skicka en pappersfaktura p\u00e5 f\u00f6ljande adress (scanning service):<\/strong><\/p>\nJ. Vainion Liikenne Oy (Apix skanningstj\u00e4nst)<br \/>\nBOX 16112<br \/>\n00021 LASKUTUS\n<p><strong>E-postadress f\u00f6r skanning till J. Vainion Liikenne Oy:<\/strong><\/p>\n<p>003701395067@procountor.apix.fi<\/p>\n<p>Fakturan som skickas m\u00e5ste bifogas i e-postmeddelandet som en PDF-fil. Endast en faktura och dess bilagor f\u00e5r skickas i ett e-postmeddelande. Om e-postmeddelandet inneh\u00e5ller andra bilagor ut\u00f6ver fakturan, l\u00e4ggs de till i fakturan. Den maximala storleken p\u00e5 bilagor \u00e4r 2 mb. Efter avs\u00e4ndandet skickar tj\u00e4nsten antingen ett godk\u00e4nnande- eller avslagsmeddelande per e-post till avs\u00e4ndaradressen inom 15 minuter efter avs\u00e4ndandet.<\/p>","protected":false},"excerpt":{"rendered":"<p>Toimisto J. Vainion Liikenne Oy Hossiankatu 3 24240 Salo, FINLAND Puh. 02 777 330 etunimi.sukunimi(at)vainionliikenne.fi www.vainionliikenne.fi Toimisto on avoinna\u00a0 ma-pe 8.00-16.00 P\u00e4ivystys ma-pe\u00a0 16.00-21.00 la-su 9.00-21.00 Puh. 040 844 9858 Tilausajot Puh. 02 777 3321 tilausajot@vainionliikenne.fi Hallinto Taito Vainio Toimitusjohtaja Puh. 0400 535 336 Leila Ahonen Talousp\u00e4\u00e4llikk\u00f6 Puh. 040 767 4990 P\u00e4ivi Tiikko HR-asiantuntija Puh. [&hellip;]<\/p>\n","protected":false},"author":1,"featured_media":0,"parent":0,"menu_order":6,"comment_status":"closed","ping_status":"closed","template":"","meta":{"_acf_changed":false,"inline_featured_image":false,"site-sidebar-layout":"no-sidebar","site-content-layout":"page-builder","ast-site-content-layout":"default","site-content-style":"default","site-sidebar-style":"default","ast-global-header-display":"","ast-banner-title-visibility":"","ast-main-header-display":"","ast-hfb-above-header-display":"","ast-hfb-below-header-display":"","ast-hfb-mobile-header-display":"","site-post-title":"disabled","ast-breadcrumbs-content":"","ast-featured-img":"disabled","footer-sml-layout":"","ast-disable-related-posts":"","theme-transparent-header-meta":"default","adv-header-id-meta":"","stick-header-meta":"default","header-above-stick-meta":"","header-main-stick-meta":"","header-below-stick-meta":"","astra-migrate-meta-layouts":"set","ast-page-background-enabled":"default","ast-page-background-meta":{"desktop":{"background-color":"var(--ast-global-color-4)","background-image":"","background-repeat":"repeat","background-position":"center center","background-size":"auto","background-attachment":"scroll","background-type":"","background-media":"","overlay-type":"","overlay-color":"","overlay-opacity":"","overlay-gradient":""},"tablet":{"background-color":"","background-image":"","background-repeat":"repeat","background-position":"center center","background-size":"auto","background-attachment":"scroll","background-type":"","background-media":"","overlay-type":"","overlay-color":"","overlay-opacity":"","overlay-gradient":""},"mobile":{"background-color":"","background-image":"","background-repeat":"repeat","background-position":"center center","background-size":"auto","background-attachment":"scroll","background-type":"","background-media":"","overlay-type":"","overlay-color":"","overlay-opacity":"","overlay-gradient":""}},"ast-content-background-meta":{"desktop":{"background-color":"var(--ast-global-color-5)","background-image":"","background-repeat":"repeat","background-position":"center center","background-size":"auto","background-attachment":"scroll","background-type":"","background-media":"","overlay-type":"","overlay-color":"","overlay-opacity":"","overlay-gradient":""},"tablet":{"background-color":"var(--ast-global-color-5)","background-image":"","background-repeat":"repeat","background-position":"center center","background-size":"auto","background-attachment":"scroll","background-type":"","background-media":"","overlay-type":"","overlay-color":"","overlay-opacity":"","overlay-gradient":""},"mobile":{"background-color":"var(--ast-global-color-5)","background-image":"","background-repeat":"repeat","background-position":"center center","background-size":"auto","background-attachment":"scroll","background-type":"","background-media":"","overlay-type":"","overlay-color":"","overlay-opacity":"","overlay-gradient":""}},"footnotes":""},"class_list":["post-10795","page","type-page","status-publish","hentry"],"acf":[],"_links":{"self":[{"href":"https:\/\/vainionliikenne.fi\/sv\/wp-json\/wp\/v2\/pages\/10795","targetHints":{"allow":["GET"]}}],"collection":[{"href":"https:\/\/vainionliikenne.fi\/sv\/wp-json\/wp\/v2\/pages"}],"about":[{"href":"https:\/\/vainionliikenne.fi\/sv\/wp-json\/wp\/v2\/types\/page"}],"author":[{"embeddable":true,"href":"https:\/\/vainionliikenne.fi\/sv\/wp-json\/wp\/v2\/users\/1"}],"replies":[{"embeddable":true,"href":"https:\/\/vainionliikenne.fi\/sv\/wp-json\/wp\/v2\/comments?post=10795"}],"version-history":[{"count":11,"href":"https:\/\/vainionliikenne.fi\/sv\/wp-json\/wp\/v2\/pages\/10795\/revisions"}],"predecessor-version":[{"id":13292,"href":"https:\/\/vainionliikenne.fi\/sv\/wp-json\/wp\/v2\/pages\/10795\/revisions\/13292"}],"wp:attachment":[{"href":"https:\/\/vainionliikenne.fi\/sv\/wp-json\/wp\/v2\/media?parent=10795"}],"curies":[{"name":"wp","href":"https:\/\/api.w.org\/{rel}","templated":true}]}}