{"id":8,"date":"2022-08-16T12:58:11","date_gmt":"2022-08-16T09:58:11","guid":{"rendered":"https:\/\/lsbr.mysites.io\/?page_id=8"},"modified":"2026-04-29T10:23:32","modified_gmt":"2026-04-29T07:23:32","slug":"etusivu","status":"publish","type":"page","link":"https:\/\/vainionliikenne.fi\/en\/","title":{"rendered":"Home page"},"content":{"rendered":"<figure itemscope itemtype=\"https:\/\/schema.org\/ImageObject\">\n\t\t\t\t<a href=\"https:\/\/liput.matkahuolto.fi\/connectionlist?lang=en&amp;departurePlaceId=p565&amp;arrivalPlaceId=p611&amp;company=J.VainionLiikenneOy#breadcrumb\" target=\"_blank\" rel=\"noopener\" itemprop=\"url\">\n\t\t\t\t<img decoding=\"async\" src=\"https:\/\/vainionliikenne.fi\/wp-content\/uploads\/2025\/05\/vainio-lentokenttavuorot.jpg\" alt=\"vainio airport services\" height=\"432\" width=\"768\" title=\"vainio airport services\" onerror=\"this.style.display='none'\" loading=\"lazy\" \/>\n\t\t\t\t<\/a>\n\t<\/figure>\n<h2>\n\t\t\tTurku-Vantaa Airport\t<\/h2>\n\t<p>Turku \u2013 Helsinki-Vantaa \u2013 Turku<\/p>\n\t\t\t<a href=\"https:\/\/liput.matkahuolto.fi\/connectionlist?lang=en&amp;departurePlaceId=p565&amp;arrivalPlaceId=p611&amp;company=J.VainionLiikenneOy#breadcrumb\" target=\"_blank\" rel=\"noopener\">\n\t\t\t\t\t\t\tBuy tickets\n\t\t\t\t\t<\/a>\n<figure itemscope itemtype=\"https:\/\/schema.org\/ImageObject\">\n\t\t\t\t<a href=\"https:\/\/liput.matkahuolto.fi\/connectionlist?lang=en&amp;departurePlaceId=p1054&amp;arrivalPlaceId=p1001&amp;company=J.VainionLiikenneOy#breadcrumb\" target=\"_blank\" rel=\"noopener\" itemprop=\"url\">\n\t\t\t\t<img decoding=\"async\" src=\"https:\/\/vainionliikenne.fi\/wp-content\/uploads\/2025\/05\/vainio-reittiliikenne.jpg\" alt=\"vainio-traffic\" height=\"432\" width=\"768\" title=\"vainio-traffic\" onerror=\"this.style.display='none'\" loading=\"lazy\" \/>\n\t\t\t\t<\/a>\n\t<\/figure>\n<h2>\n\t\t\tRoute traffic\t<\/h2>\n\t<p>Tickets and timetables<\/p>\n\t\t\t<a href=\"https:\/\/vainionliikenne.fi\/en\/route-traffic\/\" target=\"_blank\" rel=\"noopener\">\n\t\t\t\t\t\t\tCheck timetables\n\t\t\t\t\t<\/a>\n<figure itemscope itemtype=\"https:\/\/schema.org\/ImageObject\">\n\t\t\t\t<a href=\"https:\/\/vainionliikenne.fi\/en\/charter-traffic\/request-for-quotation-form\/\" target=\"_self\" itemprop=\"url\">\n\t\t\t\t<img decoding=\"async\" src=\"https:\/\/vainionliikenne.fi\/wp-content\/uploads\/2024\/12\/Vainion-liikenne-TILAUSAJOT-HERO-768x432.jpg\" alt=\"Vainion-Transport-STATION-HERO\" height=\"432\" width=\"768\" title=\"Vainion-Transport-STATION-HERO\" onerror=\"this.style.display='none'\" loading=\"lazy\" \/>\n\t\t\t\t<\/a>\n\t<\/figure>\n<h2>\n\t\t\tCharter traffic\t<\/h2>\n\t<p>Request a quote for a charter<\/p>\n\t\t\t<a href=\"https:\/\/vainionliikenne.fi\/en\/charter-traffic\/request-for-quotation-form\/\" target=\"_self\">\n\t\t\t\t\t\t\tRequest a quote\n\t\t\t\t\t<\/a>\n<figure itemscope itemtype=\"https:\/\/schema.org\/ImageObject\">\n\t\t\t\t<a href=\"https:\/\/vainionliikenne.fi\/en\/event-transportation\/\" target=\"_self\" itemprop=\"url\">\n\t\t\t\t<img decoding=\"async\" src=\"https:\/\/vainionliikenne.fi\/wp-content\/uploads\/2025\/09\/vainion-liikenne-tapahtumakuljetukset-nosto.jpg\" alt=\"vainion-transport-event-transport-purchase\" height=\"432\" width=\"768\" title=\"vainion-transport-event-transport-purchase\" onerror=\"this.style.display='none'\" loading=\"lazy\" \/>\n\t\t\t\t<\/a>\n\t<\/figure>\n<h2>\n\t\t\tEvent transport\t<\/h2>\n\t<p>Day trips to different destinations<\/p>\n\t\t\t<a href=\"https:\/\/vainionliikenne.fi\/en\/event-transportation\/\" target=\"_self\">\n\t\t\t\t\t\t\tRead more\n\t\t\t\t\t<\/a>\n<h2>\n\t\t\tHot topics right now\t<\/h2>\n\tCampaigns and Current Topics<br \/>\nAccess the press releases here\n\t\t\t<a href=\"https:\/\/vainionliikenne.fi\/en\/press-releases\/\" target=\"_self\">\n\t\t\t\t\t\t\tPress releases\n\t\t\t\t\t<\/a>\n<h3>\n\t\t\tSummer express services to the archipelago\t<\/h3>\n\t<p>Weekend traffic to the archipelago starts on 5.6.2026. This summer season, from 15.6. onwards, we will operate up to four daily services between Helsinki and Kasn\u00e4s. Nauvo and Korppoo can be reached from Helsinki every Friday and Sundays returning to Helsinki throughout the summer until 30.8.2026.<\/p>\n\t\t\t<a href=\"https:\/\/vainionliikenne.fi\/wp-content\/uploads\/2026\/01\/Kasnas-messutarjous2026.pdf\" target=\"_blank\" rel=\"noopener\">\n\t\t\t\t\t\t\tKasn\u00e4s Schedule\n\t\t\t\t\t<\/a>\n\t\t\t<a href=\"https:\/\/vainionliikenne.fi\/wp-content\/uploads\/2026\/01\/Korppoo-messuaikataulu2026.pdf\" target=\"_blank\" rel=\"noopener\">\n\t\t\t\t\t\t\tTimetable Korppoo\n\t\t\t\t\t<\/a>\n<figure itemscope itemtype=\"https:\/\/schema.org\/ImageObject\">\n\t\t\t\t<img decoding=\"async\" src=\"https:\/\/vainionliikenne.fi\/wp-content\/uploads\/2025\/05\/Vainio-hero-saaristo-m.jpg\" alt=\"Vainio Archipelago\" height=\"432\" width=\"768\" title=\"Vainio Archipelago\" onerror=\"this.style.display='none'\" loading=\"lazy\" \/>\n\t<\/figure>\n<figure itemscope itemtype=\"https:\/\/schema.org\/ImageObject\">\n\t\t\t\t<img decoding=\"async\" src=\"https:\/\/vainionliikenne.fi\/wp-content\/uploads\/2024\/11\/vainio-reittiliikenne-nosto-1.jpg\" alt=\"vainio-route-transport-purchase\" height=\"533\" width=\"768\" title=\"vainio-route-transport-purchase\" onerror=\"this.style.display='none'\" loading=\"lazy\" \/>\n\t<\/figure>\n<h3>\n\t\t\tAdditional OnniBus services for Vainio between Salo and Turku from 2.2.2026.\t<\/h3>\n\t\t\t<a href=\"https:\/\/vainionliikenne.fi\/wp-content\/uploads\/2026\/01\/Salo-Turku-20260202.pdf\" target=\"_blank\" rel=\"noopener\">\n\t\t\t\t\t\t\tTimetable from 2.2.2026\n\t\t\t\t\t<\/a>\n\t<p>Reference story:<\/p>\n<h3>\n\t\t\tLP Viesti trusts Vainio\t<\/h3>\n\t\t\t<a href=\"https:\/\/vainionliikenne.fi\/en\/lp-message-trust-in-nurioon\/\" target=\"_self\">\n\t\t\t\t\t\t\tRead more\n\t\t\t\t\t<\/a>\n<figure itemscope itemtype=\"https:\/\/schema.org\/ImageObject\">\n\t\t\t\t<img decoding=\"async\" src=\"https:\/\/vainionliikenne.fi\/wp-content\/uploads\/2025\/11\/vainio-lp-viesti-nosto.jpg\" alt=\"vainio-lp-message-purchase\" height=\"543\" width=\"768\" title=\"vainio-lp-message-purchase\" onerror=\"this.style.display='none'\" loading=\"lazy\" \/>\n\t<\/figure>\n<figure itemscope itemtype=\"https:\/\/schema.org\/ImageObject\">\n\t\t\t\t<img decoding=\"async\" src=\"https:\/\/vainionliikenne.fi\/wp-content\/uploads\/2024\/11\/Vainion-lentokenttavuorot-nosto-2.jpg\" alt=\"Vainion-airport-tours-purchase-2\" height=\"541\" width=\"768\" title=\"Vainion-airport-tours-purchase-2\" onerror=\"this.style.display='none'\" loading=\"lazy\" \/>\n\t<\/figure>\n\t<p>Vainion Liikenne informs:<\/p>\n<h3>\n\t\t\tTimetables during the school year from 7.8.2025\t<\/h3>\n\t\t\t<a href=\"https:\/\/vainionliikenne.fi\/en\/campaigns\/transport-during-the-school-year\/\" target=\"_self\">\n\t\t\t\t\t\t\tRead the announcement\n\t\t\t\t\t<\/a>\n\t<p>Turku-Helsinki-Vantaa Airport-Express<\/p>\n<h3>\n\t\t\tAirport traffic\t<\/h3>\n\t<p>Are you traveling abroad? Vainion Liikenne takes you directly from Turku to Helsinki-Vantaa Airport without any bus changes!<\/p>\n\t\t\t<a href=\"https:\/\/vainionliikenne.fi\/en\/airport-routes\/\" target=\"_self\">\n\t\t\t\t\t\t\tCheck timetables\n\t\t\t\t\t<\/a>\n<figure itemscope itemtype=\"https:\/\/schema.org\/ImageObject\">\n\t\t\t\t<img decoding=\"async\" src=\"https:\/\/vainionliikenne.fi\/wp-content\/uploads\/2025\/05\/vainio-lentokenttavuorot-nosto.jpg\" alt=\"vainio-airport-schedules-purchase\" height=\"541\" width=\"768\" title=\"vainio-airport-schedules-purchase\" onerror=\"this.style.display='none'\" loading=\"lazy\" \/>\n\t<\/figure>\n<figure itemscope itemtype=\"https:\/\/schema.org\/ImageObject\">\n\t\t\t\t<img decoding=\"async\" src=\"https:\/\/vainionliikenne.fi\/wp-content\/uploads\/2025\/05\/vainio-reittiliikenne-nosto.jpg\" alt=\"vainio-route-transport-purchase\" height=\"541\" width=\"768\" title=\"vainio-route-transport-purchase\" onerror=\"this.style.display='none'\" loading=\"lazy\" \/>\n\t<\/figure>\n\t<p>Lohja \u2013 Helsinki \u2013 Lohja<\/p>\n<h3>\n\t\t\tRoute traffic\t<\/h3>\n\t<p>Did you know that Vainio operates up to 30 trips daily from Lohja to Helsinki and back? Whether you're commuting to work or school in Helsinki or Lohja, hop on board with Vainio.<\/p>\n\t\t\t<a href=\"https:\/\/vainionliikenne.fi\/en\/route-traffic\/\" target=\"_self\">\n\t\t\t\t\t\t\tCheck timetables\n\t\t\t\t\t<\/a>\n\t<p>Wherever you want to go<\/p>\n<h3>\n\t\t\tCharter traffic\t<\/h3>\n\t<p>Does your team need game transfers? Are you going to a summer festival. Do you need transportation for a choir trip? You should ask Vainio for a quote.<\/p>\n\t\t\t<a href=\"https:\/\/vainionliikenne.fi\/en\/charter-traffic\/\" target=\"_self\">\n\t\t\t\t\t\t\tRead more\n\t\t\t\t\t<\/a>\n<figure itemscope itemtype=\"https:\/\/schema.org\/ImageObject\">\n\t\t\t\t<img decoding=\"async\" src=\"https:\/\/vainionliikenne.fi\/wp-content\/uploads\/2024\/12\/Vainion-liikenne-isobussi-nosto1.jpg\" alt=\"Vainion-transport-isobus-nosto1\" height=\"543\" width=\"768\" title=\"Vainion-transport-isobus-nosto1\" onerror=\"this.style.display='none'\" loading=\"lazy\" \/>\n\t<\/figure>\n<figure itemscope itemtype=\"https:\/\/schema.org\/ImageObject\">\n\t\t\t\t<img decoding=\"async\" src=\"https:\/\/vainionliikenne.fi\/wp-content\/uploads\/2025\/11\/vainio-tapahtumakuljetukset-nosto.jpg\" alt=\"vainio-event-transport-purchase\" height=\"543\" width=\"768\" title=\"vainio-event-transport-purchase\" onerror=\"this.style.display='none'\" loading=\"lazy\" \/>\n\t<\/figure>\n\t<p>Day trips to different destinations<\/p>\n<h3>\n\t\t\tEvent transport\t<\/h3>\n\t<p>We organise bus transfers to various interesting events and destinations. We transport you safely and comfortably, without parking worries, to your destination and back home.<\/p>\n\t\t\t<a href=\"https:\/\/vainionliikenne.fi\/en\/event-transportation\/\" target=\"_self\">\n\t\t\t\t\t\t\tRead more\n\t\t\t\t\t<\/a>","protected":false},"excerpt":{"rendered":"<p>Lentokentt\u00e4vuorot Turku &#8211; Hki-Vantaa &#8211; Turku Osta liput Reittiliikenne Liput ja aikataulut Katso aikataulut Tilausajot Pyyd\u00e4 tarjous tilausajosta Pyyd\u00e4 tarjous Tapahtumakuljetukset P\u00e4iv\u00e4matkoja eri kohteisiin Lue lis\u00e4\u00e4 Ajankohtaista juuri nyt Kampanjoita ja ajankohtaisuuksia. Tiedotteisiin p\u00e4\u00e4set t\u00e4st\u00e4 Tiedotteet Kes\u00e4pikavuorot saaristoon Kes\u00e4n viikonloppuliikenne saaristoon alkaa 5.6.2026. Tulevalla kes\u00e4kaudella ajamme 15.6. alkaen jopa nelj\u00e4 p\u00e4ivitt\u00e4ist\u00e4 vuoroa Helsingin ja Kasn\u00e4sin [&hellip;]<\/p>\n","protected":false},"author":1,"featured_media":12684,"parent":0,"menu_order":15,"comment_status":"closed","ping_status":"closed","template":"","meta":{"_acf_changed":false,"inline_featured_image":false,"site-sidebar-layout":"no-sidebar","site-content-layout":"page-builder","ast-site-content-layout":"full-width-container","site-content-style":"unboxed","site-sidebar-style":"unboxed","ast-global-header-display":"","ast-banner-title-visibility":"","ast-main-header-display":"","ast-hfb-above-header-display":"","ast-hfb-below-header-display":"","ast-hfb-mobile-header-display":"","site-post-title":"disabled","ast-breadcrumbs-content":"","ast-featured-img":"disabled","footer-sml-layout":"","ast-disable-related-posts":"","theme-transparent-header-meta":"default","adv-header-id-meta":"","stick-header-meta":"default","header-above-stick-meta":"","header-main-stick-meta":"","header-below-stick-meta":"","astra-migrate-meta-layouts":"set","ast-page-background-enabled":"default","ast-page-background-meta":{"desktop":{"background-color":"var(--ast-global-color-4)","background-image":"","background-repeat":"repeat","background-position":"center center","background-size":"auto","background-attachment":"scroll","background-type":"","background-media":"","overlay-type":"","overlay-color":"","overlay-opacity":"","overlay-gradient":""},"tablet":{"background-color":"","background-image":"","background-repeat":"repeat","background-position":"center center","background-size":"auto","background-attachment":"scroll","background-type":"","background-media":"","overlay-type":"","overlay-color":"","overlay-opacity":"","overlay-gradient":""},"mobile":{"background-color":"","background-image":"","background-repeat":"repeat","background-position":"center center","background-size":"auto","background-attachment":"scroll","background-type":"","background-media":"","overlay-type":"","overlay-color":"","overlay-opacity":"","overlay-gradient":""}},"ast-content-background-meta":{"desktop":{"background-color":"var(--ast-global-color-5)","background-image":"","background-repeat":"repeat","background-position":"center center","background-size":"auto","background-attachment":"scroll","background-type":"","background-media":"","overlay-type":"","overlay-color":"","overlay-opacity":"","overlay-gradient":""},"tablet":{"background-color":"var(--ast-global-color-5)","background-image":"","background-repeat":"repeat","background-position":"center center","background-size":"auto","background-attachment":"scroll","background-type":"","background-media":"","overlay-type":"","overlay-color":"","overlay-opacity":"","overlay-gradient":""},"mobile":{"background-color":"var(--ast-global-color-5)","background-image":"","background-repeat":"repeat","background-position":"center center","background-size":"auto","background-attachment":"scroll","background-type":"","background-media":"","overlay-type":"","overlay-color":"","overlay-opacity":"","overlay-gradient":""}},"footnotes":""},"class_list":["post-8","page","type-page","status-publish","has-post-thumbnail","hentry"],"acf":[],"_links":{"self":[{"href":"https:\/\/vainionliikenne.fi\/en\/wp-json\/wp\/v2\/pages\/8","targetHints":{"allow":["GET"]}}],"collection":[{"href":"https:\/\/vainionliikenne.fi\/en\/wp-json\/wp\/v2\/pages"}],"about":[{"href":"https:\/\/vainionliikenne.fi\/en\/wp-json\/wp\/v2\/types\/page"}],"author":[{"embeddable":true,"href":"https:\/\/vainionliikenne.fi\/en\/wp-json\/wp\/v2\/users\/1"}],"replies":[{"embeddable":true,"href":"https:\/\/vainionliikenne.fi\/en\/wp-json\/wp\/v2\/comments?post=8"}],"version-history":[{"count":11,"href":"https:\/\/vainionliikenne.fi\/en\/wp-json\/wp\/v2\/pages\/8\/revisions"}],"predecessor-version":[{"id":13547,"href":"https:\/\/vainionliikenne.fi\/en\/wp-json\/wp\/v2\/pages\/8\/revisions\/13547"}],"wp:featuredmedia":[{"embeddable":true,"href":"https:\/\/vainionliikenne.fi\/en\/wp-json\/wp\/v2\/media\/12684"}],"wp:attachment":[{"href":"https:\/\/vainionliikenne.fi\/en\/wp-json\/wp\/v2\/media?parent=8"}],"curies":[{"name":"wp","href":"https:\/\/api.w.org\/{rel}","templated":true}]}}