{"id":13487,"date":"2026-04-10T14:55:34","date_gmt":"2026-04-10T11:55:34","guid":{"rendered":"https:\/\/vainionliikenne.fi\/?page_id=13487"},"modified":"2026-04-13T12:39:27","modified_gmt":"2026-04-13T09:39:27","slug":"giants-kettle-11-7-2026","status":"publish","type":"page","link":"https:\/\/vainionliikenne.fi\/en\/tapahtumakuljetukset\/hiidenkirnu-11-7-2026\/","title":{"rendered":"Hiidenkirnu Festival Vihti 10th-11th July 2026"},"content":{"rendered":"<p>The immensely popular Hiidenkirnu Festival is being built at the Nummelan pes\u00e4pallo stadium in Vihti, within the exquisite scenery of the Hiidenkirnu sports area, making it a pleasant place for the public to come and spend an unforgettable summer day. The festival days are Friday and Saturday, 10-11 July 2026. A fantastic event and amazing, well-known performers will be on offer! Two wonderful festival days are promised, filled with joy, togetherness, and top Finnish artists.<\/p>\n<p>The Hiidenkirnu Festival will feature a diverse lineup of artists this summer. On Friday 10th July, the stage will be graced by Gettomasa, Kaija Koo, Elastinen, Michael Monroe, Pihlaja, Frederik, and one top performer to be announced later in the spring. On Saturday 11th July, JVG, Kuumaa, Popeda, Anssi Kela, Viivi, and Ani will take their turns.<\/p>\n<p>Tickets for the Summer 2026 Hiidenkirnu Festival are sold by\u00a0<a href=\"http:\/\/www.ticketmaster.fi\/hiidenkirnufestival\" target=\"_blank\" rel=\"noreferrer noopener\">Ticketmaster<\/a>.<\/p>\n<p>Vainion Liikenne organises <strong>Saturday 11.7.<\/strong> transport from Lohja to the festival, and also a return trip at night to Helsinki.<\/p>\n<p><img loading=\"lazy\" decoding=\"async\" src=\"https:\/\/vainionliikenne.fi\/wp-content\/uploads\/2026\/04\/hiidenkirnu-festival-2024-logo-300x95.jpg\" alt=\"\" width=\"300\" height=\"95\" \/><\/p>\n\t\t\t<a href=\"https:\/\/hiidenkirnufestival.fi\/\" target=\"_blank\" rel=\"noopener\">\n\t\t\t\t\t\t\tRead more!\n\t\t\t\t\t<\/a>\n\t\t\t<a href=\"http:\/\/www.ticketmaster.fi\/hiidenkirnufestival\" target=\"_blank\" rel=\"noopener\">\n\t\t\t\t\t\t\tBuy an event ticket\n\t\t\t\t\t<\/a>\n<h2>\n\t\t\tBuy bus tickets\t<\/h2>\n\t<p>Buy a ticket <strong>Saturday 11.7.<\/strong> for the bus transfer from the link below.<\/p>\n<p>&nbsp;<\/p>\n<p>Please note! The outward journey from Lohja also includes the return journey, so there is no need to purchase a return ticket separately.<\/p>\n\t\t\t<a href=\"https:\/\/liput.matkahuolto.fi\/connectionlist?lang=fi&#038;departurePlaceId=s6317&#038;arrivalPlaceId=p1447&#038;departureDate=2026-07-11&#038;company=J.%20Vainion%20Liikenne%20Oy#breadcrumb\" target=\"_blank\" rel=\"noopener\">\n\t\t\t\t\t\t\tVirkkala-Lohja on Saturday 11.7. \n\t\t\t\t\t<\/a>\n\t<p><img loading=\"lazy\" decoding=\"async\" src=\"https:\/\/vainionliikenne.fi\/wp-content\/uploads\/2026\/04\/Hiidenkirnu-Lohja-aikataulu-300x134.jpg\" alt=\"\" width=\"300\" height=\"134\" \/><\/p>\n\t\t\t<a href=\"https:\/\/liput.matkahuolto.fi\/connectionlist?lang=fi&#038;departurePlaceId=p1447&#038;arrivalPlaceId=p1001&#038;departureDate=2026-07-12&#038;company=J.%20Vainion%20Liikenne%20Oy#breadcrumb\" target=\"_blank\" rel=\"noopener\">\n\t\t\t\t\t\t\tReturn ticket to Helsinki on Saturday night\n\t\t\t\t\t<\/a>\n\t<p><img loading=\"lazy\" decoding=\"async\" src=\"https:\/\/vainionliikenne.fi\/wp-content\/uploads\/2026\/04\/Hiidenkirnusta-Helsinkiin-300x95.jpg\" alt=\"\" width=\"300\" height=\"95\" \/><\/p>","protected":false},"excerpt":{"rendered":"<p>Huippusuosittu Hiidenkirnu Festival rakentuu Nummelan pes\u00e4pallostadionille Vihtiin, Hiidenkirnun urheilualueen hienoihin maisemiin, jonne yleis\u00f6n on mukava tulla viett\u00e4m\u00e4\u00e4n unohtumatonta kes\u00e4p\u00e4iv\u00e4\u00e4. Festivaalip\u00e4iv\u00e4t ovat perjantai ja lauantai 10.-11.7.2026. Tarjolla on hieno tapahtuma ja upeita nimekk\u00e4it\u00e4 esiintyji\u00e4! Luvassa on kaksi upeaa festivaalip\u00e4iv\u00e4\u00e4, jotka t\u00e4yttyv\u00e4t ilosta, yhdess\u00e4olosta ja kotimaisista huippuartisteista. Hiidenkirnu Festivaleilla n\u00e4hd\u00e4\u00e4n tulevana kes\u00e4n\u00e4 monipuolinen artistikattaus. Perjantaina 10. hein\u00e4kuuta [&hellip;]<\/p>\n","protected":false},"author":8,"featured_media":12899,"parent":12840,"menu_order":14,"comment_status":"closed","ping_status":"closed","template":"","meta":{"_acf_changed":false,"inline_featured_image":false,"site-sidebar-layout":"default","site-content-layout":"page-builder","ast-site-content-layout":"default","site-content-style":"default","site-sidebar-style":"default","ast-global-header-display":"","ast-banner-title-visibility":"","ast-main-header-display":"","ast-hfb-above-header-display":"","ast-hfb-below-header-display":"","ast-hfb-mobile-header-display":"","site-post-title":"disabled","ast-breadcrumbs-content":"","ast-featured-img":"disabled","footer-sml-layout":"","ast-disable-related-posts":"","theme-transparent-header-meta":"default","adv-header-id-meta":"","stick-header-meta":"default","header-above-stick-meta":"","header-main-stick-meta":"","header-below-stick-meta":"","astra-migrate-meta-layouts":"set","ast-page-background-enabled":"default","ast-page-background-meta":{"desktop":{"background-color":"var(--ast-global-color-4)","background-image":"","background-repeat":"repeat","background-position":"center center","background-size":"auto","background-attachment":"scroll","background-type":"","background-media":"","overlay-type":"","overlay-color":"","overlay-opacity":"","overlay-gradient":""},"tablet":{"background-color":"","background-image":"","background-repeat":"repeat","background-position":"center center","background-size":"auto","background-attachment":"scroll","background-type":"","background-media":"","overlay-type":"","overlay-color":"","overlay-opacity":"","overlay-gradient":""},"mobile":{"background-color":"","background-image":"","background-repeat":"repeat","background-position":"center center","background-size":"auto","background-attachment":"scroll","background-type":"","background-media":"","overlay-type":"","overlay-color":"","overlay-opacity":"","overlay-gradient":""}},"ast-content-background-meta":{"desktop":{"background-color":"var(--ast-global-color-5)","background-image":"","background-repeat":"repeat","background-position":"center center","background-size":"auto","background-attachment":"scroll","background-type":"","background-media":"","overlay-type":"","overlay-color":"","overlay-opacity":"","overlay-gradient":""},"tablet":{"background-color":"var(--ast-global-color-5)","background-image":"","background-repeat":"repeat","background-position":"center center","background-size":"auto","background-attachment":"scroll","background-type":"","background-media":"","overlay-type":"","overlay-color":"","overlay-opacity":"","overlay-gradient":""},"mobile":{"background-color":"var(--ast-global-color-5)","background-image":"","background-repeat":"repeat","background-position":"center center","background-size":"auto","background-attachment":"scroll","background-type":"","background-media":"","overlay-type":"","overlay-color":"","overlay-opacity":"","overlay-gradient":""}},"footnotes":""},"class_list":["post-13487","page","type-page","status-publish","has-post-thumbnail","hentry"],"acf":[],"_links":{"self":[{"href":"https:\/\/vainionliikenne.fi\/en\/wp-json\/wp\/v2\/pages\/13487","targetHints":{"allow":["GET"]}}],"collection":[{"href":"https:\/\/vainionliikenne.fi\/en\/wp-json\/wp\/v2\/pages"}],"about":[{"href":"https:\/\/vainionliikenne.fi\/en\/wp-json\/wp\/v2\/types\/page"}],"author":[{"embeddable":true,"href":"https:\/\/vainionliikenne.fi\/en\/wp-json\/wp\/v2\/users\/8"}],"replies":[{"embeddable":true,"href":"https:\/\/vainionliikenne.fi\/en\/wp-json\/wp\/v2\/comments?post=13487"}],"version-history":[{"count":8,"href":"https:\/\/vainionliikenne.fi\/en\/wp-json\/wp\/v2\/pages\/13487\/revisions"}],"predecessor-version":[{"id":13509,"href":"https:\/\/vainionliikenne.fi\/en\/wp-json\/wp\/v2\/pages\/13487\/revisions\/13509"}],"up":[{"embeddable":true,"href":"https:\/\/vainionliikenne.fi\/en\/wp-json\/wp\/v2\/pages\/12840"}],"wp:featuredmedia":[{"embeddable":true,"href":"https:\/\/vainionliikenne.fi\/en\/wp-json\/wp\/v2\/media\/12899"}],"wp:attachment":[{"href":"https:\/\/vainionliikenne.fi\/en\/wp-json\/wp\/v2\/media?parent=13487"}],"curies":[{"name":"wp","href":"https:\/\/api.w.org\/{rel}","templated":true}]}}