{"id":13456,"date":"2026-03-25T10:18:47","date_gmt":"2026-03-25T08:18:47","guid":{"rendered":"https:\/\/vainionliikenne.fi\/?page_id=13456"},"modified":"2026-03-25T10:56:05","modified_gmt":"2026-03-25T08:56:05","slug":"accessibility-statement","status":"publish","type":"page","link":"https:\/\/vainionliikenne.fi\/en\/saavutettavuusseloste\/","title":{"rendered":"Accessibility Statement"},"content":{"rendered":"<h2>Web service accessibility statement<\/h2>\n<p><strong>vainionliikenne.fi<\/strong><\/p>\n<p><strong>Creator<\/strong> Odvar<\/p>\n<h2>Content<\/h2>\n<ul>\n<li><a href=\"#seloste\">Vainion Liikenne Accessibility Statement<\/a><\/li>\n<li><a href=\"#tila\">The state of digital service accessibility<\/a><\/li>\n<li><a href=\"#ei-saavutettava\">Easily-accessible content<\/a>\n<ul>\n<li><a href=\"#havaittava\">Observable<\/a><\/li>\n<li><a href=\"#hallittava\">Manageable<\/a><\/li>\n<li><a href=\"#toimintavarma\">Reliable<\/a><\/li>\n<\/ul>\n<\/li>\n<li><a href=\"#lisavaatimukset\">Fulfillment of service-specific requirements and other information concerning the service<\/a><\/li>\n<li><a href=\"#yleis-kuvaus\">General description of a digital service<\/a><\/li>\n<li><a href=\"#puutteen-ilmoitus\">Did you notice an accessibility deficiency in our digital service?<\/a><\/li>\n<li><a href=\"#valvonta\">Regulatory authority<\/a><\/li>\n<\/ul>\n<h2 id=\"seloste\">Vainion Liikenne Accessibility Statement<\/h2>\n<p>This accessibility statement concerns the service <strong>https:\/\/www.vainionliikenne.fi\/<\/strong> and has been prepared \/ updated on 25.03.2026.<\/p>\n<p>The service falls under the scope of the Act on the Provision of Digital Services, which aims to promote the availability, quality, information security, and content accessibility of digital services, thereby improving everyone's opportunities to use digital services equally. We aim to ensure compliance with the aforementioned legislation, including Acts 306\/2019 and 104\/2023.<\/p>\n<p>The accessibility of the service has been assessed by an external expert organisation <strong>Odvar<\/strong> (odvar.fi). The assessment was carried out using the automated Axe testing tool (version 4.11.1) on the following pages: Homepage, Airport Departures, Scheduled Transport, Minibus, Request for Quotation Form, Give Feedback, Contact Information and Accessibility Statement.<\/p>\n<h2 id=\"tila\">The state of digital service accessibility<\/h2>\n<p><strong>The service currently meets the critical WCAG 2.1 Level A and AA accessibility requirements only partially.<\/strong> All listed accessibility issues will be rectified as soon as possible.<\/p>\n<p>To ensure accessibility requirements are met, an external expert organisation regularly inspects the service and assesses the accessibility status of vainionliikenne.fi.<\/p>\n<h2 id=\"ei-saavutettava\">Easily-accessible content<\/h2>\n<p>The website is not yet compliant in all respects.<\/p>\n<h3 id=\"havaittava\">Observable<\/h3>\n<h4>The ARIA structure for navigation is incomplete (WCAG 1.3.1)<\/h4>\n<p><strong>Unsuitable content and its shortcomings:<\/strong><\/p>\n<ul>\n<li>Main navigation submenus (<code>ul role=\"menu\"<\/code>) contain <code>Lee<\/code>-elements that have <code>tabindex<\/code>\u2013 attribute \u2014 this is not allowed in this ARIA role structure.<\/li>\n<li>Navigation links have <code>role=\"menuitem\"<\/code>, but they are not the correct top-level element (<code>Menu<\/code>, <code>Menu bar<\/code> tai <code>group<\/code>) inside.<\/li>\n<li>Side menus <code>Lee<\/code>the elements are <code>ul role=\"menu\"<\/code> -elements, even though they should be in a structure compliant with typical list semantics.<\/li>\n<li>The error occurs on all pages tested due to the site-wide navigation structure.<\/li>\n<\/ul>\n<p><strong>Accessibility criteria not met:<\/strong><br \/>\n1.3.1 Information and Relationships<\/p>\n<h4>Insufficient colour contrast \u2014 AA level (WCAG 1.4.3)<\/h4>\n<p><strong>Unsuitable content and its shortcomings:<\/strong><\/p>\n<ul>\n<li>Several text-background combinations on the website do not meet the required contrast ratio of 4.5:1 for normal-sized text.<\/li>\n<li>The error occurs on all tested pages in several different elements.<\/li>\n<\/ul>\n<p><strong>Accessibility criteria not met:<\/strong><br \/>\n1.4.3 Contrast (Minimum)<\/p>\n<h4>Insufficient colour contrast \u2013 AAA level (WCAG 1.4.6)<\/h4>\n<p><strong>Unsuitable content and its shortcomings:<\/strong><\/p>\n<ul>\n<li>Several text-background combinations do not meet WCAG 2.1 AAA-level enhanced contrast requirement of 7:1 for normal-sized text.<\/li>\n<li>Please note: The AAA-level contrast requirement exceeds the legally mandated AA minimum level, but this has been documented as a result of a comprehensive assessment.<\/li>\n<li>The error occurs on all tested pages.<\/li>\n<\/ul>\n<p><strong>Accessibility criteria not met:<\/strong><br \/>\n1.4.6 Contrasts (improved)<\/p>\n<h3 id=\"hallittava\">Manageable<\/h3>\n<h4>Illogical Heading Order (Good Practice)<\/h4>\n<p><strong>Unsuitable content and its shortcomings:<\/strong><\/p>\n<ul>\n<li>Heading levels do not progress logically on all pages \u2014 for example <code>H3<\/code>- title appears before the preceding <code>h2<\/code>- No title.<\/li>\n<li>An error has been detected on the pages: <em>Feedback<\/em> and <em>Request for quotation form<\/em>.<\/li>\n<li>An illogical heading structure makes screen reader navigation difficult.<\/li>\n<\/ul>\n<p><strong>Accessibility criteria not met:<\/strong><br \/>\n1.3.1 Information and Relationships (Good Practice)<\/p>\n<h4>Site content is not within landmark elements (Good practice)<\/h4>\n<p><strong>Unsuitable content and its shortcomings:<\/strong><\/p>\n<ul>\n<li>Some of the page content (such as skip links) is not placed within any landmark element.<code>main<\/code>, <code>navigation<\/code>, <code>Header<\/code>, <code>Footer<\/code> into the house.<\/li>\n<li>On two pages<em>Accessibility Statement<\/em> and <em>Small bus<\/em>is missing entirely <code>main<\/code>-landmark-element.<\/li>\n<li>An error occurs on all tested pages, a lack of landmark-main on two pages.<\/li>\n<\/ul>\n<p><strong>Accessibility criteria not met:<\/strong><br \/>\n1.3.1 Information and Relationships (Good Practice)<\/p>\n<h3 id=\"toimintavarma\">Reliable<\/h3>\n<h4>Incorrect ARIA role for image gallery elements (Best Practice)<\/h4>\n<p><strong>Unsuitable content and its shortcomings:<\/strong><\/p>\n<ul>\n<li>In the image gallery on the equipment showcase page (<em>Small bus<\/em>carousel-dialog elements have <code>role=\"tabpanel\"<\/code>, which is not permitted <code>Lee<\/code>-for the element in question.<\/li>\n<li>Additionally, elements have <code>aria-roledescription=\"slide\"<\/code>, which, combined with the wrong role, may confuse the screen reader user.<\/li>\n<li>An error occurred on the page: <em>Minibus (max 16 people)<\/em>.<\/li>\n<\/ul>\n<p><strong>Accessibility criteria not met:<\/strong><br \/>\n4.1.2 Name, Role, Value (Good Practice)<\/p>\n<h2 id=\"lisavaatimukset\">Fulfillment of service-specific requirements and other information concerning the service<\/h2>\n<h3>Service-specific additional requirements<\/h3>\n<p>The online service partially meets the accessibility requirements.<\/p>\n<p><strong>Content unlikely to be achieved<\/strong> The website is not yet compliant in all respects.<\/p>\n<h2 id=\"yleis-kuvaus\">General description of a digital service<\/h2>\n<p>Vainion Liikenne offers bus and charter services, as well as other transport solutions. The website allows you to:<\/p>\n<ul>\n<li>Browsing route and airport transfer information, as well as event transport.<\/li>\n<li>Completing the charter inquiry and quotation request form<\/li>\n<li>Fleet familiarisation (minibus, accessible bus, large bus, VIP bus)<\/li>\n<li>Finding contact information and using the feedback form<\/li>\n<li>Reading information for passengers, such as ticket details and lost property.<\/li>\n<\/ul>\n<p>All functions are available on both computers and mobile devices.<\/p>\n<h2 id=\"puutteen-ilmoitus\">Did you notice an accessibility deficiency in our digital service?<\/h2>\n<p>Tell us and we will do our best to rectify the deficiency.<\/p>\n<p><strong>On the form:<\/strong><br \/>\n<a href=\"https:\/\/vainionliikenne.fi\/en\/feedback\/\">Feedback<\/a><\/p>\n<h2 id=\"valvonta\">Regulatory authority<\/h2>\n<p>If you notice any accessibility issues on the website, please provide feedback to us, the site administrators, first. A response may take up to 14 days. If you are not satisfied with the response you receive, or if you do not receive a response at all within two weeks, you can submit a report to Traficom. Traficom's website explains in detail how to submit a report and how the matter will be handled.<\/p>\n<h3>Contact details for the supervisory authority<\/h3>\n<p><strong>Finnish Transport and Communications Agency Traficom<\/strong><br \/>\nDigital Accessibility and Usability Monitoring Unit<br \/>\nP.O. Box 320<br \/>\n00059 TRAFICOM<\/p>\n<p><strong>Website<\/strong> <a href=\"https:\/\/www.saavutettavuusvaatimukset.fi\" target=\"_blank\" rel=\"noopener\">www.saavutettavuusvaatimukset.fi<\/a><br \/>\n<strong>Email:<\/strong> <a href=\"mailto:saavutettavuus@traficom.fi\">mailto:saavutettavuus@traficom.fi<\/a><br \/>\n<strong>Switchboard telephone number:<\/strong> 029 534 5000<\/p>","protected":false},"excerpt":{"rendered":"<p>Verkkopalvelun saavutettavuusseloste vainionliikenne.fi Laatija: Odvar Sis\u00e4lt\u00f6 Vainion Liikenteen saavutettavuusseloste Digipalvelun saavutettavuuden tila Ei-saavutettava sis\u00e4lt\u00f6 Havaittava Hallittava Toimintavarma Palvelukohtaisten lis\u00e4vaatimusten t\u00e4yttyminen ja muut palvelua koskevat tiedot Yleinen kuvaus digitaalisesta palvelusta Huomasitko saavutettavuuspuutteen digipalvelussamme? Valvontaviranomainen Vainion Liikenteen saavutettavuusseloste T\u00e4m\u00e4 saavutettavuusseloste koskee palvelua https:\/\/www.vainionliikenne.fi\/ ja on laadittu \/ p\u00e4ivitetty 25.03.2026. Palvelu kuuluu digitaalisten palvelujen tarjoamista koskevan lain piiriin, [&hellip;]<\/p>\n","protected":false},"author":1,"featured_media":0,"parent":0,"menu_order":0,"comment_status":"closed","ping_status":"closed","template":"","meta":{"_acf_changed":false,"inline_featured_image":false,"site-sidebar-layout":"default","site-content-layout":"","ast-site-content-layout":"default","site-content-style":"default","site-sidebar-style":"default","ast-global-header-display":"","ast-banner-title-visibility":"","ast-main-header-display":"","ast-hfb-above-header-display":"","ast-hfb-below-header-display":"","ast-hfb-mobile-header-display":"","site-post-title":"","ast-breadcrumbs-content":"","ast-featured-img":"","footer-sml-layout":"","ast-disable-related-posts":"","theme-transparent-header-meta":"default","adv-header-id-meta":"","stick-header-meta":"default","header-above-stick-meta":"","header-main-stick-meta":"","header-below-stick-meta":"","astra-migrate-meta-layouts":"set","ast-page-background-enabled":"default","ast-page-background-meta":{"desktop":{"background-color":"var(--ast-global-color-4)","background-image":"","background-repeat":"repeat","background-position":"center center","background-size":"auto","background-attachment":"scroll","background-type":"","background-media":"","overlay-type":"","overlay-color":"","overlay-opacity":"","overlay-gradient":""},"tablet":{"background-color":"","background-image":"","background-repeat":"repeat","background-position":"center center","background-size":"auto","background-attachment":"scroll","background-type":"","background-media":"","overlay-type":"","overlay-color":"","overlay-opacity":"","overlay-gradient":""},"mobile":{"background-color":"","background-image":"","background-repeat":"repeat","background-position":"center center","background-size":"auto","background-attachment":"scroll","background-type":"","background-media":"","overlay-type":"","overlay-color":"","overlay-opacity":"","overlay-gradient":""}},"ast-content-background-meta":{"desktop":{"background-color":"var(--ast-global-color-5)","background-image":"","background-repeat":"repeat","background-position":"center center","background-size":"auto","background-attachment":"scroll","background-type":"","background-media":"","overlay-type":"","overlay-color":"","overlay-opacity":"","overlay-gradient":""},"tablet":{"background-color":"var(--ast-global-color-5)","background-image":"","background-repeat":"repeat","background-position":"center center","background-size":"auto","background-attachment":"scroll","background-type":"","background-media":"","overlay-type":"","overlay-color":"","overlay-opacity":"","overlay-gradient":""},"mobile":{"background-color":"var(--ast-global-color-5)","background-image":"","background-repeat":"repeat","background-position":"center center","background-size":"auto","background-attachment":"scroll","background-type":"","background-media":"","overlay-type":"","overlay-color":"","overlay-opacity":"","overlay-gradient":""}},"footnotes":""},"class_list":["post-13456","page","type-page","status-publish","hentry"],"acf":[],"_links":{"self":[{"href":"https:\/\/vainionliikenne.fi\/en\/wp-json\/wp\/v2\/pages\/13456","targetHints":{"allow":["GET"]}}],"collection":[{"href":"https:\/\/vainionliikenne.fi\/en\/wp-json\/wp\/v2\/pages"}],"about":[{"href":"https:\/\/vainionliikenne.fi\/en\/wp-json\/wp\/v2\/types\/page"}],"author":[{"embeddable":true,"href":"https:\/\/vainionliikenne.fi\/en\/wp-json\/wp\/v2\/users\/1"}],"replies":[{"embeddable":true,"href":"https:\/\/vainionliikenne.fi\/en\/wp-json\/wp\/v2\/comments?post=13456"}],"version-history":[{"count":7,"href":"https:\/\/vainionliikenne.fi\/en\/wp-json\/wp\/v2\/pages\/13456\/revisions"}],"predecessor-version":[{"id":13463,"href":"https:\/\/vainionliikenne.fi\/en\/wp-json\/wp\/v2\/pages\/13456\/revisions\/13463"}],"wp:attachment":[{"href":"https:\/\/vainionliikenne.fi\/en\/wp-json\/wp\/v2\/media?parent=13456"}],"curies":[{"name":"wp","href":"https:\/\/api.w.org\/{rel}","templated":true}]}}