{"id":13420,"date":"2026-03-20T14:05:21","date_gmt":"2026-03-20T12:05:21","guid":{"rendered":"https:\/\/vainionliikenne.fi\/?page_id=13420"},"modified":"2026-04-20T10:43:34","modified_gmt":"2026-04-20T07:43:34","slug":"karjurock_friday","status":"publish","type":"page","link":"https:\/\/vainionliikenne.fi\/en\/tapahtumakuljetukset\/karjurock-17-18-7-2026\/karjurock_perjantai\/","title":{"rendered":"Karjurock 17.7.2026"},"content":{"rendered":"<p>As usual, Vainion Liikenne will transport the Karjurock audience safely and comfortably. You can buy tickets on the Matkahuolto Matkat app or in the online shop.<\/p>\n<p>The outward ticket always includes a return journey on the same day.<\/p>\n<p>If you want to pick up along the way, select Change search and use the stop you want to pick up from. Finally, before you buy your ticket, check that the date of travel is still correct!<\/p>\n<h2>\n\t\t\tBus tickets easily with the mobile app\t<\/h2>\n\tYou can buy Vainion Transport bus tickets from Matkahuolto Matkat<br \/>\n-from the mobile app. You will then receive your ticket directly on your mobile phone.\n\t<p>Download Travels from your app store<\/p>\n<figure itemscope itemtype=\"https:\/\/schema.org\/ImageObject\">\n\t\t\t\t<a href=\"https:\/\/apps.apple.com\/fi\/app\/trips-and-tickets\/id1496304929\" target=\"_blank\" rel=\"noopener\" itemprop=\"url\">\n\t\t\t\t<img decoding=\"async\" src=\"https:\/\/vainionliikenne.fi\/wp-content\/uploads\/2025\/02\/download-on-the-app-store.png\" alt=\"download-on-the-app-store\" height=\"80\" width=\"286\" title=\"download-on-the-app-store\" onerror=\"this.style.display='none'\" loading=\"lazy\" \/>\n\t\t\t\t<\/a>\n\t<\/figure>\n<figure itemscope itemtype=\"https:\/\/schema.org\/ImageObject\">\n\t\t\t\t<a href=\"https:\/\/play.google.com\/store\/apps\/details?id=com.kyyti.ride.matkahuolto\" target=\"_blank\" rel=\"noopener\" itemprop=\"url\">\n\t\t\t\t<img decoding=\"async\" src=\"https:\/\/vainionliikenne.fi\/wp-content\/uploads\/2025\/02\/get-it-on-google-play.png\" alt=\"get-it-on-google-play\" height=\"80\" width=\"286\" title=\"get-it-on-google-play\" onerror=\"this.style.display='none'\" loading=\"lazy\" \/>\n\t\t\t\t<\/a>\n\t<\/figure>\n<figure itemscope itemtype=\"https:\/\/schema.org\/ImageObject\">\n\t\t\t\t<img decoding=\"async\" src=\"https:\/\/vainionliikenne.fi\/wp-content\/uploads\/2025\/02\/matkahuolto-reitit-ja-liput-sovellus.png\" alt=\"travel-routes-and-tickets app\" height=\"876\" width=\"550\" title=\"travel-routes-and-tickets app\" onerror=\"this.style.display='none'\" loading=\"lazy\" \/>\n\t<\/figure>\n<h2>\n\t\t\tBus tickets from the online shop\t<\/h2>\n\t<p>Use the links below to buy your bus tickets directly from Matkahuolto's online shop.<\/p>\n\t\t\t<a href=\"https:\/\/liput.matkahuolto.fi\/connectionlist?lang=fi&#038;departurePlaceId=p3335&#038;arrivalPlaceId=s56530&#038;departureDate=2026-07-17&#038;company=J.%20Vainion%20Liikenne%20Oy#breadcrumb\" target=\"_blank\" rel=\"noopener\">\n\t\t\t\t\t\t\tFrom Laitila Fri 17.7.\n\t\t\t\t\t<\/a>\n<figure itemscope itemtype=\"https:\/\/schema.org\/ImageObject\">\n\t\t\t\t<img decoding=\"async\" src=\"https:\/\/vainionliikenne.fi\/wp-content\/uploads\/2026\/03\/At_Karjurock_Laitilasta_pe.jpg\" alt=\"At_Karjurock_Laitilasta_pe\" height=\"328\" width=\"963\" title=\"At_Karjurock_Laitilasta_pe\" onerror=\"this.style.display='none'\" loading=\"lazy\" \/>\n\t<\/figure>\n\t\t\t<a href=\"https:\/\/liput.matkahuolto.fi\/connectionlist?lang=fi&#038;departurePlaceId=p1011&#038;arrivalPlaceId=s56530&#038;departureDate=2026-07-17&#038;company=J.%20Vainion%20Liikenne%20Oy#breadcrumb\" target=\"_blank\" rel=\"noopener\">\n\t\t\t\t\t\t\tFrom New Town 17.7.\n\t\t\t\t\t<\/a>\n<figure itemscope itemtype=\"https:\/\/schema.org\/ImageObject\">\n\t\t\t\t<img decoding=\"async\" src=\"https:\/\/vainionliikenne.fi\/wp-content\/uploads\/2026\/03\/At_Karjurock_Ukista_pe.jpg\" alt=\"At_Karjurock_Ukista_pe\" height=\"241\" width=\"966\" title=\"At_Karjurock_Ukista_pe\" onerror=\"this.style.display='none'\" loading=\"lazy\" \/>\n\t<\/figure>\n\t\t\t<a href=\"https:\/\/liput.matkahuolto.fi\/connectionlist?lang=fi&#038;departurePlaceId=p565&#038;arrivalPlaceId=s56530&#038;departureDate=2026-07-17&#038;company=J.%20Vainion%20Liikenne%20Oy#breadcrumb\" target=\"_blank\" rel=\"noopener\">\n\t\t\t\t\t\t\tFrom Turku on Fri 17.7.\n\t\t\t\t\t<\/a>\n<figure itemscope itemtype=\"https:\/\/schema.org\/ImageObject\">\n\t\t\t\t<img decoding=\"async\" src=\"https:\/\/vainionliikenne.fi\/wp-content\/uploads\/2026\/03\/At_Karjurock_Turusta_pe.jpg\" alt=\"At_Karjurock_Turusta_pe\" height=\"374\" width=\"718\" title=\"At_Karjurock_Turusta_pe\" onerror=\"this.style.display='none'\" loading=\"lazy\" \/>\n\t<\/figure>\n\t\t\t<a href=\"https:\/\/liput.matkahuolto.fi\/connectionlist?lang=fi&#038;departurePlaceId=p1425&#038;arrivalPlaceId=s56530&#038;departureDate=2026-07-17&#038;company=J.%20Vainion%20Liikenne%20Oy#breadcrumb\" target=\"_blank\" rel=\"noopener\">\n\t\t\t\t\t\t\tFrom Rauma Fri 17.7.\n\t\t\t\t\t<\/a>\n<figure itemscope itemtype=\"https:\/\/schema.org\/ImageObject\">\n\t\t\t\t<img decoding=\"async\" src=\"https:\/\/vainionliikenne.fi\/wp-content\/uploads\/2026\/03\/At_Karjurock_Raumalta_pe.jpg\" alt=\"At_Karjurock_Raumalta_pe\" height=\"421\" width=\"593\" title=\"At_Karjurock_Raumalta_pe\" onerror=\"this.style.display='none'\" loading=\"lazy\" \/>\n\t<\/figure>\n\t\t\t<a href=\"https:\/\/liput.matkahuolto.fi\/connectionlist?lang=fi&#038;departurePlaceId=s5081&#038;arrivalPlaceId=s56530&#038;departureDate=2026-07-17&#038;company=J.%20Vainion%20Liikenne%20Oy#breadcrumb\" target=\"_blank\" rel=\"noopener\">\n\t\t\t\t\t\t\tFrom Kustav on Fri 17.7.\n\t\t\t\t\t<\/a>\n<figure itemscope itemtype=\"https:\/\/schema.org\/ImageObject\">\n\t\t\t\t<img decoding=\"async\" src=\"https:\/\/vainionliikenne.fi\/wp-content\/uploads\/2026\/03\/At_Karjurock_Kustavista_pe.jpg\" alt=\"At_Karjurock_Kustavista_pe\" height=\"286\" width=\"498\" title=\"At_Karjurock_Kustavista_pe\" onerror=\"this.style.display='none'\" loading=\"lazy\" \/>\n\t<\/figure>\n\t\t\t<a href=\"https:\/\/liput.matkahuolto.fi\/connectionlist?lang=fi&#038;departurePlaceId=p1258&#038;arrivalPlaceId=s56530&#038;departureDate=2026-07-17&#038;company=J.%20Vainion%20Liikenne%20Oy#breadcrumb\" target=\"_blank\" rel=\"noopener\">\n\t\t\t\t\t\t\tFrom Salo Fri 17.7.\n\t\t\t\t\t<\/a>\n<figure itemscope itemtype=\"https:\/\/schema.org\/ImageObject\">\n\t\t\t\t<img decoding=\"async\" src=\"https:\/\/vainionliikenne.fi\/wp-content\/uploads\/2026\/03\/At_Karjurock_Salosta_pe.jpg\" alt=\"At_Karjurock_Salosta_pe\" height=\"462\" width=\"690\" title=\"At_Karjurock_Salosta_pe\" onerror=\"this.style.display='none'\" loading=\"lazy\" \/>\n\t<\/figure>\n\t<p>If you want to pick up along the way, select Change search and use the stop you want to pick up from. Finally, before you buy your ticket, check that the date of travel is still correct!<\/p>","protected":false},"excerpt":{"rendered":"<p>Vainion Liikenne kuljettaa tuttuun tapaan Karjurock-yleis\u00f6n turvallisesti ja mukavasti. Voit ostaa liput Matkahuollon Matkat -sovelluksesta tai verkkokaupasta. Menomatkan lippu sis\u00e4lt\u00e4\u00e4 aina my\u00f6s paluumatkan samana p\u00e4iv\u00e4n\u00e4. Jos haluat nousta kyytiin matkan varrelta, valitse Muuta hakua ja k\u00e4yt\u00e4 haluamaasi pys\u00e4kki\u00e4 l\u00e4ht\u00f6paikkana. Tarkasta lopuksi ennen lipun ostoa, ett\u00e4 matkap\u00e4iv\u00e4 pysyi oikeana! Bussiliput helposti mobiilisovelluksella Vainion Liikenteen bussiliput voit [&hellip;]<\/p>\n","protected":false},"author":8,"featured_media":0,"parent":13373,"menu_order":14,"comment_status":"closed","ping_status":"closed","template":"","meta":{"_acf_changed":false,"inline_featured_image":false,"site-sidebar-layout":"default","site-content-layout":"page-builder","ast-site-content-layout":"default","site-content-style":"default","site-sidebar-style":"default","ast-global-header-display":"","ast-banner-title-visibility":"","ast-main-header-display":"","ast-hfb-above-header-display":"","ast-hfb-below-header-display":"","ast-hfb-mobile-header-display":"","site-post-title":"disabled","ast-breadcrumbs-content":"","ast-featured-img":"disabled","footer-sml-layout":"","ast-disable-related-posts":"","theme-transparent-header-meta":"default","adv-header-id-meta":"","stick-header-meta":"default","header-above-stick-meta":"","header-main-stick-meta":"","header-below-stick-meta":"","astra-migrate-meta-layouts":"set","ast-page-background-enabled":"default","ast-page-background-meta":{"desktop":{"background-color":"var(--ast-global-color-4)","background-image":"","background-repeat":"repeat","background-position":"center center","background-size":"auto","background-attachment":"scroll","background-type":"","background-media":"","overlay-type":"","overlay-color":"","overlay-opacity":"","overlay-gradient":""},"tablet":{"background-color":"","background-image":"","background-repeat":"repeat","background-position":"center center","background-size":"auto","background-attachment":"scroll","background-type":"","background-media":"","overlay-type":"","overlay-color":"","overlay-opacity":"","overlay-gradient":""},"mobile":{"background-color":"","background-image":"","background-repeat":"repeat","background-position":"center center","background-size":"auto","background-attachment":"scroll","background-type":"","background-media":"","overlay-type":"","overlay-color":"","overlay-opacity":"","overlay-gradient":""}},"ast-content-background-meta":{"desktop":{"background-color":"var(--ast-global-color-5)","background-image":"","background-repeat":"repeat","background-position":"center center","background-size":"auto","background-attachment":"scroll","background-type":"","background-media":"","overlay-type":"","overlay-color":"","overlay-opacity":"","overlay-gradient":""},"tablet":{"background-color":"var(--ast-global-color-5)","background-image":"","background-repeat":"repeat","background-position":"center center","background-size":"auto","background-attachment":"scroll","background-type":"","background-media":"","overlay-type":"","overlay-color":"","overlay-opacity":"","overlay-gradient":""},"mobile":{"background-color":"var(--ast-global-color-5)","background-image":"","background-repeat":"repeat","background-position":"center center","background-size":"auto","background-attachment":"scroll","background-type":"","background-media":"","overlay-type":"","overlay-color":"","overlay-opacity":"","overlay-gradient":""}},"footnotes":""},"class_list":["post-13420","page","type-page","status-publish","hentry"],"acf":[],"_links":{"self":[{"href":"https:\/\/vainionliikenne.fi\/en\/wp-json\/wp\/v2\/pages\/13420","targetHints":{"allow":["GET"]}}],"collection":[{"href":"https:\/\/vainionliikenne.fi\/en\/wp-json\/wp\/v2\/pages"}],"about":[{"href":"https:\/\/vainionliikenne.fi\/en\/wp-json\/wp\/v2\/types\/page"}],"author":[{"embeddable":true,"href":"https:\/\/vainionliikenne.fi\/en\/wp-json\/wp\/v2\/users\/8"}],"replies":[{"embeddable":true,"href":"https:\/\/vainionliikenne.fi\/en\/wp-json\/wp\/v2\/comments?post=13420"}],"version-history":[{"count":6,"href":"https:\/\/vainionliikenne.fi\/en\/wp-json\/wp\/v2\/pages\/13420\/revisions"}],"predecessor-version":[{"id":13521,"href":"https:\/\/vainionliikenne.fi\/en\/wp-json\/wp\/v2\/pages\/13420\/revisions\/13521"}],"up":[{"embeddable":true,"href":"https:\/\/vainionliikenne.fi\/en\/wp-json\/wp\/v2\/pages\/13373"}],"wp:attachment":[{"href":"https:\/\/vainionliikenne.fi\/en\/wp-json\/wp\/v2\/media?parent=13420"}],"curies":[{"name":"wp","href":"https:\/\/api.w.org\/{rel}","templated":true}]}}