{"id":13399,"date":"2026-03-20T15:55:44","date_gmt":"2026-03-20T13:55:44","guid":{"rendered":"https:\/\/vainionliikenne.fi\/?page_id=13399"},"modified":"2026-04-24T08:41:10","modified_gmt":"2026-04-24T05:41:10","slug":"little-headed-thursday","status":"publish","type":"page","link":"https:\/\/vainionliikenne.fi\/en\/tapahtumakuljetukset\/karjurock-17-18-7-2026\/pikkukarju-torstai\/","title":{"rendered":"Pikkukarju 16.7.2026"},"content":{"rendered":"<p>As usual, Vainion Liikenne will transport the Karjurock audience safely and comfortably. You can buy tickets on the Matkahuolto Matkat app or in the online shop.<\/p>\r\n<p>The outward ticket always includes a return journey on the same day.<\/p>\r\n<h2>Bus tickets easily with the mobile app<\/h2>\r\n<p>You can buy Vainion Transport bus tickets from Matkahuolto Matkat<br \/>-from the mobile app. You will then receive your ticket directly on your mobile phone.<\/p>\r\n<p>Download Trips and Tickets from your app store<\/p>\r\n<figure><a href=\"https:\/\/apps.apple.com\/fi\/app\/trips-and-tickets\/id1496304929\" target=\"_blank\" rel=\"noopener\"> <img loading=\"lazy\" decoding=\"async\" title=\"download-on-the-app-store\" src=\"https:\/\/vainionliikenne.fi\/wp-content\/uploads\/2025\/02\/download-on-the-app-store.png\" alt=\"download-on-the-app-store\" width=\"286\" height=\"80\" \/> <\/a><\/figure>\r\n<figure><a href=\"https:\/\/play.google.com\/store\/apps\/details?id=com.kyyti.ride.matkahuolto\" target=\"_blank\" rel=\"noopener\"> <img loading=\"lazy\" decoding=\"async\" title=\"get-it-on-google-play\" src=\"https:\/\/vainionliikenne.fi\/wp-content\/uploads\/2025\/02\/get-it-on-google-play.png\" alt=\"get-it-on-google-play\" width=\"286\" height=\"80\" \/> <\/a><\/figure>\r\n<figure><img loading=\"lazy\" decoding=\"async\" title=\"travel-routes-and-tickets app\" src=\"https:\/\/vainionliikenne.fi\/wp-content\/uploads\/2025\/02\/matkahuolto-reitit-ja-liput-sovellus.png\" alt=\"travel-routes-and-tickets app\" width=\"550\" height=\"876\" \/><\/figure>\r\n<h2>Bus tickets from the online shop<\/h2>\r\n<p>Use the links below to buy your bus tickets directly from Matkahuolto's online shop.<\/p>\r\n<p><a href=\"https:\/\/liput.matkahuolto.fi\/connectionlist?lang=fi&amp;departurePlaceId=s5490&amp;arrivalPlaceId=s56530&amp;departureDate=2026-07-16&amp;company=J.%20Vainion%20Liikenne%20Oy#breadcrumb\" target=\"_blank\" rel=\"noopener\"> From Laitila to 16.7. <\/a> <a href=\"https:\/\/liput.matkahuolto.fi\/connectionlist?lang=fi&amp;departurePlaceId=s12294&amp;arrivalPlaceId=s56530&amp;departureDate=2026-07-16&amp;company=J.%20Vainion%20Liikenne%20Oy#breadcrumb\" target=\"_blank\" rel=\"noopener\"> From New Town <\/a><\/p>\r\n<figure><img loading=\"lazy\" decoding=\"async\" title=\"At_Pikkukarju_Laitila\" src=\"https:\/\/vainionliikenne.fi\/wp-content\/uploads\/2026\/03\/At_Pikkukarju_Laitilasta.jpg\" alt=\"At_Pikkukarju_Laitila\" width=\"587\" height=\"328\" \/><\/figure>\r\n<p><a href=\"https:\/\/liput.matkahuolto.fi\/connectionlist?lang=fi&amp;departurePlaceId=s11703&amp;arrivalPlaceId=s56530&amp;departureDate=2026-07-16&amp;company=J.%20Vainion%20Liikenne%20Oy#breadcrumb\" target=\"_blank\" rel=\"noopener\"> From Turku to 16.7. <\/a> <a href=\"https:\/\/liput.matkahuolto.fi\/connectionlist?lang=fi&amp;departurePlaceId=s9372&amp;arrivalPlaceId=s56530&amp;departureDate=2026-07-16&amp;company=J.%20Vainion%20Liikenne%20Oy#breadcrumb\" target=\"_blank\" rel=\"noopener\"> From Raisio to 16.7. <\/a><\/p>\r\n<figure><img loading=\"lazy\" decoding=\"async\" title=\"At_Pikkukarju_Turusta\" src=\"https:\/\/vainionliikenne.fi\/wp-content\/uploads\/2026\/03\/At_Pikkukarju_Turusta.jpg\" alt=\"At_Pikkukarju_Turusta\" width=\"597\" height=\"374\" \/><\/figure>\r\n<p>If you want to pick up along the way, select Change search and use the stop you want to pick up from. Finally, before you buy your ticket, check that the date of travel is still correct!<\/p>","protected":false},"excerpt":{"rendered":"<p>Vainion Liikenne kuljettaa tuttuun tapaan Karjurock-yleis\u00f6n turvallisesti ja mukavasti. Voit ostaa liput Matkahuollon Matkat -sovelluksesta tai verkkokaupasta. Menomatkan lippu sis\u00e4lt\u00e4\u00e4 aina my\u00f6s paluumatkan samana p\u00e4iv\u00e4n\u00e4. Bussiliput helposti mobiilisovelluksella Vainion Liikenteen bussiliput voit ostaa Matkahuollon Matkat-mobiilisovelluksesta. Saat lipun silloin suoraan k\u00e4nnykk\u00e4\u00e4si. Lataa Reitit ja Liput omasta sovelluskaupastasi Bussiliput verkkokaupasta Alla olevilla linkeill\u00e4 p\u00e4\u00e4set ostamaan bussiliput suoraan [&hellip;]<\/p>\n","protected":false},"author":8,"featured_media":0,"parent":13373,"menu_order":14,"comment_status":"closed","ping_status":"closed","template":"","meta":{"_acf_changed":false,"inline_featured_image":false,"site-sidebar-layout":"default","site-content-layout":"page-builder","ast-site-content-layout":"default","site-content-style":"default","site-sidebar-style":"default","ast-global-header-display":"","ast-banner-title-visibility":"","ast-main-header-display":"","ast-hfb-above-header-display":"","ast-hfb-below-header-display":"","ast-hfb-mobile-header-display":"","site-post-title":"disabled","ast-breadcrumbs-content":"","ast-featured-img":"disabled","footer-sml-layout":"","ast-disable-related-posts":"","theme-transparent-header-meta":"default","adv-header-id-meta":"","stick-header-meta":"default","header-above-stick-meta":"","header-main-stick-meta":"","header-below-stick-meta":"","astra-migrate-meta-layouts":"set","ast-page-background-enabled":"default","ast-page-background-meta":{"desktop":{"background-color":"var(--ast-global-color-4)","background-image":"","background-repeat":"repeat","background-position":"center center","background-size":"auto","background-attachment":"scroll","background-type":"","background-media":"","overlay-type":"","overlay-color":"","overlay-opacity":"","overlay-gradient":""},"tablet":{"background-color":"","background-image":"","background-repeat":"repeat","background-position":"center center","background-size":"auto","background-attachment":"scroll","background-type":"","background-media":"","overlay-type":"","overlay-color":"","overlay-opacity":"","overlay-gradient":""},"mobile":{"background-color":"","background-image":"","background-repeat":"repeat","background-position":"center center","background-size":"auto","background-attachment":"scroll","background-type":"","background-media":"","overlay-type":"","overlay-color":"","overlay-opacity":"","overlay-gradient":""}},"ast-content-background-meta":{"desktop":{"background-color":"var(--ast-global-color-5)","background-image":"","background-repeat":"repeat","background-position":"center center","background-size":"auto","background-attachment":"scroll","background-type":"","background-media":"","overlay-type":"","overlay-color":"","overlay-opacity":"","overlay-gradient":""},"tablet":{"background-color":"var(--ast-global-color-5)","background-image":"","background-repeat":"repeat","background-position":"center center","background-size":"auto","background-attachment":"scroll","background-type":"","background-media":"","overlay-type":"","overlay-color":"","overlay-opacity":"","overlay-gradient":""},"mobile":{"background-color":"var(--ast-global-color-5)","background-image":"","background-repeat":"repeat","background-position":"center center","background-size":"auto","background-attachment":"scroll","background-type":"","background-media":"","overlay-type":"","overlay-color":"","overlay-opacity":"","overlay-gradient":""}},"footnotes":""},"class_list":["post-13399","page","type-page","status-publish","hentry"],"acf":[],"_links":{"self":[{"href":"https:\/\/vainionliikenne.fi\/en\/wp-json\/wp\/v2\/pages\/13399","targetHints":{"allow":["GET"]}}],"collection":[{"href":"https:\/\/vainionliikenne.fi\/en\/wp-json\/wp\/v2\/pages"}],"about":[{"href":"https:\/\/vainionliikenne.fi\/en\/wp-json\/wp\/v2\/types\/page"}],"author":[{"embeddable":true,"href":"https:\/\/vainionliikenne.fi\/en\/wp-json\/wp\/v2\/users\/8"}],"replies":[{"embeddable":true,"href":"https:\/\/vainionliikenne.fi\/en\/wp-json\/wp\/v2\/comments?post=13399"}],"version-history":[{"count":11,"href":"https:\/\/vainionliikenne.fi\/en\/wp-json\/wp\/v2\/pages\/13399\/revisions"}],"predecessor-version":[{"id":13524,"href":"https:\/\/vainionliikenne.fi\/en\/wp-json\/wp\/v2\/pages\/13399\/revisions\/13524"}],"up":[{"embeddable":true,"href":"https:\/\/vainionliikenne.fi\/en\/wp-json\/wp\/v2\/pages\/13373"}],"wp:attachment":[{"href":"https:\/\/vainionliikenne.fi\/en\/wp-json\/wp\/v2\/media?parent=13399"}],"curies":[{"name":"wp","href":"https:\/\/api.w.org\/{rel}","templated":true}]}}