{"id":13373,"date":"2026-02-27T12:14:31","date_gmt":"2026-02-27T10:14:31","guid":{"rendered":"https:\/\/vainionliikenne.fi\/?page_id=13373"},"modified":"2026-04-10T14:44:29","modified_gmt":"2026-04-10T11:44:29","slug":"cattle-rocks-17-18-7-2026","status":"publish","type":"page","link":"https:\/\/vainionliikenne.fi\/en\/tapahtumakuljetukset\/karjurock-17-18-7-2026\/","title":{"rendered":"Karjurock 17.7. and 18.7.2026"},"content":{"rendered":"<p>Karjurock, known as the world's toughest country festival, will be celebrated at Lokalahti in Uusikaupunki from Friday to Saturday 17-18 July 2026!<\/p>\n<p>Karjurock will see a diverse line-up of artists this summer. On Friday 17 July, Apulanta, Kaija Koo, Eclipse(SWE), Eini, Black Devils, Tauski, Wolfram, Aste and Ullanlinna Elvis will take to the stage. On Saturday 18 July, Popeda, Klamydia, Teflon Brothers, Petri Nyg\u00e5rd, Neon 2, Atomirotta, Kilpi, Frederik, Poju and Dog Hustlers.<\/p>\n<p>Tickets for the 2026 Karjurock summer event on sale\u00a0<a href=\"https:\/\/www.ticketmaster.fi\/artist\/karjurock-lippuja\/893155?camefrom=lyhurl_karjurock&amp;utm_source=unitedfestivals_referral&amp;utm_medium=client&amp;utm_campaign=karjurock\" target=\"_blank\" rel=\"noopener\">Ticketmaster<\/a>.<\/p>\n<p>As usual, Vainion Liikenne will organise transport to the festivals. Bus tickets will be on sale later in the spring.<\/p>\n<p><a href=\"https:\/\/karjurock.fi\/\" target=\"_blank\" rel=\"noopener\"><img loading=\"lazy\" decoding=\"async\" src=\"https:\/\/vainionliikenne.fi\/wp-content\/uploads\/2026\/02\/Karjurock-logo.jpg\" alt=\"\" width=\"198\" height=\"96\" \/><\/a><\/p>\n\t\t\t<a href=\"https:\/\/karjurock.fi\/\" target=\"_blank\" rel=\"noopener\">\n\t\t\t\t\t\t\tRead more!\n\t\t\t\t\t<\/a>\n\t\t\t<a href=\"https:\/\/www.ticketmaster.fi\/artist\/karjurock-lippuja\/893155?camefrom=lyhurl_karjurock&#038;utm_source=unitedfestivals_referral&#038;utm_medium=client&#038;utm_campaign=karjurock\" target=\"_blank\" rel=\"noopener\">\n\t\t\t\t\t\t\tBuy an event ticket\n\t\t\t\t\t<\/a>\n<h2>\n\t\t\tBuy bus tickets\t<\/h2>\n\t<p>Buy your ticket from the link below.<\/p>\n<p>&nbsp;<\/p>\n<p>Note! The outward journey includes the return journey, so there is no need to buy a return ticket separately.<\/p>\n<p>&nbsp;<\/p>\n\t\t\t<a href=\"https:\/\/vainionliikenne.fi\/en\/event-transportation\/cattle-rocks-17-18-7-2026\/karjurock_friday\/?fl_builder&#038;fl_builder_ui\" target=\"_blank\" rel=\"noopener\">\n\t\t\t\t\t\t\tBus ticket for Friday\n\t\t\t\t\t<\/a>\n\t\t\t<a href=\"https:\/\/vainionliikenne.fi\/en\/event-transportation\/cattle-rocks-17-18-7-2026\/karjurock_lauday\/?fl_builder&#038;fl_builder_ui\" target=\"_blank\" rel=\"noopener\">\n\t\t\t\t\t\t\tBus ticket for Saturday\n\t\t\t\t\t<\/a>","protected":false},"excerpt":{"rendered":"<p>Maailman kovimpana maalaisfestarina tunnettu Karjurock juhlitaan Uudenkaupungin Lokalahdella perjantaista lauantaihin 17.-18.7.2026! Karjurockissa n\u00e4hd\u00e4\u00e4n tulevana kes\u00e4n\u00e4 monipuolinen artistikattaus. Perjantaina 17. hein\u00e4kuuta estradille nousevat\u00a0Apulanta,\u00a0Kaija Koo,\u00a0Eclipse(SWE),\u00a0Eini,\u00a0Black Devils,\u00a0Tauski,\u00a0Wolfram,\u00a0Aste\u00a0ja\u00a0Ullanlinnan Elvis. Lauantaina 18.7. vuoronsa saavat\u00a0Popeda,\u00a0Klamydia,\u00a0Teflon Brothers,\u00a0Petri Nyg\u00e5rd,\u00a0Neon 2,\u00a0Atomirotta,\u00a0Kilpi,\u00a0Frederik,\u00a0Poju\u00a0ja\u00a0Dog Hustlers. P\u00e4\u00e4syliput kes\u00e4n 2026 Karjurockiin myy\u00a0Ticketmaster. Vainion Liikenne j\u00e4rjest\u00e4\u00e4 tuttuun tapaan kuljetukset festareille. Bussiliput tulevat myyntiin my\u00f6hemmin kev\u00e4\u00e4ll\u00e4. Lue lis\u00e4\u00e4! Osta tapahtumalippu Osta [&hellip;]<\/p>\n","protected":false},"author":7,"featured_media":12899,"parent":12840,"menu_order":14,"comment_status":"closed","ping_status":"closed","template":"","meta":{"_acf_changed":false,"inline_featured_image":false,"site-sidebar-layout":"default","site-content-layout":"page-builder","ast-site-content-layout":"default","site-content-style":"default","site-sidebar-style":"default","ast-global-header-display":"","ast-banner-title-visibility":"","ast-main-header-display":"","ast-hfb-above-header-display":"","ast-hfb-below-header-display":"","ast-hfb-mobile-header-display":"","site-post-title":"disabled","ast-breadcrumbs-content":"","ast-featured-img":"disabled","footer-sml-layout":"","ast-disable-related-posts":"","theme-transparent-header-meta":"default","adv-header-id-meta":"","stick-header-meta":"default","header-above-stick-meta":"","header-main-stick-meta":"","header-below-stick-meta":"","astra-migrate-meta-layouts":"set","ast-page-background-enabled":"default","ast-page-background-meta":{"desktop":{"background-color":"var(--ast-global-color-4)","background-image":"","background-repeat":"repeat","background-position":"center center","background-size":"auto","background-attachment":"scroll","background-type":"","background-media":"","overlay-type":"","overlay-color":"","overlay-opacity":"","overlay-gradient":""},"tablet":{"background-color":"","background-image":"","background-repeat":"repeat","background-position":"center center","background-size":"auto","background-attachment":"scroll","background-type":"","background-media":"","overlay-type":"","overlay-color":"","overlay-opacity":"","overlay-gradient":""},"mobile":{"background-color":"","background-image":"","background-repeat":"repeat","background-position":"center center","background-size":"auto","background-attachment":"scroll","background-type":"","background-media":"","overlay-type":"","overlay-color":"","overlay-opacity":"","overlay-gradient":""}},"ast-content-background-meta":{"desktop":{"background-color":"var(--ast-global-color-5)","background-image":"","background-repeat":"repeat","background-position":"center center","background-size":"auto","background-attachment":"scroll","background-type":"","background-media":"","overlay-type":"","overlay-color":"","overlay-opacity":"","overlay-gradient":""},"tablet":{"background-color":"var(--ast-global-color-5)","background-image":"","background-repeat":"repeat","background-position":"center center","background-size":"auto","background-attachment":"scroll","background-type":"","background-media":"","overlay-type":"","overlay-color":"","overlay-opacity":"","overlay-gradient":""},"mobile":{"background-color":"var(--ast-global-color-5)","background-image":"","background-repeat":"repeat","background-position":"center center","background-size":"auto","background-attachment":"scroll","background-type":"","background-media":"","overlay-type":"","overlay-color":"","overlay-opacity":"","overlay-gradient":""}},"footnotes":""},"class_list":["post-13373","page","type-page","status-publish","has-post-thumbnail","hentry"],"acf":[],"_links":{"self":[{"href":"https:\/\/vainionliikenne.fi\/en\/wp-json\/wp\/v2\/pages\/13373","targetHints":{"allow":["GET"]}}],"collection":[{"href":"https:\/\/vainionliikenne.fi\/en\/wp-json\/wp\/v2\/pages"}],"about":[{"href":"https:\/\/vainionliikenne.fi\/en\/wp-json\/wp\/v2\/types\/page"}],"author":[{"embeddable":true,"href":"https:\/\/vainionliikenne.fi\/en\/wp-json\/wp\/v2\/users\/7"}],"replies":[{"embeddable":true,"href":"https:\/\/vainionliikenne.fi\/en\/wp-json\/wp\/v2\/comments?post=13373"}],"version-history":[{"count":11,"href":"https:\/\/vainionliikenne.fi\/en\/wp-json\/wp\/v2\/pages\/13373\/revisions"}],"predecessor-version":[{"id":13496,"href":"https:\/\/vainionliikenne.fi\/en\/wp-json\/wp\/v2\/pages\/13373\/revisions\/13496"}],"up":[{"embeddable":true,"href":"https:\/\/vainionliikenne.fi\/en\/wp-json\/wp\/v2\/pages\/12840"}],"wp:featuredmedia":[{"embeddable":true,"href":"https:\/\/vainionliikenne.fi\/en\/wp-json\/wp\/v2\/media\/12899"}],"wp:attachment":[{"href":"https:\/\/vainionliikenne.fi\/en\/wp-json\/wp\/v2\/media?parent=13373"}],"curies":[{"name":"wp","href":"https:\/\/api.w.org\/{rel}","templated":true}]}}