{"id":13345,"date":"2026-02-16T09:37:35","date_gmt":"2026-02-16T07:37:35","guid":{"rendered":"https:\/\/vainionliikenne.fi\/?page_id=13345"},"modified":"2026-02-17T08:38:59","modified_gmt":"2026-02-17T06:38:59","slug":"american-car-show-4-4-2026","status":"publish","type":"page","link":"https:\/\/vainionliikenne.fi\/en\/tapahtumakuljetukset\/american-car-show-4-4-2026\/","title":{"rendered":"American Car Show 4.4.2026"},"content":{"rendered":"Fun Easter activities at the Helsinki Exhibition Centre.<br \/>\nThe Original American Car Show features hundreds of exciting vehicles and entertaining side events.\n<p>The main exhibition showcases the diversity of American cars in all their glory.<\/p>\n<p>ACS26 is an event and exhibition for the whole family.<\/p>\n<p>Tickets are available in advance from Tiketti and Messukeskus online stores. Advance tickets are cheaper than tickets bought at the door. The easiest way to get them is to visit the website <a href=\"https:\/\/americancarshow.fi\/lipunmyynti\" target=\"_blank\" rel=\"noopener\">Here<\/a>.<\/p>\n<p>Vainion Liikenne will arrange bus transport to the event.<\/p>\n<p>Reitti: klo 9.00 Turku &#8211; Salo &#8211; Suomusj\u00e4rvi &#8211; Helsinki. Paluul\u00e4ht\u00f6 klo 16.00.<\/p>\n<p>Bus fare from Turku 34,90 \u20ac and from Salo 26,90 \u20ac (return).  Children's tickets at a reduced price.<\/p>\n<p><a href=\"https:\/\/americancarshow.fi\/\" target=\"_blank\" rel=\"noopener\"><img loading=\"lazy\" decoding=\"async\" src=\"https:\/\/vainionliikenne.fi\/wp-content\/uploads\/2026\/02\/American-Car-show-logo.jpg\" alt=\"\" width=\"336\" height=\"143\" \/><\/a><\/p>\n<h2>\n\t\t\tMore information about the event\t<\/h2>\n\t\t\t<a href=\"https:\/\/americancarshow.fi\/\" target=\"_blank\" rel=\"noopener\">\n\t\t\t\t\t\t\tRead more!\n\t\t\t\t\t<\/a>\n\t\t\t<a href=\"https:\/\/americancarshow.fi\/lipunmyynti\" target=\"_blank\" rel=\"noopener\">\n\t\t\t\t\t\t\tBuy an event ticket\n\t\t\t\t\t<\/a>\n<h2>\n\t\t\tBuy bus tickets\t<\/h2>\n\t<p>Buy your ticket from the link below. You can also choose a stop along the route that suits you. In this case, choose the stop from which you board the bus.<\/p>\n<p>&nbsp;<\/p>\n<p>Note! The outward journey includes the return journey, so there is no need to buy a return ticket separately.<\/p>\n<p>&nbsp;<\/p>\n<p>&nbsp;<\/p>\n<p>Buy your ticket here:<\/p>\n\t\t\t<a href=\"https:\/\/liput.matkahuolto.fi\/connectionlist?lang=fi&#038;departurePlaceId=p565&#038;arrivalPlaceId=s55747&#038;departureDate=2026-04-04#breadcrumb\" target=\"_blank\" rel=\"noopener\">\n\t\t\t\t\t\t\tTicket from Turku\n\t\t\t\t\t<\/a>\n\t\t\t<a href=\"https:\/\/liput.matkahuolto.fi\/connectionlist?lang=fi&#038;departurePlaceId=p1258&#038;arrivalPlaceId=s55747&#038;departureDate=2026-04-04#breadcrumb\" target=\"_blank\" rel=\"noopener\">\n\t\t\t\t\t\t\tTicket from Salosta\n\t\t\t\t\t<\/a>\n\t\t\t<a href=\"https:\/\/liput.matkahuolto.fi\/connectionlist?lang=fi&#038;departurePlaceId=p1685&#038;arrivalPlaceId=s55747&#038;departureDate=2026-04-04#breadcrumb\" target=\"_blank\" rel=\"noopener\">\n\t\t\t\t\t\t\tTicket from Suomusj\u00e4rvi\n\t\t\t\t\t<\/a>","protected":false},"excerpt":{"rendered":"<p>Hauskaa p\u00e4\u00e4si\u00e4istekemist\u00e4 Helsingin Messukeskuksessa. Original American Car Show:sta l\u00f6ytyy sadoittain el\u00e4myksellisi\u00e4 ajoneuvoja ja viihdytt\u00e4v\u00e4\u00e4 oheisohjelmaa. P\u00e4\u00e4n\u00e4yttelyss\u00e4 on esill\u00e4 amerikkalaisten autojen moninaisuus koko loistossaan. ACS26 on koko perheen tapahtuma ja n\u00e4yttely t\u00e4ynn\u00e4 koettavaa. Tapahtumaliput ovat saatavilla ennakkoon Tiketin ja Messukeskuksen verkkokaupoista. Ennakkoliput ovat edullisempia verrattuna ovelta ostettuihin lippuihin. Helpoiten saat ne verkkosivuilta t\u00e4st\u00e4. Vainion Liikenne j\u00e4rjest\u00e4\u00e4 [&hellip;]<\/p>\n","protected":false},"author":7,"featured_media":12899,"parent":12840,"menu_order":14,"comment_status":"closed","ping_status":"closed","template":"","meta":{"_acf_changed":false,"inline_featured_image":false,"site-sidebar-layout":"default","site-content-layout":"page-builder","ast-site-content-layout":"default","site-content-style":"default","site-sidebar-style":"default","ast-global-header-display":"","ast-banner-title-visibility":"","ast-main-header-display":"","ast-hfb-above-header-display":"","ast-hfb-below-header-display":"","ast-hfb-mobile-header-display":"","site-post-title":"disabled","ast-breadcrumbs-content":"","ast-featured-img":"disabled","footer-sml-layout":"","ast-disable-related-posts":"","theme-transparent-header-meta":"default","adv-header-id-meta":"","stick-header-meta":"default","header-above-stick-meta":"","header-main-stick-meta":"","header-below-stick-meta":"","astra-migrate-meta-layouts":"set","ast-page-background-enabled":"default","ast-page-background-meta":{"desktop":{"background-color":"var(--ast-global-color-4)","background-image":"","background-repeat":"repeat","background-position":"center center","background-size":"auto","background-attachment":"scroll","background-type":"","background-media":"","overlay-type":"","overlay-color":"","overlay-opacity":"","overlay-gradient":""},"tablet":{"background-color":"","background-image":"","background-repeat":"repeat","background-position":"center center","background-size":"auto","background-attachment":"scroll","background-type":"","background-media":"","overlay-type":"","overlay-color":"","overlay-opacity":"","overlay-gradient":""},"mobile":{"background-color":"","background-image":"","background-repeat":"repeat","background-position":"center center","background-size":"auto","background-attachment":"scroll","background-type":"","background-media":"","overlay-type":"","overlay-color":"","overlay-opacity":"","overlay-gradient":""}},"ast-content-background-meta":{"desktop":{"background-color":"var(--ast-global-color-5)","background-image":"","background-repeat":"repeat","background-position":"center center","background-size":"auto","background-attachment":"scroll","background-type":"","background-media":"","overlay-type":"","overlay-color":"","overlay-opacity":"","overlay-gradient":""},"tablet":{"background-color":"var(--ast-global-color-5)","background-image":"","background-repeat":"repeat","background-position":"center center","background-size":"auto","background-attachment":"scroll","background-type":"","background-media":"","overlay-type":"","overlay-color":"","overlay-opacity":"","overlay-gradient":""},"mobile":{"background-color":"var(--ast-global-color-5)","background-image":"","background-repeat":"repeat","background-position":"center center","background-size":"auto","background-attachment":"scroll","background-type":"","background-media":"","overlay-type":"","overlay-color":"","overlay-opacity":"","overlay-gradient":""}},"footnotes":""},"class_list":["post-13345","page","type-page","status-publish","has-post-thumbnail","hentry"],"acf":[],"_links":{"self":[{"href":"https:\/\/vainionliikenne.fi\/en\/wp-json\/wp\/v2\/pages\/13345","targetHints":{"allow":["GET"]}}],"collection":[{"href":"https:\/\/vainionliikenne.fi\/en\/wp-json\/wp\/v2\/pages"}],"about":[{"href":"https:\/\/vainionliikenne.fi\/en\/wp-json\/wp\/v2\/types\/page"}],"author":[{"embeddable":true,"href":"https:\/\/vainionliikenne.fi\/en\/wp-json\/wp\/v2\/users\/7"}],"replies":[{"embeddable":true,"href":"https:\/\/vainionliikenne.fi\/en\/wp-json\/wp\/v2\/comments?post=13345"}],"version-history":[{"count":7,"href":"https:\/\/vainionliikenne.fi\/en\/wp-json\/wp\/v2\/pages\/13345\/revisions"}],"predecessor-version":[{"id":13362,"href":"https:\/\/vainionliikenne.fi\/en\/wp-json\/wp\/v2\/pages\/13345\/revisions\/13362"}],"up":[{"embeddable":true,"href":"https:\/\/vainionliikenne.fi\/en\/wp-json\/wp\/v2\/pages\/12840"}],"wp:featuredmedia":[{"embeddable":true,"href":"https:\/\/vainionliikenne.fi\/en\/wp-json\/wp\/v2\/media\/12899"}],"wp:attachment":[{"href":"https:\/\/vainionliikenne.fi\/en\/wp-json\/wp\/v2\/media?parent=13345"}],"curies":[{"name":"wp","href":"https:\/\/api.w.org\/{rel}","templated":true}]}}