{"id":13319,"date":"2026-02-16T09:42:45","date_gmt":"2026-02-16T07:42:45","guid":{"rendered":"https:\/\/vainionliikenne.fi\/?page_id=13319"},"modified":"2026-02-16T09:44:06","modified_gmt":"2026-02-16T07:44:06","slug":"tampere-winter-yard-paint-market-21-3-2026","status":"publish","type":"page","link":"https:\/\/vainionliikenne.fi\/en\/tapahtumakuljetukset\/tampereen-tallipihan-maalismarkkinat-21-3-2026\/","title":{"rendered":"Tampere Tallipihan Painting Market and Ideapark 21.3.2026"},"content":{"rendered":"<p>A spring market in the atmospheric courtyard of Tampere Tallipihti, filled with visiting craftspeople. Stalls, stables and stalls in the courtyard sell lovely spring produce and delicacies. Of course, the day's activities will also include the pony and the cute alpacas of the Stables Yard.<\/p>\n<p>The caf\u00e9 and its delicacies are also served on the outdoor terrace.<\/p>\n<p>Admission to the event is free.<\/p>\n<p>Vainion Liikenne will arrange bus transport to the event.<\/p>\n<p>The return shuttle departs from Tampere at 14:00 and on the way back we stop for a couple of hours at Ideapark in Lemp\u00e4\u00e4l\u00e4, where it is possible to eat and shop. Return to Salo at around 18.30.<\/p>\n<p>Bussin reitti: klo 9.00 Salo &#8211; Somero &#8211; Forssa &#8211; Humppila &#8211; Urjala &#8211; Tampere. Bussikuljetuksen hinta Salosta on 34,90 \u20ac (meno-paluu). Lastenlippu 24,70 \u20ac.<\/p>\n<p><a href=\"https:\/\/tallipiha.fi\/maalismarkkinat\" target=\"_blank\" rel=\"noopener\"><strong>Welcome to join us!<\/strong><\/a><\/p>\n<p><img loading=\"lazy\" decoding=\"async\" src=\"https:\/\/vainionliikenne.fi\/wp-content\/uploads\/2026\/01\/tallipiha_logo.jpg\" alt=\"\" width=\"107\" height=\"97\" \/>\u00a0 \u00a0 \u00a0<a href=\"https:\/\/tallipiha.fi\/\" target=\"_blank\" rel=\"noopener\">www.tallipiha.fi<\/a><\/p>\n<h2>\n\t\t\tMore information about the event\t<\/h2>\n\t\t\t<a href=\"https:\/\/tallipiha.fi\/maalismarkkinat\" target=\"_blank\" rel=\"noopener\">\n\t\t\t\t\t\t\tRead more!\n\t\t\t\t\t<\/a>\n<h2>\n\t\t\tBuy tickets\t<\/h2>\n\t<p>Buy your ticket from the link below. You can also choose a stop along the route that suits you. In this case, choose the stop from which you board the bus.<\/p>\n<p>&nbsp;<\/p>\n<p>Note! The outward journey includes the return journey, so there is no need to buy a return ticket separately.<\/p>\n<p>&nbsp;<\/p>\n<p>&nbsp;<\/p>\n<p>Buy your ticket here:<\/p>\n\t\t\t<a href=\"https:\/\/liput.matkahuolto.fi\/connectionlist?lang=fi&#038;departurePlaceId=p1258&#038;arrivalPlaceId=s56524&#038;departureDate=2026-03-21#breadcrumb\" target=\"_blank\" rel=\"noopener\">\n\t\t\t\t\t\t\tBus ticket from Salo\n\t\t\t\t\t<\/a>\n\t\t\t<a href=\"https:\/\/liput.matkahuolto.fi\/connectionlist?lang=fi&#038;departurePlaceId=s10705&#038;arrivalPlaceId=s56524&#038;departureDate=2026-03-21#breadcrumb\" target=\"_blank\" rel=\"noopener\">\n\t\t\t\t\t\t\tBus ticket from Somero\n\t\t\t\t\t<\/a>\n\t\t\t<a href=\"https:\/\/liput.matkahuolto.fi\/connectionlist?lang=fi&#038;departurePlaceId=p1317&#038;arrivalPlaceId=s56524&#038;departureDate=2026-03-21#breadcrumb\" target=\"_blank\" rel=\"noopener\">\n\t\t\t\t\t\t\tBus ticket from Forssa\n\t\t\t\t\t<\/a>","protected":false},"excerpt":{"rendered":"<p>Kev\u00e4iset markkinat Tampereen Tallipihan tunnelmallisella pihalla, joka t\u00e4yttyy vierailevista k\u00e4dentaitajista. Puodeissa, tallissa ja pihan myyntipisteiss\u00e4 myynniss\u00e4 ihania kev\u00e4isi\u00e4 tuotteita ja herkkuja. Mukana p\u00e4iv\u00e4n tohinoissa luonnollisesti my\u00f6s Tallipihan ponit ja suloiset alpakat. Kahvila palvelee herkkuineen my\u00f6s ulkoterassilla. Tapahtumaan on vapaa p\u00e4\u00e4sy. Vainion Liikenne j\u00e4rjest\u00e4\u00e4 bussikuljetuksen tapahtumaan. Paluukuljetus l\u00e4htee klo 14 Tampereelta ja paluumatkalla pys\u00e4hdyt\u00e4\u00e4n parin tunnin [&hellip;]<\/p>\n","protected":false},"author":7,"featured_media":12899,"parent":12840,"menu_order":14,"comment_status":"closed","ping_status":"closed","template":"","meta":{"_acf_changed":false,"inline_featured_image":false,"site-sidebar-layout":"default","site-content-layout":"page-builder","ast-site-content-layout":"default","site-content-style":"default","site-sidebar-style":"default","ast-global-header-display":"","ast-banner-title-visibility":"","ast-main-header-display":"","ast-hfb-above-header-display":"","ast-hfb-below-header-display":"","ast-hfb-mobile-header-display":"","site-post-title":"disabled","ast-breadcrumbs-content":"","ast-featured-img":"disabled","footer-sml-layout":"","ast-disable-related-posts":"","theme-transparent-header-meta":"default","adv-header-id-meta":"","stick-header-meta":"default","header-above-stick-meta":"","header-main-stick-meta":"","header-below-stick-meta":"","astra-migrate-meta-layouts":"set","ast-page-background-enabled":"default","ast-page-background-meta":{"desktop":{"background-color":"var(--ast-global-color-4)","background-image":"","background-repeat":"repeat","background-position":"center center","background-size":"auto","background-attachment":"scroll","background-type":"","background-media":"","overlay-type":"","overlay-color":"","overlay-opacity":"","overlay-gradient":""},"tablet":{"background-color":"","background-image":"","background-repeat":"repeat","background-position":"center center","background-size":"auto","background-attachment":"scroll","background-type":"","background-media":"","overlay-type":"","overlay-color":"","overlay-opacity":"","overlay-gradient":""},"mobile":{"background-color":"","background-image":"","background-repeat":"repeat","background-position":"center center","background-size":"auto","background-attachment":"scroll","background-type":"","background-media":"","overlay-type":"","overlay-color":"","overlay-opacity":"","overlay-gradient":""}},"ast-content-background-meta":{"desktop":{"background-color":"var(--ast-global-color-5)","background-image":"","background-repeat":"repeat","background-position":"center center","background-size":"auto","background-attachment":"scroll","background-type":"","background-media":"","overlay-type":"","overlay-color":"","overlay-opacity":"","overlay-gradient":""},"tablet":{"background-color":"var(--ast-global-color-5)","background-image":"","background-repeat":"repeat","background-position":"center center","background-size":"auto","background-attachment":"scroll","background-type":"","background-media":"","overlay-type":"","overlay-color":"","overlay-opacity":"","overlay-gradient":""},"mobile":{"background-color":"var(--ast-global-color-5)","background-image":"","background-repeat":"repeat","background-position":"center center","background-size":"auto","background-attachment":"scroll","background-type":"","background-media":"","overlay-type":"","overlay-color":"","overlay-opacity":"","overlay-gradient":""}},"footnotes":""},"class_list":["post-13319","page","type-page","status-publish","has-post-thumbnail","hentry"],"acf":[],"_links":{"self":[{"href":"https:\/\/vainionliikenne.fi\/en\/wp-json\/wp\/v2\/pages\/13319","targetHints":{"allow":["GET"]}}],"collection":[{"href":"https:\/\/vainionliikenne.fi\/en\/wp-json\/wp\/v2\/pages"}],"about":[{"href":"https:\/\/vainionliikenne.fi\/en\/wp-json\/wp\/v2\/types\/page"}],"author":[{"embeddable":true,"href":"https:\/\/vainionliikenne.fi\/en\/wp-json\/wp\/v2\/users\/7"}],"replies":[{"embeddable":true,"href":"https:\/\/vainionliikenne.fi\/en\/wp-json\/wp\/v2\/comments?post=13319"}],"version-history":[{"count":13,"href":"https:\/\/vainionliikenne.fi\/en\/wp-json\/wp\/v2\/pages\/13319\/revisions"}],"predecessor-version":[{"id":13357,"href":"https:\/\/vainionliikenne.fi\/en\/wp-json\/wp\/v2\/pages\/13319\/revisions\/13357"}],"up":[{"embeddable":true,"href":"https:\/\/vainionliikenne.fi\/en\/wp-json\/wp\/v2\/pages\/12840"}],"wp:featuredmedia":[{"embeddable":true,"href":"https:\/\/vainionliikenne.fi\/en\/wp-json\/wp\/v2\/media\/12899"}],"wp:attachment":[{"href":"https:\/\/vainionliikenne.fi\/en\/wp-json\/wp\/v2\/media?parent=13319"}],"curies":[{"name":"wp","href":"https:\/\/api.w.org\/{rel}","templated":true}]}}