{"id":13166,"date":"2025-11-05T13:17:32","date_gmt":"2025-11-05T11:17:32","guid":{"rendered":"https:\/\/vainionliikenne.fi\/?page_id=13166"},"modified":"2025-11-19T14:42:02","modified_gmt":"2025-11-19T12:42:02","slug":"lp-message-trust-in-nurioon","status":"publish","type":"page","link":"https:\/\/vainionliikenne.fi\/en\/lp-viesti-luottaa-vainioon\/","title":{"rendered":"LP Viesti trusts Vainio"},"content":{"rendered":"<h1>LP Viesti luottaa Vainion kyyteihin<\/h1>\r\n<p><em>Menestyv\u00e4n joukkueen taustalla on aina joukko luotettavia yhteisty\u00f6kumppaneita. LP Viesti, yksi Suomen menestyneimmist\u00e4 naisten lentopalloseuroista, on luottanut Vainion Liikenteen tilausajoihin jo usean vuoden ajan. Pelimatkat eri puolille Suomea ovat iso osa joukkueen arkea &#8211; ja jokainen matka on alku onnistuneelle ottelulle.<\/em><\/p>\r\n<p><img loading=\"lazy\" decoding=\"async\" title=\"vainio-refe-lp-1-1\" src=\"https:\/\/vainionliikenne.fi\/wp-content\/uploads\/2025\/11\/vainio-refe-lp-1-1.jpg\" alt=\"vainio-refe-lp-1-1\" width=\"768\" height=\"960\" \/><\/p>\r\n<h3>The game starts on the bus<\/h3>\r\n<p>The trip to the field is part of the preparation for the game day. When transportation works seamlessly and schedules are right, the team can focus on the game. It is important to LP Viest that travel is hassle-free, safe and smooth. It supports the preparation of the players and contributes to the team's overall vibe.<\/p>\r\n<p>The cooperation with Vainio has been straightforward from the beginning and has met exactly these needs. Over the years, this cooperation has grown into a relationship of trust, which is evident on every trip. When game trips are made on a weekly basis, even the little things matter. The comfort of the bus, a familiar driver and the flexibility to make stops make the journey a pleasant one.<\/p>\r\n<h3>Vainio's modern equipment gathers praise<\/h3>\r\n<p>Vainio's modern equipment meets the needs of even the most demanding sports team. Spacious and clean buses provide a peaceful environment where players can rest, concentrate on the match or spend time together. LP Viest particularly values the fact that the buses are safe, comfortable and clean. Vainio's fleet is always in good condition, and this is also reflected in the positive feedback from the players.<\/p>\r\n<p>Drivers also play an important role in the success of the journey. Vainio's drivers are known for their friendly attitude, punctuality and thorough knowledge of routes and timetables.<\/p>\r\n<p><img loading=\"lazy\" decoding=\"async\" title=\"vainio-refe-lp-3\" src=\"https:\/\/vainionliikenne.fi\/wp-content\/uploads\/2025\/11\/vainio-refe-lp-3.jpg\" alt=\"vainio-refe-lp-3\" width=\"768\" height=\"960\" \/><\/p>\r\n<h3>Joustava tilausajopalvelu urheilujoukkueille ja ryhmille &#8211; Vainio vie perille<\/h3>\r\n<p>Vainio's charter services offer a flexible service: schedules and routes are always planned according to the customer's wishes. This is particularly valuable for a sports team, whose programme can change rapidly. The team describes the cooperation as really straightforward and communication as easy. Vainio understands the importance of flexibility and reacts quickly if something changes.<\/p>\r\n<p>Vuosien varrella LP Viesti on matkustanut Vainion kyydiss\u00e4 lukemattomia kilometrej\u00e4 &#8211; ja yhteinen matka jatkuu t\u00e4ll\u00e4kin kaudella. Voisitteko tekin hyp\u00e4t\u00e4 kyytiin? Vainion tilausajot palvelevat luotettavasti niin urheilujoukkueita, ty\u00f6porukoita, yhdistyksi\u00e4 kuin yst\u00e4v\u00e4porukoitakin.<\/p>\r\n<p><strong>Let's get going! Contact us and let's plan together.<\/strong><\/p>\r\n<p><a href=\"https:\/\/vainionliikenne.fi\/en\/charter-traffic\/request-for-quotation-form\/\" target=\"_self\"> Ask for a quote for a charter! <\/a> <img loading=\"lazy\" decoding=\"async\" title=\"vainio-refe-lp-6\" src=\"https:\/\/vainionliikenne.fi\/wp-content\/uploads\/2025\/11\/vainio-refe-lp-6.jpg\" alt=\"vainio-refe-lp-6\" width=\"1066\" height=\"599\" \/><\/p>","protected":false},"excerpt":{"rendered":"<p>LP Viesti luottaa Vainion kyyteihin Menestyv\u00e4n joukkueen taustalla on aina joukko luotettavia yhteisty\u00f6kumppaneita. LP Viesti, yksi Suomen menestyneimmist\u00e4 naisten lentopalloseuroista, on luottanut Vainion Liikenteen tilausajoihin jo usean vuoden ajan. Pelimatkat eri puolille Suomea ovat iso osa joukkueen arkea &#8211; ja jokainen matka on alku onnistuneelle ottelulle. Peli alkaa jo bussissa Matka kent\u00e4lle on osa pelip\u00e4iv\u00e4n [&hellip;]<\/p>\n","protected":false},"author":5,"featured_media":13228,"parent":0,"menu_order":14,"comment_status":"closed","ping_status":"closed","template":"","meta":{"_acf_changed":false,"inline_featured_image":false,"site-sidebar-layout":"default","site-content-layout":"page-builder","ast-site-content-layout":"default","site-content-style":"default","site-sidebar-style":"default","ast-global-header-display":"","ast-banner-title-visibility":"","ast-main-header-display":"","ast-hfb-above-header-display":"","ast-hfb-below-header-display":"","ast-hfb-mobile-header-display":"","site-post-title":"disabled","ast-breadcrumbs-content":"","ast-featured-img":"disabled","footer-sml-layout":"","ast-disable-related-posts":"","theme-transparent-header-meta":"default","adv-header-id-meta":"","stick-header-meta":"default","header-above-stick-meta":"","header-main-stick-meta":"","header-below-stick-meta":"","astra-migrate-meta-layouts":"set","ast-page-background-enabled":"default","ast-page-background-meta":{"desktop":{"background-color":"var(--ast-global-color-4)","background-image":"","background-repeat":"repeat","background-position":"center center","background-size":"auto","background-attachment":"scroll","background-type":"","background-media":"","overlay-type":"","overlay-color":"","overlay-opacity":"","overlay-gradient":""},"tablet":{"background-color":"","background-image":"","background-repeat":"repeat","background-position":"center center","background-size":"auto","background-attachment":"scroll","background-type":"","background-media":"","overlay-type":"","overlay-color":"","overlay-opacity":"","overlay-gradient":""},"mobile":{"background-color":"","background-image":"","background-repeat":"repeat","background-position":"center center","background-size":"auto","background-attachment":"scroll","background-type":"","background-media":"","overlay-type":"","overlay-color":"","overlay-opacity":"","overlay-gradient":""}},"ast-content-background-meta":{"desktop":{"background-color":"var(--ast-global-color-5)","background-image":"","background-repeat":"repeat","background-position":"center center","background-size":"auto","background-attachment":"scroll","background-type":"","background-media":"","overlay-type":"","overlay-color":"","overlay-opacity":"","overlay-gradient":""},"tablet":{"background-color":"var(--ast-global-color-5)","background-image":"","background-repeat":"repeat","background-position":"center center","background-size":"auto","background-attachment":"scroll","background-type":"","background-media":"","overlay-type":"","overlay-color":"","overlay-opacity":"","overlay-gradient":""},"mobile":{"background-color":"var(--ast-global-color-5)","background-image":"","background-repeat":"repeat","background-position":"center center","background-size":"auto","background-attachment":"scroll","background-type":"","background-media":"","overlay-type":"","overlay-color":"","overlay-opacity":"","overlay-gradient":""}},"footnotes":""},"class_list":["post-13166","page","type-page","status-publish","has-post-thumbnail","hentry"],"acf":[],"_links":{"self":[{"href":"https:\/\/vainionliikenne.fi\/en\/wp-json\/wp\/v2\/pages\/13166","targetHints":{"allow":["GET"]}}],"collection":[{"href":"https:\/\/vainionliikenne.fi\/en\/wp-json\/wp\/v2\/pages"}],"about":[{"href":"https:\/\/vainionliikenne.fi\/en\/wp-json\/wp\/v2\/types\/page"}],"author":[{"embeddable":true,"href":"https:\/\/vainionliikenne.fi\/en\/wp-json\/wp\/v2\/users\/5"}],"replies":[{"embeddable":true,"href":"https:\/\/vainionliikenne.fi\/en\/wp-json\/wp\/v2\/comments?post=13166"}],"version-history":[{"count":11,"href":"https:\/\/vainionliikenne.fi\/en\/wp-json\/wp\/v2\/pages\/13166\/revisions"}],"predecessor-version":[{"id":13227,"href":"https:\/\/vainionliikenne.fi\/en\/wp-json\/wp\/v2\/pages\/13166\/revisions\/13227"}],"wp:featuredmedia":[{"embeddable":true,"href":"https:\/\/vainionliikenne.fi\/en\/wp-json\/wp\/v2\/media\/13228"}],"wp:attachment":[{"href":"https:\/\/vainionliikenne.fi\/en\/wp-json\/wp\/v2\/media?parent=13166"}],"curies":[{"name":"wp","href":"https:\/\/api.w.org\/{rel}","templated":true}]}}