{"id":13092,"date":"2025-09-29T13:50:43","date_gmt":"2025-09-29T10:50:43","guid":{"rendered":"https:\/\/vainionliikenne.fi\/?page_id=13092"},"modified":"2025-09-30T08:20:17","modified_gmt":"2025-09-30T05:20:17","slug":"boat-show-7-2-2026","status":"publish","type":"page","link":"https:\/\/vainionliikenne.fi\/en\/tapahtumakuljetukset\/venemessut-7-2-2026\/","title":{"rendered":"Boat Show 7.2.2026"},"content":{"rendered":"<h2>Boats, boating and aquatic life at the boat show!<\/h2>\n<p><strong><mark>Northern Europe's biggest boating event offers the best.<\/mark><\/strong><\/p>\n<p>The Helsinki International Boat Show is a traditional meeting place for boating enthusiasts to exchange experiences, have fun, compare and shop. Whether you are a boater, sailor, fisherman, frogman, cottager or just starting out in boating and fishing, you are welcome to continue the tradition with us.<\/p>\n<p>Join us to experience the signs of summer and open the new season in a great atmosphere. Exhibitors at the Boat Show have a range of favourites, new products and specialities to suit all needs. Every year, hundreds of boats of all sizes and prices, equipment, accessories and everything you've ever wanted to know about boating, fishing, diving and other water sports are on display. The event programme will feature stories, demonstrations and tips, as well as top speakers in various programme areas.<\/p>\n<p>Vainion Liikenne will arrange bus transport to the event.<\/p>\n<p>Reitti: klo 10.00 Salo &#8211; Suomusj\u00e4rvi &#8211; Helsinki. Paluul\u00e4ht\u00f6 klo 16.00. Bussikuljetuksen hinta Salosta on 28,90 \u20ac (meno-paluu).<\/p>\n<p><strong><a href=\"https:\/\/vene.messukeskus.com\/\" target=\"_blank\" rel=\"noopener\">Welcome to the Boat Show!<\/a><\/strong><\/p>\n<p><img loading=\"lazy\" decoding=\"async\" src=\"https:\/\/vainionliikenne.fi\/wp-content\/uploads\/2025\/09\/Venemessut-logo.jpg\" alt=\"\" width=\"176\" height=\"48\" \/><\/p>\n<h2>\n\t\t\tMore information about the event\t<\/h2>\n\t\t\t<a href=\"https:\/\/vene.messukeskus.com\/\" target=\"_blank\" rel=\"noopener\">\n\t\t\t\t\t\t\tRead more!\n\t\t\t\t\t<\/a>\n<h2>\n\t\t\tBuy tickets\t<\/h2>\n\t<p>Buy your ticket from the link below. Choose a stop along the route that suits you.<\/p>\n<p>&nbsp;<\/p>\n<p>Note! The outward journey includes the return journey, so there is no need to buy a return ticket separately.<\/p>\n<p>&nbsp;<\/p>\n<p>&nbsp;<\/p>\n<p>Buy your ticket here:<\/p>\n\t\t\t<a href=\"https:\/\/liput.matkahuolto.fi\/connectionlist?lang=fi&#038;departurePlaceId=p1258&#038;arrivalPlaceId=s55747&#038;departureDate=2026-02-07#breadcrumb\" target=\"_blank\" rel=\"noopener\">\n\t\t\t\t\t\t\tSalo &#8211; Suomusj\u00e4rvi &#8211; Messukeskus, Helsinki\n\t\t\t\t\t<\/a>","protected":false},"excerpt":{"rendered":"<p>Veneit\u00e4, veneily\u00e4 ja vesiel\u00e4m\u00e4\u00e4 venemessuilla! Pohjois-Euroopan suurin veneilytapahtuma tarjoaa parastaan. Helsingin kansainv\u00e4liset venemessut on venekansan oma perinteik\u00e4s kohtaamispaikka, jossa vaihtaa kokemuksia, viihty\u00e4, vertailla ja tehd\u00e4 ostoksia.\u00a0Tervetuloa jatkamaan perinnett\u00e4 kanssamme, olit sitten veneilij\u00e4, purjehtija, kalastaja, suppailija, m\u00f6kkeilij\u00e4 tai vasta veneily\u00e4 ja kalastusta aloitteleva. Tule mukaan kokemaan kes\u00e4n merkit ja avaamaan uusi kausi upean tunnelman saattelemana. Venemessujen [&hellip;]<\/p>\n","protected":false},"author":7,"featured_media":12899,"parent":12840,"menu_order":14,"comment_status":"closed","ping_status":"closed","template":"","meta":{"_acf_changed":false,"inline_featured_image":false,"site-sidebar-layout":"default","site-content-layout":"page-builder","ast-site-content-layout":"default","site-content-style":"default","site-sidebar-style":"default","ast-global-header-display":"","ast-banner-title-visibility":"","ast-main-header-display":"","ast-hfb-above-header-display":"","ast-hfb-below-header-display":"","ast-hfb-mobile-header-display":"","site-post-title":"disabled","ast-breadcrumbs-content":"","ast-featured-img":"disabled","footer-sml-layout":"","ast-disable-related-posts":"","theme-transparent-header-meta":"default","adv-header-id-meta":"","stick-header-meta":"default","header-above-stick-meta":"","header-main-stick-meta":"","header-below-stick-meta":"","astra-migrate-meta-layouts":"set","ast-page-background-enabled":"default","ast-page-background-meta":{"desktop":{"background-color":"var(--ast-global-color-4)","background-image":"","background-repeat":"repeat","background-position":"center center","background-size":"auto","background-attachment":"scroll","background-type":"","background-media":"","overlay-type":"","overlay-color":"","overlay-opacity":"","overlay-gradient":""},"tablet":{"background-color":"","background-image":"","background-repeat":"repeat","background-position":"center center","background-size":"auto","background-attachment":"scroll","background-type":"","background-media":"","overlay-type":"","overlay-color":"","overlay-opacity":"","overlay-gradient":""},"mobile":{"background-color":"","background-image":"","background-repeat":"repeat","background-position":"center center","background-size":"auto","background-attachment":"scroll","background-type":"","background-media":"","overlay-type":"","overlay-color":"","overlay-opacity":"","overlay-gradient":""}},"ast-content-background-meta":{"desktop":{"background-color":"var(--ast-global-color-5)","background-image":"","background-repeat":"repeat","background-position":"center center","background-size":"auto","background-attachment":"scroll","background-type":"","background-media":"","overlay-type":"","overlay-color":"","overlay-opacity":"","overlay-gradient":""},"tablet":{"background-color":"var(--ast-global-color-5)","background-image":"","background-repeat":"repeat","background-position":"center center","background-size":"auto","background-attachment":"scroll","background-type":"","background-media":"","overlay-type":"","overlay-color":"","overlay-opacity":"","overlay-gradient":""},"mobile":{"background-color":"var(--ast-global-color-5)","background-image":"","background-repeat":"repeat","background-position":"center center","background-size":"auto","background-attachment":"scroll","background-type":"","background-media":"","overlay-type":"","overlay-color":"","overlay-opacity":"","overlay-gradient":""}},"footnotes":""},"class_list":["post-13092","page","type-page","status-publish","has-post-thumbnail","hentry"],"acf":[],"_links":{"self":[{"href":"https:\/\/vainionliikenne.fi\/en\/wp-json\/wp\/v2\/pages\/13092","targetHints":{"allow":["GET"]}}],"collection":[{"href":"https:\/\/vainionliikenne.fi\/en\/wp-json\/wp\/v2\/pages"}],"about":[{"href":"https:\/\/vainionliikenne.fi\/en\/wp-json\/wp\/v2\/types\/page"}],"author":[{"embeddable":true,"href":"https:\/\/vainionliikenne.fi\/en\/wp-json\/wp\/v2\/users\/7"}],"replies":[{"embeddable":true,"href":"https:\/\/vainionliikenne.fi\/en\/wp-json\/wp\/v2\/comments?post=13092"}],"version-history":[{"count":7,"href":"https:\/\/vainionliikenne.fi\/en\/wp-json\/wp\/v2\/pages\/13092\/revisions"}],"predecessor-version":[{"id":13117,"href":"https:\/\/vainionliikenne.fi\/en\/wp-json\/wp\/v2\/pages\/13092\/revisions\/13117"}],"up":[{"embeddable":true,"href":"https:\/\/vainionliikenne.fi\/en\/wp-json\/wp\/v2\/pages\/12840"}],"wp:featuredmedia":[{"embeddable":true,"href":"https:\/\/vainionliikenne.fi\/en\/wp-json\/wp\/v2\/media\/12899"}],"wp:attachment":[{"href":"https:\/\/vainionliikenne.fi\/en\/wp-json\/wp\/v2\/media?parent=13092"}],"curies":[{"name":"wp","href":"https:\/\/api.w.org\/{rel}","templated":true}]}}