{"id":13072,"date":"2025-09-29T13:47:15","date_gmt":"2025-09-29T10:47:15","guid":{"rendered":"https:\/\/vainionliikenne.fi\/?page_id=13072"},"modified":"2025-09-30T08:18:43","modified_gmt":"2025-09-30T05:18:43","slug":"travel-fair-17-1-2026","status":"publish","type":"page","link":"https:\/\/vainionliikenne.fi\/en\/tapahtumakuljetukset\/matkamessut-17-1-2026\/","title":{"rendered":"Travel Fair 17.1.2026"},"content":{"rendered":"<p>Matkamessut is the largest tourism event in Northern Europe, bringing together tourism lovers and professionals from nearly 70 countries. Get tips, gather information to help you make a decision and save time with all the information you need under one roof!<\/p>\n<p>Whether you're a beach-goer, a cultural adventurer, a family or solo traveller or a vanlife traveller, make your travel plans an experience of a lifetime and indulge in authentic moments straight from the destinations!<\/p>\nThe same ticket also gives you access to the Helsinki Caravan Fair.<br \/>\nThe Caravan Fair offers a comprehensive overview of caravanning and related products and services.\n<p>Vainion Liikenne will arrange bus transport to the event.<\/p>\n<p>Reitti: klo 10.00 Salo &#8211; Suomusj\u00e4rvi &#8211; Helsinki. Paluul\u00e4ht\u00f6 klo 16.00. Bussikuljetuksen hinta Salosta on 28,90 \u20ac (meno-paluu).<\/p>\n<p><strong><a href=\"https:\/\/matka.messukeskus.com\/\" target=\"_blank\" rel=\"noopener\">Welcome to the Travel Fair!<\/a><\/strong><\/p>\n<p><img loading=\"lazy\" decoding=\"async\" src=\"https:\/\/vainionliikenne.fi\/wp-content\/uploads\/2025\/09\/Matkamessut-logo-1.jpg\" alt=\"\" width=\"526\" height=\"220\" \/><\/p>\n<p>&nbsp;<\/p>\n<h2>\n\t\t\tMore information about the event\t<\/h2>\n\t\t\t<a href=\"https:\/\/matka.messukeskus.com\/\" target=\"_blank\" rel=\"noopener\">\n\t\t\t\t\t\t\tRead more!\n\t\t\t\t\t<\/a>\n<h2>\n\t\t\tBuy tickets\t<\/h2>\n\t<p>Buy your ticket from the link below. Choose a stop along the route that suits you.<\/p>\n<p>&nbsp;<\/p>\n<p>Note! The outward journey includes the return journey, so there is no need to buy a return ticket separately.<\/p>\n<p>&nbsp;<\/p>\n<p>&nbsp;<\/p>\n<p>Buy your ticket here:<\/p>\n\t\t\t<a href=\"https:\/\/liput.matkahuolto.fi\/connectionlist?lang=fi&#038;departurePlaceId=p1258&#038;arrivalPlaceId=s55747&#038;departureDate=2026-01-17#breadcrumb\" target=\"_blank\" rel=\"noopener\">\n\t\t\t\t\t\t\tSalo &#8211; Suomusj\u00e4rvi &#8211; Messukeskus, Helsinki\n\t\t\t\t\t<\/a>","protected":false},"excerpt":{"rendered":"<p>Matkamessut on Pohjois-Euroopan suurin matkailualan tapahtuma, jossa matkailun yst\u00e4v\u00e4t ja ammattilaiset kohtaavat l\u00e4hes 70 eri maasta. Kuule t\u00e4sm\u00e4vinkit, ker\u00e4\u00e4 tietoa p\u00e4\u00e4t\u00f6ksen teon tueksi ja s\u00e4\u00e4st\u00e4 aikaa, kun kaikki tieto l\u00f6ytyy saman katon alta! Olitpa sitten rantalomailija, kulttuuriseikkailija, perhe-tai sooloreissaaja tai vanlife-matkailija, tee matkasuunnitelmistasi el\u00e4mys ja heitt\u00e4ydy kokemaan aitoja hetki\u00e4 suoraan matkakohteista! Samalla lipulla sis\u00e4\u00e4np\u00e4\u00e4sy my\u00f6s [&hellip;]<\/p>\n","protected":false},"author":7,"featured_media":12899,"parent":12840,"menu_order":14,"comment_status":"closed","ping_status":"closed","template":"","meta":{"_acf_changed":false,"inline_featured_image":false,"site-sidebar-layout":"default","site-content-layout":"page-builder","ast-site-content-layout":"default","site-content-style":"default","site-sidebar-style":"default","ast-global-header-display":"","ast-banner-title-visibility":"","ast-main-header-display":"","ast-hfb-above-header-display":"","ast-hfb-below-header-display":"","ast-hfb-mobile-header-display":"","site-post-title":"disabled","ast-breadcrumbs-content":"","ast-featured-img":"disabled","footer-sml-layout":"","ast-disable-related-posts":"","theme-transparent-header-meta":"default","adv-header-id-meta":"","stick-header-meta":"default","header-above-stick-meta":"","header-main-stick-meta":"","header-below-stick-meta":"","astra-migrate-meta-layouts":"set","ast-page-background-enabled":"default","ast-page-background-meta":{"desktop":{"background-color":"var(--ast-global-color-4)","background-image":"","background-repeat":"repeat","background-position":"center center","background-size":"auto","background-attachment":"scroll","background-type":"","background-media":"","overlay-type":"","overlay-color":"","overlay-opacity":"","overlay-gradient":""},"tablet":{"background-color":"","background-image":"","background-repeat":"repeat","background-position":"center center","background-size":"auto","background-attachment":"scroll","background-type":"","background-media":"","overlay-type":"","overlay-color":"","overlay-opacity":"","overlay-gradient":""},"mobile":{"background-color":"","background-image":"","background-repeat":"repeat","background-position":"center center","background-size":"auto","background-attachment":"scroll","background-type":"","background-media":"","overlay-type":"","overlay-color":"","overlay-opacity":"","overlay-gradient":""}},"ast-content-background-meta":{"desktop":{"background-color":"var(--ast-global-color-5)","background-image":"","background-repeat":"repeat","background-position":"center center","background-size":"auto","background-attachment":"scroll","background-type":"","background-media":"","overlay-type":"","overlay-color":"","overlay-opacity":"","overlay-gradient":""},"tablet":{"background-color":"var(--ast-global-color-5)","background-image":"","background-repeat":"repeat","background-position":"center center","background-size":"auto","background-attachment":"scroll","background-type":"","background-media":"","overlay-type":"","overlay-color":"","overlay-opacity":"","overlay-gradient":""},"mobile":{"background-color":"var(--ast-global-color-5)","background-image":"","background-repeat":"repeat","background-position":"center center","background-size":"auto","background-attachment":"scroll","background-type":"","background-media":"","overlay-type":"","overlay-color":"","overlay-opacity":"","overlay-gradient":""}},"footnotes":""},"class_list":["post-13072","page","type-page","status-publish","has-post-thumbnail","hentry"],"acf":[],"_links":{"self":[{"href":"https:\/\/vainionliikenne.fi\/en\/wp-json\/wp\/v2\/pages\/13072","targetHints":{"allow":["GET"]}}],"collection":[{"href":"https:\/\/vainionliikenne.fi\/en\/wp-json\/wp\/v2\/pages"}],"about":[{"href":"https:\/\/vainionliikenne.fi\/en\/wp-json\/wp\/v2\/types\/page"}],"author":[{"embeddable":true,"href":"https:\/\/vainionliikenne.fi\/en\/wp-json\/wp\/v2\/users\/7"}],"replies":[{"embeddable":true,"href":"https:\/\/vainionliikenne.fi\/en\/wp-json\/wp\/v2\/comments?post=13072"}],"version-history":[{"count":8,"href":"https:\/\/vainionliikenne.fi\/en\/wp-json\/wp\/v2\/pages\/13072\/revisions"}],"predecessor-version":[{"id":13115,"href":"https:\/\/vainionliikenne.fi\/en\/wp-json\/wp\/v2\/pages\/13072\/revisions\/13115"}],"up":[{"embeddable":true,"href":"https:\/\/vainionliikenne.fi\/en\/wp-json\/wp\/v2\/pages\/12840"}],"wp:featuredmedia":[{"embeddable":true,"href":"https:\/\/vainionliikenne.fi\/en\/wp-json\/wp\/v2\/media\/12899"}],"wp:attachment":[{"href":"https:\/\/vainionliikenne.fi\/en\/wp-json\/wp\/v2\/media?parent=13072"}],"curies":[{"name":"wp","href":"https:\/\/api.w.org\/{rel}","templated":true}]}}