{"id":13063,"date":"2025-09-29T10:45:42","date_gmt":"2025-09-29T07:45:42","guid":{"rendered":"https:\/\/vainionliikenne.fi\/?page_id=13063"},"modified":"2026-03-12T15:28:26","modified_gmt":"2026-03-12T13:28:26","slug":"hockey-trip-sat-10-1-2026-tps-carp","status":"publish","type":"page","link":"https:\/\/vainionliikenne.fi\/en\/tapahtumakuljetukset\/bussikuljetukset-tpsn-kotipeliin\/jaakiekkomatka-la-10-1-2026-tps-karpat\/","title":{"rendered":"Hockey trip Sat 10.1.2026 TPS - K\u00e4rp\u00e4t"},"content":{"rendered":"<p><strong>We will arrange bus transportation to the TPS home game<\/strong><\/p>\r\n<p>Trips by Vainio bus to the Gatorade Center and back half an hour after the end of the match. Bus transportation can be purchased at Matkahuolto's ticket office and the match ticket separately at the TPS ticket office.<\/p>\r\n<p>Bussin reitti: 14.30 Salo &#8211; Paimio &#8211; Turku, Gatorade Center. Paluul\u00e4ht\u00f6 30 min ottelun p\u00e4\u00e4ttymisen j\u00e4lkeen.<\/p>\r\n<p>The bus fare from Salo is \u20ac22.90 (return).<\/p>\r\n<p><img loading=\"lazy\" decoding=\"async\" title=\"tps logo\" src=\"https:\/\/vainionliikenne.fi\/wp-content\/uploads\/2025\/09\/tps-logo.png\" alt=\"tps logo\" width=\"280\" height=\"281\" \/><\/p>\r\n<h2>Match tickets<\/h2>\r\n<p>Buy tickets for the grandstand of your choice from the TPS ticket shop:<\/p>\r\n<p><a href=\"https:\/\/tps.lippu.fi\/webshop\/webticket\/seatmap?eventId=742&amp;el=true\" target=\"_blank\" rel=\"noopener\"> La 10.1.2026 TPS &#8211; K\u00e4rp\u00e4t <\/a><\/p>\r\n<h2>Buy a bus ticket<\/h2>\r\n<p>&nbsp;<\/p>\r\n<p>Buy your ticket from the link below. Choose a stop along the route that suits you.<\/p>\r\n<p>&nbsp;<\/p>\r\n<p>Note! The outward journey includes the return journey, so there is no need to buy a return ticket separately.<\/p>\r\n<p>&nbsp;<\/p>\r\n<p>&nbsp;<\/p>\r\n<p>Buy your ticket here:<\/p>\r\n<p><a href=\"https:\/\/liput.matkahuolto.fi\/connectionlist?lang=fi&amp;departurePlaceId=p1258&amp;arrivalPlaceId=p3663&amp;departureDate=2026-01-10#breadcrumb\" target=\"_blank\" rel=\"noopener\"> Salo &#8211; Paimio &#8211; Turku, Gatorade Center <\/a><\/p>","protected":false},"excerpt":{"rendered":"<p>J\u00e4rjest\u00e4mme bussikuljetukset TPS:n kotipeliin Matkat Vainion bussilla Gatorade Centerille ja puoli tuntia ottelun p\u00e4\u00e4ttymisen j\u00e4lkeen takaisin. Bussikuljetus on ostettavissa Matkahuollon lippukaupasta ja ottelulippu erikseen TPS:n lippukaupasta. Bussin reitti: 14.30 Salo &#8211; Paimio &#8211; Turku, Gatorade Center. Paluul\u00e4ht\u00f6 30 min ottelun p\u00e4\u00e4ttymisen j\u00e4lkeen. Bussikuljetuksen hinta on Salosta 22,90 euroa (meno-paluu). Otteluliput Osta otteluliput haluamaasi katsomoon TPS:n [&hellip;]<\/p>\n","protected":false},"author":7,"featured_media":13008,"parent":12866,"menu_order":14,"comment_status":"closed","ping_status":"closed","template":"","meta":{"_acf_changed":false,"inline_featured_image":false,"site-sidebar-layout":"default","site-content-layout":"page-builder","ast-site-content-layout":"default","site-content-style":"default","site-sidebar-style":"default","ast-global-header-display":"","ast-banner-title-visibility":"","ast-main-header-display":"","ast-hfb-above-header-display":"","ast-hfb-below-header-display":"","ast-hfb-mobile-header-display":"","site-post-title":"disabled","ast-breadcrumbs-content":"","ast-featured-img":"disabled","footer-sml-layout":"","ast-disable-related-posts":"","theme-transparent-header-meta":"default","adv-header-id-meta":"","stick-header-meta":"default","header-above-stick-meta":"","header-main-stick-meta":"","header-below-stick-meta":"","astra-migrate-meta-layouts":"set","ast-page-background-enabled":"default","ast-page-background-meta":{"desktop":{"background-color":"var(--ast-global-color-4)","background-image":"","background-repeat":"repeat","background-position":"center center","background-size":"auto","background-attachment":"scroll","background-type":"","background-media":"","overlay-type":"","overlay-color":"","overlay-opacity":"","overlay-gradient":""},"tablet":{"background-color":"","background-image":"","background-repeat":"repeat","background-position":"center center","background-size":"auto","background-attachment":"scroll","background-type":"","background-media":"","overlay-type":"","overlay-color":"","overlay-opacity":"","overlay-gradient":""},"mobile":{"background-color":"","background-image":"","background-repeat":"repeat","background-position":"center center","background-size":"auto","background-attachment":"scroll","background-type":"","background-media":"","overlay-type":"","overlay-color":"","overlay-opacity":"","overlay-gradient":""}},"ast-content-background-meta":{"desktop":{"background-color":"var(--ast-global-color-5)","background-image":"","background-repeat":"repeat","background-position":"center center","background-size":"auto","background-attachment":"scroll","background-type":"","background-media":"","overlay-type":"","overlay-color":"","overlay-opacity":"","overlay-gradient":""},"tablet":{"background-color":"var(--ast-global-color-5)","background-image":"","background-repeat":"repeat","background-position":"center center","background-size":"auto","background-attachment":"scroll","background-type":"","background-media":"","overlay-type":"","overlay-color":"","overlay-opacity":"","overlay-gradient":""},"mobile":{"background-color":"var(--ast-global-color-5)","background-image":"","background-repeat":"repeat","background-position":"center center","background-size":"auto","background-attachment":"scroll","background-type":"","background-media":"","overlay-type":"","overlay-color":"","overlay-opacity":"","overlay-gradient":""}},"footnotes":""},"class_list":["post-13063","page","type-page","status-publish","has-post-thumbnail","hentry"],"acf":[],"_links":{"self":[{"href":"https:\/\/vainionliikenne.fi\/en\/wp-json\/wp\/v2\/pages\/13063","targetHints":{"allow":["GET"]}}],"collection":[{"href":"https:\/\/vainionliikenne.fi\/en\/wp-json\/wp\/v2\/pages"}],"about":[{"href":"https:\/\/vainionliikenne.fi\/en\/wp-json\/wp\/v2\/types\/page"}],"author":[{"embeddable":true,"href":"https:\/\/vainionliikenne.fi\/en\/wp-json\/wp\/v2\/users\/7"}],"replies":[{"embeddable":true,"href":"https:\/\/vainionliikenne.fi\/en\/wp-json\/wp\/v2\/comments?post=13063"}],"version-history":[{"count":6,"href":"https:\/\/vainionliikenne.fi\/en\/wp-json\/wp\/v2\/pages\/13063\/revisions"}],"predecessor-version":[{"id":13398,"href":"https:\/\/vainionliikenne.fi\/en\/wp-json\/wp\/v2\/pages\/13063\/revisions\/13398"}],"up":[{"embeddable":true,"href":"https:\/\/vainionliikenne.fi\/en\/wp-json\/wp\/v2\/pages\/12866"}],"wp:featuredmedia":[{"embeddable":true,"href":"https:\/\/vainionliikenne.fi\/en\/wp-json\/wp\/v2\/media\/13008"}],"wp:attachment":[{"href":"https:\/\/vainionliikenne.fi\/en\/wp-json\/wp\/v2\/media?parent=13063"}],"curies":[{"name":"wp","href":"https:\/\/api.w.org\/{rel}","templated":true}]}}