{"id":12973,"date":"2025-09-10T13:52:15","date_gmt":"2025-09-10T10:52:15","guid":{"rendered":"https:\/\/vainionliikenne.fi\/?page_id=12973"},"modified":"2025-09-10T14:52:15","modified_gmt":"2025-09-10T11:52:15","slug":"heavy-christmas-concert-at-gatorade-center-in-turku-5-12-2025","status":"publish","type":"page","link":"https:\/\/vainionliikenne.fi\/en\/tapahtumakuljetukset\/raskasta-joulua-konsertti-turun-gatorade-centerissa-5-12-2025\/","title":{"rendered":"Heavy Christmas concert at Gatorade Center in Turku 5.12.2025"},"content":{"rendered":"<p>The biggest and most popular Christmas tour in Finland, Raskasta Joulua, is coming to Finland's biggest stages at the end of the year! <\/p>\n<p>This year, the atmosphere of the tour is once again guaranteed by the bright and wonderful artists whose voices have become part of the Finnish Christmas celebrations.<\/p>\n<p>We will arrange bus transport to the concert in Turku on 5.12.2025.<\/p>\n<p>Bussin reitti: 17.00 Salo &#8211; Paimio &#8211; Turku, Gatorade Center. Paluul\u00e4ht\u00f6 30 min tapahtuman p\u00e4\u00e4ttymisen j\u00e4lkeen.<\/p>\n<p>The bus fare from Salo is \u20ac22.90 (return).<\/p>\n<p>Concert duration approx. 2,5h including intermission.<\/p>\n<p><strong><a href=\"https:\/\/raskastajoulua.com\/turku\" target=\"_blank\" rel=\"noopener\">Welcome to the Turku concert!<\/a><\/strong><\/p>\n<p><img loading=\"lazy\" decoding=\"async\" src=\"https:\/\/vainionliikenne.fi\/wp-content\/uploads\/2025\/09\/Raskasta-Joulua-logo.jpg\" alt=\"\" width=\"467\" height=\"136\" \/><\/p>\n<h2>\n\t\t\tMore information about the concert\t<\/h2>\n\t\t\t<a href=\"https:\/\/raskastajoulua.com\/turku\" target=\"_blank\" rel=\"noopener\">\n\t\t\t\t\t\t\tRead more!\n\t\t\t\t\t<\/a>\n<h2>\n\t\t\tBuy tickets\t<\/h2>\n\t<p>Buy your ticket from the link below. Choose a stop along the route that suits you.<\/p>\n<p>&nbsp;<\/p>\n<p>Note! The outward journey includes the return journey, so there is no need to buy a return ticket separately.<\/p>\n<p>&nbsp;<\/p>\n<p>&nbsp;<\/p>\n<p>Buy your ticket here:<\/p>\n\t\t\t<a href=\"https:\/\/liput.matkahuolto.fi\/connectionlist?lang=fi&#038;departurePlaceId=p1258&#038;arrivalPlaceId=p3663&#038;departureDate=2025-12-05#breadcrumb\" target=\"_blank\" rel=\"noopener\">\n\t\t\t\t\t\t\tSalo &#8211; Paimio &#8211; Turku\/Gatorade Center\n\t\t\t\t\t<\/a>","protected":false},"excerpt":{"rendered":"<p>Suomen suurin ja suosituin joulukiertue Raskasta Joulua saapuu loppuvuonna Suomen suurimmille estradeille! Kiertueen tunnelman takaavat t\u00e4n\u00e4kin vuonna valovoimaiset ja upeat artistit, joiden \u00e4\u00e4net ovat tulleet osaksi suomalaista joulunviettoa. J\u00e4rjest\u00e4mme bussikuljetuksen 5.12.2025 Turun konserttiin. Bussin reitti: 17.00 Salo &#8211; Paimio &#8211; Turku, Gatorade Center. Paluul\u00e4ht\u00f6 30 min tapahtuman p\u00e4\u00e4ttymisen j\u00e4lkeen. Bussikuljetuksen hinta on Salosta 22,90 euroa [&hellip;]<\/p>\n","protected":false},"author":7,"featured_media":12899,"parent":12840,"menu_order":14,"comment_status":"closed","ping_status":"closed","template":"","meta":{"_acf_changed":false,"inline_featured_image":false,"site-sidebar-layout":"default","site-content-layout":"page-builder","ast-site-content-layout":"default","site-content-style":"default","site-sidebar-style":"default","ast-global-header-display":"","ast-banner-title-visibility":"","ast-main-header-display":"","ast-hfb-above-header-display":"","ast-hfb-below-header-display":"","ast-hfb-mobile-header-display":"","site-post-title":"disabled","ast-breadcrumbs-content":"","ast-featured-img":"disabled","footer-sml-layout":"","ast-disable-related-posts":"","theme-transparent-header-meta":"default","adv-header-id-meta":"","stick-header-meta":"default","header-above-stick-meta":"","header-main-stick-meta":"","header-below-stick-meta":"","astra-migrate-meta-layouts":"set","ast-page-background-enabled":"default","ast-page-background-meta":{"desktop":{"background-color":"var(--ast-global-color-4)","background-image":"","background-repeat":"repeat","background-position":"center center","background-size":"auto","background-attachment":"scroll","background-type":"","background-media":"","overlay-type":"","overlay-color":"","overlay-opacity":"","overlay-gradient":""},"tablet":{"background-color":"","background-image":"","background-repeat":"repeat","background-position":"center center","background-size":"auto","background-attachment":"scroll","background-type":"","background-media":"","overlay-type":"","overlay-color":"","overlay-opacity":"","overlay-gradient":""},"mobile":{"background-color":"","background-image":"","background-repeat":"repeat","background-position":"center center","background-size":"auto","background-attachment":"scroll","background-type":"","background-media":"","overlay-type":"","overlay-color":"","overlay-opacity":"","overlay-gradient":""}},"ast-content-background-meta":{"desktop":{"background-color":"var(--ast-global-color-5)","background-image":"","background-repeat":"repeat","background-position":"center center","background-size":"auto","background-attachment":"scroll","background-type":"","background-media":"","overlay-type":"","overlay-color":"","overlay-opacity":"","overlay-gradient":""},"tablet":{"background-color":"var(--ast-global-color-5)","background-image":"","background-repeat":"repeat","background-position":"center center","background-size":"auto","background-attachment":"scroll","background-type":"","background-media":"","overlay-type":"","overlay-color":"","overlay-opacity":"","overlay-gradient":""},"mobile":{"background-color":"var(--ast-global-color-5)","background-image":"","background-repeat":"repeat","background-position":"center center","background-size":"auto","background-attachment":"scroll","background-type":"","background-media":"","overlay-type":"","overlay-color":"","overlay-opacity":"","overlay-gradient":""}},"footnotes":""},"class_list":["post-12973","page","type-page","status-publish","has-post-thumbnail","hentry"],"acf":[],"_links":{"self":[{"href":"https:\/\/vainionliikenne.fi\/en\/wp-json\/wp\/v2\/pages\/12973","targetHints":{"allow":["GET"]}}],"collection":[{"href":"https:\/\/vainionliikenne.fi\/en\/wp-json\/wp\/v2\/pages"}],"about":[{"href":"https:\/\/vainionliikenne.fi\/en\/wp-json\/wp\/v2\/types\/page"}],"author":[{"embeddable":true,"href":"https:\/\/vainionliikenne.fi\/en\/wp-json\/wp\/v2\/users\/7"}],"replies":[{"embeddable":true,"href":"https:\/\/vainionliikenne.fi\/en\/wp-json\/wp\/v2\/comments?post=12973"}],"version-history":[{"count":7,"href":"https:\/\/vainionliikenne.fi\/en\/wp-json\/wp\/v2\/pages\/12973\/revisions"}],"predecessor-version":[{"id":13005,"href":"https:\/\/vainionliikenne.fi\/en\/wp-json\/wp\/v2\/pages\/12973\/revisions\/13005"}],"up":[{"embeddable":true,"href":"https:\/\/vainionliikenne.fi\/en\/wp-json\/wp\/v2\/pages\/12840"}],"wp:featuredmedia":[{"embeddable":true,"href":"https:\/\/vainionliikenne.fi\/en\/wp-json\/wp\/v2\/media\/12899"}],"wp:attachment":[{"href":"https:\/\/vainionliikenne.fi\/en\/wp-json\/wp\/v2\/media?parent=12973"}],"curies":[{"name":"wp","href":"https:\/\/api.w.org\/{rel}","templated":true}]}}