{"id":12851,"date":"2025-09-03T14:47:23","date_gmt":"2025-09-03T11:47:23","guid":{"rendered":"https:\/\/vainionliikenne.fi\/?page_id=12851"},"modified":"2025-09-12T10:50:18","modified_gmt":"2025-09-12T07:50:18","slug":"soderlangvik-apple-festival-27-9-2025","status":"publish","type":"page","link":"https:\/\/vainionliikenne.fi\/en\/tapahtumakuljetukset\/soderlangvikin-omenapaiva-27-9-2025\/","title":{"rendered":"S\u00f6derl\u00e5ngvik Apple Day 27.9.2025"},"content":{"rendered":"<p>In S\u00f6derl\u00e5ngvik, we celebrate Apple Day to celebrate our fine local apples! Apple Day is held every year on the last Saturday in September, this year for the 20th time. The event has established itself as one of Kemi\u00f6n Island's most popular events, with over 4000 visitors in 2024. Apple Day is a harvest festival with the apple at its heart, but with lots of other good and fun activities for the whole family. Other producers are also involved in the market with a variety of harvest, food and craft products.<\/p>\n<p>Vainion Liikenne will arrange bus transport to the event.<\/p>\n<p>Reitti: klo 12.30 &#8211; Salo &#8211; Perni\u00f6 &#8211; Kemi\u00f6 &#8211; S\u00f6derl\u00e5ngvik. Paluul\u00e4ht\u00f6 klo 17.00. Bussikuljetuksen hinta Salosta on 24,90 \u20ac (meno-paluu).<\/p>\n<p><strong><a href=\"https:\/\/soderlangvik.fi\/fi\/tapahtumat\/omenapaiva-2\/\" target=\"_blank\" rel=\"noopener\">Welcome to join us!<\/a><\/strong><\/p>\n\t\t\t\t<img decoding=\"async\" src=\"https:\/\/vainionliikenne.fi\/wp-content\/uploads\/2025\/09\/appeldagen.png\" alt=\"appeldagen\" itemprop=\"image\" height=\"281\" width=\"280\" title=\"appeldagen\" onerror=\"this.style.display='none'\" loading=\"lazy\" \/>\n<h2>\n\t\t\tDining at Amos Krog\t<\/h2>\n\t<p>Apple tasting and other activities<\/p>\n\t\t\t<a href=\"https:\/\/soderlangvik.fi\/fi\/ravintola\/\" target=\"_blank\" rel=\"noopener\">\n\t\t\t\t\t\t\tRead more!\n\t\t\t\t\t<\/a>\n<h2>\n\t\t\tBuy tickets\t<\/h2>\n\t<p>Buy your ticket from the link below. Choose a stop along the route that suits you.<\/p>\n<p>&nbsp;<\/p>\n<p>Note! The outward journey includes the return journey, so there is no need to buy a return ticket separately.<\/p>\n<p>&nbsp;<\/p>\n<p>Buy your ticket here:<\/p>\n\t\t\t<a href=\"https:\/\/liput.matkahuolto.fi\/connectionlist?lang=fi&#038;departurePlaceId=p1258&#038;arrivalPlaceId=s328&#038;departureDate=2025-09-27%20\" target=\"_blank\" rel=\"noopener\">\n\t\t\t\t\t\t\tSalo &#8211; Perni\u00f6 &#8211; Kemi\u00f6 &#8211; S\u00f6derl\u00e5ngvik\n\t\t\t\t\t<\/a>","protected":false},"excerpt":{"rendered":"<p>S\u00f6derl\u00e5ngvikiss\u00e4 viet\u00e4mme Omenap\u00e4iv\u00e4\u00e4 juhlistaaksemme hienoja kotimaisia omenoitamme! Omenap\u00e4iv\u00e4 j\u00e4rjestet\u00e4\u00e4n joka vuosi syyskuun viimeisen\u00e4 lauantaina, t\u00e4n\u00e4 vuonna jo 20. kerran. Tapahtuma on vakiinnuttanut asemansa yhten\u00e4 Kemi\u00f6nsaaren suosituimmista tapahtumista, jonka vierailijam\u00e4\u00e4r\u00e4 oli 2024 yli 4000 henkil\u00f6\u00e4. Omenap\u00e4iv\u00e4 on sadonkorjuujuhla, jonka keski\u00f6ss\u00e4 on omena ja joka tarjoaa lis\u00e4ksi paljon muuta hyv\u00e4\u00e4 ja hauskaa koko perheelle. Markkinahumuun osallistuvat my\u00f6s [&hellip;]<\/p>\n","protected":false},"author":5,"featured_media":13017,"parent":12840,"menu_order":14,"comment_status":"closed","ping_status":"closed","template":"","meta":{"_acf_changed":false,"inline_featured_image":false,"site-sidebar-layout":"default","site-content-layout":"page-builder","ast-site-content-layout":"default","site-content-style":"default","site-sidebar-style":"default","ast-global-header-display":"","ast-banner-title-visibility":"","ast-main-header-display":"","ast-hfb-above-header-display":"","ast-hfb-below-header-display":"","ast-hfb-mobile-header-display":"","site-post-title":"disabled","ast-breadcrumbs-content":"","ast-featured-img":"disabled","footer-sml-layout":"","ast-disable-related-posts":"","theme-transparent-header-meta":"default","adv-header-id-meta":"","stick-header-meta":"default","header-above-stick-meta":"","header-main-stick-meta":"","header-below-stick-meta":"","astra-migrate-meta-layouts":"set","ast-page-background-enabled":"default","ast-page-background-meta":{"desktop":{"background-color":"var(--ast-global-color-4)","background-image":"","background-repeat":"repeat","background-position":"center center","background-size":"auto","background-attachment":"scroll","background-type":"","background-media":"","overlay-type":"","overlay-color":"","overlay-opacity":"","overlay-gradient":""},"tablet":{"background-color":"","background-image":"","background-repeat":"repeat","background-position":"center center","background-size":"auto","background-attachment":"scroll","background-type":"","background-media":"","overlay-type":"","overlay-color":"","overlay-opacity":"","overlay-gradient":""},"mobile":{"background-color":"","background-image":"","background-repeat":"repeat","background-position":"center center","background-size":"auto","background-attachment":"scroll","background-type":"","background-media":"","overlay-type":"","overlay-color":"","overlay-opacity":"","overlay-gradient":""}},"ast-content-background-meta":{"desktop":{"background-color":"var(--ast-global-color-5)","background-image":"","background-repeat":"repeat","background-position":"center center","background-size":"auto","background-attachment":"scroll","background-type":"","background-media":"","overlay-type":"","overlay-color":"","overlay-opacity":"","overlay-gradient":""},"tablet":{"background-color":"var(--ast-global-color-5)","background-image":"","background-repeat":"repeat","background-position":"center center","background-size":"auto","background-attachment":"scroll","background-type":"","background-media":"","overlay-type":"","overlay-color":"","overlay-opacity":"","overlay-gradient":""},"mobile":{"background-color":"var(--ast-global-color-5)","background-image":"","background-repeat":"repeat","background-position":"center center","background-size":"auto","background-attachment":"scroll","background-type":"","background-media":"","overlay-type":"","overlay-color":"","overlay-opacity":"","overlay-gradient":""}},"footnotes":""},"class_list":["post-12851","page","type-page","status-publish","has-post-thumbnail","hentry"],"acf":[],"_links":{"self":[{"href":"https:\/\/vainionliikenne.fi\/en\/wp-json\/wp\/v2\/pages\/12851","targetHints":{"allow":["GET"]}}],"collection":[{"href":"https:\/\/vainionliikenne.fi\/en\/wp-json\/wp\/v2\/pages"}],"about":[{"href":"https:\/\/vainionliikenne.fi\/en\/wp-json\/wp\/v2\/types\/page"}],"author":[{"embeddable":true,"href":"https:\/\/vainionliikenne.fi\/en\/wp-json\/wp\/v2\/users\/5"}],"replies":[{"embeddable":true,"href":"https:\/\/vainionliikenne.fi\/en\/wp-json\/wp\/v2\/comments?post=12851"}],"version-history":[{"count":11,"href":"https:\/\/vainionliikenne.fi\/en\/wp-json\/wp\/v2\/pages\/12851\/revisions"}],"predecessor-version":[{"id":13055,"href":"https:\/\/vainionliikenne.fi\/en\/wp-json\/wp\/v2\/pages\/12851\/revisions\/13055"}],"up":[{"embeddable":true,"href":"https:\/\/vainionliikenne.fi\/en\/wp-json\/wp\/v2\/pages\/12840"}],"wp:featuredmedia":[{"embeddable":true,"href":"https:\/\/vainionliikenne.fi\/en\/wp-json\/wp\/v2\/media\/13017"}],"wp:attachment":[{"href":"https:\/\/vainionliikenne.fi\/en\/wp-json\/wp\/v2\/media?parent=12851"}],"curies":[{"name":"wp","href":"https:\/\/api.w.org\/{rel}","templated":true}]}}