{"id":12840,"date":"2025-09-03T13:12:32","date_gmt":"2025-09-03T10:12:32","guid":{"rendered":"https:\/\/vainionliikenne.fi\/?page_id=12840"},"modified":"2026-04-10T15:33:09","modified_gmt":"2026-04-10T12:33:09","slug":"event-transportation","status":"publish","type":"page","link":"https:\/\/vainionliikenne.fi\/en\/tapahtumakuljetukset\/","title":{"rendered":"Event transport"},"content":{"rendered":"<p>We organise bus transfers to various interesting events and destinations. We transport you safely and comfortably, without parking worries, to your destination and back home. You choose what you want to attend and what you want to eat or buy during the day. At the destination, you pay separately for all entrance fees and meals, unless otherwise stated. We will provide you with an interesting destination, as well as suggestions for activities, shopping and places to eat.<\/p>\n<p>Bussimatka ostetaan Matkahuollon verkkokaupasta tai tapahtumasta riippuen suoraan kuljettajalta.<\/p>\n\t<p>Note! The outward journey includes the return journey, so there is no need to buy a return ticket separately.<\/p>\n<h2>\n\t\t\tUpcoming destinations\t<\/h2>\n<h3>\n\t\t\t26.-27.6.2026\t<\/h3>\n\t<a href=\"https:\/\/vainionliikenne.fi\/en\/event-transportation\/playadelraisio-26-27-6-2026\/\"><strong>26.-27.6.2026 Raisio Beach Party<\/strong><\/a><a href=\"https:\/\/vainionliikenne.fi\/en\/event-transportation\/cattle-rocks-17-18-7-2026\/\"><strong>&gt;&gt;<\/strong><\/a><br \/>\nTransport from Turku\n<h3>\n\t\t\t11.7.2026\t<\/h3>\n\t<a href=\"https:\/\/vainionliikenne.fi\/en\/event-transportation\/giants-kettle-11-7-2026\/\"><strong>11.7.2026 Hiidenkirnu festival Vihti<\/strong><\/a><br \/>\nTransportation: From Lohja and also return to Helsinki at night.\n<h3>\n\t\t\t17.7.2026 and 18.7.2026\t<\/h3>\n\t<a href=\"https:\/\/vainionliikenne.fi\/en\/event-transportation\/cattle-rocks-17-18-7-2026\/\"><strong>17.7. and 18.7.2026 Karjurock &gt;&gt;<\/strong><\/a><br \/>\nTransport: from Turku, Rauma and Kustavi\n<h3>\n\t\t\t15.8.2026\t<\/h3>\n\t<a href=\"https:\/\/vainionliikenne.fi\/en\/event-transportation\/salofriendsmusic-15-08-2026\/\"><strong>15.8.2026 Salo Friends &amp; Music Festival<\/strong><\/a><br \/>\nTransport from: Turku\n<h3>\n\t\t<a href=\"https:\/\/vainionliikenne.fi\/en\/event-transportation\/eppu-normaali-concerts\/\" title=\"Future bus services to Eppu Normaali farewell concerts in summer 2026 &gt;&gt;\"  target=\"_blank\"  rel=\"noopener\">\n\t\t\tFuture bus services to Eppu Normaali farewell concerts in summer 2026 &gt;&gt;\t\t<\/a>\n\t<\/h3>","protected":false},"excerpt":{"rendered":"<p>J\u00e4rjest\u00e4mme bussikuljetuksia erilaisiin kiinnostaviin tapahtumiin ja kohteisiin. Me kuljetamme turvallisesti ja mukavasti, ilman pys\u00e4k\u00f6intihuolia perille ja takaisin kotiin. Sin\u00e4 valitset itse mihin perill\u00e4 osallistut ja mit\u00e4 p\u00e4iv\u00e4n aikana haluat sy\u00f6d\u00e4 tai ostaa. Kohteessa maksat erikseen kaikki p\u00e4\u00e4symaksut ja ruokailut, ellei toisin mainita. Tarjoamme mielenkiintoisen kohteen, sek\u00e4 ehdotuksia aktiviteeteist\u00e4, ostospaikoista ja ruokailumahdollisuuksista. Bussimatka ostetaan Matkahuollon verkkokaupasta [&hellip;]<\/p>\n","protected":false},"author":5,"featured_media":12681,"parent":0,"menu_order":14,"comment_status":"closed","ping_status":"closed","template":"","meta":{"_acf_changed":false,"inline_featured_image":false,"site-sidebar-layout":"default","site-content-layout":"page-builder","ast-site-content-layout":"default","site-content-style":"default","site-sidebar-style":"default","ast-global-header-display":"","ast-banner-title-visibility":"","ast-main-header-display":"","ast-hfb-above-header-display":"","ast-hfb-below-header-display":"","ast-hfb-mobile-header-display":"","site-post-title":"disabled","ast-breadcrumbs-content":"","ast-featured-img":"disabled","footer-sml-layout":"","ast-disable-related-posts":"","theme-transparent-header-meta":"default","adv-header-id-meta":"","stick-header-meta":"default","header-above-stick-meta":"","header-main-stick-meta":"","header-below-stick-meta":"","astra-migrate-meta-layouts":"set","ast-page-background-enabled":"default","ast-page-background-meta":{"desktop":{"background-color":"var(--ast-global-color-4)","background-image":"","background-repeat":"repeat","background-position":"center center","background-size":"auto","background-attachment":"scroll","background-type":"","background-media":"","overlay-type":"","overlay-color":"","overlay-opacity":"","overlay-gradient":""},"tablet":{"background-color":"","background-image":"","background-repeat":"repeat","background-position":"center center","background-size":"auto","background-attachment":"scroll","background-type":"","background-media":"","overlay-type":"","overlay-color":"","overlay-opacity":"","overlay-gradient":""},"mobile":{"background-color":"","background-image":"","background-repeat":"repeat","background-position":"center center","background-size":"auto","background-attachment":"scroll","background-type":"","background-media":"","overlay-type":"","overlay-color":"","overlay-opacity":"","overlay-gradient":""}},"ast-content-background-meta":{"desktop":{"background-color":"var(--ast-global-color-5)","background-image":"","background-repeat":"repeat","background-position":"center center","background-size":"auto","background-attachment":"scroll","background-type":"","background-media":"","overlay-type":"","overlay-color":"","overlay-opacity":"","overlay-gradient":""},"tablet":{"background-color":"var(--ast-global-color-5)","background-image":"","background-repeat":"repeat","background-position":"center center","background-size":"auto","background-attachment":"scroll","background-type":"","background-media":"","overlay-type":"","overlay-color":"","overlay-opacity":"","overlay-gradient":""},"mobile":{"background-color":"var(--ast-global-color-5)","background-image":"","background-repeat":"repeat","background-position":"center center","background-size":"auto","background-attachment":"scroll","background-type":"","background-media":"","overlay-type":"","overlay-color":"","overlay-opacity":"","overlay-gradient":""}},"footnotes":""},"class_list":["post-12840","page","type-page","status-publish","has-post-thumbnail","hentry"],"acf":[],"_links":{"self":[{"href":"https:\/\/vainionliikenne.fi\/en\/wp-json\/wp\/v2\/pages\/12840","targetHints":{"allow":["GET"]}}],"collection":[{"href":"https:\/\/vainionliikenne.fi\/en\/wp-json\/wp\/v2\/pages"}],"about":[{"href":"https:\/\/vainionliikenne.fi\/en\/wp-json\/wp\/v2\/types\/page"}],"author":[{"embeddable":true,"href":"https:\/\/vainionliikenne.fi\/en\/wp-json\/wp\/v2\/users\/5"}],"replies":[{"embeddable":true,"href":"https:\/\/vainionliikenne.fi\/en\/wp-json\/wp\/v2\/comments?post=12840"}],"version-history":[{"count":11,"href":"https:\/\/vainionliikenne.fi\/en\/wp-json\/wp\/v2\/pages\/12840\/revisions"}],"predecessor-version":[{"id":13506,"href":"https:\/\/vainionliikenne.fi\/en\/wp-json\/wp\/v2\/pages\/12840\/revisions\/13506"}],"wp:featuredmedia":[{"embeddable":true,"href":"https:\/\/vainionliikenne.fi\/en\/wp-json\/wp\/v2\/media\/12681"}],"wp:attachment":[{"href":"https:\/\/vainionliikenne.fi\/en\/wp-json\/wp\/v2\/media?parent=12840"}],"curies":[{"name":"wp","href":"https:\/\/api.w.org\/{rel}","templated":true}]}}