{"id":12493,"date":"2025-02-17T15:25:08","date_gmt":"2025-02-17T13:25:08","guid":{"rendered":"https:\/\/vainionliikenne.fi\/?page_id=12493"},"modified":"2026-04-08T08:49:19","modified_gmt":"2026-04-08T05:49:19","slug":"route-traffic","status":"publish","type":"page","link":"https:\/\/vainionliikenne.fi\/en\/reittiliikenne\/","title":{"rendered":"Route traffic"},"content":{"rendered":"<p>Vainion Liikenne\u2019s route traffic conveniently transports passengers from Lohja to Helsinki several times a day. You can purchase single tickets from <a href=\"https:\/\/liput.matkahuolto.fi\/connectionlist?lang=en&amp;departurePlaceId=p1054&amp;arrivalPlaceId=p1001&amp;company=J.VainionLiikenneOy#breadcrumb\" target=\"_blank\" rel=\"noopener\">Matkahuolto\u2019s online store<\/a> Download the journey tickets from the Matkat app. You can also still get single tickets from the driver. Affordable season and multi-trip tickets for regular travel are sold on the Matkahuolto Travel mobile app.<\/p>\n<h2>\n\t\t\tBuy single tickets\t<\/h2>\n\t<p>Purchase your ticket from Matkahuolto\u2019s website<\/p>\n\t\t\t<a href=\"https:\/\/liput.matkahuolto.fi\/connectionlist?lang=en&amp;departurePlaceId=p1054&amp;arrivalPlaceId=p1001&amp;company=J.VainionLiikenneOy#breadcrumb\" target=\"_blank\" rel=\"noopener\">\n\t\t\t\t\t\t\tLohja &#8211; Helsinki\n\t\t\t\t\t<\/a>\n\t\t\t<a href=\"https:\/\/liput.matkahuolto.fi\/connectionlist?lang=fi&#038;departurePlaceId=p1258&#038;arrivalPlaceId=p565&#038;departureDate=&#038;company=OnniBus#breadcrumb\" target=\"_self\" rel=\"noopener\">\n\t\t\t\t\t\t\tSalo &#8211; Turku\n\t\t\t\t\t<\/a>\n\t\t\t<a href=\"https:\/\/liput.matkahuolto.fi\/connectionlist?lang=en&amp;departurePlaceId=p1258&amp;arrivalPlaceId=s3586#breadcrumb\" target=\"_blank\" rel=\"noopener\">\n\t\t\t\t\t\t\tSalo &#8211; Kemi\u00f6\n\t\t\t\t\t<\/a>\n<h2>\n\t\t\tSeason and series tickets\t<\/h2>\n\tYou can buy Vainion Liikenne's seasonal and series tickets at Matkahuolto's Matkat<br \/>\nfrom the mobile app.\n\t<p>Download Trips and Tickets from your app store<\/p>\n<figure itemscope itemtype=\"https:\/\/schema.org\/ImageObject\">\n\t\t\t\t<a href=\"https:\/\/apps.apple.com\/fi\/app\/trips-and-tickets\/id1496304929\" target=\"_blank\" rel=\"noopener\" itemprop=\"url\">\n\t\t\t\t<img decoding=\"async\" src=\"https:\/\/vainionliikenne.fi\/wp-content\/uploads\/2025\/02\/download-on-the-app-store.png\" alt=\"download-on-the-app-store\" height=\"80\" width=\"286\" title=\"download-on-the-app-store\" onerror=\"this.style.display='none'\" loading=\"lazy\" \/>\n\t\t\t\t<\/a>\n\t<\/figure>\n<figure itemscope itemtype=\"https:\/\/schema.org\/ImageObject\">\n\t\t\t\t<a href=\"https:\/\/play.google.com\/store\/apps\/details?id=com.kyyti.ride.matkahuolto\" target=\"_blank\" rel=\"noopener\" itemprop=\"url\">\n\t\t\t\t<img decoding=\"async\" src=\"https:\/\/vainionliikenne.fi\/wp-content\/uploads\/2025\/02\/get-it-on-google-play.png\" alt=\"get-it-on-google-play\" height=\"80\" width=\"286\" title=\"get-it-on-google-play\" onerror=\"this.style.display='none'\" loading=\"lazy\" \/>\n\t\t\t\t<\/a>\n\t<\/figure>\n<figure itemscope itemtype=\"https:\/\/schema.org\/ImageObject\">\n\t\t\t\t<img decoding=\"async\" src=\"https:\/\/vainionliikenne.fi\/wp-content\/uploads\/2025\/02\/matkahuolto-reitit-ja-liput-sovellus.png\" alt=\"travel-routes-and-tickets app\" height=\"876\" width=\"550\" title=\"travel-routes-and-tickets app\" onerror=\"this.style.display='none'\" loading=\"lazy\" \/>\n\t<\/figure>\n<figure itemscope itemtype=\"https:\/\/schema.org\/ImageObject\">\n\t\t\t\t<img decoding=\"async\" src=\"https:\/\/vainionliikenne.fi\/wp-content\/uploads\/2025\/02\/seutu-plus-sovellus.png\" alt=\"region-plus app\" height=\"876\" width=\"550\" title=\"region-plus app\" onerror=\"this.style.display='none'\" loading=\"lazy\" \/>\n\t<\/figure>\n\t<p>Salo &#8211; Kemi\u00f6 liikenteen kausi- ja sarjaliput voit ostaa Seutu+ -mobiilisovelluksesta.<\/p>\n\t<p>Download Seutu+ from your app store<\/p>\n<figure itemscope itemtype=\"https:\/\/schema.org\/ImageObject\">\n\t\t\t\t<a href=\"https:\/\/apps.apple.com\/uy\/app\/seutu\/id1542746125\" target=\"_blank\" rel=\"noopener\" itemprop=\"url\">\n\t\t\t\t<img decoding=\"async\" src=\"https:\/\/vainionliikenne.fi\/wp-content\/uploads\/2025\/02\/download-on-the-app-store.png\" alt=\"download-on-the-app-store\" height=\"80\" width=\"286\" title=\"download-on-the-app-store\" onerror=\"this.style.display='none'\" loading=\"lazy\" \/>\n\t\t\t\t<\/a>\n\t<\/figure>\n<figure itemscope itemtype=\"https:\/\/schema.org\/ImageObject\">\n\t\t\t\t<a href=\"https:\/\/play.google.com\/store\/apps\/details?id=net.payiq.seutu\" target=\"_blank\" rel=\"noopener\" itemprop=\"url\">\n\t\t\t\t<img decoding=\"async\" src=\"https:\/\/vainionliikenne.fi\/wp-content\/uploads\/2025\/02\/get-it-on-google-play.png\" alt=\"get-it-on-google-play\" height=\"80\" width=\"286\" title=\"get-it-on-google-play\" onerror=\"this.style.display='none'\" loading=\"lazy\" \/>\n\t\t\t\t<\/a>\n\t<\/figure>\n<h2>\n\t\t\tCheck timetables\t<\/h2>\n\t<p>Route traffic timetables<\/p>\n<h2>\n\t\t\tLohja &#8211; Helsinki\t<\/h2>\n\t\t\t<a href=\"https:\/\/vainionliikenne.fi\/wp-content\/uploads\/2026\/04\/Vainio-Lohjan-aikataulu-20260302-kevat.pdf\" target=\"_blank\" rel=\"noopener\">\n\t\t\t\t\t\t\tDownload PDF timetable from 7.8.2025\n\t\t\t\t\t<\/a>\n\t<p>Route traffic timetables<\/p>\n<h2>\n\t\t\tSalo &#8211; Turku\t<\/h2>\n\t\t\t<a href=\"https:\/\/vainionliikenne.fi\/wp-content\/uploads\/2026\/04\/Vainio-Salo-Turku-20260302-kevat.pdf\" target=\"_blank\" rel=\"noopener\">\n\t\t\t\t\t\t\tDownload PDF timetable from 2.2.2026\n\t\t\t\t\t<\/a>\n\t<p>Route traffic timetables<\/p>\n<h2>\n\t\t\tSalo &#8211; Kemi\u00f6\t<\/h2>\n\t\t\t<a href=\"https:\/\/vainionliikenne.fi\/wp-content\/uploads\/2025\/07\/Vainio-Salo-Kemio-20250807-syksy.pdf\" target=\"_blank\" rel=\"noopener\">\n\t\t\t\t\t\t\tDownload PDF timetable from 6.8.2025\n\t\t\t\t\t<\/a>\n\t<p>Vainio's summer lines<\/p>\n<h2>\n\t\t\tHelsinki  &#8211; Teijo &#8211; Kemi\u00f6 &#8211; Taalintehdas &#8211; Kasn\u00e4s\t<\/h2>\n\t\t\t<a href=\"https:\/\/vainionliikenne.fi\/wp-content\/uploads\/2026\/01\/Kasnas-messutarjous2026.pdf\" target=\"_blank\" rel=\"noopener\">\n\t\t\t\t\t\t\tDownload the Summer Express 2026 PDF timetable\n\t\t\t\t\t<\/a>\n\t<p>Vainio's summer lines<\/p>\n<h2>\n\t\t\tHelsinki &#8211; Parainen  &#8211; Nauvo &#8211; Korppoo\t<\/h2>\n\t\t\t<a href=\"https:\/\/vainionliikenne.fi\/wp-content\/uploads\/2026\/01\/Korppoo-messuaikataulu2026.pdf\" target=\"_blank\" rel=\"noopener\">\n\t\t\t\t\t\t\tDownload the Summer Express 2026 PDF timetable\n\t\t\t\t\t<\/a>","protected":false},"excerpt":{"rendered":"<p>Vainion Liikenteen reittiliikenne kuljettaa k\u00e4tev\u00e4sti Lohjalta Helsinkiin joka p\u00e4iv\u00e4 useita kertoja. Voit ostaa kertalippuja Matkahuollon verkkokaupasta tai Matkat -sovelluksesta. My\u00f6s kuljettajalta saat edelleen kertalipun. Edulliset kausi- ja sarjaliput s\u00e4\u00e4nn\u00f6lliseen liikkumiseen myyd\u00e4\u00e4n Matkahuollon Matkat -mobiilisovelluksesta. Osta kertalippuja Osta matkalippusi Matkahuollon sivuilta Lohja &#8211; Helsinki Salo &#8211; Turku Salo &#8211; Kemi\u00f6 Kausi- ja sarjaliput Vainion Liikenteen kausi- [&hellip;]<\/p>\n","protected":false},"author":5,"featured_media":0,"parent":0,"menu_order":14,"comment_status":"closed","ping_status":"closed","template":"","meta":{"_acf_changed":false,"inline_featured_image":false,"site-sidebar-layout":"default","site-content-layout":"page-builder","ast-site-content-layout":"default","site-content-style":"default","site-sidebar-style":"default","ast-global-header-display":"","ast-banner-title-visibility":"","ast-main-header-display":"","ast-hfb-above-header-display":"","ast-hfb-below-header-display":"","ast-hfb-mobile-header-display":"","site-post-title":"disabled","ast-breadcrumbs-content":"","ast-featured-img":"disabled","footer-sml-layout":"","ast-disable-related-posts":"","theme-transparent-header-meta":"default","adv-header-id-meta":"","stick-header-meta":"default","header-above-stick-meta":"","header-main-stick-meta":"","header-below-stick-meta":"","astra-migrate-meta-layouts":"set","ast-page-background-enabled":"default","ast-page-background-meta":{"desktop":{"background-color":"var(--ast-global-color-4)","background-image":"","background-repeat":"repeat","background-position":"center center","background-size":"auto","background-attachment":"scroll","background-type":"","background-media":"","overlay-type":"","overlay-color":"","overlay-opacity":"","overlay-gradient":""},"tablet":{"background-color":"","background-image":"","background-repeat":"repeat","background-position":"center center","background-size":"auto","background-attachment":"scroll","background-type":"","background-media":"","overlay-type":"","overlay-color":"","overlay-opacity":"","overlay-gradient":""},"mobile":{"background-color":"","background-image":"","background-repeat":"repeat","background-position":"center center","background-size":"auto","background-attachment":"scroll","background-type":"","background-media":"","overlay-type":"","overlay-color":"","overlay-opacity":"","overlay-gradient":""}},"ast-content-background-meta":{"desktop":{"background-color":"var(--ast-global-color-5)","background-image":"","background-repeat":"repeat","background-position":"center center","background-size":"auto","background-attachment":"scroll","background-type":"","background-media":"","overlay-type":"","overlay-color":"","overlay-opacity":"","overlay-gradient":""},"tablet":{"background-color":"var(--ast-global-color-5)","background-image":"","background-repeat":"repeat","background-position":"center center","background-size":"auto","background-attachment":"scroll","background-type":"","background-media":"","overlay-type":"","overlay-color":"","overlay-opacity":"","overlay-gradient":""},"mobile":{"background-color":"var(--ast-global-color-5)","background-image":"","background-repeat":"repeat","background-position":"center center","background-size":"auto","background-attachment":"scroll","background-type":"","background-media":"","overlay-type":"","overlay-color":"","overlay-opacity":"","overlay-gradient":""}},"footnotes":""},"class_list":["post-12493","page","type-page","status-publish","hentry"],"acf":[],"_links":{"self":[{"href":"https:\/\/vainionliikenne.fi\/en\/wp-json\/wp\/v2\/pages\/12493","targetHints":{"allow":["GET"]}}],"collection":[{"href":"https:\/\/vainionliikenne.fi\/en\/wp-json\/wp\/v2\/pages"}],"about":[{"href":"https:\/\/vainionliikenne.fi\/en\/wp-json\/wp\/v2\/types\/page"}],"author":[{"embeddable":true,"href":"https:\/\/vainionliikenne.fi\/en\/wp-json\/wp\/v2\/users\/5"}],"replies":[{"embeddable":true,"href":"https:\/\/vainionliikenne.fi\/en\/wp-json\/wp\/v2\/comments?post=12493"}],"version-history":[{"count":11,"href":"https:\/\/vainionliikenne.fi\/en\/wp-json\/wp\/v2\/pages\/12493\/revisions"}],"predecessor-version":[{"id":13471,"href":"https:\/\/vainionliikenne.fi\/en\/wp-json\/wp\/v2\/pages\/12493\/revisions\/13471"}],"wp:attachment":[{"href":"https:\/\/vainionliikenne.fi\/en\/wp-json\/wp\/v2\/media?parent=12493"}],"curies":[{"name":"wp","href":"https:\/\/api.w.org\/{rel}","templated":true}]}}