{"id":12021,"date":"2024-11-13T16:46:55","date_gmt":"2024-11-13T14:46:55","guid":{"rendered":"https:\/\/priceless-kowalevski.31-187-85-39.plesk.page\/?page_id=12021"},"modified":"2026-04-28T14:59:43","modified_gmt":"2026-04-28T11:59:43","slug":"vainion-liikenne-ticket-information","status":"publish","type":"page","link":"https:\/\/vainionliikenne.fi\/en\/vainion-liikenteen-lipputietoa\/","title":{"rendered":"Vainion Liikenne ticket information"},"content":{"rendered":"<h3>Single fare<\/h3>\n<p>The ticket price is the fare to be paid on the bus for a one-way journey. In addition to cash, travel tickets sold by Matkahuolto are accepted as payment methods on our buses. The journey can also be paid for by debit and credit card.<\/p>\n<h3>Children's ticket<\/h3>\n<p>Children under 12 years old receive a discount on the ticket price. Each full-fare-paying passenger may be accompanied by two children under 4 years old free of charge.<\/p>\n<h3>Youth ticket<\/h3>\n<p>Passengers aged 12\u201316 receive a discount on journeys over 60 km on all our routes.<\/p>\n<h3>Student ticket<\/h3>\n<p>Students receive a discount on journeys over 60 km by presenting a student card with the MH logo.<\/p>\n<h3>65+ ticket<\/h3>\n<p>Passengers aged 65 and older receive a discount on journeys over 30 km. Pensioners under 65 are eligible for the same discount by presenting a KELA card with the \u201cpensioner\u201d designation or a pension institution card with the MH logo.<\/p>\n<h3>Conscripts<\/h3>\n<p>Conscripts and civilian service personnel receive a discount on journeys over 60 km when paying in cash and presenting a conscript card or a civilian service certificate.<\/p>\n<h3>Online Ticket<\/h3>\n<p>Bus tickets can also be purchased from Matkahuolto\u2019s online store at\u00a0<a href=\"https:\/\/www.matkahuolto.fi\/en\" target=\"_blank\" rel=\"noopener noreferrer\">www.matkahuolto.fi\/en<\/a>. Many special offer tickets are also available online. An online ticket can be purchased up to 30 days before the departure. It must be bought at least 10 minutes before the departure from the departure station. The ticket is valid only on the specified date and journey. Online tickets are non-refundable and non-exchangeable.<\/p>\n<h3>Group ticket<\/h3>\n<p>A group of at least three people receives a 25% discount on journeys over 60 km. Group tickets must be purchased in advance from Matkahuolto.<\/p>\n<h3>Series and season tickets<\/h3>\n<p>Regular bus travellers can save significantly on travel costs by purchasing a series or season ticket. The ticket can be acquired from the Matkahuolto Matkat app, which you can download to your mobile device from the app store. You can get more information from Matkahuolto., <a href=\"https:\/\/www.matkahuolto.fi\/en\" target=\"_blank\" rel=\"noopener noreferrer\">www.matkahuolto.fi\/en.<\/a><\/p>\n<h3>Pets<\/h3>\n<p>Common pets can be transported on the bus with an escort and at the escorts risk, if there is room on the bus. Pets are located on the bus in such a way as to cause the minimum amount of disturbance to passengers. Pets may not be placed on seats and they must not be kept loose. No separate payment is charged for the transport of pets. Person with allergies already on the bus have the primary right to choose their seats. Other passengers can not, however, prevent the travel of a guide or service dog.<\/p>\n<h3>Luggage<\/h3>\n<p>The passenger\u2019s regular luggage (max. two suitcases), skis and prams are transported free of charge. A payment in accordance with freight charges is charged for transporting other than the afore mentioned items.<\/p>\n<h3>Bicycles<\/h3>\n<p>Polkupy\u00f6ri\u00e4 kuljetetaan asiakkaan omalla vastuulla tilan salliessa. Osaan vuoroista on ostettavissa paikka polkupy\u00f6r\u00e4lle etuk\u00e4teen\u00a0 Matkahuollon kautta matkalipun oston yhteydess\u00e4. Matkan pituudesta riippuen polkupy\u00f6r\u00e4n kuljetusmaksu on 5 &#8211; 15 euroa.<\/p>\n<h3>Express service<\/h3>\n<p>Express services stop only at the stops listed in the timetable.<\/p>\n<h3>Use of the radio<\/h3>\n<p>Radios may be used on our buses as long as they do not disturb other passengers. If even one passenger requests, the radio will be turned off.<\/p>\n<h3>Disturbances<\/h3>\n<p>All passengers have the right to enjoy a comfortable bus ride without disturbances. Staff must be allowed to do their job without interference. Staff have the right to remove from the bus any passenger who is causing a disturbance and continues to do so despite being cautioned. If the passenger cannot be removed immediately, the staff have the right, if necessary, to restrain the person involved until removal is possible.<\/p>\n<h3>Late or cancelled service<\/h3>\n<p>Passengers should be prepared for possible delays due to severe weather conditions or traffic congestion. Please note that schedules may vary on public holidays.<\/p>\n<p>Any compensation for delays or cancellations is handled on a case-by-case basis. If a delay or cancellation threatens to cause additional travel expenses, the passenger should contact the bus company immediately.<\/p>\n<p>The bus company is not responsible for additional damages that could have been reasonably avoided by the passenger\u2019s own actions.<\/p>\n<p>The company is not liable for costs caused by delays or cancellations due to force majeure beyond the company\u2019s control.<\/p>\n<h3>Links<\/h3>\n<p><a href=\"https:\/\/vainionliikenne.fi\/wp-content\/uploads\/2026\/04\/Taksat-Vainio-20260501-nettiin.pdf\">Vainion Liikenne Fares 1.5.2026 (PDF)<\/a><\/p>\n<p><a href=\"https:\/\/www.matkahuolto.fi\/en\" target=\"_blank\" rel=\"noopener noreferrer\">www.matkahuolto.fi\/en<\/a><\/p>\n<h3>Lost property<\/h3>\n<p>You can inquire about items left behind in vehicles as follows:<\/p>\n<ul>\n<li class=\"translation-block\">Lost and found items from <strong>Turku \u2013 Helsinki-Vantaa Airport<\/strong> -route buses and <strong>Salo local traffic<\/strong> are delivered to our depot in Salo. You can inquire about them by phone or via our feedback page.<br>\nJ. Vainion Liikenne Oy<br>\nHossiankatu 3, 24240 Salo<br>\nTel: +358 2 777 330, open weekdays from 8 to 16<br>\n<a>www.vainionliikenne.fi<\/a><\/li>\n<\/ul>\n<ul>\n<li class=\"translation-block\">Lost and found items from the <strong>Helsinki \u2013 Lohja \u2013 Virkkala \u2013 Inkoo<\/strong> routes are delivered to the Lost and Found Office at Kamppi Center in Helsinki.<br>\nH.T.P palvelut Oy \/ L\u00f6yt\u00f6tavaratoimisto Suomen L\u00f6yt\u00f6tavarapiste<br>\nNarinkka 3,<br>\nKamppi Center<br>\n00100 Helsinki<br>\n<a href=\"http:\/\/www.htp-palvelut.com\/loytotavarapiste\" target=\"_blank\" rel=\"noopener\">http:\/\/www.htp-palvelut.com\/loytotavarapiste<\/a><\/li>\n<\/ul>\n<ul>\n<li>\n<ul>\n<li>Inquiries about lost items: weekdays from 9 to 17, tel. 0600 04401 (1.99\u20ac\/min + local network charge)<br \/>\nElectronic lost item inquiry (5\u20ac): <a href=\"https:\/\/katoamisilmoitus.htp-palvelut.com\/\" target=\"_blank\" rel=\"noopener\">https:\/\/katoamisilmoitus.htp-palvelut.com\/<\/a><\/li>\n<li>Office visits: Narinkka 3, Kamppi Shopping Center, at Metrosuutarit Kamppi.<\/li>\n<li>Lost and found office opening hours: monday 9-11, wednesday 9-11, friday 16-18<\/li>\n<li>The office is closed on the eves and days of public holidays<\/li>\n<li>For inquiries about recently lost items and collections, contact Kamppi's luggage storage:<br \/>\nMon-fri 10-20, sat 10-19, sun 12-18<\/li>\n<\/ul>\n<\/li>\n<\/ul>","protected":false},"excerpt":{"rendered":"<p>Kertamaksu Kertamaksu on bussissa maksettava taksanmukainen hinta yhdensuuntaisesta matkasta. Maksuv\u00e4lineen\u00e4 busseissamme k\u00e4yv\u00e4t k\u00e4teisen rahan lis\u00e4ksi Matkahuollon myym\u00e4t matkaliput. Matkan voi maksaa my\u00f6s pankki- ja luottokortilla. Lastenlippu Alle 12-vuotiaat lapset saavat alennuksen lipun hinnasta. Jokaista t\u00e4yden hinnan maksanutta matkustajaa saa seurata maksutta kaksi alle 4-vuotiasta lasta. Nuorisolippu 12-16-vuotiaat saavat kaikissa vuoroissamme yli 60 km:n matkalla alennuksen. [&hellip;]<\/p>\n","protected":false},"author":5,"featured_media":0,"parent":0,"menu_order":0,"comment_status":"closed","ping_status":"closed","template":"","meta":{"_acf_changed":false,"inline_featured_image":false,"site-sidebar-layout":"no-sidebar","site-content-layout":"page-builder","ast-site-content-layout":"full-width-container","site-content-style":"default","site-sidebar-style":"default","ast-global-header-display":"","ast-banner-title-visibility":"","ast-main-header-display":"","ast-hfb-above-header-display":"","ast-hfb-below-header-display":"","ast-hfb-mobile-header-display":"","site-post-title":"disabled","ast-breadcrumbs-content":"","ast-featured-img":"disabled","footer-sml-layout":"","ast-disable-related-posts":"","theme-transparent-header-meta":"default","adv-header-id-meta":"","stick-header-meta":"default","header-above-stick-meta":"","header-main-stick-meta":"","header-below-stick-meta":"","astra-migrate-meta-layouts":"set","ast-page-background-enabled":"default","ast-page-background-meta":{"desktop":{"background-color":"var(--ast-global-color-4)","background-image":"","background-repeat":"repeat","background-position":"center center","background-size":"auto","background-attachment":"scroll","background-type":"","background-media":"","overlay-type":"","overlay-color":"","overlay-opacity":"","overlay-gradient":""},"tablet":{"background-color":"","background-image":"","background-repeat":"repeat","background-position":"center center","background-size":"auto","background-attachment":"scroll","background-type":"","background-media":"","overlay-type":"","overlay-color":"","overlay-opacity":"","overlay-gradient":""},"mobile":{"background-color":"","background-image":"","background-repeat":"repeat","background-position":"center center","background-size":"auto","background-attachment":"scroll","background-type":"","background-media":"","overlay-type":"","overlay-color":"","overlay-opacity":"","overlay-gradient":""}},"ast-content-background-meta":{"desktop":{"background-color":"var(--ast-global-color-5)","background-image":"","background-repeat":"repeat","background-position":"center center","background-size":"auto","background-attachment":"scroll","background-type":"","background-media":"","overlay-type":"","overlay-color":"","overlay-opacity":"","overlay-gradient":""},"tablet":{"background-color":"var(--ast-global-color-5)","background-image":"","background-repeat":"repeat","background-position":"center center","background-size":"auto","background-attachment":"scroll","background-type":"","background-media":"","overlay-type":"","overlay-color":"","overlay-opacity":"","overlay-gradient":""},"mobile":{"background-color":"var(--ast-global-color-5)","background-image":"","background-repeat":"repeat","background-position":"center center","background-size":"auto","background-attachment":"scroll","background-type":"","background-media":"","overlay-type":"","overlay-color":"","overlay-opacity":"","overlay-gradient":""}},"footnotes":""},"class_list":["post-12021","page","type-page","status-publish","hentry"],"acf":[],"_links":{"self":[{"href":"https:\/\/vainionliikenne.fi\/en\/wp-json\/wp\/v2\/pages\/12021","targetHints":{"allow":["GET"]}}],"collection":[{"href":"https:\/\/vainionliikenne.fi\/en\/wp-json\/wp\/v2\/pages"}],"about":[{"href":"https:\/\/vainionliikenne.fi\/en\/wp-json\/wp\/v2\/types\/page"}],"author":[{"embeddable":true,"href":"https:\/\/vainionliikenne.fi\/en\/wp-json\/wp\/v2\/users\/5"}],"replies":[{"embeddable":true,"href":"https:\/\/vainionliikenne.fi\/en\/wp-json\/wp\/v2\/comments?post=12021"}],"version-history":[{"count":12,"href":"https:\/\/vainionliikenne.fi\/en\/wp-json\/wp\/v2\/pages\/12021\/revisions"}],"predecessor-version":[{"id":13545,"href":"https:\/\/vainionliikenne.fi\/en\/wp-json\/wp\/v2\/pages\/12021\/revisions\/13545"}],"wp:attachment":[{"href":"https:\/\/vainionliikenne.fi\/en\/wp-json\/wp\/v2\/media?parent=12021"}],"curies":[{"name":"wp","href":"https:\/\/api.w.org\/{rel}","templated":true}]}}