{"id":11975,"date":"2024-11-04T16:26:29","date_gmt":"2024-11-04T14:26:29","guid":{"rendered":"https:\/\/vainionliikenne.test\/?page_id=11975"},"modified":"2026-02-17T09:18:29","modified_gmt":"2026-02-17T07:18:29","slug":"privacy-policy","status":"publish","type":"page","link":"https:\/\/vainionliikenne.fi\/en\/tietosuojaseloste\/","title":{"rendered":"Privacy policy"},"content":{"rendered":"<h2><a href=\"https:\/\/www.d-fence.fi\/tietosuojasertifikaatti\" target=\"_blank\" rel=\"noopener\"><img loading=\"lazy\" decoding=\"async\" src=\"https:\/\/vainionliikenne.fi\/wp-content\/uploads\/2026\/02\/GDPR-D-Fence-logo-40X40mm.png\" alt=\"\" width=\"263\" height=\"264\" \/><\/a><\/h2>\n<p>The Privacy Notice is an information document required by the Data Protection Act. Everyone has the right to know what information about them is stored in different registers.<\/p>\n<p>The right of access, the exercise of the right of access and the rectification of data are regulated by the EU General Data Protection Regulation (2016\/679).<\/p>\n<p>The privacy statements of the personal registers containing customer and partner data used by J. Vainion Liikenne Oy are divided into different personal registers according to the purpose of use.<\/p>\n<h5><a href=\"https:\/\/oma.easygdpr.fi\/privacy_policies\/03a58b0e-fb5f-4484-a0ae-5f2a3f16aee5\/public\/\" target=\"_blank\" rel=\"noopener\">Register of vehicles and mobile equipment<\/a><br \/>\n<a href=\"https:\/\/oma.easygdpr.fi\/privacy_policies\/8298288c-3844-4e65-b706-e50fba73659e\/public\/\" target=\"_blank\" rel=\"noopener\">Customer register B2B<\/a><br \/>\n<a href=\"https:\/\/oma.easygdpr.fi\/privacy_policies\/4e43d936-f3fc-40d5-97a8-a88867b27c16\/public\/\" target=\"_blank\" rel=\"noopener\">Customer register B2C<\/a><\/h5>\n<h5><a href=\"https:\/\/oma.easygdpr.fi\/privacy_policies\/17cb80e2-0427-4afc-aad0-882357820d36\/public\/\" target=\"_blank\" rel=\"noopener\">Staff register<\/a><\/h5>\n<h5><a href=\"https:\/\/oma.easygdpr.fi\/privacy_policies\/273a8ff9-d3c7-4a4b-86cb-1c2fc99fca62\/public\/\" target=\"_blank\" rel=\"noopener\">Notification channel register<\/a><\/h5>\n<h5><a href=\"https:\/\/oma.easygdpr.fi\/privacy_policies\/e391076b-8568-43c7-bc85-85cb20dccbe0\/public\/\" target=\"_blank\" rel=\"noopener\">Camera surveillance register<\/a><\/h5>\n<h5><a href=\"https:\/\/oma.easygdpr.fi\/privacy_policies\/27b63bea-74ce-469f-a894-bf8463ebf741\/public\/\" target=\"_blank\" rel=\"noopener\">Access control register<\/a><br \/>\n<a href=\"https:\/\/oma.easygdpr.fi\/privacy_policies\/6d8cac7a-33e0-43da-a236-eccae760b0c5\/public\/\" target=\"_blank\" rel=\"noopener\">Partner Register<\/a><br \/>\n<a href=\"https:\/\/oma.easygdpr.fi\/privacy_policies\/89ce6074-0772-4f09-a4e7-9669937750f2\/public\/\" target=\"_blank\" rel=\"noopener\">Invoice register<\/a><br \/>\n<a href=\"https:\/\/oma.easygdpr.fi\/privacy_policies\/99c5facd-f863-4121-ac1a-3df18483dedc\/public\/\" target=\"_blank\" rel=\"noopener\">Brochures, potential customers<\/a><\/h5>\n<h5><a href=\"https:\/\/oma.easygdpr.fi\/privacy_policies\/3bd47833-b7b3-43d3-8b94-383976105b4e\/public\/\" target=\"_blank\" rel=\"noopener\">Recruitment Register<\/a><br \/>\n<a href=\"https:\/\/oma.easygdpr.fi\/privacy_policies\/e707f457-3c8e-4248-87c6-6977e8bbe5d6\/public\/\" target=\"_blank\" rel=\"noopener\">Register of electronic communications<\/a><\/h5>\n<h5><a href=\"https:\/\/oma.easygdpr.fi\/privacy_policies\/3afc874e-b885-4f4b-8078-da5e49899e18\/public\/\" target=\"_blank\" rel=\"noopener\">Working time monitoring register<\/a><br \/>\n<a href=\"https:\/\/oma.easygdpr.fi\/privacy_policies\/30661a02-f6fb-4222-883a-e237c5700299\/public\/\" target=\"_blank\" rel=\"noopener\">Newsletter register<\/a><br \/>\n<a href=\"https:\/\/oma.easygdpr.fi\/privacy_policies\/b2d61117-10df-4ed0-8ec9-fa41169d4d9a\/public\/\" target=\"_blank\" rel=\"noopener\">Website visitors<\/a><\/h5>\n<p>&nbsp;<\/p>\n<h2>Privacy and data protection<\/h2>\n<p>We at the vainionliikenne.fi website are committed to protecting the privacy and personal data of our customers. This privacy statement outlines the data J. Vainion Liikenne Oy collects from its customers and how this data is used.<\/p>\n<p>We comply with the General Data Protection Regulation (GDPR) and other applicable legislation.<\/p>\n<h2>What is covered by \u201dpersonal data\u201d?<\/h2>\n<p>Personal data is any information that can be used to single out an individual user. This kind of data includes, but not limited to name, address, ID-number or technical information such as location data or the IP-address of a computer. We save only necessary data of the users. In addition to personal data we collect unallocated data for statistical and development purposes.<\/p>\n<p>Using of the vainionliikenne.fi website or services requires the user to agree with this privacy policy.<\/p>\n<h2>The name of the register<\/h2>\n<p>Marketing register of J. Vainion Liikenne Oy<\/p>\n<h2>Controller<\/h2>\n<p>J. Vainion Liikenne Oy (jatkossa &#8221;Vainion Liikenne&#8221; tai &#8221;me&#8221;) k\u00e4ytt\u00e4\u00e4 ja tallentaa v\u00e4ltt\u00e4m\u00e4tt\u00f6mi\u00e4 k\u00e4ytt\u00e4jien henkil\u00f6tietoja vainionliikenne.fi -verkkosivuston sek\u00e4 siihen liittyvien palveluiden tarjoamiseksi.<\/p>\n<p>We are committed to protecting the privacy of our customers and partners according to the General Data Protection Regulation and other applicable legislation and to protect your identity and personal information. We handle personal data only for customer relationship reasons with the users\u2019 consent. All user data is handled according to this privacy statement.<\/p>\n<h2>The purpose of the register<\/h2>\n<p>The data stored in the register is used for marketing and communications of Vainion Liikenne and its services or to provide newsletter subscriptions. The data may also be used to create customised content or marketing and to track the efficiency of the marketing.<\/p>\n<p>We do not sell or transfer our customer data to third parties.<\/p>\n<h2>Data collected in the register<\/h2>\n<p>The register contains personal data that our customers, partners and newsletter subscribers have willingly provided on our website, webforms, social media or by other means. Mainly the register contains company and name data, phone numbers and e-mail addresses.<\/p>\n<p>We also collect unallocated data such as time logged on the website, the pages visited as well as entry and exit pages. We also reserve the right to monitor the links clicked, the duration of the visit, your browser and operating system and other such information.<\/p>\n<p>You are at any time entitled to request for all the data in our register and the logs of its use, as well as to change it or to have it deleted. We will provide the files to you within 6 months of the request.<\/p>\n<h2>Handling of the data in the register<\/h2>\n<p>We use the data collected in the register solely for the predefined purposes you have agreed to, such as marketing and\/or product and service development.<\/p>\n<p>We may also use the data for statistical purposes and to prevent misuse of our services, to provide more accurate customer communications and marketing with your permission and send service messages, for example of service failures and disruptions, even to users who have prohibited direct marketing.<\/p>\n<p>We may also use the information to target and personalise our products and services with your permission.<\/p>\n<p>In addition, we may send service notifications, such as error and incident reports.<\/p>\n<h2>Disclosure of register data<\/h2>\n<p>We will process your data in accordance with this Privacy Policy and will not sell or disclose it to third parties.<\/p>\n<p>We may disclose our customer information as required by law or compelling governmental authority from time to time.<\/p>\n<p>In the context of mergers and acquisitions, we may disclose our customer information to the buyer.<\/p>\n<p>As a general rule, we do not transfer customer data outside the EU or EEA.<\/p>\n<h2>Data protection of registers<\/h2>\n<p>Register data is stored on servers that are protected against data breaches and cannot be accessed by third parties. Communication security includes firewalls, passwords and other necessary technical and IT measures.<\/p>\n<p>Access to customer databases is limited to those persons who have a necessary need to process the data concerned.<\/p>\n<p>Our website may also contain links to external online services that may have different privacy policies. We recommend that our customers review the privacy policies of these sites separately. We are not responsible for the privacy practices or security of third party services.<\/p>\n<h2>Revision, correction or blocking of register data<\/h2>\n<p>You are at any time entitled to request for all the data in our register and the logs of its use, as well as to change it or to have it deleted. We will provide the files to you within 6 months of the request.<\/p>\n<p>Where possible, we will endeavour to update outdated information and remove unnecessary information from our records, and you may also request that your data be corrected or deleted.<\/p>\n<p>Customers also have the right to object to the use of their data for direct marketing and other marketing purposes and to request the deletion of their data.<\/p>\n<p>Please send a written request to check or amend your data to:<\/p>\nRegister Manager<br \/>\nJ. Vainion Liikenne Oy<br \/>\nHossiankatu 3<br \/>\n24240 Salo\n<h2>Updates to the privacy statement and register description<\/h2>\n<p>We will update this Privacy Policy with new versions as necessary. The latest version is posted on our website and you should check it regularly when you visit the site.<\/p>\n<h2>Contact us<\/h2>\n<p>If you have any questions about our privacy policy or how we use your personal data, please contact us:<\/p>\n<p>The person responsible for the register:<\/p>\nTaito Vainio<br \/>\np. 0400 535 336\n02.12.2024<br \/>\nVersion 1.3\n<h2>Use of cookies<\/h2>\n<p>We use cookies or similar technologies on our website. Cookies are short text files that are stored by your browser when you visit various online services. Cookies allow the website to recognise the computer you are using.<\/p>\n<p>The information collected by cookies is used, for example, for personalising the user experience, targeting marketing, developing and improving the online service and monitoring and analysing visitor data.<\/p>\n<p>The cookie data is not combined with the registry data we collect, but is only used for general purposes.<\/p>\n<p>If you wish, you can delete the cookies stored in your browser, but deleting them may prevent or hinder your use of our site.<\/p>\n<h2>Register of persons<\/h2>\n<p>Privacy statement in accordance with the General Data Protection Regulation (GDPR)<\/p>\n<h2>Controller<\/h2>\nJ. Vainion Liikenne Oy<br \/>\nHossiankatu 3<br \/>\n24240 Salo\np. 02 777 330<br \/>\nBusiness ID: 0139506-7\n<h2>Person responsible for the register<\/h2>\n<p>Taito Vainio<\/p>\n<h2>The name of the register<\/h2>\n<p>J. Vainion Liikenne Oy's customer register<\/p>\n<h2>Purpose of collecting personal data<\/h2>\n<p>Personal data may be used to market Vainion Liikente's services and products and to manage the customer relationship, such as invoicing, delivery and customer development, for example customer or market research.<\/p>\n<h2>Information contained in the register<\/h2>\n<p>The register may contain, for example, the following personal data:<\/p>\n<ul>\n<li>Name<\/li>\n<li>Contact<\/li>\n<li>Company<\/li>\n<li>Age\/date of birth<\/li>\n<li>Newsletter subscription information or website registration information<\/li>\n<\/ul>\n<p>For our customers, we also process customer-related data, such as registration and login information, payment information and other data describing the interaction between the customer and Vainion Liikente.<\/p>\n<h2>Data sources for the register<\/h2>\n<p>As a rule, the data in the register is collected from the customers themselves with their consent.<\/p>\n<h2>Disclosure and transfer of data<\/h2>\n<p>We do not sell or transfer our customer data to third parties.<\/p>\n<p>Information may also be disclosed to public authorities on the basis of the law in force at the time or on the basis of a compulsory order issued by a public authority.<\/p>\n<p>As a general rule, we do not transfer customer data outside the EU or EEA.<\/p>\n<h2>Data protection of registers<\/h2>\n<p>Personal data is stored on servers that are protected against data breaches and cannot be accessed by third parties. Communication security includes firewalls, passwords and other necessary technical and IT measures.<\/p>\n<p>Access to customer databases is limited to those persons who have a necessary need to process the data concerned.<\/p>\n<h2>Revision, correction or blocking of register data<\/h2>\n<p>In accordance with the General Data Protection Regulation, you have the right at any time to check your data in the register, what it has been used for and to amend or request its deletion. We will provide you with the information you have requested within 6 months.<\/p>\n<p>We will endeavour to update outdated information and remove unnecessary information from our records where possible, and you can also request the correction or deletion of your data at any time.<\/p>\n<p>Customers also have the right to object to the use of their data for direct marketing and other marketing purposes and to request the deletion of their data.<\/p>\n<p>Please send a written request to check or amend your data to:<\/p>\nRegister Manager<br \/>\nJ. Vainion Liikenne Oy<br \/>\nHossiankatu 3<br \/>\n24240 Salo","protected":false},"excerpt":{"rendered":"<p>Tietosuojaseloste on tietosuojalain edellytt\u00e4m\u00e4 informointiasiakirja. Jokaisella on oikeus tiet\u00e4\u00e4, mit\u00e4 tietoja h\u00e4nest\u00e4 on tallennettu eri rekistereihin. Tietojen tarkastusoikeudesta, tarkastusoikeuden toteuttamisesta ja tietojen korjaamisesta on s\u00e4\u00e4detty EU:n yleisell\u00e4 tietosuoja-asetuksella (2016\/679). J. Vainion Liikenne Oy:n k\u00e4yt\u00f6ss\u00e4 olevat asiakas- ja kumppanuustietoja sis\u00e4lt\u00e4vien henkil\u00f6rekisterien tietosuojaselosteet ovat k\u00e4ytt\u00f6tarkoituksen mukaisesti jaoteltu eri henkil\u00f6rekistereihin. Ajoneuvo- ja mobiililaiterekisteri Asiakasrekisteri B2B Asiakasrekisteri B2C Henkil\u00f6st\u00f6rekisteri [&hellip;]<\/p>\n","protected":false},"author":1,"featured_media":0,"parent":0,"menu_order":0,"comment_status":"closed","ping_status":"closed","template":"","meta":{"_acf_changed":false,"inline_featured_image":false,"site-sidebar-layout":"default","site-content-layout":"","ast-site-content-layout":"default","site-content-style":"default","site-sidebar-style":"default","ast-global-header-display":"","ast-banner-title-visibility":"","ast-main-header-display":"","ast-hfb-above-header-display":"","ast-hfb-below-header-display":"","ast-hfb-mobile-header-display":"","site-post-title":"","ast-breadcrumbs-content":"","ast-featured-img":"","footer-sml-layout":"","ast-disable-related-posts":"","theme-transparent-header-meta":"default","adv-header-id-meta":"","stick-header-meta":"default","header-above-stick-meta":"","header-main-stick-meta":"","header-below-stick-meta":"","astra-migrate-meta-layouts":"set","ast-page-background-enabled":"default","ast-page-background-meta":{"desktop":{"background-color":"var(--ast-global-color-4)","background-image":"","background-repeat":"repeat","background-position":"center center","background-size":"auto","background-attachment":"scroll","background-type":"","background-media":"","overlay-type":"","overlay-color":"","overlay-opacity":"","overlay-gradient":""},"tablet":{"background-color":"","background-image":"","background-repeat":"repeat","background-position":"center center","background-size":"auto","background-attachment":"scroll","background-type":"","background-media":"","overlay-type":"","overlay-color":"","overlay-opacity":"","overlay-gradient":""},"mobile":{"background-color":"","background-image":"","background-repeat":"repeat","background-position":"center center","background-size":"auto","background-attachment":"scroll","background-type":"","background-media":"","overlay-type":"","overlay-color":"","overlay-opacity":"","overlay-gradient":""}},"ast-content-background-meta":{"desktop":{"background-color":"var(--ast-global-color-5)","background-image":"","background-repeat":"repeat","background-position":"center center","background-size":"auto","background-attachment":"scroll","background-type":"","background-media":"","overlay-type":"","overlay-color":"","overlay-opacity":"","overlay-gradient":""},"tablet":{"background-color":"var(--ast-global-color-5)","background-image":"","background-repeat":"repeat","background-position":"center center","background-size":"auto","background-attachment":"scroll","background-type":"","background-media":"","overlay-type":"","overlay-color":"","overlay-opacity":"","overlay-gradient":""},"mobile":{"background-color":"var(--ast-global-color-5)","background-image":"","background-repeat":"repeat","background-position":"center center","background-size":"auto","background-attachment":"scroll","background-type":"","background-media":"","overlay-type":"","overlay-color":"","overlay-opacity":"","overlay-gradient":""}},"footnotes":""},"class_list":["post-11975","page","type-page","status-publish","hentry"],"acf":[],"_links":{"self":[{"href":"https:\/\/vainionliikenne.fi\/en\/wp-json\/wp\/v2\/pages\/11975","targetHints":{"allow":["GET"]}}],"collection":[{"href":"https:\/\/vainionliikenne.fi\/en\/wp-json\/wp\/v2\/pages"}],"about":[{"href":"https:\/\/vainionliikenne.fi\/en\/wp-json\/wp\/v2\/types\/page"}],"author":[{"embeddable":true,"href":"https:\/\/vainionliikenne.fi\/en\/wp-json\/wp\/v2\/users\/1"}],"replies":[{"embeddable":true,"href":"https:\/\/vainionliikenne.fi\/en\/wp-json\/wp\/v2\/comments?post=11975"}],"version-history":[{"count":6,"href":"https:\/\/vainionliikenne.fi\/en\/wp-json\/wp\/v2\/pages\/11975\/revisions"}],"predecessor-version":[{"id":13363,"href":"https:\/\/vainionliikenne.fi\/en\/wp-json\/wp\/v2\/pages\/11975\/revisions\/13363"}],"wp:attachment":[{"href":"https:\/\/vainionliikenne.fi\/en\/wp-json\/wp\/v2\/media?parent=11975"}],"curies":[{"name":"wp","href":"https:\/\/api.w.org\/{rel}","templated":true}]}}