{"id":11937,"date":"2024-11-04T15:24:24","date_gmt":"2024-11-04T13:24:24","guid":{"rendered":"https:\/\/vainionliikenne.test\/?page_id=11937"},"modified":"2025-09-26T15:34:07","modified_gmt":"2025-09-26T12:34:07","slug":"charter-traffic","status":"publish","type":"page","link":"https:\/\/vainionliikenne.fi\/en\/tilausajot\/","title":{"rendered":"Charter traffic"},"content":{"rendered":"Vainion Liikenne offers a selection of vehicles from minibuses to large tourist<br \/>\ncoaches for more than 60 people.\n\t\t\t\t<img decoding=\"async\" src=\"https:\/\/vainionliikenne.fi\/wp-content\/uploads\/2024\/12\/Vainion-liikenne-tilausajot-nosto.jpg\" alt=\"Vainion-traffic-contract-traffic-purchase\" itemprop=\"image\" height=\"543\" width=\"768\" title=\"Vainion-traffic-contract-traffic-purchase\" onerror=\"this.style.display='none'\" loading=\"lazy\" \/>\n<h2>\n\t\t\tBuses for every journey\t<\/h2>\n\t<p>Vainion Liikenne offers a very versatile selection of vehicles from minibuses to large tourist coaches accommodating more than 60 people.<\/p>\n\t\t\t<a href=\"https:\/\/vainionliikenne.fi\/en\/charter-traffic\/fleet\/\" target=\"_self\">\n\t\t\t\t\t\t\tFleet presentation\n\t\t\t\t\t<\/a>\n<h2>\n\t\t\tRequest a quote for a charter\t<\/h2>\n\t<p>You can contact us directly by phone or email for ordering or you can request a quote on our website using the form here.<\/p>\n\t\t\t<a href=\"https:\/\/vainionliikenne.fi\/en\/charter-traffic\/request-for-quotation-form\/\" target=\"_self\">\n\t\t\t\t\t\t\tRequest for quotation form\n\t\t\t\t\t<\/a>\n\t\t\t<a href=\"https:\/\/vainionliikenne.fi\/en\/contact\/\" target=\"_self\">\n\t\t\t\t\t\t\tContact\n\t\t\t\t\t<\/a>\n\t\t\t\t<img decoding=\"async\" src=\"https:\/\/vainionliikenne.fi\/wp-content\/uploads\/2024\/11\/Vainion-liikenne-tilausajot-pyydatarjous-nosto.jpg\" alt=\"Vainion-transport-contract-trips-bidding-purchase\" itemprop=\"image\" height=\"533\" width=\"768\" title=\"Vainion-transport-contract-trips-bidding-purchase\" onerror=\"this.style.display='none'\" loading=\"lazy\" \/>","protected":false},"excerpt":{"rendered":"<p>Vainion Liikenne tarjoaa k\u00e4ytt\u00f6\u00f6nne\u00a0erilaisia linja-autoja aina pikkubusseista suuriin yli 60 henkil\u00f6n turistibusseihin. Linja-autoja joka l\u00e4ht\u00f6\u00f6n Vainion Liikenne tarjoaa k\u00e4ytt\u00f6\u00f6nne eritt\u00e4in monipuolisen m\u00e4\u00e4r\u00e4n erilaisia linja-autoja aina pikkubusseista suuriin yli 60 henkil\u00f6n turistibusseihin. Kalustoesittely Pyyd\u00e4 tilausajotarjous Tilausajoasioissa voitte olla meihin yhteydess\u00e4 joko suoraan puhelimitse tai s\u00e4hk\u00f6postilla tai voitte tehd\u00e4 tarjouspyynn\u00f6n verkkosivuillamme lomakkeella t\u00e4st\u00e4 Tarjouspyynt\u00f6lomake Yhteystiedot<\/p>","protected":false},"author":1,"featured_media":11940,"parent":0,"menu_order":8,"comment_status":"closed","ping_status":"closed","template":"","meta":{"_acf_changed":false,"inline_featured_image":false,"site-sidebar-layout":"no-sidebar","site-content-layout":"page-builder","ast-site-content-layout":"default","site-content-style":"default","site-sidebar-style":"default","ast-global-header-display":"","ast-banner-title-visibility":"","ast-main-header-display":"","ast-hfb-above-header-display":"","ast-hfb-below-header-display":"","ast-hfb-mobile-header-display":"","site-post-title":"disabled","ast-breadcrumbs-content":"","ast-featured-img":"disabled","footer-sml-layout":"","ast-disable-related-posts":"","theme-transparent-header-meta":"default","adv-header-id-meta":"","stick-header-meta":"default","header-above-stick-meta":"","header-main-stick-meta":"","header-below-stick-meta":"","astra-migrate-meta-layouts":"set","ast-page-background-enabled":"default","ast-page-background-meta":{"desktop":{"background-color":"var(--ast-global-color-4)","background-image":"","background-repeat":"repeat","background-position":"center center","background-size":"auto","background-attachment":"scroll","background-type":"","background-media":"","overlay-type":"","overlay-color":"","overlay-opacity":"","overlay-gradient":""},"tablet":{"background-color":"","background-image":"","background-repeat":"repeat","background-position":"center center","background-size":"auto","background-attachment":"scroll","background-type":"","background-media":"","overlay-type":"","overlay-color":"","overlay-opacity":"","overlay-gradient":""},"mobile":{"background-color":"","background-image":"","background-repeat":"repeat","background-position":"center center","background-size":"auto","background-attachment":"scroll","background-type":"","background-media":"","overlay-type":"","overlay-color":"","overlay-opacity":"","overlay-gradient":""}},"ast-content-background-meta":{"desktop":{"background-color":"var(--ast-global-color-5)","background-image":"","background-repeat":"repeat","background-position":"center center","background-size":"auto","background-attachment":"scroll","background-type":"","background-media":"","overlay-type":"","overlay-color":"","overlay-opacity":"","overlay-gradient":""},"tablet":{"background-color":"var(--ast-global-color-5)","background-image":"","background-repeat":"repeat","background-position":"center center","background-size":"auto","background-attachment":"scroll","background-type":"","background-media":"","overlay-type":"","overlay-color":"","overlay-opacity":"","overlay-gradient":""},"mobile":{"background-color":"var(--ast-global-color-5)","background-image":"","background-repeat":"repeat","background-position":"center center","background-size":"auto","background-attachment":"scroll","background-type":"","background-media":"","overlay-type":"","overlay-color":"","overlay-opacity":"","overlay-gradient":""}},"footnotes":""},"class_list":["post-11937","page","type-page","status-publish","has-post-thumbnail","hentry"],"acf":[],"_links":{"self":[{"href":"https:\/\/vainionliikenne.fi\/en\/wp-json\/wp\/v2\/pages\/11937","targetHints":{"allow":["GET"]}}],"collection":[{"href":"https:\/\/vainionliikenne.fi\/en\/wp-json\/wp\/v2\/pages"}],"about":[{"href":"https:\/\/vainionliikenne.fi\/en\/wp-json\/wp\/v2\/types\/page"}],"author":[{"embeddable":true,"href":"https:\/\/vainionliikenne.fi\/en\/wp-json\/wp\/v2\/users\/1"}],"replies":[{"embeddable":true,"href":"https:\/\/vainionliikenne.fi\/en\/wp-json\/wp\/v2\/comments?post=11937"}],"version-history":[{"count":11,"href":"https:\/\/vainionliikenne.fi\/en\/wp-json\/wp\/v2\/pages\/11937\/revisions"}],"predecessor-version":[{"id":13058,"href":"https:\/\/vainionliikenne.fi\/en\/wp-json\/wp\/v2\/pages\/11937\/revisions\/13058"}],"wp:featuredmedia":[{"embeddable":true,"href":"https:\/\/vainionliikenne.fi\/en\/wp-json\/wp\/v2\/media\/11940"}],"wp:attachment":[{"href":"https:\/\/vainionliikenne.fi\/en\/wp-json\/wp\/v2\/media?parent=11937"}],"curies":[{"name":"wp","href":"https:\/\/api.w.org\/{rel}","templated":true}]}}