{"id":10799,"date":"2024-10-30T12:34:31","date_gmt":"2024-10-30T10:34:31","guid":{"rendered":"https:\/\/vainionliikenne.test\/?page_id=10799"},"modified":"2025-09-26T12:55:41","modified_gmt":"2025-09-26T09:55:41","slug":"company","status":"publish","type":"page","link":"https:\/\/vainionliikenne.fi\/en\/yritys\/","title":{"rendered":"Company"},"content":{"rendered":"<h1>\n\t\t\tVainion Liikenne\t<\/h1>\n\t95 years of safe rides around the Nordic countries.<br \/>\nAnd the journey continues.\n\t\t\t\t<img decoding=\"async\" src=\"https:\/\/vainionliikenne.fi\/wp-content\/uploads\/2024\/11\/Vainion-Liikenne-kattava-kalusto.jpg\" alt=\"Vainion-Transport-Comprehensive-Fleet\" itemprop=\"image\" height=\"543\" width=\"768\" title=\"Vainion-Transport-Comprehensive-Fleet\" onerror=\"this.style.display='none'\" loading=\"lazy\" \/>\n<h2>\n\t\t\tReliable motoring for 95 years\t<\/h2>\n\t<p>Vainion Liikenne on harjoittanut linja-autoliikennett\u00e4 yht\u00e4jaksoisesti vuodesta 1930. Ensimm\u00e4inen linjamme oli Kuusjoki-Salo-Turku, jota ajettiin yhdell\u00e4 autolla. Nykyiset linjamme aikatauluineen l\u00f6yd\u00e4t <a href=\"https:\/\/vainionliikenne.fi\/en\/route-traffic\/\">here<\/a>.<\/p>\n<h2>\n\t\t\tTransport with large fleet\t<\/h2>\n\t<p>Today, more than 60 buses of Vainion Transport operate in the Southwest Finland and Uusimaa region. In addition to the whole of Finland, the service also extends to other Nordic countries and the Baltic States. More than 100 bus and coach professionals are at your service.<\/p>\n\t\t\t\t<img decoding=\"async\" src=\"https:\/\/vainionliikenne.fi\/wp-content\/uploads\/2024\/10\/AdobeStock_269454825.jpg\" alt=\"AdobeStock_269454825\" itemprop=\"image\" height=\"543\" width=\"768\" title=\"AdobeStock_269454825\" onerror=\"this.style.display='none'\" loading=\"lazy\" \/>\n\t\t\t\t<img decoding=\"async\" src=\"https:\/\/vainionliikenne.fi\/wp-content\/uploads\/2024\/11\/tilausajot-vainiolta.jpg\" alt=\"charter-drives-from\" itemprop=\"image\" height=\"543\" width=\"748\" title=\"charter-drives-from\" onerror=\"this.style.display='none'\" loading=\"lazy\" \/>\n<h2>\n\t\t\tCharter trips from Vainio\t<\/h2>\n\t<p>We offer buses of different sizes, well-equipped for charter services. You can concentrate on planning your trip, knowing you have a reliable vehicle and a professional driver.<\/p>\n<h2>\n\t\t\tOwn workshop\t<\/h2>\n\t<p>For maintenance and repairs, we have our own workshop, where our skilled mechanics are responsible for the maintenance of the fleet. Our fleet is in good condition and up-to-date. It is also regularly replaced. We are based in Salo.<\/p>\n\t\t\t\t<img decoding=\"async\" src=\"https:\/\/vainionliikenne.fi\/wp-content\/uploads\/2024\/11\/Vainion-liikenne-oma-korjaamo.jpg\" alt=\"Vainion-transport-oma-repair\" itemprop=\"image\" height=\"543\" width=\"748\" title=\"Vainion-transport-oma-repair\" onerror=\"this.style.display='none'\" loading=\"lazy\" \/>","protected":false},"excerpt":{"rendered":"<p>Vainion Liikenne 95 vuotta turvallisia kyytej\u00e4 ymp\u00e4ri Pohjolaa. Ja matka jatkuu yh\u00e4. Luotettavaa autoilua 95 vuoden ajan Vainion Liikenne on harjoittanut linja-autoliikennett\u00e4 yht\u00e4jaksoisesti vuodesta 1930. Ensimm\u00e4inen linjamme oli Kuusjoki-Salo-Turku, jota ajettiin yhdell\u00e4 autolla. Nykyiset linjamme aikatauluineen l\u00f6yd\u00e4t t\u00e4\u00e4lt\u00e4. Liikenn\u00f6inti\u00e4 suurella kalustolla Nyky\u00e4\u00e4n Vainion Liikenteen yli 60 linja-autoa liikenn\u00f6iv\u00e4t Varsinais-Suomen ja Uudenmaan alueella. Tilausajot ulottuvat koko [&hellip;]<\/p>\n","protected":false},"author":1,"featured_media":0,"parent":0,"menu_order":8,"comment_status":"closed","ping_status":"closed","template":"","meta":{"_acf_changed":false,"inline_featured_image":false,"site-sidebar-layout":"no-sidebar","site-content-layout":"page-builder","ast-site-content-layout":"default","site-content-style":"default","site-sidebar-style":"default","ast-global-header-display":"","ast-banner-title-visibility":"","ast-main-header-display":"","ast-hfb-above-header-display":"","ast-hfb-below-header-display":"","ast-hfb-mobile-header-display":"","site-post-title":"disabled","ast-breadcrumbs-content":"","ast-featured-img":"disabled","footer-sml-layout":"","ast-disable-related-posts":"","theme-transparent-header-meta":"default","adv-header-id-meta":"","stick-header-meta":"default","header-above-stick-meta":"","header-main-stick-meta":"","header-below-stick-meta":"","astra-migrate-meta-layouts":"set","ast-page-background-enabled":"default","ast-page-background-meta":{"desktop":{"background-color":"var(--ast-global-color-4)","background-image":"","background-repeat":"repeat","background-position":"center center","background-size":"auto","background-attachment":"scroll","background-type":"","background-media":"","overlay-type":"","overlay-color":"","overlay-opacity":"","overlay-gradient":""},"tablet":{"background-color":"","background-image":"","background-repeat":"repeat","background-position":"center center","background-size":"auto","background-attachment":"scroll","background-type":"","background-media":"","overlay-type":"","overlay-color":"","overlay-opacity":"","overlay-gradient":""},"mobile":{"background-color":"","background-image":"","background-repeat":"repeat","background-position":"center center","background-size":"auto","background-attachment":"scroll","background-type":"","background-media":"","overlay-type":"","overlay-color":"","overlay-opacity":"","overlay-gradient":""}},"ast-content-background-meta":{"desktop":{"background-color":"var(--ast-global-color-5)","background-image":"","background-repeat":"repeat","background-position":"center center","background-size":"auto","background-attachment":"scroll","background-type":"","background-media":"","overlay-type":"","overlay-color":"","overlay-opacity":"","overlay-gradient":""},"tablet":{"background-color":"var(--ast-global-color-5)","background-image":"","background-repeat":"repeat","background-position":"center center","background-size":"auto","background-attachment":"scroll","background-type":"","background-media":"","overlay-type":"","overlay-color":"","overlay-opacity":"","overlay-gradient":""},"mobile":{"background-color":"var(--ast-global-color-5)","background-image":"","background-repeat":"repeat","background-position":"center center","background-size":"auto","background-attachment":"scroll","background-type":"","background-media":"","overlay-type":"","overlay-color":"","overlay-opacity":"","overlay-gradient":""}},"footnotes":""},"class_list":["post-10799","page","type-page","status-publish","hentry"],"acf":[],"_links":{"self":[{"href":"https:\/\/vainionliikenne.fi\/en\/wp-json\/wp\/v2\/pages\/10799","targetHints":{"allow":["GET"]}}],"collection":[{"href":"https:\/\/vainionliikenne.fi\/en\/wp-json\/wp\/v2\/pages"}],"about":[{"href":"https:\/\/vainionliikenne.fi\/en\/wp-json\/wp\/v2\/types\/page"}],"author":[{"embeddable":true,"href":"https:\/\/vainionliikenne.fi\/en\/wp-json\/wp\/v2\/users\/1"}],"replies":[{"embeddable":true,"href":"https:\/\/vainionliikenne.fi\/en\/wp-json\/wp\/v2\/comments?post=10799"}],"version-history":[{"count":11,"href":"https:\/\/vainionliikenne.fi\/en\/wp-json\/wp\/v2\/pages\/10799\/revisions"}],"predecessor-version":[{"id":13057,"href":"https:\/\/vainionliikenne.fi\/en\/wp-json\/wp\/v2\/pages\/10799\/revisions\/13057"}],"wp:attachment":[{"href":"https:\/\/vainionliikenne.fi\/en\/wp-json\/wp\/v2\/media?parent=10799"}],"curies":[{"name":"wp","href":"https:\/\/api.w.org\/{rel}","templated":true}]}}