{"id":10795,"date":"2024-10-30T12:34:31","date_gmt":"2024-10-30T10:34:31","guid":{"rendered":"https:\/\/vainionliikenne.test\/?page_id=10795"},"modified":"2026-01-09T10:27:42","modified_gmt":"2026-01-09T08:27:42","slug":"contact","status":"publish","type":"page","link":"https:\/\/vainionliikenne.fi\/en\/yhteystiedot\/","title":{"rendered":"Contact"},"content":{"rendered":"<h2>\n\t\t\tHead office\t<\/h2>\n\tJ. Vainion Liikenne Oy<br \/>\nHossiankatu 3<br \/>\n24240 Salo, FINLAND<br \/>\n<a href=\"tel:02777330\">Tel. 02 777 330<\/a><br \/>\nfirstname.surname(at)vainionliikenne.fi<br \/>\n<a href=\"https:\/\/vainionliikenne.fi\/en\/\">www.vainionliikenne.fi<\/a>\n<p>The office is open Mon-Fri 8.00-16.00<\/p>\n<h3>\n\t\t\tContact outside office hours\t<\/h3>\n\tma-pe\u00a0 16.00-21.00<br \/>\nla-su 9.00-21.00<br \/>\n<a href=\"tel:0408449858\">Tel. 040 844 9858<\/a>\n<h2>\n\t\t\tCharter traffic\t<\/h2>\n\t<a href=\"tel:027773320\">t. 02 777 3321<\/a><br \/>\n<a href=\"mailto:tilausajot@vainionliikenne.fi\">tilausajot@vainionliikenne.fi<\/a>\n<h2>\n\t\t\tAdministration\t<\/h2>\n\t<strong>Taito Vainio<\/strong><br \/>\nManaging director<br \/>\nt. 0400 535 336\n<strong>Leila Ahonen<\/strong><br \/>\nFinance manager<br \/>\nTel. 040 767 4990\n<strong>P\u00e4ivi Tiikko<\/strong><br \/>\nHR specialist<br \/>\nt. 045 7689 4313\n<strong>Juha Tiikko<\/strong><br \/>\nTraffic planning manager<br \/>\nt. 040 748 0865\n<h2>\n\t\t\tTraffic\t<\/h2>\n\t<strong>Rami Kallio<\/strong><br \/>\nTraffic manager<br \/>\nt. 040 726 0866\n<strong>Liisa Vainio<\/strong><br \/>\nDriving organizer<br \/>\nt. 040 546 4010\n<strong>Vesa Heino<\/strong><br \/>\nDriving organizer<br \/>\nt. 040 842 0252\n<strong>Leena-Kaisa Vainio<\/strong><br \/>\nCharter sales<br \/>\nt. 02 777 3321<br \/>\nleenakaisa.vainio(at)<br \/>\nvainionliikenne.fi\n<strong>Janne Sirola<\/strong><br \/>\nCharter sales<br \/>\nt. 044 433 7135\n<h2>\n\t\t\tWorkshop\t<\/h2>\n\t<strong>Ville Lankinen<\/strong><br \/>\nWorkshop Manager<br \/>\nt. 040 723 3485\n\t<p>Our email addresses are in the format firstname.surname@vainionliikenne.fi<\/p>\n<h2>\n\t\t\tBilling address\t<\/h2>\n\t<p><strong>We hope that you will send your invoices preferably as e-invoices. Processing e-invoices is faster, more reliable and cheaper than processing paper invoices for both the sender and the recipient.<\/strong><\/p>\nE-invoice address: 003701395067<br \/>\nOperator: Apix Messaging Oy (003723327487)<br \/>\nBusiness ID: 0139506-7\n<p>Please note that if you use one of the following operators to send an e-invoice: Danske Bank Oyj, Handelsbanken, OP bank or S\u00e4\u00e4st\u00f6pankki, you must use the following address as our Apix e-invoice address: e-invoice address: 003723327487 and operator ID: DABAFIHH.<\/p>\n<p><strong>If you are unable to send online invoices, please send paper invoices to the purchase invoice scanning service at:<\/strong><\/p>\nJ. Vainion Liikenne Oy (Apix scanning service)<br \/>\nP.O BOX 16112<br \/>\n00021 LASKUTUS\n<p><strong>The address of the email scan from J. Vainion Liikenne Oy:<\/strong><\/p>\n<p>003701395067@procountor.apix.fi<\/p>\n<p>The invoice to be sent must be attached to the email as a PDF file. Only one invoice and its attachments may be sent in one e-mail. If the email contains other attachments in addition to the invoice, they will be added to the invoice. The maximum size of attachments is 2 mb. After sending, the service will send either an acceptance or rejection message by e-mail to the sending address within 15 minutes of sending.<\/p>","protected":false},"excerpt":{"rendered":"<p>Toimisto J. Vainion Liikenne Oy Hossiankatu 3 24240 Salo, FINLAND Puh. 02 777 330 etunimi.sukunimi(at)vainionliikenne.fi www.vainionliikenne.fi Toimisto on avoinna\u00a0 ma-pe 8.00-16.00 P\u00e4ivystys ma-pe\u00a0 16.00-21.00 la-su 9.00-21.00 Puh. 040 844 9858 Tilausajot Puh. 02 777 3321 tilausajot@vainionliikenne.fi Hallinto Taito Vainio Toimitusjohtaja Puh. 0400 535 336 Leila Ahonen Talousp\u00e4\u00e4llikk\u00f6 Puh. 040 767 4990 P\u00e4ivi Tiikko HR-asiantuntija Puh. [&hellip;]<\/p>\n","protected":false},"author":1,"featured_media":0,"parent":0,"menu_order":6,"comment_status":"closed","ping_status":"closed","template":"","meta":{"_acf_changed":false,"inline_featured_image":false,"site-sidebar-layout":"no-sidebar","site-content-layout":"page-builder","ast-site-content-layout":"default","site-content-style":"default","site-sidebar-style":"default","ast-global-header-display":"","ast-banner-title-visibility":"","ast-main-header-display":"","ast-hfb-above-header-display":"","ast-hfb-below-header-display":"","ast-hfb-mobile-header-display":"","site-post-title":"disabled","ast-breadcrumbs-content":"","ast-featured-img":"disabled","footer-sml-layout":"","ast-disable-related-posts":"","theme-transparent-header-meta":"default","adv-header-id-meta":"","stick-header-meta":"default","header-above-stick-meta":"","header-main-stick-meta":"","header-below-stick-meta":"","astra-migrate-meta-layouts":"set","ast-page-background-enabled":"default","ast-page-background-meta":{"desktop":{"background-color":"var(--ast-global-color-4)","background-image":"","background-repeat":"repeat","background-position":"center center","background-size":"auto","background-attachment":"scroll","background-type":"","background-media":"","overlay-type":"","overlay-color":"","overlay-opacity":"","overlay-gradient":""},"tablet":{"background-color":"","background-image":"","background-repeat":"repeat","background-position":"center center","background-size":"auto","background-attachment":"scroll","background-type":"","background-media":"","overlay-type":"","overlay-color":"","overlay-opacity":"","overlay-gradient":""},"mobile":{"background-color":"","background-image":"","background-repeat":"repeat","background-position":"center center","background-size":"auto","background-attachment":"scroll","background-type":"","background-media":"","overlay-type":"","overlay-color":"","overlay-opacity":"","overlay-gradient":""}},"ast-content-background-meta":{"desktop":{"background-color":"var(--ast-global-color-5)","background-image":"","background-repeat":"repeat","background-position":"center center","background-size":"auto","background-attachment":"scroll","background-type":"","background-media":"","overlay-type":"","overlay-color":"","overlay-opacity":"","overlay-gradient":""},"tablet":{"background-color":"var(--ast-global-color-5)","background-image":"","background-repeat":"repeat","background-position":"center center","background-size":"auto","background-attachment":"scroll","background-type":"","background-media":"","overlay-type":"","overlay-color":"","overlay-opacity":"","overlay-gradient":""},"mobile":{"background-color":"var(--ast-global-color-5)","background-image":"","background-repeat":"repeat","background-position":"center center","background-size":"auto","background-attachment":"scroll","background-type":"","background-media":"","overlay-type":"","overlay-color":"","overlay-opacity":"","overlay-gradient":""}},"footnotes":""},"class_list":["post-10795","page","type-page","status-publish","hentry"],"acf":[],"_links":{"self":[{"href":"https:\/\/vainionliikenne.fi\/en\/wp-json\/wp\/v2\/pages\/10795","targetHints":{"allow":["GET"]}}],"collection":[{"href":"https:\/\/vainionliikenne.fi\/en\/wp-json\/wp\/v2\/pages"}],"about":[{"href":"https:\/\/vainionliikenne.fi\/en\/wp-json\/wp\/v2\/types\/page"}],"author":[{"embeddable":true,"href":"https:\/\/vainionliikenne.fi\/en\/wp-json\/wp\/v2\/users\/1"}],"replies":[{"embeddable":true,"href":"https:\/\/vainionliikenne.fi\/en\/wp-json\/wp\/v2\/comments?post=10795"}],"version-history":[{"count":11,"href":"https:\/\/vainionliikenne.fi\/en\/wp-json\/wp\/v2\/pages\/10795\/revisions"}],"predecessor-version":[{"id":13292,"href":"https:\/\/vainionliikenne.fi\/en\/wp-json\/wp\/v2\/pages\/10795\/revisions\/13292"}],"wp:attachment":[{"href":"https:\/\/vainionliikenne.fi\/en\/wp-json\/wp\/v2\/media?parent=10795"}],"curies":[{"name":"wp","href":"https:\/\/api.w.org\/{rel}","templated":true}]}}